{"id":102,"date":"2017-11-22T08:47:14","date_gmt":"2017-11-22T07:47:14","guid":{"rendered":"http:\/\/regeszet.bibl.u-szeged.hu\/?page_id=102"},"modified":"2017-11-23T15:16:24","modified_gmt":"2017-11-23T14:16:24","slug":"oktatoink","status":"publish","type":"page","link":"https:\/\/regeszet.bibl.u-szeged.hu\/index.php\/munkatarsak\/oktatoink\/","title":{"rendered":"Oktat\u00f3ink"},"content":{"rendered":"<p>Az \u0151skor szakir\u00e1ny oktat\u00f3ja Kulcs\u00e1r Val\u00e9ria (megh\u00edvott el\u0151ad\u00f3k bevon\u00e1s\u00e1val), a n\u00e9pv\u00e1ndorl\u00e1s kor szakir\u00e1ny oktat\u00f3i B. T\u00f3th \u00c1gnes, Kulcs\u00e1r Val\u00e9ria, V\u00f6r\u00f6s Gabriella, Felf\u00f6ldi Szabolcs \u00e9s Pint\u00e9r-Nagy Katalin. A k\u00f6z\u00e9pkor szakir\u00e1ny \u00f3r\u00e1it megh\u00edvott el\u0151ad\u00f3k bevon\u00e1s\u00e1val Wolf M\u00e1ria \u00e9s R\u00e9v\u00e9sz L\u00e1szl\u00f3 tartja.<\/p>\n","protected":false},"excerpt":{"rendered":"<p>Az \u0151skor szakir\u00e1ny oktat\u00f3ja Kulcs\u00e1r Val\u00e9ria (megh\u00edvott el\u0151ad\u00f3k bevon\u00e1s\u00e1val), a n\u00e9pv\u00e1ndorl\u00e1s kor szakir\u00e1ny oktat\u00f3i B. T\u00f3th \u00c1gnes, Kulcs\u00e1r Val\u00e9ria, V\u00f6r\u00f6s Gabriella, Felf\u00f6ldi Szabolcs \u00e9s Pint\u00e9r-Nagy Katalin. A k\u00f6z\u00e9pkor szakir\u00e1ny \u00f3r\u00e1it megh\u00edvott el\u0151ad\u00f3k bevon\u00e1s\u00e1val Wolf M\u00e1ria \u00e9s R\u00e9v\u00e9sz L\u00e1szl\u00f3 tartja.<\/p>\n","protected":false},"author":1,"featured_media":0,"parent":40,"menu_order":1,"comment_status":"closed","ping_status":"closed","template":"","meta":{"footnotes":""},"class_list":["post-102","page","type-page","status-publish","hentry"],"_links":{"self":[{"href":"https:\/\/regeszet.bibl.u-szeged.hu\/index.php\/wp-json\/wp\/v2\/pages\/102","targetHints":{"allow":["GET"]}}],"collection":[{"href":"https:\/\/regeszet.bibl.u-szeged.hu\/index.php\/wp-json\/wp\/v2\/pages"}],"about":[{"href":"https:\/\/regeszet.bibl.u-szeged.hu\/index.php\/wp-json\/wp\/v2\/types\/page"}],"author":[{"embeddable":true,"href":"https:\/\/regeszet.bibl.u-szeged.hu\/index.php\/wp-json\/wp\/v2\/users\/1"}],"replies":[{"embeddable":true,"href":"https:\/\/regeszet.bibl.u-szeged.hu\/index.php\/wp-json\/wp\/v2\/comments?post=102"}],"version-history":[{"count":2,"href":"https:\/\/regeszet.bibl.u-szeged.hu\/index.php\/wp-json\/wp\/v2\/pages\/102\/revisions"}],"predecessor-version":[{"id":667,"href":"https:\/\/regeszet.bibl.u-szeged.hu\/index.php\/wp-json\/wp\/v2\/pages\/102\/revisions\/667"}],"up":[{"embeddable":true,"href":"https:\/\/regeszet.bibl.u-szeged.hu\/index.php\/wp-json\/wp\/v2\/pages\/40"}],"wp:attachment":[{"href":"https:\/\/regeszet.bibl.u-szeged.hu\/index.php\/wp-json\/wp\/v2\/media?parent=102"}],"curies":[{"name":"wp","href":"https:\/\/api.w.org\/{rel}","templated":true}]}}