{"id":111,"date":"2017-11-22T08:49:22","date_gmt":"2017-11-22T07:49:22","guid":{"rendered":"http:\/\/regeszet.bibl.u-szeged.hu\/?page_id=111"},"modified":"2024-07-04T15:19:00","modified_gmt":"2024-07-04T13:19:00","slug":"felvetelizoknek","status":"publish","type":"page","link":"https:\/\/regeszet.bibl.u-szeged.hu\/index.php\/oktatas\/felvetelizoknek\/","title":{"rendered":"Felv\u00e9teliz\u0151knek"},"content":{"rendered":"<p>A szegedi R\u00e9g\u00e9szeti Tansz\u00e9ken BA, MA \u00e9s PhD k\u00e9pz\u00e9s zajlik. Tov\u00e1bbi inform\u00e1ci\u00f3k az adott k\u00e9pz\u00e9s nev\u00e9re kattintva \u00e9rhet\u0151k el.<\/p>\n<ul>\n<li><a href=\"http:\/\/regeszet.bibl.u-szeged.hu\/index.php\/oktatas\/felvetelizoknek\/ba-kepzes\/\" target=\"_blank\" rel=\"noopener\">BA k\u00e9pz\u00e9s<\/a><\/li>\n<li><a href=\"http:\/\/regeszet.bibl.u-szeged.hu\/index.php\/oktatas\/felvetelizoknek\/ma-kepzes\/\" target=\"_blank\" rel=\"noopener\">MA k\u00e9pz\u00e9s<\/a><\/li>\n<li><a href=\"http:\/\/regeszet.bibl.u-szeged.hu\/index.php\/oktatas\/felvetelizoknek\/phd-kepzes\/\" target=\"_blank\" rel=\"noopener\">PhD k\u00e9pz\u00e9s<\/a><\/li>\n<\/ul>\n<p>&nbsp;<\/p>\n<p><strong>Mi a r\u00e9g\u00e9szet? Mit csin\u00e1lnak a r\u00e9g\u00e9szek?<\/strong><\/p>\n<p><iframe loading=\"lazy\" title=\"SZTE BTK R\u00e9g\u00e9szeti Tansz\u00e9k\" width=\"604\" height=\"340\" src=\"https:\/\/www.youtube.com\/embed\/4qZqVnvkHzA?feature=oembed\" frameborder=\"0\" allow=\"accelerometer; autoplay; clipboard-write; encrypted-media; gyroscope; picture-in-picture; web-share\" referrerpolicy=\"strict-origin-when-cross-origin\" allowfullscreen><\/iframe><\/p>\n<p><iframe loading=\"lazy\" title=\"SZTEtv - Kukkants be! - R\u00e9g\u00e9szet\" width=\"604\" height=\"340\" src=\"https:\/\/www.youtube.com\/embed\/bp3m4BTVH0s?feature=oembed\" frameborder=\"0\" allow=\"accelerometer; autoplay; clipboard-write; encrypted-media; gyroscope; picture-in-picture; web-share\" referrerpolicy=\"strict-origin-when-cross-origin\" allowfullscreen><\/iframe><\/p>\n<p><iframe loading=\"lazy\" title=\"N\u00e9prajz szak \u00e9s r\u00e9g\u00e9szet szak | \u00c9s m\u00e9g ez is lehetek... - 4. r\u00e9sz | SZTE BTK\" width=\"604\" height=\"340\" src=\"https:\/\/www.youtube.com\/embed\/ZLXu2jvT960?list=PLKNLJ0resJtJ7bkf9Y1976f9BmZVSgI_1\" frameborder=\"0\" allow=\"accelerometer; autoplay; clipboard-write; encrypted-media; gyroscope; picture-in-picture; web-share\" referrerpolicy=\"strict-origin-when-cross-origin\" allowfullscreen><\/iframe><\/p>\n<p>&nbsp;<\/p>\n","protected":false},"excerpt":{"rendered":"<p>A szegedi R\u00e9g\u00e9szeti Tansz\u00e9ken BA, MA \u00e9s PhD k\u00e9pz\u00e9s zajlik. Tov\u00e1bbi inform\u00e1ci\u00f3k az adott k\u00e9pz\u00e9s nev\u00e9re kattintva \u00e9rhet\u0151k el. BA k\u00e9pz\u00e9s MA k\u00e9pz\u00e9s PhD k\u00e9pz\u00e9s &nbsp; Mi a r\u00e9g\u00e9szet? Mit csin\u00e1lnak a r\u00e9g\u00e9szek? &nbsp;<\/p>\n","protected":false},"author":1,"featured_media":0,"parent":43,"menu_order":1,"comment_status":"closed","ping_status":"closed","template":"","meta":{"footnotes":""},"class_list":["post-111","page","type-page","status-publish","hentry"],"_links":{"self":[{"href":"https:\/\/regeszet.bibl.u-szeged.hu\/index.php\/wp-json\/wp\/v2\/pages\/111","targetHints":{"allow":["GET"]}}],"collection":[{"href":"https:\/\/regeszet.bibl.u-szeged.hu\/index.php\/wp-json\/wp\/v2\/pages"}],"about":[{"href":"https:\/\/regeszet.bibl.u-szeged.hu\/index.php\/wp-json\/wp\/v2\/types\/page"}],"author":[{"embeddable":true,"href":"https:\/\/regeszet.bibl.u-szeged.hu\/index.php\/wp-json\/wp\/v2\/users\/1"}],"replies":[{"embeddable":true,"href":"https:\/\/regeszet.bibl.u-szeged.hu\/index.php\/wp-json\/wp\/v2\/comments?post=111"}],"version-history":[{"count":36,"href":"https:\/\/regeszet.bibl.u-szeged.hu\/index.php\/wp-json\/wp\/v2\/pages\/111\/revisions"}],"predecessor-version":[{"id":6587,"href":"https:\/\/regeszet.bibl.u-szeged.hu\/index.php\/wp-json\/wp\/v2\/pages\/111\/revisions\/6587"}],"up":[{"embeddable":true,"href":"https:\/\/regeszet.bibl.u-szeged.hu\/index.php\/wp-json\/wp\/v2\/pages\/43"}],"wp:attachment":[{"href":"https:\/\/regeszet.bibl.u-szeged.hu\/index.php\/wp-json\/wp\/v2\/media?parent=111"}],"curies":[{"name":"wp","href":"https:\/\/api.w.org\/{rel}","templated":true}]}}