{"id":113,"date":"2017-11-22T08:49:35","date_gmt":"2017-11-22T07:49:35","guid":{"rendered":"http:\/\/regeszet.bibl.u-szeged.hu\/?page_id=113"},"modified":"2026-01-16T11:24:53","modified_gmt":"2026-01-16T10:24:53","slug":"ba-kepzes","status":"publish","type":"page","link":"https:\/\/regeszet.bibl.u-szeged.hu\/index.php\/oktatas\/ba-kepzes\/","title":{"rendered":"BA k\u00e9pz\u00e9s"},"content":{"rendered":"<p>A <strong>r\u00e9g\u00e9szet<\/strong> szak 6 f\u00e9l\u00e9ves nappali vagy levelez\u0151 alapk\u00e9pz\u00e9si szak, mely BA (Bachelor) szint\u0171 diplom\u00e1t ny\u00fajt.<br \/>\nA k\u00e9pz\u00e9s sor\u00e1n <strong>szil\u00e1rd elm\u00e9leti alapokat<\/strong> kaphatsz a K\u00e1rp\u00e1t-medence, K\u00f6z\u00e9p- \u00e9s Kelet-Eur\u00f3pa,\u00a0valamint a Balk\u00e1n-f\u00e9lsziget \u0151skori, n\u00e9pv\u00e1ndorl\u00e1s kori \u00e9s k\u00f6z\u00e9pkori r\u00e9g\u00e9szet\u00e9r\u0151l, de emellett\u00a0tanulhatsz a muzeol\u00f3gi\u00e1r\u00f3l \u00e9s a r\u00e9g\u00e9szethez szorosan kapcsol\u00f3d\u00f3 term\u00e9szettudom\u00e1nyos\u00a0vizsg\u00e1latokr\u00f3l is. Egy\u00fattal komoly <strong>gyakorlati ismeretekre<\/strong> is szert tehetsz \u00e9vk\u00f6zi <strong>m\u00fazeumi\u00a0<\/strong><strong>anyagismereti<\/strong> \u00f3r\u00e1kon \u00e9s a <strong>ny\u00e1ri tan\u00e1sat\u00e1sokon<\/strong>. Az anyagismereti gyakorlatok t\u00f6bbs\u00e9g\u00e9nek\u00a0a tansz\u00e9ki gy\u0171jtem\u00e9ny\u00fcnk mellett a budapesti \u00e9s az alf\u00f6ldi m\u00fazeumok r\u00e9g\u00e9szeti gy\u0171jtem\u00e9nyei\u00a0adnak helyet.<\/p>\n<p>A bevezet\u0151, alapoz\u00f3 tant\u00e1rgyak teljes\u00edt\u00e9s\u00e9t k\u00f6vet\u0151en k\u00fcl\u00f6nb\u00f6z\u0151 szakir\u00e1nyok\u00a0k\u00f6z\u00fcl v\u00e1logathatsz.<\/p>\n<p><em><strong>Szakir\u00e1nyok:<\/strong><\/em><\/p>\n<ul>\n<li>\u0150skor<\/li>\n<li>Barbaricum \u00e9s n\u00e9pv\u00e1ndorl\u00e1s kor<\/li>\n<li>K\u00f6z\u00e9pkor<\/li>\n<\/ul>\n<p>P\u00e1rhuzamosan k\u00e9t szakir\u00e1ny v\u00e1laszt\u00e1s\u00e1ra van lehet\u0151s\u00e9ged, \u00edgy <strong>k\u00e9t r\u00e9g\u00e9szeti korszak szak\u00e9rt\u0151j\u00e9v\u00e9 v\u00e1lhatsz<\/strong>.<\/p>\n<p><a href=\"http:\/\/regeszet.bibl.u-szeged.hu\/wp-content\/uploads\/2020\/09\/Haloterv_Regeszet_BA.xls\" target=\"_blank\" rel=\"noopener noreferrer\">A r\u00e9g\u00e9szet BA k\u00e9pz\u00e9s h\u00e1l\u00f3terv\u00e9nek let\u00f6lt\u00e9se<\/a><\/p>\n<p>A BA szakos diploma megszerz\u00e9s\u00e9hez 180 kreditet kell a hallgat\u00f3nak teljes\u00edtenie. Az ehhez sz\u00fcks\u00e9ges foglalkoz\u00e1soknak mintegy az egyharmad\u00e1t olyanok k\u00e9pezik, amelyeknek egy r\u00e9sze a t\u00f6rt\u00e9n\u00e9sz, r\u00e9g\u00e9sz \u00e9s n\u00e9prajz szakos hallgat\u00f3knak egyar\u00e1nt fontos \u201eb\u00f6lcs\u00e9sz t\u00e1rgyak\u201d k\u00f6r\u00e9b\u0151l ker\u00fclnek ki (p\u00e9ld\u00e1ul filoz\u00f3fiat\u00f6rt\u00e9net, k\u00f6nyvt\u00e1ri \u00e9s informatikai ismeretek stb.), valamint a bevezet\u0151 ismereteket megc\u00e9lz\u00f3 foglalkoz\u00e1sok az egyes tudom\u00e1nyter\u00fcletekbe (p\u00e9ld\u00e1ul t\u00f6rt\u00e9nettudom\u00e1ny, n\u00e9prajz illetve k\u00f6zgy\u0171jtem\u00e9nyek). Egy m\u00e1sik k\u00e9pz\u00e9si blokkba tartoznak azok a t\u00e1rgyak, amelyek a k\u00fcl\u00f6nb\u00f6z\u0151 t\u00f6rt\u00e9neti korszakokban val\u00f3 elm\u00e9ly\u00fcl\u00e9st seg\u00edtik (p\u00e9ld\u00e1ul latin nyelv, forr\u00e1stani ismeretek, t\u00f6rt\u00e9neti seg\u00e9dtudom\u00e1nyok, m\u0171v\u00e9szett\u00f6rt\u00e9net ill. az egyetemes \u00e9s a magyar t\u00f6rt\u00e9nelem egyes korszakait t\u00e1rgyal\u00f3 el\u0151ad\u00e1sok \u00e9s szemin\u00e1riumok).<\/p>\n<p>A r\u00e9g\u00e9szeti szakir\u00e1ny tanterv\u00e9ben az els\u0151 k\u00e9t f\u00e9l\u00e9vet a bevezet\u0151 ismeretek megszerz\u00e9s\u00e9re sz\u00e1njuk: a hallgat\u00f3 megismerkedik a (f\u0151leg a K\u00e1rp\u00e1t-medence) \u0151skori, \u00f3kori, n\u00e9pv\u00e1ndorl\u00e1s kori \u00e9s k\u00f6z\u00e9pkori r\u00e9g\u00e9szet\u00e9nek alapvet\u0151en fontos ismeretanyag\u00e1val, valamint a r\u00e9g\u00e9szeti kutat\u00e1sok m\u00f3dszertan\u00e1val (muzeol\u00f3gia, tereptan). A k\u00f6vetkez\u0151, 3. f\u00e9l\u00e9v elej\u00e9n a hallgat\u00f3 a h\u00e1rom r\u00e9g\u00e9szeti szakir\u00e1nyb\u00f3l (\u0151skor, Barbaricum \u00e9s n\u00e9pv\u00e1ndorl\u00e1s kor, k\u00f6z\u00e9pkor) kett\u0151t v\u00e1laszt \u00e9s a tov\u00e1bbiakban a tanulm\u00e1nyait e k\u00e9t v\u00e1lasztott szakir\u00e1ny st\u00fadiumainak teljes\u00edt\u00e9s\u00e9vel v\u00e9gzi.<\/p>\n<p>Az egyes szakir\u00e1nyokon megszerzend\u0151 ismeretek jelent\u0151s r\u00e9sz\u00e9t a hallgat\u00f3k az \u00f6t f\u00e9l\u00e9ven \u00e1t, egym\u00e1st kronol\u00f3giai sorrendben k\u00f6vet\u0151 el\u0151ad\u00e1sokon szerzik meg. A tanultak k\u00f6r\u00e9nek kib\u0151v\u00edt\u00e9s\u00e9t gyakorlati foglalkoz\u00e1sok (szemin\u00e1riumok, anyagismereti gyakorlatok) is seg\u00edtik, ezek a hallgat\u00f3k egy\u00e9ni munk\u00e1j\u00e1ra \u00e9p\u00fclnek. Az anyagismereti gyakorlatokon lehet\u0151s\u00e9g ny\u00edlik az egyes leletanyag-csoportokkal val\u00f3 k\u00f6zvetlen megismerked\u00e9sre is: ezt f\u0151k\u00e9nt a budapesti \u00e9s az alf\u00f6ldi m\u00fazeumok minden r\u00e9g\u00e9szeti korszakra kiterjed\u0151 leletanyagai biztos\u00edtj\u00e1k.<\/p>\n<p>Minden hallgat\u00f3 sz\u00e1m\u00e1ra k\u00f6telez\u0151 a r\u00e9g\u00e9szet k\u00f6z\u00f6s ismeretanyag\u00e1ban val\u00f3 elm\u00e9ly\u00fcl\u00e9s is (muzeol\u00f3gia, \u00e1sat\u00e1si technol\u00f3gia), az egyes r\u00e9g\u00e9szeti m\u00f3dszerekbe bevezet\u0151 elm\u00e9leti (t\u00e9rinformatika, f\u00f6ldtudom\u00e1ny) ill. gyakorlati (tereptan) foglalkoz\u00e1sok \u00e1ltal. Mindk\u00e9t, a k\u00e9pz\u00e9s id\u0151szak\u00e1ba es\u0151 ny\u00e1ron k\u00f6telez\u0151 \u00e1sat\u00e1si gyakorlatot kell teljes\u00edteni\u00fck a hallgat\u00f3knak.<\/p>\n<p>A r\u00e9g\u00e9szek munk\u00e1j\u00e1t seg\u00edt\u0151 term\u00e9szettudom\u00e1nyokkal illetve a m\u00fazeumok tev\u00e9kenys\u00e9g\u00e9vel val\u00f3 megismerked\u00e9st szolg\u00e1lja az archaeometriai \u00e9s muzeol\u00f3giai blokk (archaeometria, t\u00f6rt\u00e9neti embertan, r\u00e9g\u00e9szeti geol\u00f3gia, tereptan, \u00e1sat\u00e1si technol\u00f3gia, r\u00e9g\u00e9szeti muzeol\u00f3gia) kurzusai. A r\u00e9g\u00e9szet t\u00e1rstudom\u00e1nyaiba engednek bepillant\u00e1st az egyes v\u00e1laszthat\u00f3 t\u00e1rgyak, \u00fagymint orientalisztika, n\u00e9prajz, \u00f3kori m\u0171vel\u0151d\u00e9st\u00f6rt\u00e9net stb.<\/p>\n<p>A k\u00e9pz\u00e9s r\u00e9g\u00e9szeti t\u00e1rgy\u00fa szakdolgozat megv\u00e9d\u00e9s\u00e9vel \u00e9s z\u00e1r\u00f3vizsg\u00e1val fejez\u0151dik be. A diploma megnevez\u00e9se: t\u00f6rt\u00e9nelem-r\u00e9g\u00e9szet alapszakos b\u00f6lcs\u00e9sz. Az \u00e9rdekl\u0151d\u0151 \u00e9s a k\u00f6vetelm\u00e9nyeket teljes\u00edt\u0151 hallgat\u00f3k tanulm\u00e1nyaikat a Szegedi Tudom\u00e1nyegyetem R\u00e9g\u00e9szeti Tansz\u00e9k\u00e9nek \u201er\u00e9g\u00e9szet\u201d MA szakj\u00e1n is folytathatj\u00e1k.<\/p>\n<p>A hallgat\u00f3k m\u00e1r a k\u00e9pz\u00e9s elej\u00e9t\u0151l bekapcsol\u00f3dhatnak a szegedi r\u00e9g\u00e9szhallgat\u00f3k \u00f6ntev\u00e9keny egyes\u00fclet\u00e9nek (Partiscon TDK) programjaiba \u00e9s a tansz\u00e9ken foly\u00f3 sikeres tudom\u00e1nyos di\u00e1kk\u00f6ri munk\u00e1ba is. Lehet\u0151s\u00e9get kapnak arra is, hogy az Erasmus program keret\u00e9ben k\u00fclf\u00f6ldi egyetemeken b\u0151v\u00edthess\u00e9k ismereteiket.<\/p>\n<figure id=\"attachment_2450\" aria-describedby=\"caption-attachment-2450\" style=\"width: 600px\" class=\"wp-caption aligncenter\"><a href=\"http:\/\/regeszet.bibl.u-szeged.hu\/wp-content\/uploads\/2019\/02\/tan\u00f3ra.jpg\"><img loading=\"lazy\" decoding=\"async\" class=\"wp-image-2450 size-full\" src=\"http:\/\/regeszet.bibl.u-szeged.hu\/wp-content\/uploads\/2019\/02\/tan\u00f3ra.jpg\" alt=\"\" width=\"600\" height=\"450\" \/><\/a><figcaption id=\"caption-attachment-2450\" class=\"wp-caption-text\">Tan\u00f3r\u00e1n<\/figcaption><\/figure>\n<figure id=\"attachment_2451\" aria-describedby=\"caption-attachment-2451\" style=\"width: 600px\" class=\"wp-caption aligncenter\"><a href=\"http:\/\/regeszet.bibl.u-szeged.hu\/wp-content\/uploads\/2019\/02\/tansz\u00e9ki-kir\u00e1ndul\u00e1s.jpg\"><img loading=\"lazy\" decoding=\"async\" class=\"wp-image-2451\" src=\"http:\/\/regeszet.bibl.u-szeged.hu\/wp-content\/uploads\/2019\/02\/tansz\u00e9ki-kir\u00e1ndul\u00e1s.jpg\" alt=\"\" width=\"600\" height=\"400\" \/><\/a><figcaption id=\"caption-attachment-2451\" class=\"wp-caption-text\">Tansz\u00e9ki kir\u00e1ndul\u00e1s<\/figcaption><\/figure>\n<p>&nbsp;<\/p>\n<figure id=\"attachment_2452\" aria-describedby=\"caption-attachment-2452\" style=\"width: 600px\" class=\"wp-caption aligncenter\"><a href=\"http:\/\/regeszet.bibl.u-szeged.hu\/wp-content\/uploads\/2019\/02\/\u00e1sat\u00e1s.png\"><img loading=\"lazy\" decoding=\"async\" class=\"wp-image-2452\" src=\"http:\/\/regeszet.bibl.u-szeged.hu\/wp-content\/uploads\/2019\/02\/\u00e1sat\u00e1s.png\" alt=\"\" width=\"600\" height=\"450\" \/><\/a><figcaption id=\"caption-attachment-2452\" class=\"wp-caption-text\">\u00c1sat\u00e1son<\/figcaption><\/figure>\n<p>&nbsp;<\/p>\n<figure id=\"attachment_2453\" aria-describedby=\"caption-attachment-2453\" style=\"width: 600px\" class=\"wp-caption aligncenter\"><a href=\"http:\/\/regeszet.bibl.u-szeged.hu\/wp-content\/uploads\/2019\/02\/r\u00e9g\u00e9szfoci.jpg\"><img loading=\"lazy\" decoding=\"async\" class=\"wp-image-2453\" src=\"http:\/\/regeszet.bibl.u-szeged.hu\/wp-content\/uploads\/2019\/02\/r\u00e9g\u00e9szfoci.jpg\" alt=\"\" width=\"600\" height=\"450\" \/><\/a><figcaption id=\"caption-attachment-2453\" class=\"wp-caption-text\">R\u00e9g\u00e9szfoci<\/figcaption><\/figure>\n","protected":false},"excerpt":{"rendered":"<p>A r\u00e9g\u00e9szet szak 6 f\u00e9l\u00e9ves nappali vagy levelez\u0151 alapk\u00e9pz\u00e9si szak, mely BA (Bachelor) szint\u0171 diplom\u00e1t ny\u00fajt. A k\u00e9pz\u00e9s sor\u00e1n szil\u00e1rd elm\u00e9leti alapokat kaphatsz a K\u00e1rp\u00e1t-medence, K\u00f6z\u00e9p- \u00e9s Kelet-Eur\u00f3pa,\u00a0valamint a Balk\u00e1n-f\u00e9lsziget \u0151skori, n\u00e9pv\u00e1ndorl\u00e1s kori \u00e9s k\u00f6z\u00e9pkori r\u00e9g\u00e9szet\u00e9r\u0151l, de emellett\u00a0tanulhatsz a muzeol\u00f3gi\u00e1r\u00f3l \u00e9s a r\u00e9g\u00e9szethez szorosan kapcsol\u00f3d\u00f3 term\u00e9szettudom\u00e1nyos\u00a0vizsg\u00e1latokr\u00f3l is. Egy\u00fattal komoly gyakorlati ismeretekre is szert tehetsz \u00e9vk\u00f6zi &hellip; <a href=\"https:\/\/regeszet.bibl.u-szeged.hu\/index.php\/oktatas\/ba-kepzes\/\" class=\"more-link\"><span class=\"screen-reader-text\">BA k\u00e9pz\u00e9s<\/span> b\u0151vebben&#8230; <span class=\"meta-nav\">&rarr;<\/span><\/a><\/p>\n","protected":false},"author":1,"featured_media":0,"parent":43,"menu_order":2,"comment_status":"closed","ping_status":"closed","template":"","meta":{"footnotes":""},"class_list":["post-113","page","type-page","status-publish","hentry"],"_links":{"self":[{"href":"https:\/\/regeszet.bibl.u-szeged.hu\/index.php\/wp-json\/wp\/v2\/pages\/113","targetHints":{"allow":["GET"]}}],"collection":[{"href":"https:\/\/regeszet.bibl.u-szeged.hu\/index.php\/wp-json\/wp\/v2\/pages"}],"about":[{"href":"https:\/\/regeszet.bibl.u-szeged.hu\/index.php\/wp-json\/wp\/v2\/types\/page"}],"author":[{"embeddable":true,"href":"https:\/\/regeszet.bibl.u-szeged.hu\/index.php\/wp-json\/wp\/v2\/users\/1"}],"replies":[{"embeddable":true,"href":"https:\/\/regeszet.bibl.u-szeged.hu\/index.php\/wp-json\/wp\/v2\/comments?post=113"}],"version-history":[{"count":16,"href":"https:\/\/regeszet.bibl.u-szeged.hu\/index.php\/wp-json\/wp\/v2\/pages\/113\/revisions"}],"predecessor-version":[{"id":7011,"href":"https:\/\/regeszet.bibl.u-szeged.hu\/index.php\/wp-json\/wp\/v2\/pages\/113\/revisions\/7011"}],"up":[{"embeddable":true,"href":"https:\/\/regeszet.bibl.u-szeged.hu\/index.php\/wp-json\/wp\/v2\/pages\/43"}],"wp:attachment":[{"href":"https:\/\/regeszet.bibl.u-szeged.hu\/index.php\/wp-json\/wp\/v2\/media?parent=113"}],"curies":[{"name":"wp","href":"https:\/\/api.w.org\/{rel}","templated":true}]}}