{"id":115,"date":"2017-11-22T08:49:50","date_gmt":"2017-11-22T07:49:50","guid":{"rendered":"http:\/\/regeszet.bibl.u-szeged.hu\/?page_id=115"},"modified":"2020-09-18T09:15:15","modified_gmt":"2020-09-18T07:15:15","slug":"ma-kepzes","status":"publish","type":"page","link":"https:\/\/regeszet.bibl.u-szeged.hu\/index.php\/oktatas\/ma-kepzes\/","title":{"rendered":"MA k\u00e9pz\u00e9s"},"content":{"rendered":"<p>A <strong>r\u00e9g\u00e9szet MA szakra<\/strong> olyan hallgat\u00f3k nyerhetnek felv\u00e9telt, akiknek t\u00f6rt\u00e9nelem (r\u00e9g\u00e9szet) vagy r\u00e9g\u00e9szet alapszakon elnyert BA szint\u0171 oklevel\u00fck vagy ennek megfelel\u0151, k\u00fclf\u00f6ldi egyetemen szerzett v\u00e9gzetts\u00e9g\u00fck van. A felv\u00e9teli sz\u00f3beli, motiv\u00e1ci\u00f3s besz\u00e9lget\u00e9s keret\u00e9ben zajlik. K\u00e9rj\u00fck, hogy a felv\u00e9teliz\u0151 a BA szakos szakdolgozat\u00e1t erre az alkalomra hozza mag\u00e1val.<\/p>\n<p><a href=\"http:\/\/regeszet.bibl.u-szeged.hu\/wp-content\/uploads\/2020\/09\/Haloterv_Regeszet_MA.xls\" target=\"_blank\" rel=\"noopener noreferrer\">A r\u00e9g\u00e9szet MA k\u00e9pz\u00e9s h\u00e1l\u00f3terv\u00e9nek let\u00f6lt\u00e9se<\/a><\/p>\n<p>A k\u00e9pz\u00e9s magyar nyelven folyik, kiz\u00e1r\u00f3lag nappali tagozaton. 4 f\u00e9l\u00e9v alatt v\u00e9gezhet\u0151 el. A diplom\u00e1hoz 120 kreditet kell a hallgat\u00f3nak teljes\u00edtenie. A R\u00e9g\u00e9szeti Tansz\u00e9k n\u00e9gy akkredit\u00e1lt szakir\u00e1nyt ind\u00edtott, \u00fagymint \u0151skori r\u00e9g\u00e9szet, Barbaricum \u00e9s n\u00e9pv\u00e1ndorl\u00e1s kori r\u00e9g\u00e9szet, k\u00f6z\u00e9pkori r\u00e9g\u00e9szet \u00e9s archaeometria \u2013 ezekb\u0151l kett\u0151t kell a hallgat\u00f3nak v\u00e1lasztania. Az egyik szakir\u00e1ny \u201emajor\u201d (nagyobb kredit\u00e9rt\u00e9k\u0171), a m\u00e1sik pedig \u201eminor\u201d (kisebb kredit\u00e9rt\u00e9k\u0171), szint\u00e9n a hallgat\u00f3 v\u00e1laszt\u00e1s\u00e1t\u00f3l f\u00fcgg\u0151en.<\/p>\n<p>A szakir\u00e1nyok \u201egerinc\u00e9t\u201d tov\u00e1bbra is az (szak)el\u0151ad\u00e1sok k\u00e9pezik, de ebben a programban m\u00e1r nem k\u00f6telez\u0151 a kronol\u00f3giai sorrend. Az ismeretek elm\u00e9ly\u00edt\u00e9se a hallgat\u00f3k saj\u00e1t kutat\u00f3munk\u00e1j\u00e1val t\u00f6rt\u00e9nik, erre a szemin\u00e1riumokon ny\u00edlik lehet\u0151s\u00e9g. Minden szakir\u00e1nyhoz szabadon v\u00e1laszthat\u00f3 t\u00e1rgyak blokkja csatlakozik, a hallgat\u00f3k egy\u00e9ni \u00e9rdekl\u0151d\u00e9s\u00fcknek \u00e9s szakdolgozathoz kapcsol\u00f3d\u00f3 kutat\u00e1si ter\u00fclet\u00fcknek megfelel\u0151en v\u00e1laszthatnak a k\u00edn\u00e1latb\u00f3l.<\/p>\n<p>Minden f\u00e9l\u00e9vben sz\u00fcks\u00e9ges az el\u0151\u00edrt szakmai t\u00f6rzst\u00e1rgyak (archaeometria, muzeol\u00f3gia, \u00e1sat\u00e1si \u00e9s m\u00fazeumi gyakorlat) teljes\u00edt\u00e9se. A szakdolgoz\u00f3k munk\u00e1j\u00e1t szakdolgozati szemin\u00e1rium seg\u00edti.<\/p>\n<p>A k\u00e9pz\u00e9s a szakdolgozat megv\u00e9d\u00e9s\u00e9vel z\u00e1rul, mely ut\u00e1n a hallgat\u00f3 \u201er\u00e9g\u00e9szet\u201d (MA) szakos diplom\u00e1t kap. Ez feljogos\u00edtja a szakos PhD k\u00e9pz\u00e9sbe val\u00f3 bel\u00e9p\u00e9sre illetve minden olyan munkahely bet\u00f6lt\u00e9s\u00e9re, amelynek felt\u00e9tele a \u201er\u00e9g\u00e9szet\u201d (MA) szakos diploma.<\/p>\n<p>A hallgat\u00f3k bekapcsol\u00f3dhatnak a szegedi r\u00e9g\u00e9szhallgat\u00f3k \u00f6ntev\u00e9keny egyes\u00fclet\u00e9nek (Partiscon TDK) programjaiba \u00e9s a tansz\u00e9ken foly\u00f3 sikeres tudom\u00e1nyos di\u00e1kk\u00f6ri munk\u00e1ba is. Lehet\u0151s\u00e9get kapnak arra is, hogy az Erasmus-program keret\u00e9ben ismereteiket, nyelvtud\u00e1sukat k\u00fclf\u00f6ldi egyetemeken b\u0151v\u00edthess\u00e9k.<\/p>\n<p><a href=\"http:\/\/regeszet.bibl.u-szeged.hu\/wp-content\/uploads\/2017\/11\/MA_1.jpg\"><img loading=\"lazy\" decoding=\"async\" class=\"alignnone wp-image-487 size-full\" src=\"http:\/\/regeszet.bibl.u-szeged.hu\/wp-content\/uploads\/2017\/11\/MA_1.jpg\" alt=\"\" width=\"900\" height=\"598\" \/><\/a><\/p>\n<p><a href=\"http:\/\/regeszet.bibl.u-szeged.hu\/wp-content\/uploads\/2017\/11\/MA_2.jpg\"><img loading=\"lazy\" decoding=\"async\" class=\"alignnone wp-image-488 size-full\" src=\"http:\/\/regeszet.bibl.u-szeged.hu\/wp-content\/uploads\/2017\/11\/MA_2.jpg\" alt=\"\" width=\"900\" height=\"675\" \/><\/a><\/p>\n<p><a href=\"http:\/\/regeszet.bibl.u-szeged.hu\/wp-content\/uploads\/2017\/11\/MA_3.jpg\"><img loading=\"lazy\" decoding=\"async\" class=\"alignnone wp-image-489 size-full\" src=\"http:\/\/regeszet.bibl.u-szeged.hu\/wp-content\/uploads\/2017\/11\/MA_3.jpg\" alt=\"\" width=\"900\" height=\"599\" \/><\/a><\/p>\n<p><a href=\"http:\/\/regeszet.bibl.u-szeged.hu\/wp-content\/uploads\/2017\/11\/MA_4.jpg\"><img loading=\"lazy\" decoding=\"async\" class=\"alignnone wp-image-490 size-full\" src=\"http:\/\/regeszet.bibl.u-szeged.hu\/wp-content\/uploads\/2017\/11\/MA_4.jpg\" alt=\"\" width=\"900\" height=\"598\" \/><\/a><\/p>\n<p><a href=\"http:\/\/regeszet.bibl.u-szeged.hu\/wp-content\/uploads\/2017\/11\/MA_5.jpg\"><img loading=\"lazy\" decoding=\"async\" class=\"alignnone wp-image-491 size-full\" src=\"http:\/\/regeszet.bibl.u-szeged.hu\/wp-content\/uploads\/2017\/11\/MA_5.jpg\" alt=\"\" width=\"900\" height=\"675\" \/><\/a><\/p>\n","protected":false},"excerpt":{"rendered":"<p>A r\u00e9g\u00e9szet MA szakra olyan hallgat\u00f3k nyerhetnek felv\u00e9telt, akiknek t\u00f6rt\u00e9nelem (r\u00e9g\u00e9szet) vagy r\u00e9g\u00e9szet alapszakon elnyert BA szint\u0171 oklevel\u00fck vagy ennek megfelel\u0151, k\u00fclf\u00f6ldi egyetemen szerzett v\u00e9gzetts\u00e9g\u00fck van. A felv\u00e9teli sz\u00f3beli, motiv\u00e1ci\u00f3s besz\u00e9lget\u00e9s keret\u00e9ben zajlik. K\u00e9rj\u00fck, hogy a felv\u00e9teliz\u0151 a BA szakos szakdolgozat\u00e1t erre az alkalomra hozza mag\u00e1val. A r\u00e9g\u00e9szet MA k\u00e9pz\u00e9s h\u00e1l\u00f3terv\u00e9nek let\u00f6lt\u00e9se A k\u00e9pz\u00e9s magyar &hellip; <a href=\"https:\/\/regeszet.bibl.u-szeged.hu\/index.php\/oktatas\/ma-kepzes\/\" class=\"more-link\"><span class=\"screen-reader-text\">MA k\u00e9pz\u00e9s<\/span> b\u0151vebben&#8230; <span class=\"meta-nav\">&rarr;<\/span><\/a><\/p>\n","protected":false},"author":1,"featured_media":0,"parent":43,"menu_order":3,"comment_status":"closed","ping_status":"closed","template":"","meta":{"footnotes":""},"class_list":["post-115","page","type-page","status-publish","hentry"],"_links":{"self":[{"href":"https:\/\/regeszet.bibl.u-szeged.hu\/index.php\/wp-json\/wp\/v2\/pages\/115","targetHints":{"allow":["GET"]}}],"collection":[{"href":"https:\/\/regeszet.bibl.u-szeged.hu\/index.php\/wp-json\/wp\/v2\/pages"}],"about":[{"href":"https:\/\/regeszet.bibl.u-szeged.hu\/index.php\/wp-json\/wp\/v2\/types\/page"}],"author":[{"embeddable":true,"href":"https:\/\/regeszet.bibl.u-szeged.hu\/index.php\/wp-json\/wp\/v2\/users\/1"}],"replies":[{"embeddable":true,"href":"https:\/\/regeszet.bibl.u-szeged.hu\/index.php\/wp-json\/wp\/v2\/comments?post=115"}],"version-history":[{"count":7,"href":"https:\/\/regeszet.bibl.u-szeged.hu\/index.php\/wp-json\/wp\/v2\/pages\/115\/revisions"}],"predecessor-version":[{"id":3539,"href":"https:\/\/regeszet.bibl.u-szeged.hu\/index.php\/wp-json\/wp\/v2\/pages\/115\/revisions\/3539"}],"up":[{"embeddable":true,"href":"https:\/\/regeszet.bibl.u-szeged.hu\/index.php\/wp-json\/wp\/v2\/pages\/43"}],"wp:attachment":[{"href":"https:\/\/regeszet.bibl.u-szeged.hu\/index.php\/wp-json\/wp\/v2\/media?parent=115"}],"curies":[{"name":"wp","href":"https:\/\/api.w.org\/{rel}","templated":true}]}}