{"id":1168,"date":"2017-11-25T09:53:37","date_gmt":"2017-11-25T08:53:37","guid":{"rendered":"http:\/\/regeszet.bibl.u-szeged.hu\/?page_id=1168"},"modified":"2017-11-25T09:57:11","modified_gmt":"2017-11-25T08:57:11","slug":"erasmus-beszamolok","status":"publish","type":"page","link":"https:\/\/regeszet.bibl.u-szeged.hu\/index.php\/tehetseggondozas\/erasmus\/erasmus-beszamolok\/","title":{"rendered":"Erasmus besz\u00e1mol\u00f3k"},"content":{"rendered":"<p>Az \u201eErasmus besz\u00e1mol\u00f3k\u201d rovatunkban azoknak a hallgat\u00f3knak az \u00e9lm\u00e9nybesz\u00e1mol\u00f3it tal\u00e1lj\u00e1k az olvas\u00f3ink, akik valamely k\u00fclf\u00f6ldi partner int\u00e9zm\u00e9ny\u00fcnkben teljes\u00edtettek egy vagy k\u00e9t szemesztert az Erasmus program keret\u00e9ben.<\/p>\n","protected":false},"excerpt":{"rendered":"<p>Az \u201eErasmus besz\u00e1mol\u00f3k\u201d rovatunkban azoknak a hallgat\u00f3knak az \u00e9lm\u00e9nybesz\u00e1mol\u00f3it tal\u00e1lj\u00e1k az olvas\u00f3ink, akik valamely k\u00fclf\u00f6ldi partner int\u00e9zm\u00e9ny\u00fcnkben teljes\u00edtettek egy vagy k\u00e9t szemesztert az Erasmus program keret\u00e9ben.<\/p>\n","protected":false},"author":1,"featured_media":0,"parent":176,"menu_order":1,"comment_status":"closed","ping_status":"closed","template":"","meta":{"footnotes":""},"class_list":["post-1168","page","type-page","status-publish","hentry"],"_links":{"self":[{"href":"https:\/\/regeszet.bibl.u-szeged.hu\/index.php\/wp-json\/wp\/v2\/pages\/1168","targetHints":{"allow":["GET"]}}],"collection":[{"href":"https:\/\/regeszet.bibl.u-szeged.hu\/index.php\/wp-json\/wp\/v2\/pages"}],"about":[{"href":"https:\/\/regeszet.bibl.u-szeged.hu\/index.php\/wp-json\/wp\/v2\/types\/page"}],"author":[{"embeddable":true,"href":"https:\/\/regeszet.bibl.u-szeged.hu\/index.php\/wp-json\/wp\/v2\/users\/1"}],"replies":[{"embeddable":true,"href":"https:\/\/regeszet.bibl.u-szeged.hu\/index.php\/wp-json\/wp\/v2\/comments?post=1168"}],"version-history":[{"count":2,"href":"https:\/\/regeszet.bibl.u-szeged.hu\/index.php\/wp-json\/wp\/v2\/pages\/1168\/revisions"}],"predecessor-version":[{"id":1177,"href":"https:\/\/regeszet.bibl.u-szeged.hu\/index.php\/wp-json\/wp\/v2\/pages\/1168\/revisions\/1177"}],"up":[{"embeddable":true,"href":"https:\/\/regeszet.bibl.u-szeged.hu\/index.php\/wp-json\/wp\/v2\/pages\/176"}],"wp:attachment":[{"href":"https:\/\/regeszet.bibl.u-szeged.hu\/index.php\/wp-json\/wp\/v2\/media?parent=1168"}],"curies":[{"name":"wp","href":"https:\/\/api.w.org\/{rel}","templated":true}]}}