{"id":117,"date":"2017-11-22T08:50:04","date_gmt":"2017-11-22T07:50:04","guid":{"rendered":"http:\/\/regeszet.bibl.u-szeged.hu\/?page_id=117"},"modified":"2022-02-08T10:06:39","modified_gmt":"2022-02-08T09:06:39","slug":"phd-kepzes","status":"publish","type":"page","link":"https:\/\/regeszet.bibl.u-szeged.hu\/index.php\/oktatas\/phd-kepzes\/","title":{"rendered":"PhD k\u00e9pz\u00e9s"},"content":{"rendered":"<p><strong>T\u00f6rt\u00e9nelemtudom\u00e1nyi Doktori Iskola Medievisztika-R\u00e9g\u00e9szet Doktori Program k\u00e9pz\u00e9si terve<\/strong><\/p>\n<p>A k\u00e9pz\u00e9si program c\u00e9lja olyan r\u00e9g\u00e9sz szakemberek k\u00e9pz\u00e9se, akik a korszer\u0171 kult\u00far- \u00e9s t\u00e1rsadalomelm\u00e9leti, m\u00f3dszertani \u00e9s interdiszciplin\u00e1ris ismeretek birtok\u00e1ban, a megfelel\u0151 idegen nyelvek ismeret\u00e9ben k\u00e9pesek a kultur\u00e1lis \u00e9s t\u00e1rsadalmi folyamatok meg\u00e9rt\u00e9s\u00e9re, empirikus \u00e9s t\u00f6rt\u00e9neti kutat\u00e1s\u00e1ra, ak\u00e1r interdiszciplin\u00e1ris elemz\u00e9s\u00e9re, figyelemmel a t\u00e1rstudom\u00e1nyok \u00e1ltal el\u00e9rt hazai \u00e9s nemzetk\u00f6zi eredm\u00e9nyekre. K\u00e9pesek tudom\u00e1nyter\u00fclet\u00fck elm\u00e9letei \u00e9s m\u00f3dszertani tov\u00e1bbfejleszt\u00e9s\u00e9re, hazai \u00e9s nemzetk\u00f6zi kapcsolataik \u00e1pol\u00e1s\u00e1ra, tudom\u00e1nyt\u00f6rt\u00e9net\u00e9nek felt\u00e1r\u00e1s\u00e1ra. Tud\u00e1suk konvert\u00e1lhat\u00f3 az aktu\u00e1lis tudom\u00e1nyos kih\u00edv\u00e1sokra.<\/p>\n<p>A k\u00e9pz\u00e9si program megfelel a Bologna Declaration elveinek, illeszkedik a hasonl\u00f3 EU doktori programokhoz. \u00c9rv\u00e9nyes\u00edti az interdiszciplinarit\u00e1st, \u00e9p\u00edt a nemzetk\u00f6zi egy\u00fcttm\u0171k\u00f6d\u00e9sre, sz\u00e1mos kurzus\u00e1ban meg\u00faj\u00edtja a magyar r\u00e9g\u00e9szetet, biztos\u00edtja a diszciplina fejl\u0151d\u00e9s\u00e9t. A tudom\u00e1nyos kutat\u00e1sban az interdiszciplin\u00e1ris, a multidiszciplin\u00e1ris, valamint a transzdiszciplin\u00e1ris megk\u00f6zel\u00edt\u00e9sek sz\u00e1mos \u00faj eredm\u00e9nyt hozhatnak. K\u00f6r\u00fcl\u00f6tt\u00fck sok \u00faj kutat\u00e1si ir\u00e1nyzat alakulhat ki.<\/p>\n<p>A fenti c\u00e9lok el\u00e9r\u00e9se \u00e9rdek\u00e9ben a doktori program a k\u00e9pz\u00e9s sor\u00e1n, annak els\u0151 r\u00e9sz\u00e9ben megfelel\u0151 elm\u00e9leti \u00e9s m\u00f3dszertani k\u00e9pz\u00e9st k\u00edv\u00e1n ny\u00fajtani, ennek alkalmaz\u00e1s\u00e1t ellen\u0151rzi a doktorandusz tutor\u00e1lis vezet\u00e9s alatt \u00e1ll\u00f3, \u00e1m mindink\u00e1bb \u00f6n\u00e1ll\u00f3 kutat\u00f3munk\u00e1ja sor\u00e1n. \u00d6szt\u00f6nzi a doktoranduszokat hazai \u00e9s k\u00fclf\u00f6ldi konferenciaszerepl\u00e9sekre, s a tansz\u00e9k\u00a0 k\u00fclkapcsolatai r\u00e9v\u00e9n igyekszik k\u00fclf\u00f6ldi \u00f6szt\u00f6nd\u00edjakat is el\u00e9rhet\u0151v\u00e9 tenni sz\u00e1mukra. El\u00e9rt eredm\u00e9nyeik publik\u00e1l\u00e1s\u00e1ban (konferencia el\u0151ad\u00e1sok, tanulm\u00e1nyok) saj\u00e1t int\u00e9zm\u00e9nyi, valamint hazai \u00e9s k\u00fclf\u00f6ldi f\u00f3rumain k\u00edv\u00e1nunk lehet\u0151s\u00e9get biztos\u00edtani. Sz\u00e1m\u00edtunk oktat\u00f3i tev\u00e9kenys\u00e9g\u00fckre is, els\u0151sorban a BA k\u00e9pz\u00e9s ter\u00e9n.<\/p>\n<p>A sz\u0171kebb tudom\u00e1ny\u00e1gon bel\u00fcl az egy\u00fcttm\u0171k\u00f6d\u00fcnk t\u00f6bb hazai r\u00e9g\u00e9szeti \u00e9s muze\u00e1lis int\u00e9zm\u00e9ny munkat\u00e1rsaival, t\u00f6bb k\u00fclf\u00f6ldi egyetem r\u00e9g\u00e9szeti doktori iskol\u00e1j\u00e1val, illet\u0151leg programj\u00e1val.<\/p>\n<p>A hazai egy\u00fcttm\u0171k\u00f6d\u0151 partnerek k\u00f6r\u00e9be tartoznak a szegedi M\u00f3ra Ferenc M\u00fazeum, a h\u00f3dmez\u0151v\u00e1s\u00e1rhelyi Tornyai J\u00e1nos M\u00fazeum, a szentesi Koszta J\u00f3zsef M\u00fazeum, az orosh\u00e1zi Sz\u00e1nt\u00f3 Kov\u00e1cs J\u00e1nos M\u00fazeum, a kiskunhalasi Thorma J\u00e1nos M\u00fazeum, valamint a kalocsai Viski K\u00e1roly M\u00fazeum, ezekkel al\u00e1\u00edrt egy\u00fcttm\u0171k\u00f6d\u00e9si meg\u00e1llapod\u00e1ssal rendelkez\u00fcnk. Kiemelt egy\u00fcttm\u0171k\u00f6d\u0151 partner\u00fcnk az MTA BTK, annak int\u00e9zetei \u00e9s \u0150st\u00f6rt\u00e9neti T\u00e9macsoportja.<\/p>\n<p>K\u00fclf\u00f6ldi partnereink k\u00f6z\u00fcl els\u0151sorban a Babe\u015f-Bolyai Tudom\u00e1nyegyetem (Kolozsv\u00e1r), az Universit\u00e0 degli Studi di Torino, valamint a Johannes Guttenberg Egyetem (Mainz) r\u00e9g\u00e9szeti tansz\u00e9keire sz\u00e1m\u00edtunk egy\u00fcttm\u0171k\u00f6d\u0151 partnerk\u00e9nt. Tekintve az Alf\u00f6ld r\u00e9g\u00e9szeti tanulm\u00e1nyoz\u00e1s\u00e1nak keleti \u2013 sztyeppei \u2013 sz\u00e1lait, amelyek a r\u00e9zkort\u00f3l a k\u00f6z\u00e9pkorig igen fontos szerepet j\u00e1tszottak a r\u00e9gi\u00f3 t\u00f6rt\u00e9net\u00e9ben, kiemelten fontosnak tartjuk a \u201ekeleti nyit\u00e1st\u201d (kapcsolatfelv\u00e9tel orosz, ukr\u00e1n \u00e9s kazah egyetemekkel, illetve kutat\u00f3 int\u00e9zetekkel).<\/p>\n<p>&nbsp;<\/p>\n<p><strong>A k\u00e9pz\u00e9si program szem\u00e9lyi h\u00e1ttere<\/strong><\/p>\n<p>Tagok<\/p>\n<table>\n<tbody>\n<tr>\n<th>Tagok (n\u00e9v)<\/th>\n<th>Sz\u00fclet\u00e9si \u00e9v<\/th>\n<th>Tud. fokozat, c\u00edm<\/th>\n<th>Munkahelyi beoszt\u00e1s<\/th>\n<th>A tud. fokozatszerz\u00e9s, habil. \u00e9ve<\/th>\n<\/tr>\n<tr>\n<td>R\u00e9v\u00e9sz L\u00e1szl\u00f3<\/td>\n<td>1960<\/td>\n<td>CSc., Habil., DSc.<\/td>\n<td>tszv. egy. tan\u00e1r<\/td>\n<td>DSc. 2020, Habil. 2008., CSc 1994.<\/td>\n<\/tr>\n<tr>\n<td>B. T\u00f3th \u00c1gnes<\/td>\n<td>1954<\/td>\n<td>PhD<\/td>\n<td>c. egy. tan\u00e1r<\/td>\n<td>PhD 1997<\/td>\n<\/tr>\n<tr>\n<td>Kulcs\u00e1r Val\u00e9ria<\/td>\n<td>1958<\/td>\n<td>CSc., Habil.<\/td>\n<td>docens<\/td>\n<td>Habil. 2011, CSc 1994<\/td>\n<\/tr>\n<tr>\n<td>Wolf M\u00e1ria<\/td>\n<td>1955<\/td>\n<td>PhD<\/td>\n<td>docens<\/td>\n<td>PhD 2009<\/td>\n<\/tr>\n<tr>\n<td>V\u00f6r\u00f6s Gabriella<\/td>\n<td><\/td>\n<td>PhD<\/td>\n<td>c. docens<\/td>\n<td>PhD<\/td>\n<\/tr>\n<tr>\n<td>Felf\u00f6ldi Szabolcs<\/td>\n<td>1975<\/td>\n<td>PhD<\/td>\n<td>adjunktus<\/td>\n<td>PhD 2013<\/td>\n<\/tr>\n<tr>\n<td>Pint\u00e9r-Nagy Katalin<\/td>\n<td><\/td>\n<td>PhD<\/td>\n<td>adjunktus<\/td>\n<td>PhD 2015<\/td>\n<\/tr>\n<\/tbody>\n<\/table>\n<p>&nbsp;<\/p>\n<p>Megh\u00edvott oktat\u00f3k \u00e9s t\u00e9mavezet\u0151k<\/p>\n<table>\n<tbody>\n<tr>\n<th>Tagok (n\u00e9v)<\/th>\n<th>Sz\u00fclet\u00e9si \u00e9v<\/th>\n<th>Tud. fokozat, c\u00edm<\/th>\n<th>Munkahelyi beoszt\u00e1s<\/th>\n<th>A tud. fokozatszerz\u00e9s, habil. \u00e9ve<\/th>\n<\/tr>\n<tr>\n<td>B\u00e9res M\u00e1ria<\/td>\n<td><\/td>\n<td>PhD<\/td>\n<td>r\u00e9g\u00e9sz<\/td>\n<td><\/td>\n<\/tr>\n<tr>\n<td>T\u00f3th Csaba<\/td>\n<td><\/td>\n<td>PhD<\/td>\n<td>muzeol\u00f3gus<\/td>\n<td><\/td>\n<\/tr>\n<tr>\n<td>N\u00e9gyesi Lajos<\/td>\n<td><\/td>\n<td>PhD<\/td>\n<td>muzeol\u00f3gus<\/td>\n<td><\/td>\n<\/tr>\n<tr>\n<td>Tomka G\u00e1bor<\/td>\n<td><\/td>\n<td>PhD<\/td>\n<td>f\u0151igazgat\u00f3-helyettes<\/td>\n<td><\/td>\n<\/tr>\n<tr>\n<td>Istv\u00e1novits Eszter<\/td>\n<td><\/td>\n<td>CSc.<\/td>\n<td>muzeol\u00f3gus<\/td>\n<td><\/td>\n<\/tr>\n<tr>\n<td>Ecsedy Istv\u00e1n<\/td>\n<td><\/td>\n<td>CSc.<\/td>\n<td>muzeol\u00f3gus<\/td>\n<td><\/td>\n<\/tr>\n<tr>\n<td>Mark\u00f3 Andr\u00e1s<\/td>\n<td><\/td>\n<td>PhD<\/td>\n<td>muzeol\u00f3gus<\/td>\n<td><\/td>\n<\/tr>\n<tr>\n<td>N\u00e9gyesi Lajos<\/td>\n<td><\/td>\n<td>PhD<\/td>\n<td>hadt\u00f6rt\u00e9n\u00e9sz<\/td>\n<td><\/td>\n<\/tr>\n<tr>\n<td>Kov\u00e1cs Gy\u00f6ngyi<\/td>\n<td><\/td>\n<td>PhD<\/td>\n<td>igazgat\u00f3helyettes<\/td>\n<td><\/td>\n<\/tr>\n<tr>\n<td>Magyar K\u00e1roly<\/td>\n<td><\/td>\n<td>PhD<\/td>\n<td>f\u0151oszt\u00e1lyvezet\u0151 h.<\/td>\n<td><\/td>\n<\/tr>\n<tr>\n<td>Dieter Quast<\/td>\n<td><\/td>\n<td>Habil. PhD<\/td>\n<td>muzeol\u00f3gus<\/td>\n<td><\/td>\n<\/tr>\n<tr>\n<td>Heinrich-Tam\u00e1ska Orsolya<\/td>\n<td><\/td>\n<td>PhD<\/td>\n<td>muzeol\u00f3gus<\/td>\n<td><\/td>\n<\/tr>\n<\/tbody>\n<\/table>\n","protected":false},"excerpt":{"rendered":"<p>T\u00f6rt\u00e9nelemtudom\u00e1nyi Doktori Iskola Medievisztika-R\u00e9g\u00e9szet Doktori Program k\u00e9pz\u00e9si terve A k\u00e9pz\u00e9si program c\u00e9lja olyan r\u00e9g\u00e9sz szakemberek k\u00e9pz\u00e9se, akik a korszer\u0171 kult\u00far- \u00e9s t\u00e1rsadalomelm\u00e9leti, m\u00f3dszertani \u00e9s interdiszciplin\u00e1ris ismeretek birtok\u00e1ban, a megfelel\u0151 idegen nyelvek ismeret\u00e9ben k\u00e9pesek a kultur\u00e1lis \u00e9s t\u00e1rsadalmi folyamatok meg\u00e9rt\u00e9s\u00e9re, empirikus \u00e9s t\u00f6rt\u00e9neti kutat\u00e1s\u00e1ra, ak\u00e1r interdiszciplin\u00e1ris elemz\u00e9s\u00e9re, figyelemmel a t\u00e1rstudom\u00e1nyok \u00e1ltal el\u00e9rt hazai \u00e9s nemzetk\u00f6zi eredm\u00e9nyekre. &hellip; <a href=\"https:\/\/regeszet.bibl.u-szeged.hu\/index.php\/oktatas\/phd-kepzes\/\" class=\"more-link\"><span class=\"screen-reader-text\">PhD k\u00e9pz\u00e9s<\/span> b\u0151vebben&#8230; <span class=\"meta-nav\">&rarr;<\/span><\/a><\/p>\n","protected":false},"author":1,"featured_media":0,"parent":43,"menu_order":4,"comment_status":"closed","ping_status":"closed","template":"","meta":{"footnotes":""},"class_list":["post-117","page","type-page","status-publish","hentry"],"_links":{"self":[{"href":"https:\/\/regeszet.bibl.u-szeged.hu\/index.php\/wp-json\/wp\/v2\/pages\/117","targetHints":{"allow":["GET"]}}],"collection":[{"href":"https:\/\/regeszet.bibl.u-szeged.hu\/index.php\/wp-json\/wp\/v2\/pages"}],"about":[{"href":"https:\/\/regeszet.bibl.u-szeged.hu\/index.php\/wp-json\/wp\/v2\/types\/page"}],"author":[{"embeddable":true,"href":"https:\/\/regeszet.bibl.u-szeged.hu\/index.php\/wp-json\/wp\/v2\/users\/1"}],"replies":[{"embeddable":true,"href":"https:\/\/regeszet.bibl.u-szeged.hu\/index.php\/wp-json\/wp\/v2\/comments?post=117"}],"version-history":[{"count":18,"href":"https:\/\/regeszet.bibl.u-szeged.hu\/index.php\/wp-json\/wp\/v2\/pages\/117\/revisions"}],"predecessor-version":[{"id":4557,"href":"https:\/\/regeszet.bibl.u-szeged.hu\/index.php\/wp-json\/wp\/v2\/pages\/117\/revisions\/4557"}],"up":[{"embeddable":true,"href":"https:\/\/regeszet.bibl.u-szeged.hu\/index.php\/wp-json\/wp\/v2\/pages\/43"}],"wp:attachment":[{"href":"https:\/\/regeszet.bibl.u-szeged.hu\/index.php\/wp-json\/wp\/v2\/media?parent=117"}],"curies":[{"name":"wp","href":"https:\/\/api.w.org\/{rel}","templated":true}]}}