{"id":1223,"date":"2017-11-25T10:40:18","date_gmt":"2017-11-25T09:40:18","guid":{"rendered":"http:\/\/regeszet.bibl.u-szeged.hu\/?page_id=1223"},"modified":"2017-11-25T10:52:57","modified_gmt":"2017-11-25T09:52:57","slug":"2016-2","status":"publish","type":"page","link":"https:\/\/regeszet.bibl.u-szeged.hu\/index.php\/tehetseggondozas\/ntp-palyazatok\/2016-2\/","title":{"rendered":"NTP 2016"},"content":{"rendered":"<p>Az NTP-HHTDK-15-0008 p\u00e1ly\u00e1zat keret\u00e9ben 2016 tavasz\u00e1n egy ki\u00e1ll\u00edt\u00e1st rendezt\u00fcnk, egy panteont hoztunk l\u00e9tre, valamint szakk\u00f6nyveket rendelt\u00fcnk.<\/p>\n<p>A p\u00e1ly\u00e1zat keret\u00e9ben tansz\u00e9k\u00fcnk korai t\u00f6rt\u00e9net\u00e9t bemutat\u00f3 ki\u00e1ll\u00edt\u00e1st rendezt\u00fcnk a Klebelsberg K\u00f6nyvt\u00e1r \u00e1trium\u00e1ban <em>Elsodort Int\u00e9zetek. A kolozsv\u00e1ri \u00e9s a szegedi R\u00e9g\u00e9szeti Int\u00e9zet els\u0151 \u00f6tven \u00e9ve (1899-1949)<\/em> c\u00edmmel. A ki\u00e1ll\u00edt\u00e1st Keveh\u00e1zi Katalin (f\u0151igazgat\u00f3, Klebelsberg K\u00f6nyvt\u00e1r) \u00e9s R\u00e9v\u00e9sz L\u00e1szl\u00f3 (tansz\u00e9kvezet\u0151 egyetemei docens, R\u00e9g\u00e9szeti Tansz\u00e9k) nyitotta meg 2016. \u00e1prilis 13-\u00e1n. A t\u00e1rlat c\u00e9lja, hogy bemutassa \u00e9s egyben p\u00e1rhuzamba \u00e1ll\u00edtsa a P\u00f3sta B\u00e9la \u00e1ltal alap\u00edtott kolozsv\u00e1ri r\u00e9g\u00e9sz iskola szisztematikus oktat\u00e1si strukt\u00far\u00e1j\u00e1t, kutat\u00e1si metodik\u00e1j\u00e1t a Buday \u00c1rp\u00e1d \u00e9s Banner J\u00e1nos \u00e1ltal l\u00e9trehozott, Kolozsv\u00e1rr\u00f3l Szegedre telep\u00fclt r\u00e9g\u00e9szeti iskol\u00e1val. A ki\u00e1ll\u00edt\u00e1s nem kronol\u00f3giai rendben veszi sorra az esem\u00e9nyeket, hanem egy-egy t\u00e9m\u00e1ra f\u00f3kusz\u00e1lva ismerteti e k\u00e9t iskola k\u00f6z\u00f6tti hasonl\u00f3s\u00e1gokat \u00e9s esetleges k\u00fcl\u00f6nbs\u00e9geket (alap\u00edt\u00f3k; oktat\u00e1s; tan\u00edtv\u00e1nyok; \u00e1sat\u00e1sok; r\u00e9g\u00e9szeti topogr\u00e1fia; kiadv\u00e1nyok (Dolgozatok, bibliogr\u00e1fi\u00e1k), k\u00f6nyvt\u00e1r; r\u00e9g\u00e9szeti gy\u0171jtem\u00e9ny. (Id\u0151beli hat\u00e1rai: kolozsv\u00e1ri R\u00e9g\u00e9szeti Int\u00e9zet: 1899 \u2013 1919; szegedi R\u00e9g\u00e9szeti Int\u00e9zet: 1924 \u2013 1946).<\/p>\n<p>Tansz\u00e9k\u00fcnk korai t\u00f6rt\u00e9net\u00e9t bemutat\u00f3 <em>Elsodort Int\u00e9zetek<\/em> c\u00edm\u0171 ki\u00e1ll\u00edt\u00e1shoz kapcsol\u00f3dva szint\u00e9n ezen p\u00e1ly\u00e1zat keret\u00e9ben hoztuk l\u00e9tre a tansz\u00e9ki folyos\u00f3i ki\u00e1ll\u00edt\u00f3hely\u00fcnk\u00f6n az egykori oktat\u00f3ink portr\u00e9ib\u00f3l az \u00e1lland\u00f3 panteonunkat. Az arck\u00e9pcsarnok \u00f6sszesen tizenh\u00e1rom neves oktat\u00f3nk fot\u00f3it (P\u00f3sta B\u00e9la, Buday \u00c1rp\u00e1d, Banner J\u00e1nos, B\u00e1lint Alajos, P\u00e1rducz Mih\u00e1ly, Sz\u00e9ll M\u00e1rta, Foltiny Istv\u00e1n, Korek J\u00f3zsef, Oroszl\u00e1n Zolt\u00e1n, Roska M\u00e1rton, Sz\u00e1deczky-Kardoss Samu, Gazdapusztai Gyula, Trogmayer Ott\u00f3) tartalmazza. Az panteon c\u00e9lja, hogy eml\u00e9ket \u00e1ll\u00edtson \u00e9s egyben eml\u00e9keztessen tansz\u00e9k\u00fcnk jelent\u0151s m\u00faltj\u00e1ra \u00e9s egykori kutat\u00f3ira.<\/p>\n<p>A ki\u00e1ll\u00edt\u00e1s rendez\u00e9s\u00e9ben, \u00e9s a panteon fel\u00e1ll\u00edt\u00e1s\u00e1hoz sz\u00fcks\u00e9ges f\u00e9nyk\u00e9pek \u00e9s a hozz\u00e1juk tartoz\u00f3 adatok \u00f6sszegy\u0171jt\u00e9s\u00e9ben tev\u00e9kenyen r\u00e9szt vettek a hallgat\u00f3ink, akik \u00edgy akt\u00edvan bekapcsol\u00f3dtak a kutat\u00f3munk\u00e1ba.<\/p>\n<p>Szint\u00e9n ezen p\u00e1ly\u00e1zat keret\u00e9ben szerezt\u00fcnk be n\u00e9h\u00e1ny f\u0151k\u00e9nt k\u00fclf\u00f6ldi kiad\u00e1s\u00fa szakk\u00f6nyvet, melyek jelent\u0151sen megk\u00f6nny\u00edtik a TDK-z\u00f3ink kutat\u00e1sait, dolgozataik elk\u00e9sz\u00edt\u00e9s\u00e9t.<\/p>\n<p>&nbsp;<\/p>\n<p><a href=\"http:\/\/regeszet.bibl.u-szeged.hu\/wp-content\/uploads\/2017\/11\/DSC01483.jpg\"><img loading=\"lazy\" decoding=\"async\" class=\"aligncenter wp-image-1240\" src=\"http:\/\/regeszet.bibl.u-szeged.hu\/wp-content\/uploads\/2017\/11\/DSC01483.jpg\" alt=\"\" width=\"800\" height=\"600\" \/><\/a><\/p>\n<p><a href=\"http:\/\/regeszet.bibl.u-szeged.hu\/wp-content\/uploads\/2017\/11\/DSC0044.jpg\"><img loading=\"lazy\" decoding=\"async\" class=\"aligncenter wp-image-1241\" src=\"http:\/\/regeszet.bibl.u-szeged.hu\/wp-content\/uploads\/2017\/11\/DSC0044.jpg\" alt=\"\" width=\"800\" height=\"532\" \/><\/a><\/p>\n","protected":false},"excerpt":{"rendered":"<p>Az NTP-HHTDK-15-0008 p\u00e1ly\u00e1zat keret\u00e9ben 2016 tavasz\u00e1n egy ki\u00e1ll\u00edt\u00e1st rendezt\u00fcnk, egy panteont hoztunk l\u00e9tre, valamint szakk\u00f6nyveket rendelt\u00fcnk. A p\u00e1ly\u00e1zat keret\u00e9ben tansz\u00e9k\u00fcnk korai t\u00f6rt\u00e9net\u00e9t bemutat\u00f3 ki\u00e1ll\u00edt\u00e1st rendezt\u00fcnk a Klebelsberg K\u00f6nyvt\u00e1r \u00e1trium\u00e1ban Elsodort Int\u00e9zetek. A kolozsv\u00e1ri \u00e9s a szegedi R\u00e9g\u00e9szeti Int\u00e9zet els\u0151 \u00f6tven \u00e9ve (1899-1949) c\u00edmmel. A ki\u00e1ll\u00edt\u00e1st Keveh\u00e1zi Katalin (f\u0151igazgat\u00f3, Klebelsberg K\u00f6nyvt\u00e1r) \u00e9s R\u00e9v\u00e9sz L\u00e1szl\u00f3 (tansz\u00e9kvezet\u0151 egyetemei &hellip; <a href=\"https:\/\/regeszet.bibl.u-szeged.hu\/index.php\/tehetseggondozas\/ntp-palyazatok\/2016-2\/\" class=\"more-link\"><span class=\"screen-reader-text\">NTP 2016<\/span> b\u0151vebben&#8230; <span class=\"meta-nav\">&rarr;<\/span><\/a><\/p>\n","protected":false},"author":1,"featured_media":0,"parent":180,"menu_order":1,"comment_status":"closed","ping_status":"closed","template":"","meta":{"footnotes":""},"class_list":["post-1223","page","type-page","status-publish","hentry"],"_links":{"self":[{"href":"https:\/\/regeszet.bibl.u-szeged.hu\/index.php\/wp-json\/wp\/v2\/pages\/1223","targetHints":{"allow":["GET"]}}],"collection":[{"href":"https:\/\/regeszet.bibl.u-szeged.hu\/index.php\/wp-json\/wp\/v2\/pages"}],"about":[{"href":"https:\/\/regeszet.bibl.u-szeged.hu\/index.php\/wp-json\/wp\/v2\/types\/page"}],"author":[{"embeddable":true,"href":"https:\/\/regeszet.bibl.u-szeged.hu\/index.php\/wp-json\/wp\/v2\/users\/1"}],"replies":[{"embeddable":true,"href":"https:\/\/regeszet.bibl.u-szeged.hu\/index.php\/wp-json\/wp\/v2\/comments?post=1223"}],"version-history":[{"count":4,"href":"https:\/\/regeszet.bibl.u-szeged.hu\/index.php\/wp-json\/wp\/v2\/pages\/1223\/revisions"}],"predecessor-version":[{"id":1243,"href":"https:\/\/regeszet.bibl.u-szeged.hu\/index.php\/wp-json\/wp\/v2\/pages\/1223\/revisions\/1243"}],"up":[{"embeddable":true,"href":"https:\/\/regeszet.bibl.u-szeged.hu\/index.php\/wp-json\/wp\/v2\/pages\/180"}],"wp:attachment":[{"href":"https:\/\/regeszet.bibl.u-szeged.hu\/index.php\/wp-json\/wp\/v2\/media?parent=1223"}],"curies":[{"name":"wp","href":"https:\/\/api.w.org\/{rel}","templated":true}]}}