{"id":123,"date":"2017-11-22T08:51:20","date_gmt":"2017-11-22T07:51:20","guid":{"rendered":"http:\/\/regeszet.bibl.u-szeged.hu\/?page_id=123"},"modified":"2017-11-24T15:35:28","modified_gmt":"2017-11-24T14:35:28","slug":"asatasaink","status":"publish","type":"page","link":"https:\/\/regeszet.bibl.u-szeged.hu\/index.php\/kutatas\/asatasaink\/","title":{"rendered":"\u00c1sat\u00e1saink"},"content":{"rendered":"<p>Tansz\u00e9k\u00fcnk munkat\u00e1rsai az orsz\u00e1g t\u00f6bb pontj\u00e1n (p\u00e9ld\u00e1ul Szeged\u2013Kiskundorozsma, IV. Homokb\u00e1nya; H\u00f3dmez\u0151v\u00e1s\u00e1rhely\u2013Gorzsa; Dabas\u2013Fels\u0151beseny\u0151; Domb\u00f3v\u00e1r\u2013G\u00f3lyav\u00e1r) v\u00e9geznek\/v\u00e9geztek felt\u00e1r\u00e1sokat.<\/p>\n","protected":false},"excerpt":{"rendered":"<p>Tansz\u00e9k\u00fcnk munkat\u00e1rsai az orsz\u00e1g t\u00f6bb pontj\u00e1n (p\u00e9ld\u00e1ul Szeged\u2013Kiskundorozsma, IV. Homokb\u00e1nya; H\u00f3dmez\u0151v\u00e1s\u00e1rhely\u2013Gorzsa; Dabas\u2013Fels\u0151beseny\u0151; Domb\u00f3v\u00e1r\u2013G\u00f3lyav\u00e1r) v\u00e9geznek\/v\u00e9geztek felt\u00e1r\u00e1sokat.<\/p>\n","protected":false},"author":1,"featured_media":0,"parent":46,"menu_order":1,"comment_status":"closed","ping_status":"closed","template":"","meta":{"footnotes":""},"class_list":["post-123","page","type-page","status-publish","hentry"],"_links":{"self":[{"href":"https:\/\/regeszet.bibl.u-szeged.hu\/index.php\/wp-json\/wp\/v2\/pages\/123","targetHints":{"allow":["GET"]}}],"collection":[{"href":"https:\/\/regeszet.bibl.u-szeged.hu\/index.php\/wp-json\/wp\/v2\/pages"}],"about":[{"href":"https:\/\/regeszet.bibl.u-szeged.hu\/index.php\/wp-json\/wp\/v2\/types\/page"}],"author":[{"embeddable":true,"href":"https:\/\/regeszet.bibl.u-szeged.hu\/index.php\/wp-json\/wp\/v2\/users\/1"}],"replies":[{"embeddable":true,"href":"https:\/\/regeszet.bibl.u-szeged.hu\/index.php\/wp-json\/wp\/v2\/comments?post=123"}],"version-history":[{"count":2,"href":"https:\/\/regeszet.bibl.u-szeged.hu\/index.php\/wp-json\/wp\/v2\/pages\/123\/revisions"}],"predecessor-version":[{"id":1054,"href":"https:\/\/regeszet.bibl.u-szeged.hu\/index.php\/wp-json\/wp\/v2\/pages\/123\/revisions\/1054"}],"up":[{"embeddable":true,"href":"https:\/\/regeszet.bibl.u-szeged.hu\/index.php\/wp-json\/wp\/v2\/pages\/46"}],"wp:attachment":[{"href":"https:\/\/regeszet.bibl.u-szeged.hu\/index.php\/wp-json\/wp\/v2\/media?parent=123"}],"curies":[{"name":"wp","href":"https:\/\/api.w.org\/{rel}","templated":true}]}}