{"id":125,"date":"2017-11-22T08:51:38","date_gmt":"2017-11-22T07:51:38","guid":{"rendered":"http:\/\/regeszet.bibl.u-szeged.hu\/?page_id=125"},"modified":"2022-02-08T11:45:29","modified_gmt":"2022-02-08T10:45:29","slug":"tudomanyos-programok","status":"publish","type":"page","link":"https:\/\/regeszet.bibl.u-szeged.hu\/index.php\/kutatas\/tudomanyos-programok\/","title":{"rendered":"Tudom\u00e1nyos programok"},"content":{"rendered":"<p>Tansz\u00e9k\u00fcnk t\u00f6bb \u00f6n\u00e1ll\u00f3 kutat\u00e1si projektet ind\u00edtott az elm\u00falt \u00e9vekben (p\u00e9ld\u00e1ul a Ludasi-t\u00f3 k\u00f6rny\u00e9k\u00e9nek terepbej\u00e1r\u00e1sa). Sz\u00e1mos esetben k\u00f6z\u00f6s kutat\u00e1si programban vesz r\u00e9szt a partner int\u00e9zm\u00e9nyeinkkel (p\u00e9ld\u00e1ul szarmata temetkez\u00e9sek internetes adatb\u00e1zisa, Magyarorsz\u00e1g honfoglal\u00e1s kori \u00e9s kora \u00c1rp\u00e1d-kori s\u00edrleletei).<\/p>\n<ul>\n<li><a href=\"https:\/\/regeszet.bibl.u-szeged.hu\/index.php\/kutatas\/tudomanyos-programok\/osregeszeti-kutatas\/\" target=\"_blank\" rel=\"noopener\">\u0150sr\u00e9g\u00e9szeti kutat\u00e1s<\/a><\/li>\n<li><a href=\"https:\/\/regeszet.bibl.u-szeged.hu\/index.php\/kutatas\/tudomanyos-programok\/barbarikum-kutatas\/\" target=\"_blank\" rel=\"noopener\">Barbarikum-kutat\u00e1s<\/a><\/li>\n<li><a href=\"https:\/\/regeszet.bibl.u-szeged.hu\/index.php\/kutatas\/tudomanyos-programok\/kozepkori-regeszeti-kutatas\/\" target=\"_blank\" rel=\"noopener\">K\u00f6z\u00e9pkori r\u00e9g\u00e9szeti kutat\u00e1s<\/a><\/li>\n<li><a href=\"https:\/\/regeszet.bibl.u-szeged.hu\/index.php\/kutatas\/tudomanyos-programok\/archeometria\/\" target=\"_blank\" rel=\"noopener\">Archeometria<\/a><\/li>\n<li><a href=\"https:\/\/regeszet.bibl.u-szeged.hu\/index.php\/kutatas\/tudomanyos-programok\/ludasi-projekt\/\" target=\"_blank\" rel=\"noopener\">Ludasi projekt<\/a><\/li>\n<li><a href=\"https:\/\/regeszet.bibl.u-szeged.hu\/index.php\/kutatas\/tudomanyos-programok\/komplex-geokronologiai-es-geofizikai-laboratoriumok-fejlesztese\/\" target=\"_blank\" rel=\"noopener\">Komplex geokronol\u00f3giai \u00e9s geofizikai laborat\u00f3riumok fejleszt\u00e9se<\/a><\/li>\n<li><a href=\"https:\/\/regeszet.bibl.u-szeged.hu\/index.php\/kutatas\/tudomanyos-programok\/honfoglalas-kori-corpus-sorozat\/\" target=\"_blank\" rel=\"noopener\">Honfoglal\u00e1s kori corpus-sorozat<\/a><\/li>\n<li><a href=\"https:\/\/regeszet.bibl.u-szeged.hu\/index.php\/kutatas\/tudomanyos-programok\/szarmata-temetkezesek-internetes-adatbazisa\/\" target=\"_blank\" rel=\"noopener\">Szarmata temetkez\u00e9sek internetes adatb\u00e1zisa<\/a><\/li>\n<\/ul>\n","protected":false},"excerpt":{"rendered":"<p>Tansz\u00e9k\u00fcnk t\u00f6bb \u00f6n\u00e1ll\u00f3 kutat\u00e1si projektet ind\u00edtott az elm\u00falt \u00e9vekben (p\u00e9ld\u00e1ul a Ludasi-t\u00f3 k\u00f6rny\u00e9k\u00e9nek terepbej\u00e1r\u00e1sa). Sz\u00e1mos esetben k\u00f6z\u00f6s kutat\u00e1si programban vesz r\u00e9szt a partner int\u00e9zm\u00e9nyeinkkel (p\u00e9ld\u00e1ul szarmata temetkez\u00e9sek internetes adatb\u00e1zisa, Magyarorsz\u00e1g honfoglal\u00e1s kori \u00e9s kora \u00c1rp\u00e1d-kori s\u00edrleletei). \u0150sr\u00e9g\u00e9szeti kutat\u00e1s Barbarikum-kutat\u00e1s K\u00f6z\u00e9pkori r\u00e9g\u00e9szeti kutat\u00e1s Archeometria Ludasi projekt Komplex geokronol\u00f3giai \u00e9s geofizikai laborat\u00f3riumok fejleszt\u00e9se Honfoglal\u00e1s kori corpus-sorozat Szarmata &hellip; <a href=\"https:\/\/regeszet.bibl.u-szeged.hu\/index.php\/kutatas\/tudomanyos-programok\/\" class=\"more-link\"><span class=\"screen-reader-text\">Tudom\u00e1nyos programok<\/span> b\u0151vebben&#8230; <span class=\"meta-nav\">&rarr;<\/span><\/a><\/p>\n","protected":false},"author":1,"featured_media":0,"parent":46,"menu_order":2,"comment_status":"closed","ping_status":"closed","template":"","meta":{"footnotes":""},"class_list":["post-125","page","type-page","status-publish","hentry"],"_links":{"self":[{"href":"https:\/\/regeszet.bibl.u-szeged.hu\/index.php\/wp-json\/wp\/v2\/pages\/125","targetHints":{"allow":["GET"]}}],"collection":[{"href":"https:\/\/regeszet.bibl.u-szeged.hu\/index.php\/wp-json\/wp\/v2\/pages"}],"about":[{"href":"https:\/\/regeszet.bibl.u-szeged.hu\/index.php\/wp-json\/wp\/v2\/types\/page"}],"author":[{"embeddable":true,"href":"https:\/\/regeszet.bibl.u-szeged.hu\/index.php\/wp-json\/wp\/v2\/users\/1"}],"replies":[{"embeddable":true,"href":"https:\/\/regeszet.bibl.u-szeged.hu\/index.php\/wp-json\/wp\/v2\/comments?post=125"}],"version-history":[{"count":4,"href":"https:\/\/regeszet.bibl.u-szeged.hu\/index.php\/wp-json\/wp\/v2\/pages\/125\/revisions"}],"predecessor-version":[{"id":4559,"href":"https:\/\/regeszet.bibl.u-szeged.hu\/index.php\/wp-json\/wp\/v2\/pages\/125\/revisions\/4559"}],"up":[{"embeddable":true,"href":"https:\/\/regeszet.bibl.u-szeged.hu\/index.php\/wp-json\/wp\/v2\/pages\/46"}],"wp:attachment":[{"href":"https:\/\/regeszet.bibl.u-szeged.hu\/index.php\/wp-json\/wp\/v2\/media?parent=125"}],"curies":[{"name":"wp","href":"https:\/\/api.w.org\/{rel}","templated":true}]}}