{"id":1254,"date":"2017-11-25T10:58:37","date_gmt":"2017-11-25T09:58:37","guid":{"rendered":"http:\/\/regeszet.bibl.u-szeged.hu\/?page_id=1254"},"modified":"2022-02-08T12:33:59","modified_gmt":"2022-02-08T11:33:59","slug":"regesztalalkozos-filmjeink","status":"publish","type":"page","link":"https:\/\/regeszet.bibl.u-szeged.hu\/index.php\/partiscon-tdk\/regesztalalkozos-filmjeink\/","title":{"rendered":"R\u00e9g\u00e9sztal\u00e1lkoz\u00f3s filmjeink"},"content":{"rendered":"<p><img loading=\"lazy\" decoding=\"async\" class=\"alignright size-medium wp-image-4571\" src=\"http:\/\/regeszet.bibl.u-szeged.hu\/wp-content\/uploads\/2022\/02\/Filmek-300x257.jpg\" alt=\"\" width=\"300\" height=\"257\" srcset=\"https:\/\/regeszet.bibl.u-szeged.hu\/wp-content\/uploads\/2022\/02\/Filmek-300x257.jpg 300w, https:\/\/regeszet.bibl.u-szeged.hu\/wp-content\/uploads\/2022\/02\/Filmek-768x657.jpg 768w, https:\/\/regeszet.bibl.u-szeged.hu\/wp-content\/uploads\/2022\/02\/Filmek.jpg 858w\" sizes=\"auto, (max-width: 300px) 100vw, 300px\" \/>Az al\u00e1bbi linkeken a hallgat\u00f3ink R\u00e9g\u00e9szhallgat\u00f3k Orsz\u00e1gos Tal\u00e1lkoz\u00f3ira k\u00e9sz\u00edtett bemutatkoz\u00f3 filmjeit tekinthetik meg.<\/p>\n<ul>\n<li><a href=\"https:\/\/www.youtube.com\/watch?v=XsuzAZvBJq4&amp;list=PLKNLJ0resJtJX3xVtlGtureaakXePEffs&amp;index=1\" target=\"_blank\" rel=\"noopener\"><strong>2010<\/strong><\/a><\/li>\n<li><a href=\"https:\/\/www.youtube.com\/watch?v=5A8iLPxUvwU&amp;list=PLKNLJ0resJtJX3xVtlGtureaakXePEffs&amp;index=2\" target=\"_blank\" rel=\"noopener\"><strong>2012<\/strong><\/a><\/li>\n<\/ul>\n","protected":false},"excerpt":{"rendered":"<p>Az al\u00e1bbi linkeken a hallgat\u00f3ink R\u00e9g\u00e9szhallgat\u00f3k Orsz\u00e1gos Tal\u00e1lkoz\u00f3ira k\u00e9sz\u00edtett bemutatkoz\u00f3 filmjeit tekinthetik meg. 2010 2012<\/p>\n","protected":false},"author":1,"featured_media":0,"parent":52,"menu_order":7,"comment_status":"closed","ping_status":"closed","template":"","meta":{"footnotes":""},"class_list":["post-1254","page","type-page","status-publish","hentry"],"_links":{"self":[{"href":"https:\/\/regeszet.bibl.u-szeged.hu\/index.php\/wp-json\/wp\/v2\/pages\/1254","targetHints":{"allow":["GET"]}}],"collection":[{"href":"https:\/\/regeszet.bibl.u-szeged.hu\/index.php\/wp-json\/wp\/v2\/pages"}],"about":[{"href":"https:\/\/regeszet.bibl.u-szeged.hu\/index.php\/wp-json\/wp\/v2\/types\/page"}],"author":[{"embeddable":true,"href":"https:\/\/regeszet.bibl.u-szeged.hu\/index.php\/wp-json\/wp\/v2\/users\/1"}],"replies":[{"embeddable":true,"href":"https:\/\/regeszet.bibl.u-szeged.hu\/index.php\/wp-json\/wp\/v2\/comments?post=1254"}],"version-history":[{"count":7,"href":"https:\/\/regeszet.bibl.u-szeged.hu\/index.php\/wp-json\/wp\/v2\/pages\/1254\/revisions"}],"predecessor-version":[{"id":4572,"href":"https:\/\/regeszet.bibl.u-szeged.hu\/index.php\/wp-json\/wp\/v2\/pages\/1254\/revisions\/4572"}],"up":[{"embeddable":true,"href":"https:\/\/regeszet.bibl.u-szeged.hu\/index.php\/wp-json\/wp\/v2\/pages\/52"}],"wp:attachment":[{"href":"https:\/\/regeszet.bibl.u-szeged.hu\/index.php\/wp-json\/wp\/v2\/media?parent=1254"}],"curies":[{"name":"wp","href":"https:\/\/api.w.org\/{rel}","templated":true}]}}