{"id":1261,"date":"2017-11-25T11:05:43","date_gmt":"2017-11-25T10:05:43","guid":{"rendered":"http:\/\/regeszet.bibl.u-szeged.hu\/?page_id=1261"},"modified":"2017-11-25T11:11:17","modified_gmt":"2017-11-25T10:11:17","slug":"pusztai-tamas","status":"publish","type":"page","link":"https:\/\/regeszet.bibl.u-szeged.hu\/index.php\/partiscon-tdk\/tdk-eloadasok\/2014-2015\/pusztai-tamas\/","title":{"rendered":"Pusztai Tam\u00e1s"},"content":{"rendered":"<p><strong>Hogyan sz\u00fcletett az \u201eElit alakulat\u201d?<\/strong><\/p>\n<p>Az idei f\u00e9l\u00e9v els\u0151 TDK-el\u0151ad\u00e1s\u00e1t 2015. \u00e1prilis 4-\u00e9n Pusztai Tam\u00e1s, a Herman Ott\u00f3 M\u00fazeum igazgat\u00f3ja tartotta egy eg\u00e9szen aktu\u00e1lis t\u00e9m\u00e1r\u00f3l, az \u201eElit alakulat\u201d c\u00edm\u0171 honfoglal\u00e1s kori ki\u00e1ll\u00edt\u00e1sr\u00f3l, annak m\u00f3dszertan\u00e1r\u00f3l, kialak\u00edt\u00e1s\u00e1r\u00f3l (r\u00f6vid t\u00f6rt\u00e9net\u00e9r\u0151l, neh\u00e9zs\u00e9geir\u0151l, sz\u00e9ps\u00e9geir\u0151l). Az el\u0151ad\u00e1s j\u00f3l kieg\u00e9sz\u00edtette a muzeol\u00f3gia \u00f3r\u00e1kon a ki\u00e1ll\u00edt\u00e1srendez\u00e9sr\u0151l tanultakat, \u00e9s konkr\u00e9t p\u00e9ld\u00e1n kereszt\u00fcl szeml\u00e9ltette sz\u00e1munkra, hogyan kell egy ki\u00e1ll\u00edt\u00e1st l\u00e1togat\u00f3bar\u00e1tt\u00e1 tenni. Az \u201eElit alakulat\u201d \u201enem csup\u00e1n a p\u00e1ratlan leletanyag miatt k\u00fcl\u00f6nleges: szeml\u00e9let\u00e9ben \u00e9s m\u00f3dszereiben is k\u00fcl\u00f6nb\u00f6zik az eddig megszokottakt\u00f3l.\u201d Az elmondottak mellett a t\u00e1rlat r\u00f6vid bemutat\u00e1sa sokunkra \u00f6szt\u00f6nz\u0151leg hatott arra vonatkoz\u00f3lag, hogy magunk is megl\u00e1togassuk a ki\u00e1ll\u00edt\u00e1st. Ak\u00e1r egy \u00fajabb tansz\u00e9ki kir\u00e1ndul\u00e1s keretein bel\u00fcl.<\/p>\n<p style=\"text-align: right;\">Kurucz Klaudia<\/p>\n<p>&nbsp;<\/p>\n<p><a href=\"http:\/\/regeszet.bibl.u-szeged.hu\/wp-content\/uploads\/2017\/11\/DSC08601.jpg\"><img loading=\"lazy\" decoding=\"async\" class=\"aligncenter wp-image-1273\" src=\"http:\/\/regeszet.bibl.u-szeged.hu\/wp-content\/uploads\/2017\/11\/DSC08601.jpg\" alt=\"\" width=\"700\" height=\"525\" \/><\/a><\/p>\n<p><a href=\"http:\/\/regeszet.bibl.u-szeged.hu\/wp-content\/uploads\/2017\/11\/DSC08606.jpg\"><img loading=\"lazy\" decoding=\"async\" class=\"aligncenter wp-image-1274\" src=\"http:\/\/regeszet.bibl.u-szeged.hu\/wp-content\/uploads\/2017\/11\/DSC08606.jpg\" alt=\"\" width=\"700\" height=\"525\" \/><\/a><\/p>\n<p><a href=\"http:\/\/regeszet.bibl.u-szeged.hu\/wp-content\/uploads\/2017\/11\/DSC08608.jpg\"><img loading=\"lazy\" decoding=\"async\" class=\"aligncenter wp-image-1275\" src=\"http:\/\/regeszet.bibl.u-szeged.hu\/wp-content\/uploads\/2017\/11\/DSC08608.jpg\" alt=\"\" width=\"700\" height=\"525\" \/><\/a><\/p>\n","protected":false},"excerpt":{"rendered":"<p>Hogyan sz\u00fcletett az \u201eElit alakulat\u201d? Az idei f\u00e9l\u00e9v els\u0151 TDK-el\u0151ad\u00e1s\u00e1t 2015. \u00e1prilis 4-\u00e9n Pusztai Tam\u00e1s, a Herman Ott\u00f3 M\u00fazeum igazgat\u00f3ja tartotta egy eg\u00e9szen aktu\u00e1lis t\u00e9m\u00e1r\u00f3l, az \u201eElit alakulat\u201d c\u00edm\u0171 honfoglal\u00e1s kori ki\u00e1ll\u00edt\u00e1sr\u00f3l, annak m\u00f3dszertan\u00e1r\u00f3l, kialak\u00edt\u00e1s\u00e1r\u00f3l (r\u00f6vid t\u00f6rt\u00e9net\u00e9r\u0151l, neh\u00e9zs\u00e9geir\u0151l, sz\u00e9ps\u00e9geir\u0151l). Az el\u0151ad\u00e1s j\u00f3l kieg\u00e9sz\u00edtette a muzeol\u00f3gia \u00f3r\u00e1kon a ki\u00e1ll\u00edt\u00e1srendez\u00e9sr\u0151l tanultakat, \u00e9s konkr\u00e9t p\u00e9ld\u00e1n kereszt\u00fcl szeml\u00e9ltette sz\u00e1munkra, &hellip; <a href=\"https:\/\/regeszet.bibl.u-szeged.hu\/index.php\/partiscon-tdk\/tdk-eloadasok\/2014-2015\/pusztai-tamas\/\" class=\"more-link\"><span class=\"screen-reader-text\">Pusztai Tam\u00e1s<\/span> b\u0151vebben&#8230; <span class=\"meta-nav\">&rarr;<\/span><\/a><\/p>\n","protected":false},"author":1,"featured_media":0,"parent":233,"menu_order":1,"comment_status":"closed","ping_status":"closed","template":"","meta":{"footnotes":""},"class_list":["post-1261","page","type-page","status-publish","hentry"],"_links":{"self":[{"href":"https:\/\/regeszet.bibl.u-szeged.hu\/index.php\/wp-json\/wp\/v2\/pages\/1261","targetHints":{"allow":["GET"]}}],"collection":[{"href":"https:\/\/regeszet.bibl.u-szeged.hu\/index.php\/wp-json\/wp\/v2\/pages"}],"about":[{"href":"https:\/\/regeszet.bibl.u-szeged.hu\/index.php\/wp-json\/wp\/v2\/types\/page"}],"author":[{"embeddable":true,"href":"https:\/\/regeszet.bibl.u-szeged.hu\/index.php\/wp-json\/wp\/v2\/users\/1"}],"replies":[{"embeddable":true,"href":"https:\/\/regeszet.bibl.u-szeged.hu\/index.php\/wp-json\/wp\/v2\/comments?post=1261"}],"version-history":[{"count":3,"href":"https:\/\/regeszet.bibl.u-szeged.hu\/index.php\/wp-json\/wp\/v2\/pages\/1261\/revisions"}],"predecessor-version":[{"id":1277,"href":"https:\/\/regeszet.bibl.u-szeged.hu\/index.php\/wp-json\/wp\/v2\/pages\/1261\/revisions\/1277"}],"up":[{"embeddable":true,"href":"https:\/\/regeszet.bibl.u-szeged.hu\/index.php\/wp-json\/wp\/v2\/pages\/233"}],"wp:attachment":[{"href":"https:\/\/regeszet.bibl.u-szeged.hu\/index.php\/wp-json\/wp\/v2\/media?parent=1261"}],"curies":[{"name":"wp","href":"https:\/\/api.w.org\/{rel}","templated":true}]}}