{"id":1263,"date":"2017-11-25T11:06:02","date_gmt":"2017-11-25T10:06:02","guid":{"rendered":"http:\/\/regeszet.bibl.u-szeged.hu\/?page_id=1263"},"modified":"2017-11-25T11:09:05","modified_gmt":"2017-11-25T10:09:05","slug":"torok-tibor","status":"publish","type":"page","link":"https:\/\/regeszet.bibl.u-szeged.hu\/index.php\/partiscon-tdk\/tdk-eloadasok\/2014-2015\/torok-tibor\/","title":{"rendered":"T\u00f6r\u00f6k Tibor"},"content":{"rendered":"<p><strong>A r\u00e9g\u00e9szeti genetika eredm\u00e9nyei<\/strong><\/p>\n<p>Tansz\u00e9k\u00fcnk m\u00e1sodik TDK-el\u0151ad\u00e1s\u00e1ra 2015. m\u00e1jus 13-\u00e1n ker\u00fclt sor. Ezen az est\u00e9n egy mostan\u00e1ban igen n\u00e9pszer\u0171 t\u00e9ma ker\u00fclt ter\u00edt\u00e9kre T\u00f6r\u00f6k Tibor el\u0151ad\u00e1s\u00e1ban <em>A r\u00e9g\u00e9szeti genetika elm\u00e9lete, m\u00f3dszertana \u00e9s eddigi eredm\u00e9nyei<\/em> c\u00edmmel. A prezent\u00e1ci\u00f3 sor\u00e1n egy kis \u00edzel\u00edt\u0151t kaphattunk a genetikusok mindennapi munk\u00e1j\u00e1b\u00f3l, r\u00f6viden bemutatta hogyan zajlanak a tudom\u00e1nyos vizsg\u00e1latok, \u00e9s els\u0151 sorban miket vizsg\u00e1lnak a laborat\u00f3riumokban. El\u0151ad\u00f3nk bevezet\u00e9sk\u00e9ppen f\u0151leg n\u00e9met genetikai kutat\u00e1sok eredm\u00e9nyeit gy\u0171jt\u00f6tte \u00f6ssze a K\u00f6zel-Keletre \u00e9s eg\u00e9sz Eur\u00f3p\u00e1ra, ezen bel\u00fcl a K\u00e1rp\u00e1t-medenc\u00e9re vonatkoz\u00f3an is. A kifejezetten magyar genetikai kutat\u00e1sok eredm\u00e9nyeit a karosi honfoglal\u00e1s kori temet\u0151 embertani anyag\u00e1n kereszt\u00fcl mutatta be. Az el\u0151ad\u00e1s v\u00e9g\u00e9n hallhattunk n\u00e9h\u00e1ny \u00e9rdekes felvet\u00e9st, megjegyz\u00e9st is.<\/p>\n<p style=\"text-align: right;\">Kurucz Klaudia<\/p>\n<p>&nbsp;<\/p>\n<p><a href=\"http:\/\/regeszet.bibl.u-szeged.hu\/wp-content\/uploads\/2017\/11\/SAM_1426.jpg\"><img loading=\"lazy\" decoding=\"async\" class=\"aligncenter wp-image-1268\" src=\"http:\/\/regeszet.bibl.u-szeged.hu\/wp-content\/uploads\/2017\/11\/SAM_1426.jpg\" alt=\"\" width=\"700\" height=\"525\" \/><\/a><\/p>\n<p><a href=\"http:\/\/regeszet.bibl.u-szeged.hu\/wp-content\/uploads\/2017\/11\/SAM_1427.jpg\"><img loading=\"lazy\" decoding=\"async\" class=\"aligncenter wp-image-1269\" src=\"http:\/\/regeszet.bibl.u-szeged.hu\/wp-content\/uploads\/2017\/11\/SAM_1427.jpg\" alt=\"\" width=\"700\" height=\"525\" \/><\/a><\/p>\n<p><a href=\"http:\/\/regeszet.bibl.u-szeged.hu\/wp-content\/uploads\/2017\/11\/SAM_1431-1.jpg\"><img loading=\"lazy\" decoding=\"async\" class=\"aligncenter wp-image-1270\" src=\"http:\/\/regeszet.bibl.u-szeged.hu\/wp-content\/uploads\/2017\/11\/SAM_1431-1.jpg\" alt=\"\" width=\"700\" height=\"525\" \/><\/a><\/p>\n","protected":false},"excerpt":{"rendered":"<p>A r\u00e9g\u00e9szeti genetika eredm\u00e9nyei Tansz\u00e9k\u00fcnk m\u00e1sodik TDK-el\u0151ad\u00e1s\u00e1ra 2015. m\u00e1jus 13-\u00e1n ker\u00fclt sor. Ezen az est\u00e9n egy mostan\u00e1ban igen n\u00e9pszer\u0171 t\u00e9ma ker\u00fclt ter\u00edt\u00e9kre T\u00f6r\u00f6k Tibor el\u0151ad\u00e1s\u00e1ban A r\u00e9g\u00e9szeti genetika elm\u00e9lete, m\u00f3dszertana \u00e9s eddigi eredm\u00e9nyei c\u00edmmel. A prezent\u00e1ci\u00f3 sor\u00e1n egy kis \u00edzel\u00edt\u0151t kaphattunk a genetikusok mindennapi munk\u00e1j\u00e1b\u00f3l, r\u00f6viden bemutatta hogyan zajlanak a tudom\u00e1nyos vizsg\u00e1latok, \u00e9s els\u0151 sorban &hellip; <a href=\"https:\/\/regeszet.bibl.u-szeged.hu\/index.php\/partiscon-tdk\/tdk-eloadasok\/2014-2015\/torok-tibor\/\" class=\"more-link\"><span class=\"screen-reader-text\">T\u00f6r\u00f6k Tibor<\/span> b\u0151vebben&#8230; <span class=\"meta-nav\">&rarr;<\/span><\/a><\/p>\n","protected":false},"author":1,"featured_media":0,"parent":233,"menu_order":2,"comment_status":"closed","ping_status":"closed","template":"","meta":{"footnotes":""},"class_list":["post-1263","page","type-page","status-publish","hentry"],"_links":{"self":[{"href":"https:\/\/regeszet.bibl.u-szeged.hu\/index.php\/wp-json\/wp\/v2\/pages\/1263","targetHints":{"allow":["GET"]}}],"collection":[{"href":"https:\/\/regeszet.bibl.u-szeged.hu\/index.php\/wp-json\/wp\/v2\/pages"}],"about":[{"href":"https:\/\/regeszet.bibl.u-szeged.hu\/index.php\/wp-json\/wp\/v2\/types\/page"}],"author":[{"embeddable":true,"href":"https:\/\/regeszet.bibl.u-szeged.hu\/index.php\/wp-json\/wp\/v2\/users\/1"}],"replies":[{"embeddable":true,"href":"https:\/\/regeszet.bibl.u-szeged.hu\/index.php\/wp-json\/wp\/v2\/comments?post=1263"}],"version-history":[{"count":4,"href":"https:\/\/regeszet.bibl.u-szeged.hu\/index.php\/wp-json\/wp\/v2\/pages\/1263\/revisions"}],"predecessor-version":[{"id":1272,"href":"https:\/\/regeszet.bibl.u-szeged.hu\/index.php\/wp-json\/wp\/v2\/pages\/1263\/revisions\/1272"}],"up":[{"embeddable":true,"href":"https:\/\/regeszet.bibl.u-szeged.hu\/index.php\/wp-json\/wp\/v2\/pages\/233"}],"wp:attachment":[{"href":"https:\/\/regeszet.bibl.u-szeged.hu\/index.php\/wp-json\/wp\/v2\/media?parent=1263"}],"curies":[{"name":"wp","href":"https:\/\/api.w.org\/{rel}","templated":true}]}}