{"id":1283,"date":"2017-11-25T11:19:06","date_gmt":"2017-11-25T10:19:06","guid":{"rendered":"http:\/\/regeszet.bibl.u-szeged.hu\/?page_id=1283"},"modified":"2017-11-25T15:49:07","modified_gmt":"2017-11-25T14:49:07","slug":"ecsedy-istvan","status":"publish","type":"page","link":"https:\/\/regeszet.bibl.u-szeged.hu\/index.php\/partiscon-tdk\/tdk-eloadasok\/2015-2016\/ecsedy-istvan\/","title":{"rendered":"Ecsedy Istv\u00e1n"},"content":{"rendered":"<div>\n<p><strong>Migr\u00e1ci\u00f3 a k\u00e9s\u0151 r\u00e9zkor\u2013kora bronzkorban<\/strong><\/p>\n<\/div>\n<div>\n<div>\n<p>\u00a0A Partiscon-TDK idei f\u00e9l\u00e9v\u00e9nek els\u0151 vend\u00e9ge Dr. Ecsedy Istv\u00e1n volt, aki 2015. okt\u00f3ber 7-\u00e9n tartott el\u0151ad\u00e1st V\u00e1ndorl\u00e1sok, h\u00f3d\u00edt\u00e1sok \u00e9s integr\u00e1ci\u00f3 Eur\u00f3pa k\u00f6zep\u00e9n a Kr.e. 4. \u00e9s 3. \u00e9vezredben: t\u00f6preng\u00e9sek a region\u00e1lis kapcsolatok r\u00e9g\u00e9szeti forr\u00e1sair\u00f3l c\u00edmmel. Vend\u00e9g\u00fcnk a K\u00e1rp\u00e1t-medence bronzkor\u00e1nak egy kev\u00e9sb\u00e9 kutatott, sz\u00e1mos k\u00e9rd\u00e9st felvet\u0151 id\u0151szak\u00e1val foglalkozott el\u0151ad\u00e1s\u00e1ban. Dr. Ecsedy Istv\u00e1n k\u00e9s\u0151 r\u00e9zkor\u2013kora bronzkorban bev\u00e1ndorl\u00f3 steppei kult\u00fara n\u00e9pess\u00e9g\u00e9nek jellegzetess\u00e9geire hegyezte ki el\u0151ad\u00e1s\u00e1t, r\u00e1vil\u00e1g\u00edtott a korszak kiterjedt kelet-eur\u00f3pai, \u00e9szak-kauk\u00e1zusi \u00e9s balk\u00e1ni kapcsolatrendszer\u00e9re. El\u0151ad\u00f3nk r\u00f6viden \u00f6sszegezte azokat a folyamatokat (migr\u00e1ci\u00f3, \u00e9s kultur\u00e1lis diff\u00fazi\u00f3) amelyek a r\u00e9zkor v\u00e9gi-kora bronzkor eleji K\u00e1rp\u00e1t-medence itt el\u0151 kult\u00far\u00e1it befoly\u00e1solt\u00e1k. Foglalkozott mind a D\u00e9l-orosz steppe (Szrubnaja-kult\u00fara) mind a Balk\u00e1n (Vinkovci-kult\u00fara) mind a nyugat (Haranged\u00e9nyes-kult\u00fara) fel\u0151l \u00e9rkez\u0151 hat\u00e1sokkal.<\/p>\n<\/div>\n<div><\/div>\n<div style=\"text-align: right;\">Moln\u00e1r Karola<\/div>\n<div><\/div>\n<\/div>\n<div>\n<div class=\"rgg-container\" data-rgg-id=\"1\">    <div class=\"rgg-imagegrid captions-title captions-effect-none \" data-rgg-id=\"1\">\n                    <a href=\"https:\/\/regeszet.bibl.u-szeged.hu\/wp-content\/uploads\/2017\/11\/DSC0005.jpg\" data-rel=\"rgg\" rel=\"rgg\" title=\"\" class=\"rgg-disabled size-medium rgg-img\" data-src=\"https:\/\/regeszet.bibl.u-szeged.hu\/wp-content\/uploads\/2017\/11\/DSC0005.jpg\" data-ratio=\"1.5\" data-height=\"200\" data-width=\"300\" aria-label=\"\">\n                            <\/a>\n                    <a href=\"https:\/\/regeszet.bibl.u-szeged.hu\/wp-content\/uploads\/2017\/11\/DSC0009-1.jpg\" data-rel=\"rgg\" rel=\"rgg\" title=\"\" class=\"rgg-disabled size-medium rgg-img\" data-src=\"https:\/\/regeszet.bibl.u-szeged.hu\/wp-content\/uploads\/2017\/11\/DSC0009-1.jpg\" data-ratio=\"1.5\" data-height=\"200\" data-width=\"300\" aria-label=\"\">\n                            <\/a>\n                    <a href=\"https:\/\/regeszet.bibl.u-szeged.hu\/wp-content\/uploads\/2017\/11\/DSC0018-3.jpg\" data-rel=\"rgg\" rel=\"rgg\" title=\"\" class=\"rgg-disabled size-medium rgg-img\" data-src=\"https:\/\/regeszet.bibl.u-szeged.hu\/wp-content\/uploads\/2017\/11\/DSC0018-3.jpg\" data-ratio=\"1.5\" data-height=\"200\" data-width=\"300\" aria-label=\"\">\n                            <\/a>\n                    <a href=\"https:\/\/regeszet.bibl.u-szeged.hu\/wp-content\/uploads\/2017\/11\/DSC0020.jpg\" data-rel=\"rgg\" rel=\"rgg\" title=\"\" class=\"rgg-disabled size-medium rgg-img\" data-src=\"https:\/\/regeszet.bibl.u-szeged.hu\/wp-content\/uploads\/2017\/11\/DSC0020.jpg\" data-ratio=\"1.5\" data-height=\"200\" data-width=\"300\" aria-label=\"\">\n                            <\/a>\n            <\/div>\n<\/div>\n<\/div>\n","protected":false},"excerpt":{"rendered":"<p>Migr\u00e1ci\u00f3 a k\u00e9s\u0151 r\u00e9zkor\u2013kora bronzkorban \u00a0A Partiscon-TDK idei f\u00e9l\u00e9v\u00e9nek els\u0151 vend\u00e9ge Dr. Ecsedy Istv\u00e1n volt, aki 2015. okt\u00f3ber 7-\u00e9n tartott el\u0151ad\u00e1st V\u00e1ndorl\u00e1sok, h\u00f3d\u00edt\u00e1sok \u00e9s integr\u00e1ci\u00f3 Eur\u00f3pa k\u00f6zep\u00e9n a Kr.e. 4. \u00e9s 3. \u00e9vezredben: t\u00f6preng\u00e9sek a region\u00e1lis kapcsolatok r\u00e9g\u00e9szeti forr\u00e1sair\u00f3l c\u00edmmel. Vend\u00e9g\u00fcnk a K\u00e1rp\u00e1t-medence bronzkor\u00e1nak egy kev\u00e9sb\u00e9 kutatott, sz\u00e1mos k\u00e9rd\u00e9st felvet\u0151 id\u0151szak\u00e1val foglalkozott el\u0151ad\u00e1s\u00e1ban. Dr. Ecsedy &hellip; <a href=\"https:\/\/regeszet.bibl.u-szeged.hu\/index.php\/partiscon-tdk\/tdk-eloadasok\/2015-2016\/ecsedy-istvan\/\" class=\"more-link\"><span class=\"screen-reader-text\">Ecsedy Istv\u00e1n<\/span> b\u0151vebben&#8230; <span class=\"meta-nav\">&rarr;<\/span><\/a><\/p>\n","protected":false},"author":1,"featured_media":0,"parent":231,"menu_order":1,"comment_status":"closed","ping_status":"closed","template":"","meta":{"footnotes":""},"class_list":["post-1283","page","type-page","status-publish","hentry"],"_links":{"self":[{"href":"https:\/\/regeszet.bibl.u-szeged.hu\/index.php\/wp-json\/wp\/v2\/pages\/1283","targetHints":{"allow":["GET"]}}],"collection":[{"href":"https:\/\/regeszet.bibl.u-szeged.hu\/index.php\/wp-json\/wp\/v2\/pages"}],"about":[{"href":"https:\/\/regeszet.bibl.u-szeged.hu\/index.php\/wp-json\/wp\/v2\/types\/page"}],"author":[{"embeddable":true,"href":"https:\/\/regeszet.bibl.u-szeged.hu\/index.php\/wp-json\/wp\/v2\/users\/1"}],"replies":[{"embeddable":true,"href":"https:\/\/regeszet.bibl.u-szeged.hu\/index.php\/wp-json\/wp\/v2\/comments?post=1283"}],"version-history":[{"count":6,"href":"https:\/\/regeszet.bibl.u-szeged.hu\/index.php\/wp-json\/wp\/v2\/pages\/1283\/revisions"}],"predecessor-version":[{"id":1631,"href":"https:\/\/regeszet.bibl.u-szeged.hu\/index.php\/wp-json\/wp\/v2\/pages\/1283\/revisions\/1631"}],"up":[{"embeddable":true,"href":"https:\/\/regeszet.bibl.u-szeged.hu\/index.php\/wp-json\/wp\/v2\/pages\/231"}],"wp:attachment":[{"href":"https:\/\/regeszet.bibl.u-szeged.hu\/index.php\/wp-json\/wp\/v2\/media?parent=1283"}],"curies":[{"name":"wp","href":"https:\/\/api.w.org\/{rel}","templated":true}]}}