{"id":1285,"date":"2017-11-25T11:19:22","date_gmt":"2017-11-25T10:19:22","guid":{"rendered":"http:\/\/regeszet.bibl.u-szeged.hu\/?page_id=1285"},"modified":"2017-11-25T15:53:57","modified_gmt":"2017-11-25T14:53:57","slug":"muller-robert","status":"publish","type":"page","link":"https:\/\/regeszet.bibl.u-szeged.hu\/index.php\/partiscon-tdk\/tdk-eloadasok\/2015-2016\/muller-robert\/","title":{"rendered":"M\u00fcller R\u00f3bert"},"content":{"rendered":"<p><strong>Mez\u0151gazdas\u00e1gi vaseszk\u00f6z\u00f6k fejl\u0151d\u00e9se<\/strong><\/p>\n<p>A TDK-el\u0151ad\u00e1ssorozatunk m\u00e1sodik megh\u00edvott el\u0151ad\u00f3jak\u00e9nt Dr. M\u00fcller R\u00f3bertet, a keszthelyi m\u00fazeum nyugalmazott igazgat\u00f3j\u00e1t k\u00f6sz\u00f6nthett\u00fck, aki <em>Mez\u0151gazdas\u00e1gi vaseszk\u00f6z\u00f6k fejl\u0151d\u00e9se<\/em> c\u00edmmel tartott el\u0151ad\u00e1st 2015. okt\u00f3ber 14-\u00e9n tansz\u00e9k\u00fcnk\u00f6n. A Sch\u00f6nvisner d\u00edjas el\u0151ad\u00f3nk r\u00e9szletesen bemutatta a mez\u0151gazdas\u00e1gi vaseszk\u00f6z\u00f6k fejl\u0151d\u00e9s\u00e9t, v\u00e1ltoz\u00e1s\u00e1t a vaskort\u00f3l a k\u00f6z\u00e9pkor v\u00e9g\u00e9ig. El\u0151ad\u00e1s\u00e1ban sz\u00e1mos, az egyetemi oktat\u00e1s tananyag\u00e1b\u00f3l kimarad\u00f3 r\u00e9szprobl\u00e9m\u00e1ra h\u00edvta fel a hallgat\u00f3s\u00e1g figyelm\u00e9t.<\/p>\n<p style=\"text-align: right;\">Moln\u00e1r Karola<\/p>\n<p>&nbsp;<\/p>\n<div class=\"rgg-container\" data-rgg-id=\"1\">    <div class=\"rgg-imagegrid captions-title captions-effect-none \" data-rgg-id=\"1\">\n                    <a href=\"https:\/\/regeszet.bibl.u-szeged.hu\/wp-content\/uploads\/2017\/11\/DSC0007.jpg\" data-rel=\"rgg\" rel=\"rgg\" title=\"\" class=\"rgg-disabled size-medium rgg-img\" data-src=\"https:\/\/regeszet.bibl.u-szeged.hu\/wp-content\/uploads\/2017\/11\/DSC0007.jpg\" data-ratio=\"0.66666666666667\" data-height=\"300\" data-width=\"200\" aria-label=\"\">\n                            <\/a>\n                    <a href=\"https:\/\/regeszet.bibl.u-szeged.hu\/wp-content\/uploads\/2017\/11\/DSC0009-2.jpg\" data-rel=\"rgg\" rel=\"rgg\" title=\"\" class=\"rgg-disabled size-medium rgg-img\" data-src=\"https:\/\/regeszet.bibl.u-szeged.hu\/wp-content\/uploads\/2017\/11\/DSC0009-2.jpg\" data-ratio=\"1.5\" data-height=\"200\" data-width=\"300\" aria-label=\"\">\n                            <\/a>\n                    <a href=\"https:\/\/regeszet.bibl.u-szeged.hu\/wp-content\/uploads\/2017\/11\/DSC0011-2.jpg\" data-rel=\"rgg\" rel=\"rgg\" title=\"\" class=\"rgg-disabled size-medium rgg-img\" data-src=\"https:\/\/regeszet.bibl.u-szeged.hu\/wp-content\/uploads\/2017\/11\/DSC0011-2.jpg\" data-ratio=\"1.5\" data-height=\"200\" data-width=\"300\" aria-label=\"\">\n                            <\/a>\n                    <a href=\"https:\/\/regeszet.bibl.u-szeged.hu\/wp-content\/uploads\/2017\/11\/DSC0014-1.jpg\" data-rel=\"rgg\" rel=\"rgg\" title=\"\" class=\"rgg-disabled size-medium rgg-img\" data-src=\"https:\/\/regeszet.bibl.u-szeged.hu\/wp-content\/uploads\/2017\/11\/DSC0014-1.jpg\" data-ratio=\"1.5\" data-height=\"200\" data-width=\"300\" aria-label=\"\">\n                            <\/a>\n            <\/div>\n<\/div>\n","protected":false},"excerpt":{"rendered":"<p>Mez\u0151gazdas\u00e1gi vaseszk\u00f6z\u00f6k fejl\u0151d\u00e9se A TDK-el\u0151ad\u00e1ssorozatunk m\u00e1sodik megh\u00edvott el\u0151ad\u00f3jak\u00e9nt Dr. M\u00fcller R\u00f3bertet, a keszthelyi m\u00fazeum nyugalmazott igazgat\u00f3j\u00e1t k\u00f6sz\u00f6nthett\u00fck, aki Mez\u0151gazdas\u00e1gi vaseszk\u00f6z\u00f6k fejl\u0151d\u00e9se c\u00edmmel tartott el\u0151ad\u00e1st 2015. okt\u00f3ber 14-\u00e9n tansz\u00e9k\u00fcnk\u00f6n. A Sch\u00f6nvisner d\u00edjas el\u0151ad\u00f3nk r\u00e9szletesen bemutatta a mez\u0151gazdas\u00e1gi vaseszk\u00f6z\u00f6k fejl\u0151d\u00e9s\u00e9t, v\u00e1ltoz\u00e1s\u00e1t a vaskort\u00f3l a k\u00f6z\u00e9pkor v\u00e9g\u00e9ig. El\u0151ad\u00e1s\u00e1ban sz\u00e1mos, az egyetemi oktat\u00e1s tananyag\u00e1b\u00f3l kimarad\u00f3 r\u00e9szprobl\u00e9m\u00e1ra h\u00edvta fel a &hellip; <a href=\"https:\/\/regeszet.bibl.u-szeged.hu\/index.php\/partiscon-tdk\/tdk-eloadasok\/2015-2016\/muller-robert\/\" class=\"more-link\"><span class=\"screen-reader-text\">M\u00fcller R\u00f3bert<\/span> b\u0151vebben&#8230; <span class=\"meta-nav\">&rarr;<\/span><\/a><\/p>\n","protected":false},"author":1,"featured_media":0,"parent":231,"menu_order":2,"comment_status":"closed","ping_status":"closed","template":"","meta":{"footnotes":""},"class_list":["post-1285","page","type-page","status-publish","hentry"],"_links":{"self":[{"href":"https:\/\/regeszet.bibl.u-szeged.hu\/index.php\/wp-json\/wp\/v2\/pages\/1285","targetHints":{"allow":["GET"]}}],"collection":[{"href":"https:\/\/regeszet.bibl.u-szeged.hu\/index.php\/wp-json\/wp\/v2\/pages"}],"about":[{"href":"https:\/\/regeszet.bibl.u-szeged.hu\/index.php\/wp-json\/wp\/v2\/types\/page"}],"author":[{"embeddable":true,"href":"https:\/\/regeszet.bibl.u-szeged.hu\/index.php\/wp-json\/wp\/v2\/users\/1"}],"replies":[{"embeddable":true,"href":"https:\/\/regeszet.bibl.u-szeged.hu\/index.php\/wp-json\/wp\/v2\/comments?post=1285"}],"version-history":[{"count":3,"href":"https:\/\/regeszet.bibl.u-szeged.hu\/index.php\/wp-json\/wp\/v2\/pages\/1285\/revisions"}],"predecessor-version":[{"id":1641,"href":"https:\/\/regeszet.bibl.u-szeged.hu\/index.php\/wp-json\/wp\/v2\/pages\/1285\/revisions\/1641"}],"up":[{"embeddable":true,"href":"https:\/\/regeszet.bibl.u-szeged.hu\/index.php\/wp-json\/wp\/v2\/pages\/231"}],"wp:attachment":[{"href":"https:\/\/regeszet.bibl.u-szeged.hu\/index.php\/wp-json\/wp\/v2\/media?parent=1285"}],"curies":[{"name":"wp","href":"https:\/\/api.w.org\/{rel}","templated":true}]}}