{"id":1287,"date":"2017-11-25T11:19:46","date_gmt":"2017-11-25T10:19:46","guid":{"rendered":"http:\/\/regeszet.bibl.u-szeged.hu\/?page_id=1287"},"modified":"2017-11-25T15:57:59","modified_gmt":"2017-11-25T14:57:59","slug":"garam-eva","status":"publish","type":"page","link":"https:\/\/regeszet.bibl.u-szeged.hu\/index.php\/partiscon-tdk\/tdk-eloadasok\/2015-2016\/garam-eva\/","title":{"rendered":"Garam \u00c9va"},"content":{"rendered":"<div>\n<p><strong>A zam\u00e1rdi avar temet\u0151<\/strong><\/p>\n<\/div>\n<div>\n<p>A zam\u00e1rdi-r\u00e9tif\u00f6ldeki avar temet\u0151vel kapcsolatos kutat\u00e1si eredm\u00e9nyeir\u0151l tartott el\u0151ad\u00e1st Dr. Garam \u00c9va, a Magyar Nemzeti M\u00fazeum nyugalmazott r\u00e9g\u00e9sze 2015. okt\u00f3ber 21-\u00e9n tansz\u00e9k\u00fcnk\u00f6n. A tiszaf\u00fcredi avar temet\u0151 felt\u00e1r\u00f3ja \u00e9s feldolgoz\u00f3ja r\u00e9szletesen bemutatta el\u0151ad\u00e1s\u00e1ban a zam\u00e1rdi temet\u0151 leg\u00e9rdekesebb, legfontosabb leleteit, \u00e9s kiemelte, hogy a temet\u0151 feldolgoz\u00e1sa sor\u00e1n nyert eredm\u00e9nyek mik\u00e9ppen m\u00f3dos\u00edtj\u00e1k a Dun\u00e1nt\u00fali ter\u00fcletek avar kor\u00e1val kapcsolatos eddigi ismereteinket. A t\u00f6bb mint 2000 s\u00edros nekropolisz nem tekinthet\u0151 teljesen felt\u00e1rt temet\u0151nek, a f\u00f6ldben m\u00e9g tov\u00e1bbi 2000-2500 s\u00edr sejthet\u0151. A ter\u00fcleten 1980 \u00e9s 1997 k\u00f6z\u00f6tt folytak \u00e1sat\u00e1sok B\u00e1rdos Edit vezet\u00e9s\u00e9vel, azonban a lel\u0151hely m\u00e1r kor\u00e1bban is ismert volt. A Magyar Nemzeti M\u00fazeum egykori munkat\u00e1rsa hangs\u00falyozta, hogy az itt eltemetett t\u00e1rsas\u00e1g r\u00e9g\u00e9szeti anyaga a helyi gy\u00f6kerek \u00e9s Meroving kapcsolatok mellett, \u00c9szak-it\u00e1liai kult\u00fark\u00f6r hat\u00e1sait is t\u00fckr\u00f6zi.<\/p>\n<p style=\"text-align: right;\" align=\"right\">Parczen Anna<\/p>\n<\/div>\n<div class=\"rgg-container\" data-rgg-id=\"1\">    <div class=\"rgg-imagegrid captions-title captions-effect-none \" data-rgg-id=\"1\">\n                    <a href=\"https:\/\/regeszet.bibl.u-szeged.hu\/wp-content\/uploads\/2017\/11\/DSC0002-1.jpg\" data-rel=\"rgg\" rel=\"rgg\" title=\"\" class=\"rgg-disabled size-medium rgg-img\" data-src=\"https:\/\/regeszet.bibl.u-szeged.hu\/wp-content\/uploads\/2017\/11\/DSC0002-1.jpg\" data-ratio=\"1.5\" data-height=\"200\" data-width=\"300\" aria-label=\"\">\n                            <\/a>\n                    <a href=\"https:\/\/regeszet.bibl.u-szeged.hu\/wp-content\/uploads\/2017\/11\/DSC0008.jpg\" data-rel=\"rgg\" rel=\"rgg\" title=\"\" class=\"rgg-disabled size-medium rgg-img\" data-src=\"https:\/\/regeszet.bibl.u-szeged.hu\/wp-content\/uploads\/2017\/11\/DSC0008.jpg\" data-ratio=\"1.5\" data-height=\"200\" data-width=\"300\" aria-label=\"\">\n                            <\/a>\n                    <a href=\"https:\/\/regeszet.bibl.u-szeged.hu\/wp-content\/uploads\/2017\/11\/DSC0012.jpg\" data-rel=\"rgg\" rel=\"rgg\" title=\"\" class=\"rgg-disabled size-medium rgg-img\" data-src=\"https:\/\/regeszet.bibl.u-szeged.hu\/wp-content\/uploads\/2017\/11\/DSC0012.jpg\" data-ratio=\"0.66666666666667\" data-height=\"300\" data-width=\"200\" aria-label=\"\">\n                            <\/a>\n                    <a href=\"https:\/\/regeszet.bibl.u-szeged.hu\/wp-content\/uploads\/2017\/11\/DSC0016-1.jpg\" data-rel=\"rgg\" rel=\"rgg\" title=\"\" class=\"rgg-disabled size-medium rgg-img\" data-src=\"https:\/\/regeszet.bibl.u-szeged.hu\/wp-content\/uploads\/2017\/11\/DSC0016-1.jpg\" data-ratio=\"1.5\" data-height=\"200\" data-width=\"300\" aria-label=\"\">\n                            <\/a>\n            <\/div>\n<\/div>\n","protected":false},"excerpt":{"rendered":"<p>A zam\u00e1rdi avar temet\u0151 A zam\u00e1rdi-r\u00e9tif\u00f6ldeki avar temet\u0151vel kapcsolatos kutat\u00e1si eredm\u00e9nyeir\u0151l tartott el\u0151ad\u00e1st Dr. Garam \u00c9va, a Magyar Nemzeti M\u00fazeum nyugalmazott r\u00e9g\u00e9sze 2015. okt\u00f3ber 21-\u00e9n tansz\u00e9k\u00fcnk\u00f6n. A tiszaf\u00fcredi avar temet\u0151 felt\u00e1r\u00f3ja \u00e9s feldolgoz\u00f3ja r\u00e9szletesen bemutatta el\u0151ad\u00e1s\u00e1ban a zam\u00e1rdi temet\u0151 leg\u00e9rdekesebb, legfontosabb leleteit, \u00e9s kiemelte, hogy a temet\u0151 feldolgoz\u00e1sa sor\u00e1n nyert eredm\u00e9nyek mik\u00e9ppen m\u00f3dos\u00edtj\u00e1k a Dun\u00e1nt\u00fali &hellip; <a href=\"https:\/\/regeszet.bibl.u-szeged.hu\/index.php\/partiscon-tdk\/tdk-eloadasok\/2015-2016\/garam-eva\/\" class=\"more-link\"><span class=\"screen-reader-text\">Garam \u00c9va<\/span> b\u0151vebben&#8230; <span class=\"meta-nav\">&rarr;<\/span><\/a><\/p>\n","protected":false},"author":1,"featured_media":0,"parent":231,"menu_order":3,"comment_status":"closed","ping_status":"closed","template":"","meta":{"footnotes":""},"class_list":["post-1287","page","type-page","status-publish","hentry"],"_links":{"self":[{"href":"https:\/\/regeszet.bibl.u-szeged.hu\/index.php\/wp-json\/wp\/v2\/pages\/1287","targetHints":{"allow":["GET"]}}],"collection":[{"href":"https:\/\/regeszet.bibl.u-szeged.hu\/index.php\/wp-json\/wp\/v2\/pages"}],"about":[{"href":"https:\/\/regeszet.bibl.u-szeged.hu\/index.php\/wp-json\/wp\/v2\/types\/page"}],"author":[{"embeddable":true,"href":"https:\/\/regeszet.bibl.u-szeged.hu\/index.php\/wp-json\/wp\/v2\/users\/1"}],"replies":[{"embeddable":true,"href":"https:\/\/regeszet.bibl.u-szeged.hu\/index.php\/wp-json\/wp\/v2\/comments?post=1287"}],"version-history":[{"count":3,"href":"https:\/\/regeszet.bibl.u-szeged.hu\/index.php\/wp-json\/wp\/v2\/pages\/1287\/revisions"}],"predecessor-version":[{"id":1649,"href":"https:\/\/regeszet.bibl.u-szeged.hu\/index.php\/wp-json\/wp\/v2\/pages\/1287\/revisions\/1649"}],"up":[{"embeddable":true,"href":"https:\/\/regeszet.bibl.u-szeged.hu\/index.php\/wp-json\/wp\/v2\/pages\/231"}],"wp:attachment":[{"href":"https:\/\/regeszet.bibl.u-szeged.hu\/index.php\/wp-json\/wp\/v2\/media?parent=1287"}],"curies":[{"name":"wp","href":"https:\/\/api.w.org\/{rel}","templated":true}]}}