{"id":1312,"date":"2017-11-25T11:31:37","date_gmt":"2017-11-25T10:31:37","guid":{"rendered":"http:\/\/regeszet.bibl.u-szeged.hu\/?page_id=1312"},"modified":"2017-11-25T11:36:47","modified_gmt":"2017-11-25T10:36:47","slug":"bodnar-maria","status":"publish","type":"page","link":"https:\/\/regeszet.bibl.u-szeged.hu\/index.php\/partiscon-tdk\/tdk-eloadasok\/2016-2017\/bodnar-maria\/","title":{"rendered":"Bond\u00e1r M\u00e1ria"},"content":{"rendered":"<p><strong>K\u00e9s\u0151 r\u00e9zkori innov\u00e1ci\u00f3k napjainkban<\/strong><br \/>\nA Partiscon TDK vend\u00e9ge Bodn\u00e1r M\u00e1ria<\/p>\n<p><a href=\"http:\/\/regeszet.bibl.u-szeged.hu\/wp-content\/uploads\/2017\/11\/Bondar_Maria.jpg\"><img loading=\"lazy\" decoding=\"async\" class=\"alignnone size-full wp-image-896\" src=\"http:\/\/regeszet.bibl.u-szeged.hu\/wp-content\/uploads\/2017\/11\/Bondar_Maria.jpg\" alt=\"\" width=\"200\" height=\"274\" \/><\/a><\/p>\n<p>A SZTE R\u00e9g\u00e9szeti Tansz\u00e9k \u00e9s a Partiscon Tudom\u00e1nyos Di\u00e1kk\u00f6r k\u00f6z\u00f6s szervez\u00e9s\u00e9ben 2016. okt\u00f3ber 26-\u00e1n az MTA BTK R\u00e9g\u00e9szeti Int\u00e9zet\u00e9nek munkat\u00e1rsa, Bond\u00e1r M\u00e1ria tartott el\u0151ad\u00e1st <em>K\u00e9s\u0151 r\u00e9zkori innov\u00e1ci\u00f3k napjainkban<\/em> c\u00edmmel. Az el\u0151ad\u00e1s els\u0151sorban a ker\u00e9k \u00e9s a kocsi feltal\u00e1l\u00e1s\u00e1ra, \u00e9s az ennek hozad\u00e9kak\u00e9nt megjelen\u0151 egy\u00e9b innov\u00e1ci\u00f3kra \u00e9s v\u00e1ltoz\u00e1sokra koncentr\u00e1lt. Az el\u0151ad\u00f3 k\u00fcl\u00f6nb\u00f6z\u0151 elm\u00e9leteket v\u00e1zolt fel a vit\u00e1s k\u00e9rd\u00e9sekkel kapcsolatban, melyekre a kutat\u00e1s m\u00e9g mindig nem tudott egy\u00e9rtelm\u0171 v\u00e1laszt adni, mint p\u00e9ld\u00e1ul a kocsi kialakul\u00e1s\u00e1nak helye. Az el\u0151ad\u00e1s a t\u00e9ma kutat\u00e1st\u00f6rt\u00e9net\u00e9be \u00e1tfog\u00f3 \u00e9s a leg\u00fajabb eredm\u00e9nyeket is taglal\u00f3 betekint\u00e9st ny\u00fajtott, kit\u00e9rve itt a legfontosabb leletekre. Bond\u00e1r M\u00e1ria kit\u00e9rt az \u00e9letm\u00f3d megv\u00e1ltoz\u00e1s\u00e1ra, valamint hangs\u00falyozta, hogy milyen hatalmas jelent\u0151s\u00e9ggel b\u00edrt, az, hogy az emberek k\u00f6nnyebben le tudt\u00e1k gy\u0151zni a t\u00e1vols\u00e1gokat, hogyan kezdt\u00e9k el az emberek k\u00f6rnyezet\u00fcket egyre nagyobb m\u00e9rt\u00e9kben \u00e1talak\u00edtani, hogy megfelel\u0151 utakat hozzanak l\u00e9tre a kezdetben ugyan m\u00e9g lass\u00fa \u00e9s neh\u00e9zkesen mozg\u00f3, de egyre jobban fejl\u0151d\u0151 kocsik sz\u00e1m\u00e1ra.<\/p>\n<p style=\"text-align: right;\">B\u00f3dai Eszter<\/p>\n","protected":false},"excerpt":{"rendered":"<p>K\u00e9s\u0151 r\u00e9zkori innov\u00e1ci\u00f3k napjainkban A Partiscon TDK vend\u00e9ge Bodn\u00e1r M\u00e1ria A SZTE R\u00e9g\u00e9szeti Tansz\u00e9k \u00e9s a Partiscon Tudom\u00e1nyos Di\u00e1kk\u00f6r k\u00f6z\u00f6s szervez\u00e9s\u00e9ben 2016. okt\u00f3ber 26-\u00e1n az MTA BTK R\u00e9g\u00e9szeti Int\u00e9zet\u00e9nek munkat\u00e1rsa, Bond\u00e1r M\u00e1ria tartott el\u0151ad\u00e1st K\u00e9s\u0151 r\u00e9zkori innov\u00e1ci\u00f3k napjainkban c\u00edmmel. Az el\u0151ad\u00e1s els\u0151sorban a ker\u00e9k \u00e9s a kocsi feltal\u00e1l\u00e1s\u00e1ra, \u00e9s az ennek hozad\u00e9kak\u00e9nt megjelen\u0151 egy\u00e9b innov\u00e1ci\u00f3kra &hellip; <a href=\"https:\/\/regeszet.bibl.u-szeged.hu\/index.php\/partiscon-tdk\/tdk-eloadasok\/2016-2017\/bodnar-maria\/\" class=\"more-link\"><span class=\"screen-reader-text\">Bond\u00e1r M\u00e1ria<\/span> b\u0151vebben&#8230; <span class=\"meta-nav\">&rarr;<\/span><\/a><\/p>\n","protected":false},"author":1,"featured_media":0,"parent":1278,"menu_order":1,"comment_status":"closed","ping_status":"closed","template":"","meta":{"footnotes":""},"class_list":["post-1312","page","type-page","status-publish","hentry"],"_links":{"self":[{"href":"https:\/\/regeszet.bibl.u-szeged.hu\/index.php\/wp-json\/wp\/v2\/pages\/1312","targetHints":{"allow":["GET"]}}],"collection":[{"href":"https:\/\/regeszet.bibl.u-szeged.hu\/index.php\/wp-json\/wp\/v2\/pages"}],"about":[{"href":"https:\/\/regeszet.bibl.u-szeged.hu\/index.php\/wp-json\/wp\/v2\/types\/page"}],"author":[{"embeddable":true,"href":"https:\/\/regeszet.bibl.u-szeged.hu\/index.php\/wp-json\/wp\/v2\/users\/1"}],"replies":[{"embeddable":true,"href":"https:\/\/regeszet.bibl.u-szeged.hu\/index.php\/wp-json\/wp\/v2\/comments?post=1312"}],"version-history":[{"count":4,"href":"https:\/\/regeszet.bibl.u-szeged.hu\/index.php\/wp-json\/wp\/v2\/pages\/1312\/revisions"}],"predecessor-version":[{"id":1327,"href":"https:\/\/regeszet.bibl.u-szeged.hu\/index.php\/wp-json\/wp\/v2\/pages\/1312\/revisions\/1327"}],"up":[{"embeddable":true,"href":"https:\/\/regeszet.bibl.u-szeged.hu\/index.php\/wp-json\/wp\/v2\/pages\/1278"}],"wp:attachment":[{"href":"https:\/\/regeszet.bibl.u-szeged.hu\/index.php\/wp-json\/wp\/v2\/media?parent=1312"}],"curies":[{"name":"wp","href":"https:\/\/api.w.org\/{rel}","templated":true}]}}