{"id":1314,"date":"2017-11-25T11:32:03","date_gmt":"2017-11-25T10:32:03","guid":{"rendered":"http:\/\/regeszet.bibl.u-szeged.hu\/?page_id=1314"},"modified":"2017-11-25T11:38:55","modified_gmt":"2017-11-25T10:38:55","slug":"balint-csanad","status":"publish","type":"page","link":"https:\/\/regeszet.bibl.u-szeged.hu\/index.php\/partiscon-tdk\/tdk-eloadasok\/2016-2017\/balint-csanad\/","title":{"rendered":"B\u00e1lint Csan\u00e1d"},"content":{"rendered":"<p><strong>Csapongva a kelet-eur\u00f3pai kora k\u00f6z\u00e9pkori r\u00e9g\u00e9szetr\u0151l<br \/>\n<\/strong>A Partiscon TDK vend\u00e9ge B\u00e1lint Csan\u00e1d<\/p>\n<p>November 2-\u00e1n, a BTK kari konferenciaterm\u00e9ben, 16 \u00f3rakor ker\u00fclt sor B\u00e1lint Csan\u00e1d akad\u00e9mikus, az MTA R\u00e9g\u00e9szeti Int\u00e9zet nyugalmazott igazgat\u00f3ja el\u0151ad\u00e1s\u00e1ra, mely a k\u00f6z\u00e9p- \u00e9s kelet-eur\u00f3pai kora k\u00f6z\u00e9pkori r\u00e9g\u00e9szet\u00e9nek probl\u00e9m\u00e1it vette g\u00f3rcs\u0151 al\u00e1. Az MTA R\u00e9g\u00e9szeti Int\u00e9zet nyugalmazott igazgat\u00f3ja el\u0151ad\u00e1s\u00e1nak elej\u00e9n utalt K\u00f6z\u00e9p- \u00e9s Kelet-Eur\u00f3pa lemarad\u00e1s\u00e1nak lehets\u00e9ges okaira, t\u00e9nyez\u0151ire, illetve ennek saj\u00e1toss\u00e1gaira: bizonyos t\u00e9nyez\u0151k t\u00falhangs\u00falyoz\u00e1s\u00e1ra, a t\u00f6rt\u00e9nelmi k\u00f6r\u00fclm\u00e9nyekre \u00e9s az egykor sz\u00e9les k\u00f6rben vallott \u201ea r\u00e9g\u00e9szet a t\u00f6rt\u00e9nelem szolg\u00e1l\u00f3le\u00e1nya\u201d szeml\u00e9let m\u00e1ig \u00e9rezhet\u0151 hat\u00e1s\u00e1ra. A r\u00e9g\u00e9szet \u00e9s a t\u00f6rt\u00e9nelem sz\u00e9tv\u00e1laszt\u00e1s\u00e1nak \u00e9s \u00f6sszeegyeztet\u00e9s\u00e9nek neh\u00e9zs\u00e9ge mellett kit\u00e9rt az \u00edrott forr\u00e1sokkal kapcsolatos probl\u00e9m\u00e1kra is. A kutat\u00e1sban teh\u00e1t a t\u00f6rt\u00e9nelmi eml\u00e9kezet szerepe meghat\u00e1roz\u00f3, ahogy az is, hogy a r\u00e9g\u00e9szeti leleteket mennyiben siker\u00fcl \u00f6sszeegyeztetni az \u00edrott forr\u00e1sokkal. Az elm\u00e9leti jelleg\u0171 k\u00e9rd\u00e9sek mellett azonban eml\u00edt\u00e9sre ker\u00fcltek a m\u00f3dszertani probl\u00e9m\u00e1k is. Sz\u00f3 esett a kett\u0151s keltez\u00e9sr\u0151l, a fogalmak pontos meghat\u00e1roz\u00e1s\u00e1nak sz\u00fcks\u00e9gess\u00e9g\u00e9r\u0151l a n\u00e9pv\u00e1ndorl\u00e1s kori avar \u00e9s a honfoglal\u00e1s kori r\u00e9g\u00e9szetben, a rangjelz\u0151 t\u00e1rgyakr\u00f3l, az egyes temet\u0151kn\u00e9l megfigyelhet\u0151 genetikai probl\u00e9m\u00e1kr\u00f3l, valamint bizonyos leletek t\u00f6bb\u00e9rtelm\u0171s\u00e9g\u00e9r\u0151l. A leletek \u00e9s lel\u0151helyek pontosabb \u00e9rtelmez\u00e9s\u00e9hez megold\u00e1sk\u00e9nt felmer\u00fclt a kronol\u00f3gia, a korol\u00f3gia (elterjed\u00e9stan) \u00e9s a nyelv\u00e9szet seg\u00edts\u00e9g\u00e9nek ig\u00e9nybe v\u00e9tele is.<br \/>\nAz el\u0151ad\u00e1s v\u00e9g\u00fcl az elhangzottak megbesz\u00e9l\u00e9s\u00e9vel, megvitat\u00e1s\u00e1val z\u00e1rult. A hallgat\u00f3s\u00e1g egyet\u00e9rtett abban, hogy a kutat\u00e1s sikeress\u00e9g\u00e9hez a fentieken k\u00edv\u00fcl, t\u00f6bbek k\u00f6z\u00f6tt az is sz\u00fcks\u00e9ges, hogy a tiszteletet megtartva, de fel\u00fcl merj\u00fck b\u00edr\u00e1lni nagy tekint\u00e9ly\u0171 el\u0151deinket, akiknek korukban aktu\u00e1lis elm\u00e9leteik ma m\u00e1r nem biztos, hogy helyt\u00e1ll\u00f3ak, illetve az is, hogy kev\u00e9sb\u00e9 legyen a kutat\u00e1s kult\u00faraspecifikus: ne a leletek egy adott kult\u00far\u00e1hoz, etnikumhoz k\u00f6t\u00e9se legyen a c\u00e9l, hanem ink\u00e1bb az, hogy ezeknek milyen anal\u00f3gi\u00e1ik vannak k\u00fclf\u00f6ld\u00f6n.<\/p>\n<p style=\"text-align: right;\">Holecska T\u00fcnde<\/p>\n<p>Fot\u00f3: Walter R\u00e9ka<\/p>\n<p><a href=\"http:\/\/regeszet.bibl.u-szeged.hu\/wp-content\/uploads\/2017\/11\/DSC0122-1.jpg\"><img loading=\"lazy\" decoding=\"async\" class=\"aligncenter wp-image-1329 size-full\" src=\"http:\/\/regeszet.bibl.u-szeged.hu\/wp-content\/uploads\/2017\/11\/DSC0122-1.jpg\" alt=\"\" width=\"800\" height=\"532\" \/><\/a><\/p>\n<p><a href=\"http:\/\/regeszet.bibl.u-szeged.hu\/wp-content\/uploads\/2017\/11\/DSC0128-1.jpg\"><img loading=\"lazy\" decoding=\"async\" class=\"size-full wp-image-1330 aligncenter\" src=\"http:\/\/regeszet.bibl.u-szeged.hu\/wp-content\/uploads\/2017\/11\/DSC0128-1.jpg\" alt=\"\" width=\"800\" height=\"532\" \/><\/a><\/p>\n<p><a href=\"http:\/\/regeszet.bibl.u-szeged.hu\/wp-content\/uploads\/2017\/11\/DSC0135-1.jpg\"><img loading=\"lazy\" decoding=\"async\" class=\"size-full wp-image-1331 aligncenter\" src=\"http:\/\/regeszet.bibl.u-szeged.hu\/wp-content\/uploads\/2017\/11\/DSC0135-1.jpg\" alt=\"\" width=\"532\" height=\"800\" \/><\/a><\/p>\n<p><a href=\"http:\/\/regeszet.bibl.u-szeged.hu\/wp-content\/uploads\/2017\/11\/DSC0120-1.jpg\"><img loading=\"lazy\" decoding=\"async\" class=\"size-full wp-image-1332 aligncenter\" src=\"http:\/\/regeszet.bibl.u-szeged.hu\/wp-content\/uploads\/2017\/11\/DSC0120-1.jpg\" alt=\"\" width=\"800\" height=\"532\" \/><\/a><\/p>\n","protected":false},"excerpt":{"rendered":"<p>Csapongva a kelet-eur\u00f3pai kora k\u00f6z\u00e9pkori r\u00e9g\u00e9szetr\u0151l A Partiscon TDK vend\u00e9ge B\u00e1lint Csan\u00e1d November 2-\u00e1n, a BTK kari konferenciaterm\u00e9ben, 16 \u00f3rakor ker\u00fclt sor B\u00e1lint Csan\u00e1d akad\u00e9mikus, az MTA R\u00e9g\u00e9szeti Int\u00e9zet nyugalmazott igazgat\u00f3ja el\u0151ad\u00e1s\u00e1ra, mely a k\u00f6z\u00e9p- \u00e9s kelet-eur\u00f3pai kora k\u00f6z\u00e9pkori r\u00e9g\u00e9szet\u00e9nek probl\u00e9m\u00e1it vette g\u00f3rcs\u0151 al\u00e1. Az MTA R\u00e9g\u00e9szeti Int\u00e9zet nyugalmazott igazgat\u00f3ja el\u0151ad\u00e1s\u00e1nak elej\u00e9n utalt K\u00f6z\u00e9p- \u00e9s &hellip; <a href=\"https:\/\/regeszet.bibl.u-szeged.hu\/index.php\/partiscon-tdk\/tdk-eloadasok\/2016-2017\/balint-csanad\/\" class=\"more-link\"><span class=\"screen-reader-text\">B\u00e1lint Csan\u00e1d<\/span> b\u0151vebben&#8230; <span class=\"meta-nav\">&rarr;<\/span><\/a><\/p>\n","protected":false},"author":1,"featured_media":0,"parent":1278,"menu_order":2,"comment_status":"closed","ping_status":"closed","template":"","meta":{"footnotes":""},"class_list":["post-1314","page","type-page","status-publish","hentry"],"_links":{"self":[{"href":"https:\/\/regeszet.bibl.u-szeged.hu\/index.php\/wp-json\/wp\/v2\/pages\/1314","targetHints":{"allow":["GET"]}}],"collection":[{"href":"https:\/\/regeszet.bibl.u-szeged.hu\/index.php\/wp-json\/wp\/v2\/pages"}],"about":[{"href":"https:\/\/regeszet.bibl.u-szeged.hu\/index.php\/wp-json\/wp\/v2\/types\/page"}],"author":[{"embeddable":true,"href":"https:\/\/regeszet.bibl.u-szeged.hu\/index.php\/wp-json\/wp\/v2\/users\/1"}],"replies":[{"embeddable":true,"href":"https:\/\/regeszet.bibl.u-szeged.hu\/index.php\/wp-json\/wp\/v2\/comments?post=1314"}],"version-history":[{"count":3,"href":"https:\/\/regeszet.bibl.u-szeged.hu\/index.php\/wp-json\/wp\/v2\/pages\/1314\/revisions"}],"predecessor-version":[{"id":1333,"href":"https:\/\/regeszet.bibl.u-szeged.hu\/index.php\/wp-json\/wp\/v2\/pages\/1314\/revisions\/1333"}],"up":[{"embeddable":true,"href":"https:\/\/regeszet.bibl.u-szeged.hu\/index.php\/wp-json\/wp\/v2\/pages\/1278"}],"wp:attachment":[{"href":"https:\/\/regeszet.bibl.u-szeged.hu\/index.php\/wp-json\/wp\/v2\/media?parent=1314"}],"curies":[{"name":"wp","href":"https:\/\/api.w.org\/{rel}","templated":true}]}}