{"id":1318,"date":"2017-11-25T11:33:05","date_gmt":"2017-11-25T10:33:05","guid":{"rendered":"http:\/\/regeszet.bibl.u-szeged.hu\/?page_id=1318"},"modified":"2017-11-25T11:43:55","modified_gmt":"2017-11-25T10:43:55","slug":"benko-elek","status":"publish","type":"page","link":"https:\/\/regeszet.bibl.u-szeged.hu\/index.php\/partiscon-tdk\/tdk-eloadasok\/2016-2017\/benko-elek\/","title":{"rendered":"Benk\u0151 Elek"},"content":{"rendered":"<p><strong>F\u00e9mt\u00e1rgyak \u00e9s f\u00e9mm\u0171vess\u00e9g a t\u00f6rt\u00e9neti Magyarorsz\u00e1gon<br \/>\n<\/strong>A Partiscon TDK vend\u00e9ge Benk\u0151 Elek<\/p>\n<p>2017. november 30-\u00e1n tartott el\u0151ad\u00e1st tansz\u00e9k\u00fcnk\u00f6n az MTA BTK R\u00e9g\u00e9szeti Int\u00e9zet\u00e9nek igazgat\u00f3ja, Benk\u0151 Elek a <em>F\u00e9mt\u00e1rgyak \u00e9s f\u00e9mm\u0171vess\u00e9g a t\u00f6rt\u00e9neti Magyarorsz\u00e1gon \u2013 A K\u00e1rp\u00e1t-medence bels\u0151 viszonyai \u00e9s k\u00fcls\u0151 kapcsolatai a k\u00f6z\u00e9pkorban<\/em> c\u00edmmel. A kutat\u00e1s szerte\u00e1gaz\u00f3 volta miatt a r\u00e9zm\u0171vess\u00e9gre lesz\u0171k\u00edtve mutatta be el\u0151ad\u00f3nk e t\u00e9m\u00e1t. Ennek sor\u00e1n egy r\u00f6vid \u00f6sszefoglal\u00f3t adott a r\u00e9zr\u0151l, majd a leletanyagot mutatta be a kora k\u00f6z\u00e9pkor eml\u00e9keit\u0151l eg\u00e9szen a kora \u00fajkorig a legfontosabb t\u00e1rgyt\u00edpusok (ed\u00e9nyek, limoges-i t\u00e1rgyak, gyertyatart\u00f3k, harangok, keresztel\u0151 medenc\u00e9k, k\u00f6nyvveretek) ismertet\u00e9s\u00e9vel. E leletanyag kapcs\u00e1n t\u00e9rt ki az adott t\u00e1rgy etnikumjelz\u0151 volt\u00e1ra, p\u00e1rhuzamaira \u00e9s a kereskedelemben bet\u00f6lt\u00f6tt szerep\u00e9re. R\u00e1vil\u00e1g\u00edtott arra, hogy e t\u00e1rgyak f\u0151k\u00e9nt import\u00e1ruk voltak, de ennek ellen\u00e9re mindenk\u00e9ppen kell sz\u00e1molni hazai term\u00e9kekkel is. Ez ut\u00f3bbiak kiemelked\u0151 csoportj\u00e1t alkotj\u00e1k a harangok, melyeknek k\u00e9sz\u00edt\u0151m\u0171hely\u00e9t t\u00f6bb helyen is felt\u00e1rt\u00e1k. K\u00fcl\u00f6n figyelmet szentelt a harangoknak \u00e9s az erd\u00e9lyi keresztel\u0151 medenc\u00e9knek. Benk\u0151 Elek felh\u00edvta a figyelmet a \u201ek\u00f6nyvr\u00e9g\u00e9szetre\u201d, mely k\u00fclf\u00f6ld\u00f6n nem kap jelent\u0151s hangs\u00falyt a k\u00f6nyvek viszonylag \u00e9p \u00e1llapota miatt, n\u00e1lunk azonban most kezd a figyelem k\u00f6z\u00e9ppontj\u00e1ba ker\u00fclni. A t\u00f6r\u00f6k korban ugyanis a kolostorok puszt\u00edt\u00e1sa miatt a k\u00f6nyvt\u00e1rak is megsemmis\u00fcltek, s csak a k\u00f6nyvek veretei maradtak fenn nagy mennyis\u00e9gben, melyek a bor\u00edt\u00f3 rekonstru\u00e1l\u00e1s\u00e1ra alkalmasak.<\/p>\n<p style=\"text-align: right;\">Ol\u00e1h Irma<\/p>\n<p>Fot\u00f3: Walter R\u00e9ka<\/p>\n<p><a href=\"http:\/\/regeszet.bibl.u-szeged.hu\/wp-content\/uploads\/2017\/11\/DSC0015.jpg\"><img loading=\"lazy\" decoding=\"async\" class=\"aligncenter wp-image-947\" src=\"http:\/\/regeszet.bibl.u-szeged.hu\/wp-content\/uploads\/2017\/11\/DSC0015.jpg\" alt=\"\" width=\"700\" height=\"465\" \/><\/a> <a href=\"http:\/\/regeszet.bibl.u-szeged.hu\/wp-content\/uploads\/2017\/11\/DSC0013.jpg\"><img loading=\"lazy\" decoding=\"async\" class=\"aligncenter wp-image-946\" src=\"http:\/\/regeszet.bibl.u-szeged.hu\/wp-content\/uploads\/2017\/11\/DSC0013.jpg\" alt=\"\" width=\"700\" height=\"465\" \/><\/a> <a href=\"http:\/\/regeszet.bibl.u-szeged.hu\/wp-content\/uploads\/2017\/11\/DSC0018.jpg\"><img loading=\"lazy\" decoding=\"async\" class=\"aligncenter wp-image-948\" src=\"http:\/\/regeszet.bibl.u-szeged.hu\/wp-content\/uploads\/2017\/11\/DSC0018.jpg\" alt=\"\" width=\"466\" height=\"700\" \/><\/a><\/p>\n","protected":false},"excerpt":{"rendered":"<p>F\u00e9mt\u00e1rgyak \u00e9s f\u00e9mm\u0171vess\u00e9g a t\u00f6rt\u00e9neti Magyarorsz\u00e1gon A Partiscon TDK vend\u00e9ge Benk\u0151 Elek 2017. november 30-\u00e1n tartott el\u0151ad\u00e1st tansz\u00e9k\u00fcnk\u00f6n az MTA BTK R\u00e9g\u00e9szeti Int\u00e9zet\u00e9nek igazgat\u00f3ja, Benk\u0151 Elek a F\u00e9mt\u00e1rgyak \u00e9s f\u00e9mm\u0171vess\u00e9g a t\u00f6rt\u00e9neti Magyarorsz\u00e1gon \u2013 A K\u00e1rp\u00e1t-medence bels\u0151 viszonyai \u00e9s k\u00fcls\u0151 kapcsolatai a k\u00f6z\u00e9pkorban c\u00edmmel. A kutat\u00e1s szerte\u00e1gaz\u00f3 volta miatt a r\u00e9zm\u0171vess\u00e9gre lesz\u0171k\u00edtve mutatta be el\u0151ad\u00f3nk &hellip; <a href=\"https:\/\/regeszet.bibl.u-szeged.hu\/index.php\/partiscon-tdk\/tdk-eloadasok\/2016-2017\/benko-elek\/\" class=\"more-link\"><span class=\"screen-reader-text\">Benk\u0151 Elek<\/span> b\u0151vebben&#8230; <span class=\"meta-nav\">&rarr;<\/span><\/a><\/p>\n","protected":false},"author":1,"featured_media":0,"parent":1278,"menu_order":4,"comment_status":"closed","ping_status":"closed","template":"","meta":{"footnotes":""},"class_list":["post-1318","page","type-page","status-publish","hentry"],"_links":{"self":[{"href":"https:\/\/regeszet.bibl.u-szeged.hu\/index.php\/wp-json\/wp\/v2\/pages\/1318","targetHints":{"allow":["GET"]}}],"collection":[{"href":"https:\/\/regeszet.bibl.u-szeged.hu\/index.php\/wp-json\/wp\/v2\/pages"}],"about":[{"href":"https:\/\/regeszet.bibl.u-szeged.hu\/index.php\/wp-json\/wp\/v2\/types\/page"}],"author":[{"embeddable":true,"href":"https:\/\/regeszet.bibl.u-szeged.hu\/index.php\/wp-json\/wp\/v2\/users\/1"}],"replies":[{"embeddable":true,"href":"https:\/\/regeszet.bibl.u-szeged.hu\/index.php\/wp-json\/wp\/v2\/comments?post=1318"}],"version-history":[{"count":4,"href":"https:\/\/regeszet.bibl.u-szeged.hu\/index.php\/wp-json\/wp\/v2\/pages\/1318\/revisions"}],"predecessor-version":[{"id":1339,"href":"https:\/\/regeszet.bibl.u-szeged.hu\/index.php\/wp-json\/wp\/v2\/pages\/1318\/revisions\/1339"}],"up":[{"embeddable":true,"href":"https:\/\/regeszet.bibl.u-szeged.hu\/index.php\/wp-json\/wp\/v2\/pages\/1278"}],"wp:attachment":[{"href":"https:\/\/regeszet.bibl.u-szeged.hu\/index.php\/wp-json\/wp\/v2\/media?parent=1318"}],"curies":[{"name":"wp","href":"https:\/\/api.w.org\/{rel}","templated":true}]}}