{"id":134,"date":"2017-11-22T08:55:41","date_gmt":"2017-11-22T07:55:41","guid":{"rendered":"http:\/\/regeszet.bibl.u-szeged.hu\/?page_id=134"},"modified":"2017-11-24T15:51:59","modified_gmt":"2017-11-24T14:51:59","slug":"mako-igasi-jarando","status":"publish","type":"page","link":"https:\/\/regeszet.bibl.u-szeged.hu\/index.php\/kutatas\/asatasaink\/mako-igasi-jarando\/","title":{"rendered":"Mak\u00f3 &#8211; Ig\u00e1si j\u00e1rand\u00f3"},"content":{"rendered":"<p>Az SZTE BTK R\u00e9g\u00e9szeti Tansz\u00e9ke 2011. augusztus 2 \u2013 okt\u00f3ber 10. k\u00f6z\u00f6tt a M 43-as aut\u00f3p\u00e1lya megel\u0151z\u0151 felt\u00e1r\u00e1s\u00e1t \u00e9s ezzel egy\u00fctt a r\u00e9g\u00e9szeti jelens\u00e9gek megfigyel\u00e9s\u00e9t v\u00e9gezt\u00fck a Mak\u00f3 \u2013 Ig\u00e1si j\u00e1rand\u00f3 lel\u0151helyen. Az \u00e1sat\u00e1s kb. 20.000 m2-en zajlott. A kb. 2 h\u00f3nap alatt 220 r\u00e9g\u00e9szeti jelens\u00e9get figyelt\u00fcnk meg, ezek f\u0151leg a szarmat\u00e1khoz k\u00f6thet\u0151ek.<\/p>\n<p>Minden kezdet neh\u00e9z, ez szinte az \u00e1sat\u00e1sok nagy r\u00e9sz\u00e9re igaz. Ez Mak\u00f3n se volt m\u00e1sk\u00e9nt. Az els\u0151 napokban \u00e9s hetekben nem \u00e1llt rendelkez\u00e9s\u00fcnkre minden sz\u00fcks\u00e9ges felszerel\u00e9s, illetve a munk\u00e1sok sz\u00e1ma \u00e9s szem\u00e9lye is \u00e1lland\u00f3an v\u00e1ltozott, mire megjegyezt\u00fck a nev\u00fcket, addigra m\u00e1r \u00fajakkal tal\u00e1lkoztunk. A lel\u0151hely megk\u00f6zel\u00edt\u00e9se se volt mindig probl\u00e9mamentes, hol busszal, hol terepj\u00e1r\u00f3kkal, hol Defenderrel jutottunk el a k\u00edv\u00e1nt c\u00e9lig, ami olykor el\u00e9g kalandosra siker\u00fclt. Ha ez mind nem lett volna el\u00e9g, a teheraut\u00f3kkal \u00e9s a forg\u00f3-rakod\u00f3 g\u00e9ppel is meggy\u0171lt a bajunk. Egyik\u00fck sem a pontoss\u00e1g\u00e1r\u00f3l volt h\u00edres, de ez m\u00e9g a kisebbik gond volt, a nagyobbik, hogy szinte \u00e1lland\u00f3an jav\u00edtani kellett valamelyiket.<\/p>\n<p>A kalandos kezd\u00e9s ut\u00e1n sz\u00e9pen elindultak a dolgok a maguk \u00fatj\u00e1n. T\u00f6bb hallgat\u00f3 is r\u00e9szt vett a munk\u00e1latokban, \u00edgy mindenkinek lehet\u0151s\u00e9ge volt, hogy minden feladatb\u00f3l tev\u00e9kenyen kivegye a r\u00e9sz\u00e9t (bont\u00e1s, rajzol\u00e1s, fot\u00f3z\u00e1s, le\u00edr\u00e1s, csomagol\u00e1s) \u00e9s a fels\u0151bb \u00e9vesekt\u0151l, technikusokt\u00f3l, \u00e1sat\u00e1svezet\u0151kt\u0151l tanuljon.<\/p>\n<p>A telep jellegzetess\u00e9geihez a f\u00f6ldbe m\u00e9ly\u00edtett h\u00e1zakon k\u00edv\u00fcl az anyagkinyer\u00e9sre haszn\u00e1lt g\u00f6dr\u00f6k tartoznak. Ezek szab\u00e1lytalanok \u00e9s igen nagym\u00e9ret\u0171ek voltak. Feltehet\u0151leg t\u00f6bb h\u00e1z is le\u00e9gett a falu \u00e9lete alatt. Ezt j\u00f3l t\u00fckr\u00f6zi, hogy a h\u00e1zak g\u00f6dr\u00e9t teljesen felt\u00f6lt\u00f6tt\u00e9k paticsdarabokkal. A durva k\u00e9zzel form\u00e1lt, valamint sz\u00fcrke \u00e9s t\u00e9glasz\u00edn\u0171 korongolt ker\u00e1mi\u00e1n k\u00edv\u00fcl t\u00f6bb olyan p\u00e9ld\u00e1ny is el\u0151ker\u00fclt, amely nem igaz\u00e1n jellemz\u0151 a szarmat\u00e1kra. A telep\u00fcl\u00e9sen t\u00f6bb kutya csontv\u00e1z\u00e1t is megtal\u00e1ltunk. A leletek alapj\u00e1n a telep\u00fcl\u00e9s kora a 3. sz\u00e1zadra tehet\u0151.<\/p>\n<p>Az \u00e1sat\u00e1s utols\u00f3 k\u00e9t het\u00e9nek \u00fajdons\u00e1ga volt, hogy nem csak a telep\u00fcl\u00e9st, de a hozz\u00e1 tartoz\u00f3 temet\u0151t is siker\u00fclt felt\u00e1rnunk. Ez ut\u00f3bbi vagy egyid\u0151s, vagy valamivel k\u00e9s\u0151bbi, mint maga a telep. Mivel csak az aut\u00f3p\u00e1lya nyomvonal\u00e1ba es\u0151 r\u00e9szt tudtuk megismerni, \u00edgy a levonhat\u00f3 k\u00f6vetkeztet\u00e9sek sem adnak egy \u00e1tfog\u00f3 k\u00e9pet.<\/p>\n<p>A telephez tartoz\u00f3 temet\u0151 h\u00e9t s\u00edrj\u00e1t tudtuk dokument\u00e1lni, ebb\u0151l h\u00e1rmat k\u00f6r\u00e1rok vett k\u00f6r\u00fcl. A s\u00edrok nagy r\u00e9sz\u00e9t kirabolt\u00e1k, kett\u0151t kiv\u00e9ve, ennek ellen\u00e9re siker\u00fclt olyan jellegzetes t\u00e1rgyakat (tekercsel\u00e9ssel d\u00edsz\u00edtett ez\u00fcst hurkos-kamp\u00f3s f\u00fclbeval\u00f3, al\u00e1hajl\u00edtott l\u00e1b\u00fa fibula, kard, ed\u00e9nyek) megmenten\u00fcnk, amelyek alapj\u00e1n a s\u00edrok kora a 3. sz\u00e1zad v\u00e9g\u00e9re, illetve a 4. sz\u00e1zadra keltezhet\u0151.<\/p>\n<p>A szarmata telepen \u00e9s temet\u0151n k\u00edv\u00fcl \u00fajkori objektumokat is siker\u00fclt megfigyeln\u00fcnk. Ezek f\u0151leg a felt\u00e1rand\u00f3 ter\u00fclet k\u00f6zep\u00e9n ker\u00fcltek el\u0151: 2 sorban. Mindegyik f\u00f6ldbe m\u00e9ly\u00edtett h\u00e1zat K\u2013Ny-i ir\u00e1nyba t\u00e1jolt\u00e1k, illetve mindegyikben 1vagy 2 s\u00fct\u0151kemenc\u00e9t alak\u00edtottak ki. Az el\u0151ker\u00fclt ker\u00e1mia alapj\u00e1n a 18. sz\u00e1zadra dat\u00e1lhat\u00f3.<\/p>\n<p>Az \u00e1sat\u00e1s leletanyag\u00e1nak feldolgoz\u00e1sa folyamatban van. Hallgat\u00f3i seg\u00edts\u00e9ggel megt\u00f6rt\u00e9nt a M\u00f3ra Ferenc M\u00fazeumban restaur\u00e1lt t\u00e1rgyak nyilv\u00e1ntart\u00e1sba v\u00e9tele \u00e9s elhelyez\u00e9se. Az \u00e1sat\u00e1s \u201eproduktuma\u201d t\u00f6bb szakdolgozati t\u00e9mav\u00e1laszt\u00e1sra adott lehet\u0151s\u00e9get. A temet\u0151 r\u00e9g\u00e9szeti \u00e9s embertani anyag\u00e1t Lipt\u00e1k Gerg\u0151 dolgozta fel, a telepker\u00e1mia egy r\u00e9sz\u00e9vel Szab\u00f3 Zsolt foglalkozik. Az \u00fajkori objektumokat Nagy Bal\u00e1zs elemezte szakdolgozat\u00e1ban, amelynek egyik vonatkoz\u00e1s\u00e1val r\u00e9szletesebben a 2015-\u00f6s OTDK-\u00e1n\u00a0 szerepelt.<\/p>\n<p><strong>Hallgat\u00f3i v\u00e9lem\u00e9nyek<\/strong><\/p>\n<p><span style=\"text-decoration: underline;\">Horv\u00e1th Szabina:<\/span> az a ny\u00e1r egy valamit biztos behat\u00e1rolt. A zenei \u00edzl\u00e9semet. Ugyanis akkor v\u00e1lt kedvenc sz\u00e1momm\u00e1 a Pluto <em>H\u00f3ember<\/em> c\u00edm\u0171 sz\u00e1ma. Ny\u00e1ron. 50 fokban. Egy aut\u00f3ban. Egy meleg \u00e9s koszos aut\u00f3ban. De im\u00e1dtam, tiszta sz\u00edvemb\u0151l. \u00c9s persze az\u00f3ta sem l\u00e1ttam annyi kukoric\u00e1st! De k\u00e1r! \ud83d\ude41 Viszont nagyon is j\u00f3l j\u00f6tt m\u00e9g a kezdetek-kezdet\u00e9n, ugyanis m\u00edg nem \u00e9rkezett meg Toi-Toi WC, \u00edgy a term\u00e9szet l\u00e1gy \u00f6l\u00e9t haszn\u00e1ltuk sz\u00fcks\u00e9gleteink elv\u00e9gz\u00e9s\u00e9re. Mikor v\u00e9gre meg\u00e9rkeztek k\u00fcl\u00f6n n\u0151i \u00e9s f\u00e9rfi r\u00e9szleget alak\u00edtottunk ki. Viszont m\u00e9g ennyi paticsot se l\u00e1ttam \u00e9letemben. Nagy vesz\u00e9lyhelyzet most nem alakult ki. Nem okoztam k\u00e1rt sem magamban, sem m\u00e1sban, nem \u00fagy, mint Ba els\u0151 nyar\u00e1n az \u00e1sat\u00e1si gyakorlaton. Ott persze siker\u00fclt r\u00e1esnem egy kun csontv\u00e1zra. Hanyatt. Neki nem tudom, hogy esett, nekem nagyon rosszul. Persze k\u00e9t vagy h\u00e1rom h\u00e9tig a h\u00e1ts\u00f3 felemen egy nagy lil\u00e1s fekete folt \u00e9ktelenkedett. Hi\u00e1ba, \u00e9n sz\u00f3 szerint belez\u00fagtam, azaz beleestem a r\u00e9g\u00e9szetbe. Nah, itt most csak majdnem visszaestem egy nagy g\u00f6d\u00f6rbe Ver\u00e1val egy\u00fctt, b\u00e1r itt eg\u00e9sz csontv\u00e1z nem v\u00e1rt volna a g\u00f6d\u00f6r alj\u00e1n, csak ha j\u00f3l eml\u00e9kszem n\u00e9h\u00e1ny \u00e1llatcsont, illetve tal\u00e1n egy ed\u00e9ny. (\u00cdgy k\u00e9sz\u00fclnek a t\u00f6r\u00f6tt ker\u00e1mi\u00e1k.)<\/p>\n<p><span style=\"text-decoration: underline;\">Salamon Bernadett:<\/span> ez az \u00e1sat\u00e1s j\u00f3l \u00f6sszehozta a csapatot. Az utaz\u00e1sok sor\u00e1n szinte mindig el\u0151l kellett \u00fcln\u00f6m, hogy a sof\u0151rt, Kat\u00e1t vagy Lacit sz\u00f3rakoztassam, hogy el ne aludjanak vezet\u00e9s k\u00f6zben (amire m\u00e1r kor\u00e1bban volt is p\u00e9lda). Tibivel mindig gy\u0171jt\u00f6tt\u00fck az aktu\u00e1lis vagy kev\u00e9sb\u00e9 aktu\u00e1lis t\u00e9m\u00e1kat, de a v\u00e9g\u00e9re m\u00e1r kifogytunk bel\u0151le, na ekkor j\u00f6tt el\u0151 a nagyobb k\u00e1v\u00e9 mennyis\u00e9g. Ennyi sport szeletet m\u00e9g \u00e9letemben nem ettem, mint akkor, de nem is kellett r\u00e1 k\u00f6ltenem, mert mindig az el\u0151z\u0151vel nyertem, irigykedtek is \u00e9rte a t\u00f6bbiek. Egyszer \u00e1t is kellett k\u00f6lt\u00f6zni a lel\u0151hely egyik v\u00e9g\u00e9b\u0151l a m\u00e1sikba, hogy az \u00e1rt\u00e9rhez es\u0151 r\u00e9szt is fel tudjuk t\u00e1rni. A k\u00f6lt\u00f6zk\u00f6d\u00e9s se volt teljesen probl\u00e9mamentes, illetve el\u00e9g l\u00e1tv\u00e1nyosra siker\u00fclt.<\/p>\n<p><span style=\"text-decoration: underline;\">Szab\u00f3 Zsolt:<\/span> a mak\u00f3i felt\u00e1r\u00e1s nagyon sok pozit\u00edvumot hagyott bennem. Mivel ez volt az els\u0151 \u00e1sat\u00e1som, sok mindent meg kellett tapasztalnom, de ebben mindenki a seg\u00edts\u00e9gemre sietett. Mak\u00f3n szinte mindent megmutattak, amit ott meg lehetett. Rajzolhattam, fot\u00f3zhattam \u00e9s persze az igazi fizikai munk\u00e1b\u00f3l sem maradtam ki. Egy ilyen gyakorlati feladat minden t\u00e9ren, de f\u0151leg a r\u00e9g\u00e9szetben nagy lend\u00fcletet tud adni a tanul\u00f3knak. Mindenkinek aj\u00e1nlom, hogy a k\u00f6telez\u0151 k\u00e9t h\u00e9t ut\u00e1n is pr\u00f3b\u00e1ljon min\u00e9l t\u00f6bbet kint lenni.<\/p>\n<p><strong>R\u00e9sztvev\u0151k<\/strong><\/p>\n<p><span style=\"text-decoration: underline;\">\u00c1sat\u00e1svezet\u0151:<\/span> Kulcs\u00e1r Val\u00e9ria. <span style=\"text-decoration: underline;\">Munkat\u00e1rs:<\/span> Pint\u00e9r-Nagy Katalin.<\/p>\n<p><span style=\"text-decoration: underline;\">\u00c1sat\u00e1si technikusok:<\/span> Haraszti L\u00e1szl\u00f3, Cs\u00edk Veronika.<\/p>\n<p><span style=\"text-decoration: underline;\">R\u00e9szt vettek az SZTE r\u00e9g\u00e9szhallgat\u00f3i:<\/span> Boros Bence, Eszes Adrienn, F\u00e1bi\u00e1n S\u00e1ra, F\u00fcleki Orsolya, Gruber Attila, Gyalai Zs\u00f3fia, Horv\u00e1th Szabina, Hrab\u00e1k Zita, Jancs\u00f3 Istv\u00e1n, Kurucz M\u00e1t\u00e9, L\u0151rinc D\u00e1vid, Ny\u00fal Tibor, Pilling Zolt\u00e1n, Salamon Bernadett, Szab\u00f3 Zsolt, Vad\u00e1sz Emese.<\/p>\n<p><a href=\"http:\/\/regeszet.bibl.u-szeged.hu\/wp-content\/uploads\/2017\/11\/Mako_1.jpg\"><img loading=\"lazy\" decoding=\"async\" class=\"aligncenter wp-image-1074\" src=\"http:\/\/regeszet.bibl.u-szeged.hu\/wp-content\/uploads\/2017\/11\/Mako_1.jpg\" alt=\"\" width=\"800\" height=\"532\" \/><\/a><\/p>\n<p><a href=\"http:\/\/regeszet.bibl.u-szeged.hu\/wp-content\/uploads\/2017\/11\/Mako_2.jpg\"><img loading=\"lazy\" decoding=\"async\" class=\"aligncenter wp-image-1075\" src=\"http:\/\/regeszet.bibl.u-szeged.hu\/wp-content\/uploads\/2017\/11\/Mako_2.jpg\" alt=\"\" width=\"800\" height=\"532\" \/><\/a><\/p>\n<p><a href=\"http:\/\/regeszet.bibl.u-szeged.hu\/wp-content\/uploads\/2017\/11\/Mako_3.jpg\"><img loading=\"lazy\" decoding=\"async\" class=\"aligncenter wp-image-1076\" src=\"http:\/\/regeszet.bibl.u-szeged.hu\/wp-content\/uploads\/2017\/11\/Mako_3.jpg\" alt=\"\" width=\"800\" height=\"532\" \/><\/a><\/p>\n<p><a href=\"http:\/\/regeszet.bibl.u-szeged.hu\/wp-content\/uploads\/2017\/11\/Mako_4.jpg\"><img loading=\"lazy\" decoding=\"async\" class=\"aligncenter wp-image-1077\" src=\"http:\/\/regeszet.bibl.u-szeged.hu\/wp-content\/uploads\/2017\/11\/Mako_4.jpg\" alt=\"\" width=\"800\" height=\"533\" \/><\/a><\/p>\n<p><a href=\"http:\/\/regeszet.bibl.u-szeged.hu\/wp-content\/uploads\/2017\/11\/Mako_5.jpg\"><img loading=\"lazy\" decoding=\"async\" class=\"aligncenter wp-image-1078\" src=\"http:\/\/regeszet.bibl.u-szeged.hu\/wp-content\/uploads\/2017\/11\/Mako_5.jpg\" alt=\"\" width=\"800\" height=\"528\" \/><\/a><\/p>\n<p><a href=\"http:\/\/regeszet.bibl.u-szeged.hu\/wp-content\/uploads\/2017\/11\/Mako_6.jpg\"><img loading=\"lazy\" decoding=\"async\" class=\"aligncenter wp-image-1079\" src=\"http:\/\/regeszet.bibl.u-szeged.hu\/wp-content\/uploads\/2017\/11\/Mako_6.jpg\" alt=\"\" width=\"800\" height=\"534\" \/><\/a><\/p>\n<p><a href=\"http:\/\/regeszet.bibl.u-szeged.hu\/wp-content\/uploads\/2017\/11\/Mako_7.jpg\"><img loading=\"lazy\" decoding=\"async\" class=\"aligncenter wp-image-1080\" src=\"http:\/\/regeszet.bibl.u-szeged.hu\/wp-content\/uploads\/2017\/11\/Mako_7.jpg\" alt=\"\" width=\"531\" height=\"800\" \/><\/a><\/p>\n<p><a href=\"http:\/\/regeszet.bibl.u-szeged.hu\/wp-content\/uploads\/2017\/11\/Mako_8.jpg\"><img loading=\"lazy\" decoding=\"async\" class=\"aligncenter wp-image-1081\" src=\"http:\/\/regeszet.bibl.u-szeged.hu\/wp-content\/uploads\/2017\/11\/Mako_8.jpg\" alt=\"\" width=\"800\" height=\"530\" \/><\/a><\/p>\n<p><a href=\"http:\/\/regeszet.bibl.u-szeged.hu\/wp-content\/uploads\/2017\/11\/Mako_9.jpg\"><img loading=\"lazy\" decoding=\"async\" class=\"aligncenter wp-image-1082\" src=\"http:\/\/regeszet.bibl.u-szeged.hu\/wp-content\/uploads\/2017\/11\/Mako_9.jpg\" alt=\"\" width=\"800\" height=\"534\" \/><\/a><\/p>\n<p><a href=\"http:\/\/regeszet.bibl.u-szeged.hu\/wp-content\/uploads\/2017\/11\/Mako_10.jpg\"><img loading=\"lazy\" decoding=\"async\" class=\"aligncenter wp-image-1083 size-full\" src=\"http:\/\/regeszet.bibl.u-szeged.hu\/wp-content\/uploads\/2017\/11\/Mako_10.jpg\" alt=\"\" width=\"722\" height=\"479\" \/><\/a><\/p>\n","protected":false},"excerpt":{"rendered":"<p>Az SZTE BTK R\u00e9g\u00e9szeti Tansz\u00e9ke 2011. augusztus 2 \u2013 okt\u00f3ber 10. k\u00f6z\u00f6tt a M 43-as aut\u00f3p\u00e1lya megel\u0151z\u0151 felt\u00e1r\u00e1s\u00e1t \u00e9s ezzel egy\u00fctt a r\u00e9g\u00e9szeti jelens\u00e9gek megfigyel\u00e9s\u00e9t v\u00e9gezt\u00fck a Mak\u00f3 \u2013 Ig\u00e1si j\u00e1rand\u00f3 lel\u0151helyen. Az \u00e1sat\u00e1s kb. 20.000 m2-en zajlott. A kb. 2 h\u00f3nap alatt 220 r\u00e9g\u00e9szeti jelens\u00e9get figyelt\u00fcnk meg, ezek f\u0151leg a szarmat\u00e1khoz k\u00f6thet\u0151ek. Minden kezdet &hellip; <a href=\"https:\/\/regeszet.bibl.u-szeged.hu\/index.php\/kutatas\/asatasaink\/mako-igasi-jarando\/\" class=\"more-link\"><span class=\"screen-reader-text\">Mak\u00f3 &#8211; Ig\u00e1si j\u00e1rand\u00f3<\/span> b\u0151vebben&#8230; <span class=\"meta-nav\">&rarr;<\/span><\/a><\/p>\n","protected":false},"author":1,"featured_media":0,"parent":123,"menu_order":3,"comment_status":"closed","ping_status":"closed","template":"","meta":{"footnotes":""},"class_list":["post-134","page","type-page","status-publish","hentry"],"_links":{"self":[{"href":"https:\/\/regeszet.bibl.u-szeged.hu\/index.php\/wp-json\/wp\/v2\/pages\/134","targetHints":{"allow":["GET"]}}],"collection":[{"href":"https:\/\/regeszet.bibl.u-szeged.hu\/index.php\/wp-json\/wp\/v2\/pages"}],"about":[{"href":"https:\/\/regeszet.bibl.u-szeged.hu\/index.php\/wp-json\/wp\/v2\/types\/page"}],"author":[{"embeddable":true,"href":"https:\/\/regeszet.bibl.u-szeged.hu\/index.php\/wp-json\/wp\/v2\/users\/1"}],"replies":[{"embeddable":true,"href":"https:\/\/regeszet.bibl.u-szeged.hu\/index.php\/wp-json\/wp\/v2\/comments?post=134"}],"version-history":[{"count":3,"href":"https:\/\/regeszet.bibl.u-szeged.hu\/index.php\/wp-json\/wp\/v2\/pages\/134\/revisions"}],"predecessor-version":[{"id":1084,"href":"https:\/\/regeszet.bibl.u-szeged.hu\/index.php\/wp-json\/wp\/v2\/pages\/134\/revisions\/1084"}],"up":[{"embeddable":true,"href":"https:\/\/regeszet.bibl.u-szeged.hu\/index.php\/wp-json\/wp\/v2\/pages\/123"}],"wp:attachment":[{"href":"https:\/\/regeszet.bibl.u-szeged.hu\/index.php\/wp-json\/wp\/v2\/media?parent=134"}],"curies":[{"name":"wp","href":"https:\/\/api.w.org\/{rel}","templated":true}]}}