{"id":136,"date":"2017-11-22T08:55:54","date_gmt":"2017-11-22T07:55:54","guid":{"rendered":"http:\/\/regeszet.bibl.u-szeged.hu\/?page_id=136"},"modified":"2017-11-25T08:40:47","modified_gmt":"2017-11-25T07:40:47","slug":"dombovar","status":"publish","type":"page","link":"https:\/\/regeszet.bibl.u-szeged.hu\/index.php\/kutatas\/asatasaink\/dombovar\/","title":{"rendered":"Domb\u00f3v\u00e1r \u2013 G\u00f3lyav\u00e1r"},"content":{"rendered":"<p>A d\u00e9l\u2013dun\u00e1nt\u00fali Domb\u00f3 v\u00e1r\u00e1t 1310-ben eml\u00edtik el\u0151sz\u00f6r az \u00edrott forr\u00e1sok. Ekkor m\u00e9g K\u0151szegi Henrik fia J\u00e1nos birtokolja, hat \u00e9vvel k\u00e9s\u0151bb azonban m\u00e1r val\u00f3sz\u00edn\u0171leg I. K\u00e1roly kir\u00e1ly kez\u00e9re ker\u00fclt, aki 1326-ban Ny\u00e9kkel egy\u00fctt elcser\u00e9lte azt Cs\u00e1k Istv\u00e1n fiaival, P\u00e9terrel \u00e9s Istv\u00e1nnal. A lesz\u00e1rmazottaik az \u00fajonnan szerzett birtokr\u00f3l felvett\u00e9k a Dombai nevet, amelyet eg\u00e9szen a 16. sz\u00e1zad elej\u00e9ig, a csal\u00e1d kihal\u00e1s\u00e1ig haszn\u00e1ltak. A Dombai csal\u00e1d a f\u00e9nykor\u00e1t a 15. sz\u00e1zad v\u00e9g\u00e9n \u2013 a 16. sz\u00e1zad elej\u00e9n \u00e9lte, akinek a tagjai ekkor magas udvari m\u00e9lt\u00f3s\u00e1gokat viseltek. A kihal\u00e1suk ut\u00e1n Werb\u0151czy Istv\u00e1n szerezte meg a v\u00e1rat, amely az \u0151 hal\u00e1l\u00e1t k\u00f6vet\u0151en T\u00f6r\u00f6k B\u00e1lint szerzi meg, t\u0151le viszont Werb\u0151czy Istv\u00e1n fia Imre kez\u00e9re ker\u00fcl. A t\u00f6r\u00f6k 1543-ban vagy 1546-ban foglalta el \u00e9s kissz\u00e1m\u00fa v\u00e1rkatonas\u00e1got \u00e1llom\u00e1soztatott benne, amelynek a l\u00e9tsz\u00e1ma a h\u00f3dolts\u00e1g kor\u00e1nak v\u00e9g\u00e9ig folyamatosan cs\u00f6kkent. Az egykori f\u0151\u00fari rezidenci\u00e1b\u00f3l t\u00f6r\u00f6k v\u00e9gv\u00e1r lett, m\u00edg a k\u00f6rnyez\u0151 telep\u00fcl\u00e9sek eln\u00e9ptelenedtek, egy r\u00e9sz\u00fckbe a Balk\u00e1nr\u00f3l felj\u00f6v\u0151 r\u00e1c lakoss\u00e1g telep\u00fclt le. A Buda visszav\u00e9tel\u00e9nek az \u00e9v\u00e9ben a domb\u00f3i v\u00e1r is cs\u00e1sz\u00e1riak kez\u00e9re ker\u00fclt. 1691-ben Esterh\u00e1zy P\u00e1l herceg kapta meg az uralkod\u00f3t\u00f3l a k\u00f6rnyez\u0151 f\u00f6ldekkel egy\u00fctt, az elmaradt n\u00e1dori j\u00f6vedelmeinek a fej\u00e9ben. A herceg azt ezt k\u00f6vetkez\u0151 \u00e9vben elk\u00e9sz\u00edtteti az \u00fajonnan szerzett birtok r\u00e9szletes \u00f6ssze\u00edr\u00e1s\u00e1t, amelyben t\u00f6bbek k\u00f6z\u00f6tt fennmaradt az akkor m\u00e1r romos v\u00e1r r\u00e9szletes le\u00edr\u00e1sa is. A forr\u00e1s szerint az \u00e9p\u00edtm\u00e9ny kaputornya nyugatra n\u00e9zett \u00e9s h\u00e1rom kapun kereszt\u00fcl lehetett rajta bejutni. A d\u00e9li \u00e9s az \u00e9szaki oldalon egy-egy al\u00e1pinc\u00e9zett, emeletes palotasz\u00e1rny \u00e1llt, az ut\u00f3bbinak a k\u00e9t v\u00e9g\u00e9n egy-egy toronnyal. A v\u00e1r keleti oldal\u00e1n nem volt \u00e9p\u00fclet, hanem egy fal futott, a tetej\u00e9n egy k\u0151folyos\u00f3val. Az v\u00e1rat az 1702-es v\u00e1rrombol\u00e1si rendelet \u00e9rtelm\u00e9ben Esterh\u00e1zy P\u00e1l a saj\u00e1t jobb\u00e1gyaival bontatta le, a kaputorny\u00e1t pedig akn\u00e1szok robbantott\u00e1k fel. Egy 1720-ban k\u00e9sz\u00fclt \u00f6ssze\u00edr\u00e1s szerint a v\u00e1r m\u00e1r egy haszn\u00e1laton k\u00edv\u00fcli rom.<\/p>\n<p>Az 1860-as \u00e9vekben R\u00f3mer Fl\u00f3ris megl\u00e1togatta a v\u00e1r maradv\u00e1nyait, jegyzetf\u00fczet\u00e9ben alaprajzot \u00e9s t\u00e1vlati k\u00e9pet k\u00e9sz\u00edtett a r\u00f3luk. K\u00f6zel egy \u00e9vsz\u00e1zad m\u00falva fordult a r\u00e9g\u00e9szek figyelme ism\u00e9t a lel\u0151hely fel\u00e9: Rosner Gyula az 1960-as \u00e9vekben v\u00e9gzett el\u0151sz\u00f6r terepbej\u00e1r\u00e1s\u00e1t a lel\u0151helyen, majd ezt k\u00f6vet\u0151en Mikl\u00f3s Zsuzsa foglalkozott a v\u00e1rral, aki t\u00f6bb \u00e9vtizeden kereszt\u00fcl folytatott terepbej\u00e1r\u00e1sokat \u00e9s k\u00e9sz\u00edtett l\u00e9gifot\u00f3kat a v\u00e1rr\u00f3l \u00e9s annak k\u00f6rny\u00e9k\u00e9r\u0151l. Nov\u00e1ki Gyul\u00e1val \u00e9s S\u00e1ndorfi Gy\u00f6rggyel k\u00f6z\u00f6sen k\u00e9sz\u00edtett\u00e9k el a lel\u0151hely geod\u00e9ziai felm\u00e9r\u00e9s\u00e9t. 1994-ben Kopp\u00e1ny Tibor az \u00edrott adatok alapj\u00e1n \u00e1ll\u00edtotta \u00f6ssze a v\u00e1r elm\u00e9leti rekonstrukci\u00f3j\u00e1t. K\u00f6zel egy \u00e9vtizeddel k\u00e9s\u0151bb pedig Erky-Nagy Tibor \u00e9s Dunai J\u00f3zsef, els\u0151sorban R\u00f3mer Fl\u00f3ris alaprajz\u00e1ra t\u00e1maszkodva egy \u00faj, sz\u00e1m\u00edt\u00f3g\u00e9pes rekonstrukci\u00f3t k\u00e9sz\u00edtett. 2006-ban Gere L\u00e1szl\u00f3 vezet\u00e9s\u00e9vel m\u0171eml\u00e9ki \u00e1llagmeg\u00f3v\u00e1st v\u00e9geztek az \u00e1ll\u00f3 falcsonkokon, majd 2012-ben Szab\u00f3 G\u00e9za leletment\u00e9st v\u00e9gzett a v\u00e1r melletti ter\u00fcleteken.<\/p>\n<p>2014-ben Domb\u00f3v\u00e1r V\u00e1ros \u00d6nkorm\u00e1nyzata felk\u00e9r\u00e9s\u00e9re a Szegedi Tudom\u00e1nyegyetem R\u00e9g\u00e9szeti Tansz\u00e9k\u00e9nek munkat\u00e1rsai \u00e9s hallgat\u00f3i Berta Adri\u00e1n vezet\u00e9s\u00e9vel terv\u00e1sat\u00e1s keret\u00e9ben kezdt\u00e9k meg a v\u00e1r r\u00e9g\u00e9szeti felt\u00e1r\u00e1s\u00e1t.<\/p>\n<p>Az els\u0151 \u00e9vben egy kutat\u00f3\u00e1rok felt\u00e1r\u00e1s\u00e1ra ker\u00fclt sor a lel\u0151hely k\u00f6z\u00e9ps\u0151 tengely\u00e9ben, a v\u00e1rt\u00f3l nyugatra es\u0151 ter\u00fcleten, amelynek sor\u00e1n nagy mennyis\u00e9g\u0171 leomlott falmaradv\u00e1ny ker\u00fclt el\u0151.<\/p>\n<p>2015-ben \u00f6t kutat\u00f3\u00e1rok, k\u00e9t szelv\u00e9ny \u00e9s k\u00e9t szonda felt\u00e1r\u00e1s\u00e1ra t\u00f6rt\u00e9nt meg a v\u00e1r k\u00fcl\u00f6nb\u00f6z\u0151 pontjain. Ezeknek a seg\u00edts\u00e9g\u00e9vel siker\u00fclt tiszt\u00e1zni a v\u00e1r kiterjed\u00e9s\u00e9t, a lel\u0151hely jellemz\u0151 r\u00e9tegviszonyait, tov\u00e1bb\u00e1 adatokat szerezni az egykori \u00e9p\u00fclet szerkezet\u00e9r\u0151l, fel\u00e9p\u00edt\u00e9s\u00e9r\u0151l \u00e9s az egyes \u00e9p\u00edt\u00e9si peri\u00f3dusokr\u00f3l is.<\/p>\n<p>A jelenleg rendelkez\u00e9s\u00fcnkre \u00e1ll\u00f3 adatok alapj\u00e1n a v\u00e1r legkor\u00e1bbi r\u00e9sze az Anjou-kor m\u00e1sodik fel\u00e9ben \u00e9p\u00fclhetett (szab\u00e1lyos, t\u00e9glalap alaprajz\u00fa \u00e9p\u00edtm\u00e9ny egy palotasz\u00e1rnnyal). Ezt feltehet\u0151en a Zsigmond korban egy m\u00e1sik palotasz\u00e1rnnyal \u00e9s egy kaputoronnyal b\u0151v\u00edtik. A 15. sz\u00e1zad m\u00e1sodik fel\u00e9ben a keleti falra egy g\u00f3tikus folyos\u00f3t h\u00faznak fel. K\u00f6zvetlen\u00fcl a t\u00f6r\u00f6k foglal\u00e1s el\u0151tt, val\u00f3sz\u00edn\u0171leg 1520-ban az eg\u00e9sz v\u00e1rat egy k\u00fcls\u0151 ker\u00edt\u0151fallal \u00f6vezik. Az eddigi kutat\u00e1sok alapj\u00e1n a t\u00f6r\u00f6k korban m\u00e1r csak kisebb hozz\u00e1told\u00e1sokra, \u00e1t\u00e9p\u00edt\u00e9sekre ker\u00fclt sor.<\/p>\n<p>Berta Adri\u00e1n<\/p>\n<p>&nbsp;<\/p>\n<p><a href=\"http:\/\/regeszet.bibl.u-szeged.hu\/wp-content\/uploads\/2017\/11\/IMG_7068-1.jpg\"><img loading=\"lazy\" decoding=\"async\" class=\"aligncenter wp-image-1086\" src=\"http:\/\/regeszet.bibl.u-szeged.hu\/wp-content\/uploads\/2017\/11\/IMG_7068-1.jpg\" alt=\"\" width=\"800\" height=\"533\" \/><\/a><\/p>\n<p><a href=\"http:\/\/regeszet.bibl.u-szeged.hu\/wp-content\/uploads\/2017\/11\/IMG_7161.jpg\"><img loading=\"lazy\" decoding=\"async\" class=\"wp-image-1087 aligncenter\" src=\"http:\/\/regeszet.bibl.u-szeged.hu\/wp-content\/uploads\/2017\/11\/IMG_7161.jpg\" alt=\"\" width=\"800\" height=\"533\" \/><\/a><\/p>\n<p><a href=\"http:\/\/regeszet.bibl.u-szeged.hu\/wp-content\/uploads\/2017\/11\/IMG_7172.jpg\"><img loading=\"lazy\" decoding=\"async\" class=\"aligncenter wp-image-1088\" src=\"http:\/\/regeszet.bibl.u-szeged.hu\/wp-content\/uploads\/2017\/11\/IMG_7172.jpg\" alt=\"\" width=\"800\" height=\"533\" \/><\/a><\/p>\n<p><a href=\"http:\/\/regeszet.bibl.u-szeged.hu\/wp-content\/uploads\/2017\/11\/IMG_7532.jpg\"><img loading=\"lazy\" decoding=\"async\" class=\"aligncenter wp-image-1089\" src=\"http:\/\/regeszet.bibl.u-szeged.hu\/wp-content\/uploads\/2017\/11\/IMG_7532.jpg\" alt=\"\" width=\"800\" height=\"533\" \/><\/a><\/p>\n<p><a href=\"http:\/\/regeszet.bibl.u-szeged.hu\/wp-content\/uploads\/2017\/11\/IMG_7950.jpg\"><img loading=\"lazy\" decoding=\"async\" class=\"aligncenter wp-image-1090\" src=\"http:\/\/regeszet.bibl.u-szeged.hu\/wp-content\/uploads\/2017\/11\/IMG_7950.jpg\" alt=\"\" width=\"800\" height=\"533\" \/><\/a><\/p>\n<p><a href=\"http:\/\/regeszet.bibl.u-szeged.hu\/wp-content\/uploads\/2017\/11\/IMG_8448.jpg\"><img loading=\"lazy\" decoding=\"async\" class=\"aligncenter wp-image-1091\" src=\"http:\/\/regeszet.bibl.u-szeged.hu\/wp-content\/uploads\/2017\/11\/IMG_8448.jpg\" alt=\"\" width=\"800\" height=\"533\" \/><\/a><\/p>\n","protected":false},"excerpt":{"rendered":"<p>A d\u00e9l\u2013dun\u00e1nt\u00fali Domb\u00f3 v\u00e1r\u00e1t 1310-ben eml\u00edtik el\u0151sz\u00f6r az \u00edrott forr\u00e1sok. Ekkor m\u00e9g K\u0151szegi Henrik fia J\u00e1nos birtokolja, hat \u00e9vvel k\u00e9s\u0151bb azonban m\u00e1r val\u00f3sz\u00edn\u0171leg I. K\u00e1roly kir\u00e1ly kez\u00e9re ker\u00fclt, aki 1326-ban Ny\u00e9kkel egy\u00fctt elcser\u00e9lte azt Cs\u00e1k Istv\u00e1n fiaival, P\u00e9terrel \u00e9s Istv\u00e1nnal. A lesz\u00e1rmazottaik az \u00fajonnan szerzett birtokr\u00f3l felvett\u00e9k a Dombai nevet, amelyet eg\u00e9szen a 16. sz\u00e1zad &hellip; <a href=\"https:\/\/regeszet.bibl.u-szeged.hu\/index.php\/kutatas\/asatasaink\/dombovar\/\" class=\"more-link\"><span class=\"screen-reader-text\">Domb\u00f3v\u00e1r \u2013 G\u00f3lyav\u00e1r<\/span> b\u0151vebben&#8230; <span class=\"meta-nav\">&rarr;<\/span><\/a><\/p>\n","protected":false},"author":1,"featured_media":0,"parent":123,"menu_order":4,"comment_status":"closed","ping_status":"closed","template":"","meta":{"footnotes":""},"class_list":["post-136","page","type-page","status-publish","hentry"],"_links":{"self":[{"href":"https:\/\/regeszet.bibl.u-szeged.hu\/index.php\/wp-json\/wp\/v2\/pages\/136","targetHints":{"allow":["GET"]}}],"collection":[{"href":"https:\/\/regeszet.bibl.u-szeged.hu\/index.php\/wp-json\/wp\/v2\/pages"}],"about":[{"href":"https:\/\/regeszet.bibl.u-szeged.hu\/index.php\/wp-json\/wp\/v2\/types\/page"}],"author":[{"embeddable":true,"href":"https:\/\/regeszet.bibl.u-szeged.hu\/index.php\/wp-json\/wp\/v2\/users\/1"}],"replies":[{"embeddable":true,"href":"https:\/\/regeszet.bibl.u-szeged.hu\/index.php\/wp-json\/wp\/v2\/comments?post=136"}],"version-history":[{"count":6,"href":"https:\/\/regeszet.bibl.u-szeged.hu\/index.php\/wp-json\/wp\/v2\/pages\/136\/revisions"}],"predecessor-version":[{"id":1105,"href":"https:\/\/regeszet.bibl.u-szeged.hu\/index.php\/wp-json\/wp\/v2\/pages\/136\/revisions\/1105"}],"up":[{"embeddable":true,"href":"https:\/\/regeszet.bibl.u-szeged.hu\/index.php\/wp-json\/wp\/v2\/pages\/123"}],"wp:attachment":[{"href":"https:\/\/regeszet.bibl.u-szeged.hu\/index.php\/wp-json\/wp\/v2\/media?parent=136"}],"curies":[{"name":"wp","href":"https:\/\/api.w.org\/{rel}","templated":true}]}}