{"id":138,"date":"2017-11-22T08:56:06","date_gmt":"2017-11-22T07:56:06","guid":{"rendered":"http:\/\/regeszet.bibl.u-szeged.hu\/?page_id=138"},"modified":"2017-11-25T08:37:09","modified_gmt":"2017-11-25T07:37:09","slug":"dabas","status":"publish","type":"page","link":"https:\/\/regeszet.bibl.u-szeged.hu\/index.php\/kutatas\/asatasaink\/dabas\/","title":{"rendered":"Dabas \u2013 Fels\u0151besny\u0151"},"content":{"rendered":"<p>A tansz\u00e9k\u00fcnk \u00e9s a Pest Megyei M\u00fazeumok Igazgat\u00f3s\u00e1ga k\u00f6z\u00f6tt 2010-ben l\u00e9trej\u00f6tt meg\u00e1llapod\u00e1s eredm\u00e9nyek\u00e9ppen hallgat\u00f3ink is bekapcsol\u00f3dtak Dabas Fels\u0151besny\u0151 nev\u0171 hat\u00e1rr\u00e9sz\u00e9ben fekv\u0151 84. sz\u00e1m\u00fa lel\u0151hely felt\u00e1r\u00e1si munk\u00e1lataiba.<\/p>\n<p>A terv\u00e1sat\u00e1s szinte egyed\u00fcl\u00e1ll\u00f3 m\u00f3don civil kezdem\u00e9nyez\u00e9sre indult meg 2010 szeptember\u00e9nek v\u00e9g\u00e9n, \u00e9s mintegy h\u00e1rom h\u00e9ten \u00e1t tartott. A sz\u00e1ll\u00e1st\u00f3l \u00e9s \u00e9tkez\u00e9st\u0151l kezdve az \u00e1sat\u00e1si munkaer\u0151n \u00e1t a feldolgoz\u00e1si tev\u00e9kenys\u00e9gig az \u00e1sat\u00e1shoz sz\u00fcks\u00e9ges minden felt\u00e9tel gyakorlatilag ingyen \u00e9s \u00f6nk\u00e9ntesen biztos\u00edtott volt Dabas v\u00e1ros \u00f6nkorm\u00e1nyzata, az egyetemi tansz\u00e9kek (n\u00e9h\u00e1ny nap erej\u00e9ig az ELTE R\u00e9g\u00e9szeti Tansz\u00e9k\u00e9r\u0151l is csatlakoztak hallgat\u00f3k), \u00e9s a m\u00fazeumi dolgoz\u00f3k (technikusok, restaur\u00e1torok) j\u00f3volt\u00e1b\u00f3l. Ez a t\u00e9nyez\u0151 mindenk\u00e9ppen kiemelte a dabasi felt\u00e1r\u00e1st a napjainkban is nagy sz\u00e1mban foly\u00f3 megel\u0151z\u0151 \u00e9s leletment\u0151 \u00e1sat\u00e1sok k\u00f6z\u00fcl.<\/p>\n<p>A felt\u00e1r\u00e1st R\u00e1cz Tibor \u00c1kos \u00e9s Patay R\u00f3bert (PMMI) r\u00e9g\u00e9szek vezett\u00e9k. A lel\u0151helyen r\u00e9zkori \u00e9s bronzkori (Bodrogkereszt\u00far-kult\u00fara, Mak\u00f3-kult\u00fara) objektumok, a honfoglal\u00e1s kor\u00e1b\u00f3l sz\u00e1rmaz\u00f3 s\u00edrok (\u00f6sszesen 19), valamint egy \u00c1rp\u00e1d-kori h\u00e1z is el\u0151ker\u00fclt, benne szint\u00e9n egy kor\u00e1bbi s\u00edrral. Mind az \u0151skori, mind a honfoglal\u00e1s kori leletek fontos adatokat szolg\u00e1ltattak az adott korszak kutat\u00e1s\u00e1hoz.<\/p>\n<p>A csal\u00e1dias hangulat\u00fa \u00e1sat\u00e1snak el\u0151nye volt egyebek mellett az is, hogy hallgat\u00f3ink r\u00e9szletesen megismerhett\u00e9k \u00e9s gyakorolhatt\u00e1k a terepi munka k\u00fcl\u00f6nb\u00f6z\u0151 f\u00e1zisait. A k\u00e9t \u00e1sat\u00e1svezet\u0151 szakmai felk\u00e9sz\u00fclts\u00e9g\u00e9nek k\u00f6sz\u00f6nhet\u0151en \u00e9rt\u00e9kes tapasztalatokra tettek szert, m\u00e9g az es\u0151napokon is, a cegl\u00e9di Kossuth M\u00fazeum r\u00e9g\u00e9szeti rakt\u00e1r\u00e1ban r\u00f6gt\u00f6nz\u00f6tt anyagismereti \u00f3r\u00e1k keret\u00e9n bel\u00fcl.<\/p>\n<p>A felt\u00e1r\u00e1sban r\u00e9szt vett hallgat\u00f3k: Boros Bence, Czinege D\u00e1niel Zsombor, Eszes Adrienn, F\u00fcleki Orsolya, G\u00e1lffy Gy\u00f6rgy, Hegyi Borb\u00e1la, Hoffer Norman, Luk\u00e1cs Nikoletta, Mih\u00e1czi-P\u00e1lfi Anett, Pilling Zolt\u00e1n, Sohonyai Brigitta, Szab\u00f3 \u00c1gnes, Tihanyi Bal\u00e1zs, Varga Zsuzsanna.<\/p>\n<p>A felt\u00e1r\u00e1s k\u00f6r\u00fclm\u00e9nyeir\u0151l \u00e9s az el\u0151ker\u00fclt leletekr\u0151l r\u00e9szletes besz\u00e1mol\u00f3 olvashat\u00f3: <a href=\"http:\/\/sirasok.blog.hu\/2011\/02\/14\/dabas_2\" target=\"_blank\" rel=\"noopener\">http:\/\/sirasok.blog.hu\/2011\/02\/14\/dabas_2<\/a><\/p>\n<p>Hegyi Borb\u00e1la \u2013 Tihanyi Bal\u00e1zs<\/p>\n","protected":false},"excerpt":{"rendered":"<p>A tansz\u00e9k\u00fcnk \u00e9s a Pest Megyei M\u00fazeumok Igazgat\u00f3s\u00e1ga k\u00f6z\u00f6tt 2010-ben l\u00e9trej\u00f6tt meg\u00e1llapod\u00e1s eredm\u00e9nyek\u00e9ppen hallgat\u00f3ink is bekapcsol\u00f3dtak Dabas Fels\u0151besny\u0151 nev\u0171 hat\u00e1rr\u00e9sz\u00e9ben fekv\u0151 84. sz\u00e1m\u00fa lel\u0151hely felt\u00e1r\u00e1si munk\u00e1lataiba. A terv\u00e1sat\u00e1s szinte egyed\u00fcl\u00e1ll\u00f3 m\u00f3don civil kezdem\u00e9nyez\u00e9sre indult meg 2010 szeptember\u00e9nek v\u00e9g\u00e9n, \u00e9s mintegy h\u00e1rom h\u00e9ten \u00e1t tartott. A sz\u00e1ll\u00e1st\u00f3l \u00e9s \u00e9tkez\u00e9st\u0151l kezdve az \u00e1sat\u00e1si munkaer\u0151n \u00e1t a feldolgoz\u00e1si &hellip; <a href=\"https:\/\/regeszet.bibl.u-szeged.hu\/index.php\/kutatas\/asatasaink\/dabas\/\" class=\"more-link\"><span class=\"screen-reader-text\">Dabas \u2013 Fels\u0151besny\u0151<\/span> b\u0151vebben&#8230; <span class=\"meta-nav\">&rarr;<\/span><\/a><\/p>\n","protected":false},"author":1,"featured_media":0,"parent":123,"menu_order":5,"comment_status":"closed","ping_status":"closed","template":"","meta":{"footnotes":""},"class_list":["post-138","page","type-page","status-publish","hentry"],"_links":{"self":[{"href":"https:\/\/regeszet.bibl.u-szeged.hu\/index.php\/wp-json\/wp\/v2\/pages\/138","targetHints":{"allow":["GET"]}}],"collection":[{"href":"https:\/\/regeszet.bibl.u-szeged.hu\/index.php\/wp-json\/wp\/v2\/pages"}],"about":[{"href":"https:\/\/regeszet.bibl.u-szeged.hu\/index.php\/wp-json\/wp\/v2\/types\/page"}],"author":[{"embeddable":true,"href":"https:\/\/regeszet.bibl.u-szeged.hu\/index.php\/wp-json\/wp\/v2\/users\/1"}],"replies":[{"embeddable":true,"href":"https:\/\/regeszet.bibl.u-szeged.hu\/index.php\/wp-json\/wp\/v2\/comments?post=138"}],"version-history":[{"count":3,"href":"https:\/\/regeszet.bibl.u-szeged.hu\/index.php\/wp-json\/wp\/v2\/pages\/138\/revisions"}],"predecessor-version":[{"id":1096,"href":"https:\/\/regeszet.bibl.u-szeged.hu\/index.php\/wp-json\/wp\/v2\/pages\/138\/revisions\/1096"}],"up":[{"embeddable":true,"href":"https:\/\/regeszet.bibl.u-szeged.hu\/index.php\/wp-json\/wp\/v2\/pages\/123"}],"wp:attachment":[{"href":"https:\/\/regeszet.bibl.u-szeged.hu\/index.php\/wp-json\/wp\/v2\/media?parent=138"}],"curies":[{"name":"wp","href":"https:\/\/api.w.org\/{rel}","templated":true}]}}