{"id":142,"date":"2017-11-22T08:56:27","date_gmt":"2017-11-22T07:56:27","guid":{"rendered":"http:\/\/regeszet.bibl.u-szeged.hu\/?page_id=142"},"modified":"2017-11-25T08:44:54","modified_gmt":"2017-11-25T07:44:54","slug":"tarpa","status":"publish","type":"page","link":"https:\/\/regeszet.bibl.u-szeged.hu\/index.php\/kutatas\/asatasaink\/tarpa\/","title":{"rendered":"Tarpa-Nagy-hegy"},"content":{"rendered":"<p>Tarpa Szabolcs-Szatm\u00e1r-Bereg megye keleti sz\u00e9l\u00e9n helyezkedik el, az ukr\u00e1n hat\u00e1r mellett.\u00a0 Az els\u0151 honfoglal\u00e1s kori s\u00edr 1975-ben l\u00e1tott napvil\u00e1got pince\u00e1s\u00e1s sor\u00e1n. A temetkez\u00e9s bord\u00e1snyak\u00fa ed\u00e9nyt, ez\u00fcst hajkarik\u00e1t, karperec t\u00f6red\u00e9keket, gy\u00f6ngy\u00f6ket, s tal\u00e1n kengyel maradv\u00e1nyait tartalmazta.\u00a0 A bejelent\u00e9st k\u00f6vet\u0151en a helysz\u00ednen a s\u00edrb\u00f3l m\u00e9g csizmavereteket gy\u0171jt\u00f6ttek \u00f6ssze. T\u00f6bb \u00e9vtizeddel k\u00e9s\u0151bb, 2012-ben ker\u00fclt sor az els\u0151 leletment\u0151 \u00e1sat\u00e1sra. A tansz\u00e9k\u00fcnk \u00e9s a J\u00f3sa Andr\u00e1s M\u00fazeum k\u00f6z\u00f6tt l\u00e9trej\u00f6tt meg\u00e1llapod\u00e1sa eredm\u00e9nyek\u00e9ppen hallgat\u00f3ink is bekapcsol\u00f3dtak a munk\u00e1latokba. A felt\u00e1r\u00e1st Jakab Attila vezette (r\u00e9g\u00e9sz, JAM), s egy tov\u00e1bbi, igen gazdag honfoglal\u00e1s kori s\u00edr ker\u00fclt napvil\u00e1gra: d\u00edszes aranyozott ez\u00fcstb\u0151l k\u00e9sz\u00fclt kant\u00e1rvereteivel, veretes \u00f6v\u00e9vel, lov\u00e1val eltemetett harcos nyugodott a s\u00edrban. A felt\u00e1r\u00e1s 2013-ban folytat\u00f3dott, melyen m\u00e1r tansz\u00e9k\u00fcnk hallgat\u00f3i is r\u00e9szt vettek.<\/p>\n<p>Az felt\u00e1r\u00e1s sor\u00e1n 3 honfoglal\u00e1s kor\u00e1ra keltezhet\u0151 temetkez\u00e9st t\u00e1rtak fel \u2013 az \u00e1sat\u00e1s ism\u00e9t Jakab Attila vezet\u00e9se alatt zajlott \u2013 melyek szint\u00e9n gazdag\u00edtott\u00e1k a Fels\u0151-Tisza vid\u00e9ki 10. sz\u00e1zadi leletanyag ismeret\u00e9t. A 3. sz\u00e1m\u00fa s\u00edrban kerevetre fektetett elhunyt fek\u00fcdt, a 4. temetkez\u00e9sbe t\u00f6bbek k\u00f6z\u00f6tt egy \u00f6vgarnit\u00far\u00e1t siker\u00fclt felt\u00e1rni. Az 5. temetkez\u00e9sben a halott mellkas\u00e1ra sarl\u00f3t helyeztek, tov\u00e1bb\u00e1 szably\u00e1j\u00e1t \u00e9s a ny\u00edltart\u00f3tegez\u00e9t is mell\u00e9 fektett\u00e9k. Az \u00e1sat\u00e1sr\u00f3l m\u00e1r egy r\u00f6vid \u00f6sszefoglal\u00f3 is sz\u00fcletett, mely <em>A honfoglal\u00f3k viselete<\/em> c. k\u00f6nyvben jelent meg 2014-ben.<\/p>\n<p>Andr\u00e1si R\u00e9ka<\/p>\n<p>&nbsp;<\/p>\n<p><a href=\"http:\/\/regeszet.bibl.u-szeged.hu\/wp-content\/uploads\/2017\/11\/66097_10151805032756509_1201776085_n.jpg\"><img loading=\"lazy\" decoding=\"async\" class=\"aligncenter wp-image-1110\" src=\"http:\/\/regeszet.bibl.u-szeged.hu\/wp-content\/uploads\/2017\/11\/66097_10151805032756509_1201776085_n.jpg\" alt=\"\" width=\"800\" height=\"600\" \/><\/a><\/p>\n<p><a href=\"http:\/\/regeszet.bibl.u-szeged.hu\/wp-content\/uploads\/2017\/11\/555500_10151817831376509_541793937_n.jpg\"><img loading=\"lazy\" decoding=\"async\" class=\"aligncenter wp-image-1111\" src=\"http:\/\/regeszet.bibl.u-szeged.hu\/wp-content\/uploads\/2017\/11\/555500_10151817831376509_541793937_n.jpg\" alt=\"\" width=\"800\" height=\"600\" \/><\/a><\/p>\n<p><a href=\"http:\/\/regeszet.bibl.u-szeged.hu\/wp-content\/uploads\/2017\/11\/946271_10151804979426509_552403638_n.jpg\"><img loading=\"lazy\" decoding=\"async\" class=\"aligncenter wp-image-1107\" src=\"http:\/\/regeszet.bibl.u-szeged.hu\/wp-content\/uploads\/2017\/11\/946271_10151804979426509_552403638_n.jpg\" alt=\"\" width=\"800\" height=\"598\" \/><\/a><\/p>\n<p><a href=\"http:\/\/regeszet.bibl.u-szeged.hu\/wp-content\/uploads\/2017\/11\/1000522_10151805033366509_323054429_n.jpg\"><img loading=\"lazy\" decoding=\"async\" class=\"aligncenter wp-image-1108\" src=\"http:\/\/regeszet.bibl.u-szeged.hu\/wp-content\/uploads\/2017\/11\/1000522_10151805033366509_323054429_n.jpg\" alt=\"\" width=\"800\" height=\"600\" \/><\/a><\/p>\n<p><a href=\"http:\/\/regeszet.bibl.u-szeged.hu\/wp-content\/uploads\/2017\/11\/10426153_10153463848051509_7805861561532893703_n-1.jpg\"><img loading=\"lazy\" decoding=\"async\" class=\"aligncenter wp-image-1109\" src=\"http:\/\/regeszet.bibl.u-szeged.hu\/wp-content\/uploads\/2017\/11\/10426153_10153463848051509_7805861561532893703_n-1.jpg\" alt=\"\" width=\"800\" height=\"600\" \/><\/a><\/p>\n","protected":false},"excerpt":{"rendered":"<p>Tarpa Szabolcs-Szatm\u00e1r-Bereg megye keleti sz\u00e9l\u00e9n helyezkedik el, az ukr\u00e1n hat\u00e1r mellett.\u00a0 Az els\u0151 honfoglal\u00e1s kori s\u00edr 1975-ben l\u00e1tott napvil\u00e1got pince\u00e1s\u00e1s sor\u00e1n. A temetkez\u00e9s bord\u00e1snyak\u00fa ed\u00e9nyt, ez\u00fcst hajkarik\u00e1t, karperec t\u00f6red\u00e9keket, gy\u00f6ngy\u00f6ket, s tal\u00e1n kengyel maradv\u00e1nyait tartalmazta.\u00a0 A bejelent\u00e9st k\u00f6vet\u0151en a helysz\u00ednen a s\u00edrb\u00f3l m\u00e9g csizmavereteket gy\u0171jt\u00f6ttek \u00f6ssze. T\u00f6bb \u00e9vtizeddel k\u00e9s\u0151bb, 2012-ben ker\u00fclt sor az els\u0151 leletment\u0151 &hellip; <a href=\"https:\/\/regeszet.bibl.u-szeged.hu\/index.php\/kutatas\/asatasaink\/tarpa\/\" class=\"more-link\"><span class=\"screen-reader-text\">Tarpa-Nagy-hegy<\/span> b\u0151vebben&#8230; <span class=\"meta-nav\">&rarr;<\/span><\/a><\/p>\n","protected":false},"author":1,"featured_media":0,"parent":123,"menu_order":7,"comment_status":"closed","ping_status":"closed","template":"","meta":{"footnotes":""},"class_list":["post-142","page","type-page","status-publish","hentry"],"_links":{"self":[{"href":"https:\/\/regeszet.bibl.u-szeged.hu\/index.php\/wp-json\/wp\/v2\/pages\/142","targetHints":{"allow":["GET"]}}],"collection":[{"href":"https:\/\/regeszet.bibl.u-szeged.hu\/index.php\/wp-json\/wp\/v2\/pages"}],"about":[{"href":"https:\/\/regeszet.bibl.u-szeged.hu\/index.php\/wp-json\/wp\/v2\/types\/page"}],"author":[{"embeddable":true,"href":"https:\/\/regeszet.bibl.u-szeged.hu\/index.php\/wp-json\/wp\/v2\/users\/1"}],"replies":[{"embeddable":true,"href":"https:\/\/regeszet.bibl.u-szeged.hu\/index.php\/wp-json\/wp\/v2\/comments?post=142"}],"version-history":[{"count":4,"href":"https:\/\/regeszet.bibl.u-szeged.hu\/index.php\/wp-json\/wp\/v2\/pages\/142\/revisions"}],"predecessor-version":[{"id":1113,"href":"https:\/\/regeszet.bibl.u-szeged.hu\/index.php\/wp-json\/wp\/v2\/pages\/142\/revisions\/1113"}],"up":[{"embeddable":true,"href":"https:\/\/regeszet.bibl.u-szeged.hu\/index.php\/wp-json\/wp\/v2\/pages\/123"}],"wp:attachment":[{"href":"https:\/\/regeszet.bibl.u-szeged.hu\/index.php\/wp-json\/wp\/v2\/media?parent=142"}],"curies":[{"name":"wp","href":"https:\/\/api.w.org\/{rel}","templated":true}]}}