{"id":150,"date":"2017-11-22T08:58:36","date_gmt":"2017-11-22T07:58:36","guid":{"rendered":"http:\/\/regeszet.bibl.u-szeged.hu\/?page_id=150"},"modified":"2017-11-25T08:47:14","modified_gmt":"2017-11-25T07:47:14","slug":"osregeszeti-kutatas","status":"publish","type":"page","link":"https:\/\/regeszet.bibl.u-szeged.hu\/index.php\/kutatas\/tudomanyos-programok\/osregeszeti-kutatas\/","title":{"rendered":"\u0150sr\u00e9g\u00e9szeti kutat\u00e1s"},"content":{"rendered":"<p>A k\u00e9pz\u00e9sben egy\u00fcttm\u0171k\u00f6d\u0151 partner\u00fcnk az SZTE F\u00f6ldtani \u00e9s \u0150sl\u00e9nytani Tansz\u00e9ke (S\u00fcmegi P\u00e1l: kutat\u00e1si ter\u00fclete a negyedid\u0151szak geol\u00f3gi\u00e1ja \u00e9s \u0151sk\u00f6rnyezettana, a r\u00e9g\u00e9szeti geol\u00f3gia, a r\u00e9g\u00e9szet \u00e9s a f\u00f6ldtudom\u00e1nyok kapcsolata). Geoarcheol\u00f3gia kieg\u00e9sz\u00edt\u0151 k\u00e9pz\u00e9s indult, \u00e9s doktori iskola m\u0171k\u00f6dik e t\u00e9mak\u00f6r\u00f6kben. Az \u00c1sv\u00e1ny-, K\u0151zettani \u00e9s Geok\u00e9miai Tansz\u00e9k \u00e1ltal 2008-ban beszerzett korszer\u0171 r\u00f6ntgenfluoreszcens berendez\u00e9s (XRF) kiv\u00e1l\u00f3an alkalmas r\u00e9g\u00e9szeti leletek, mint\u00e1k (els\u0151sorban f\u00e9mt\u00e1rgyak) kvalitat\u00edv-kvantitat\u00edv elemz\u00e9s\u00e9re. Szoros a kapcsolatunk az MTA Geok\u00e9miai Int\u00e9zet\u00e9vel, amely t\u00f6bb \u0151skoros szakdolgoz\u00f3nkat t\u00e1mogatta archeometriai vizsg\u00e1latokkal.<\/p>\n<p>Kulcs\u00e1r Val\u00e9ria az eur\u00e1zsiai steppei r\u00e9g\u00e9szet specialist\u00e1jak\u00e9nt kutatja a steppe vaskori kult\u00far\u00e1it.<\/p>\n<p><a href=\"http:\/\/regeszet.bibl.u-szeged.hu\/wp-content\/uploads\/2017\/11\/054.jpg\"><img loading=\"lazy\" decoding=\"async\" class=\"aligncenter wp-image-1114\" src=\"http:\/\/regeszet.bibl.u-szeged.hu\/wp-content\/uploads\/2017\/11\/054.jpg\" alt=\"\" width=\"800\" height=\"600\" \/><\/a><\/p>\n<p><a href=\"http:\/\/regeszet.bibl.u-szeged.hu\/wp-content\/uploads\/2017\/11\/115.jpg\"><img loading=\"lazy\" decoding=\"async\" class=\"aligncenter wp-image-1115\" src=\"http:\/\/regeszet.bibl.u-szeged.hu\/wp-content\/uploads\/2017\/11\/115.jpg\" alt=\"\" width=\"800\" height=\"600\" \/><\/a><\/p>\n","protected":false},"excerpt":{"rendered":"<p>A k\u00e9pz\u00e9sben egy\u00fcttm\u0171k\u00f6d\u0151 partner\u00fcnk az SZTE F\u00f6ldtani \u00e9s \u0150sl\u00e9nytani Tansz\u00e9ke (S\u00fcmegi P\u00e1l: kutat\u00e1si ter\u00fclete a negyedid\u0151szak geol\u00f3gi\u00e1ja \u00e9s \u0151sk\u00f6rnyezettana, a r\u00e9g\u00e9szeti geol\u00f3gia, a r\u00e9g\u00e9szet \u00e9s a f\u00f6ldtudom\u00e1nyok kapcsolata). Geoarcheol\u00f3gia kieg\u00e9sz\u00edt\u0151 k\u00e9pz\u00e9s indult, \u00e9s doktori iskola m\u0171k\u00f6dik e t\u00e9mak\u00f6r\u00f6kben. Az \u00c1sv\u00e1ny-, K\u0151zettani \u00e9s Geok\u00e9miai Tansz\u00e9k \u00e1ltal 2008-ban beszerzett korszer\u0171 r\u00f6ntgenfluoreszcens berendez\u00e9s (XRF) kiv\u00e1l\u00f3an alkalmas r\u00e9g\u00e9szeti leletek, &hellip; <a href=\"https:\/\/regeszet.bibl.u-szeged.hu\/index.php\/kutatas\/tudomanyos-programok\/osregeszeti-kutatas\/\" class=\"more-link\"><span class=\"screen-reader-text\">\u0150sr\u00e9g\u00e9szeti kutat\u00e1s<\/span> b\u0151vebben&#8230; <span class=\"meta-nav\">&rarr;<\/span><\/a><\/p>\n","protected":false},"author":1,"featured_media":0,"parent":125,"menu_order":1,"comment_status":"closed","ping_status":"closed","template":"","meta":{"footnotes":""},"class_list":["post-150","page","type-page","status-publish","hentry"],"_links":{"self":[{"href":"https:\/\/regeszet.bibl.u-szeged.hu\/index.php\/wp-json\/wp\/v2\/pages\/150","targetHints":{"allow":["GET"]}}],"collection":[{"href":"https:\/\/regeszet.bibl.u-szeged.hu\/index.php\/wp-json\/wp\/v2\/pages"}],"about":[{"href":"https:\/\/regeszet.bibl.u-szeged.hu\/index.php\/wp-json\/wp\/v2\/types\/page"}],"author":[{"embeddable":true,"href":"https:\/\/regeszet.bibl.u-szeged.hu\/index.php\/wp-json\/wp\/v2\/users\/1"}],"replies":[{"embeddable":true,"href":"https:\/\/regeszet.bibl.u-szeged.hu\/index.php\/wp-json\/wp\/v2\/comments?post=150"}],"version-history":[{"count":3,"href":"https:\/\/regeszet.bibl.u-szeged.hu\/index.php\/wp-json\/wp\/v2\/pages\/150\/revisions"}],"predecessor-version":[{"id":1117,"href":"https:\/\/regeszet.bibl.u-szeged.hu\/index.php\/wp-json\/wp\/v2\/pages\/150\/revisions\/1117"}],"up":[{"embeddable":true,"href":"https:\/\/regeszet.bibl.u-szeged.hu\/index.php\/wp-json\/wp\/v2\/pages\/125"}],"wp:attachment":[{"href":"https:\/\/regeszet.bibl.u-szeged.hu\/index.php\/wp-json\/wp\/v2\/media?parent=150"}],"curies":[{"name":"wp","href":"https:\/\/api.w.org\/{rel}","templated":true}]}}