{"id":152,"date":"2017-11-22T08:58:54","date_gmt":"2017-11-22T07:58:54","guid":{"rendered":"http:\/\/regeszet.bibl.u-szeged.hu\/?page_id=152"},"modified":"2017-11-25T08:49:41","modified_gmt":"2017-11-25T07:49:41","slug":"barbarikum-kutatas","status":"publish","type":"page","link":"https:\/\/regeszet.bibl.u-szeged.hu\/index.php\/kutatas\/tudomanyos-programok\/barbarikum-kutatas\/","title":{"rendered":"Barbarikum-kutat\u00e1s"},"content":{"rendered":"<p>A Szegedi Tudom\u00e1nyegyetem R\u00e9g\u00e9szeti Tansz\u00e9k\u00e9n hoztuk l\u00e9tre a K\u00e1rp\u00e1t-medencei barb\u00e1r kutat\u00e1s centrum\u00e1t. Az \u00e9vek \u00f3ta foly\u00f3 kutat\u00f3- \u00e9s oktat\u00f3 munka megteremtette egy szakmai egyes\u00fclet l\u00e9trehoz\u00e1s\u00e1nak alapj\u00e1t, amely Barbaricumi R\u00e9g\u00e9szeti T\u00e1rsas\u00e1g n\u00e9ven j\u00f6tt l\u00e9tre 2002-ben Szegeden 43 f\u0151s alap\u00edt\u00f3tags\u00e1ggal. Alap\u00edt\u00f3i R\u00e9g\u00e9szeti Tansz\u00e9k\u00fcnk tan\u00e1rai, B. T\u00f3th \u00c1gnes \u00e9s V\u00f6r\u00f6s Gabriella, valamint a Szegeden v\u00e9gzett, szakir\u00e1nyukat tekintve a Barbaricum t\u00f6rt\u00e9net\u00e9vel \u00e9s r\u00e9g\u00e9szeti hagyat\u00e9k\u00e1val foglalkoz\u00f3 szakemberek, akik az orsz\u00e1g k\u00fcl\u00f6nb\u00f6z\u0151 t\u00edpus\u00fa int\u00e9zm\u00e9nyeiben tev\u00e9kenykednek. N\u00e9h\u00e1ny \u00e9ve csatlakozott Kulcs\u00e1r Val\u00e9ria. A szervezet a Krisztus sz\u00fclet\u00e9se k\u00f6r\u00fcli id\u0151szakt\u00f3l az avar korig tart\u00f3 nagy korszak kutat\u00e1s\u00e1t v\u00e1llalta fel.\u00a0 A szervezet mind sokr\u00e9t\u0171bb\u00e9 v\u00e1lt, mivel tagjai k\u00f6zt ma m\u00e1r megtal\u00e1lhat\u00f3k neves kutat\u00f3k mellett az ELTE \u00e9s az SZTE r\u00e9g\u00e9szeti tansz\u00e9kein tanul\u00f3 hallgat\u00f3k is. A t\u00e1rsas\u00e1g 2002 \u00f3ta \u00f6n\u00e1ll\u00f3 kiadv\u00e1nyt adott ki Szegeden <em>Barbaricumi Szemle<\/em> c\u00edmen. \u00c9venk\u00e9nt konferenci\u00e1t szervezett, melynek anyag\u00e1t a fogad\u00f3 int\u00e9zm\u00e9ny jelentette meg (Orosh\u00e1za 2005, Kecskem\u00e9t 2011, Szeged, Szabadka: el\u0151k\u00e9sz\u00edt\u00e9s alatt). Fontos tov\u00e1bb\u00e1, hogy a T\u00e1rsas\u00e1g a kutat\u00e1sok \u00faj eredm\u00e9nyeit t\u00fckr\u00f6z\u0151, bemutat\u00f3 szakmai ki\u00e1ll\u00edt\u00e1sok sorozat\u00e1t is l\u00e9trehozta (Szentes: Keletr\u0151l j\u00f6tt n\u00e9pek Szentesen \u00e9s k\u00f6rny\u00e9k\u00e9n, Orosh\u00e1za: Szarmat\u00e1k a D\u00e9l-Alf\u00f6ld\u00f6n, Szeged: Barb\u00e1rok a R\u00f3mai Birodalom hat\u00e1rvid\u00e9k\u00e9n). A szegedi ki\u00e1ll\u00edt\u00e1ssal kapcsol\u00f3dott t\u00e1rsas\u00e1gunk a P\u00e9csett 2003 szeptember\u00e9ben megrendezett XIX. Nemzetk\u00f6zi Limes-kongresszushoz.<\/p>\n<p>B. T\u00f3th \u00c1gnes a K\u00e1rp\u00e1t-medencei germ\u00e1n eml\u00e9kanyag publik\u00e1l\u00e1s\u00e1ra B\u00f3na Istv\u00e1n professzor \u00e1ltal szervezett munkak\u00f6z\u00f6ss\u00e9g tagja az alap\u00edt\u00e1s \u00f3ta. E munkacsoport r\u00e9sztvev\u0151i \u00edrj\u00e1k a <em>Monumenta Germanorum Archaeologica Hungariae<\/em> k\u00f6teteit. E sorozat negyedik k\u00f6tete B. T\u00f3th \u00c1gnes monogr\u00e1fi\u00e1ja. B. T\u00f3th \u00c1gnes r\u00e9szt vett a 2009-ben H\u00f3dmez\u0151v\u00e1s\u00e1rhely-Gorzsa X. homokb\u00e1nya felt\u00e1r\u00e1s\u00e1n, ahol gepida telep\u00fcl\u00e9s is el\u0151ker\u00fclt. A leletek feldolgoz\u00e1sa folyamatban van.<\/p>\n<p>2013 \u00f3ta a szegedi R\u00e9g\u00e9szeti Tansz\u00e9k keretein bel\u00fcl folyik a Kulcs\u00e1r Val\u00e9ria \u00e9s Istv\u00e1novits Eszter (J\u00f3sa Andr\u00e1s M\u00fazeum, Ny\u00edregyh\u00e1za) vezet\u00e9s\u00e9vel elnyert <em>Szarmata temetkez\u00e9sek internetes adatb\u00e1zisa \u00e9s szeri\u00e1ci\u00f3ja<\/em> c\u00edm\u0171 OTKA p\u00e1ly\u00e1zat megval\u00f3s\u00edt\u00e1sa. Az egyetemen elhelyezett szerveren fut az on-line adatb\u00e1zis, amelybe a projekt r\u00e9sztvev\u0151i \u2013 kilenc, a korszakkal foglalkoz\u00f3 kutat\u00f3 (k\u00f6zt\u00fck r\u00e9gebben \u00e9s a k\u00f6zelm\u00faltban Tansz\u00e9k\u00fcnk\u00f6n v\u00e9gzett szakemberek) \u2013 t\u00f6lti fel temet\u0151felt\u00e1r\u00e1saival kapcsolatos adatokat az Egys\u00e9ges M\u00fazeumi Inform\u00e1ci\u00f3s Rendszerbe (EMIR). A p\u00e1ly\u00e1zat v\u00e9gs\u0151 c\u00e9lja egy olyan szeri\u00e1ci\u00f3s program l\u00e9trehoz\u00e1sa, amelynek seg\u00edts\u00e9g\u00e9vel tiszt\u00e1zhat\u00f3 a szarmata kor bels\u0151 kronol\u00f3gi\u00e1ja. Terveink szerint az adatb\u00e1zis \u00e9s a r\u00e1 \u00e9p\u00fcl\u0151 szeri\u00e1ci\u00f3 j\u00f3l hasznos\u00edthat\u00f3 lesz a j\u00f6v\u0151 r\u00e9g\u00e9szk\u00e9pz\u00e9s\u00e9ben is.<\/p>\n<p>Kulcs\u00e1r Val\u00e9ria k\u00fcl\u00f6n s\u00falyt helyez a nemzetk\u00f6zi kapcsolatok ki\u00e9p\u00edt\u00e9s\u00e9re, mind Keleten, mind Nyugaton (r\u00e9szv\u00e9tel konferenci\u00e1kon, tanulm\u00e1nyutakon, k\u00fclf\u00f6ldi el\u0151ad\u00f3k megh\u00edv\u00e1sa az Erasmus program kereteiben). Di\u00e1kokkal speci\u00e1lis tanulm\u00e1nyutat szervezett Aradra \u00e9s Marosv\u00e1s\u00e1rhelyre. Tan\u00edtv\u00e1nyai r\u00e9szt vesznek nemzetk\u00f6zi konferenci\u00e1kon.<\/p>\n","protected":false},"excerpt":{"rendered":"<p>A Szegedi Tudom\u00e1nyegyetem R\u00e9g\u00e9szeti Tansz\u00e9k\u00e9n hoztuk l\u00e9tre a K\u00e1rp\u00e1t-medencei barb\u00e1r kutat\u00e1s centrum\u00e1t. Az \u00e9vek \u00f3ta foly\u00f3 kutat\u00f3- \u00e9s oktat\u00f3 munka megteremtette egy szakmai egyes\u00fclet l\u00e9trehoz\u00e1s\u00e1nak alapj\u00e1t, amely Barbaricumi R\u00e9g\u00e9szeti T\u00e1rsas\u00e1g n\u00e9ven j\u00f6tt l\u00e9tre 2002-ben Szegeden 43 f\u0151s alap\u00edt\u00f3tags\u00e1ggal. Alap\u00edt\u00f3i R\u00e9g\u00e9szeti Tansz\u00e9k\u00fcnk tan\u00e1rai, B. T\u00f3th \u00c1gnes \u00e9s V\u00f6r\u00f6s Gabriella, valamint a Szegeden v\u00e9gzett, szakir\u00e1nyukat tekintve a &hellip; <a href=\"https:\/\/regeszet.bibl.u-szeged.hu\/index.php\/kutatas\/tudomanyos-programok\/barbarikum-kutatas\/\" class=\"more-link\"><span class=\"screen-reader-text\">Barbarikum-kutat\u00e1s<\/span> b\u0151vebben&#8230; <span class=\"meta-nav\">&rarr;<\/span><\/a><\/p>\n","protected":false},"author":1,"featured_media":0,"parent":125,"menu_order":2,"comment_status":"closed","ping_status":"closed","template":"","meta":{"footnotes":""},"class_list":["post-152","page","type-page","status-publish","hentry"],"_links":{"self":[{"href":"https:\/\/regeszet.bibl.u-szeged.hu\/index.php\/wp-json\/wp\/v2\/pages\/152","targetHints":{"allow":["GET"]}}],"collection":[{"href":"https:\/\/regeszet.bibl.u-szeged.hu\/index.php\/wp-json\/wp\/v2\/pages"}],"about":[{"href":"https:\/\/regeszet.bibl.u-szeged.hu\/index.php\/wp-json\/wp\/v2\/types\/page"}],"author":[{"embeddable":true,"href":"https:\/\/regeszet.bibl.u-szeged.hu\/index.php\/wp-json\/wp\/v2\/users\/1"}],"replies":[{"embeddable":true,"href":"https:\/\/regeszet.bibl.u-szeged.hu\/index.php\/wp-json\/wp\/v2\/comments?post=152"}],"version-history":[{"count":3,"href":"https:\/\/regeszet.bibl.u-szeged.hu\/index.php\/wp-json\/wp\/v2\/pages\/152\/revisions"}],"predecessor-version":[{"id":1119,"href":"https:\/\/regeszet.bibl.u-szeged.hu\/index.php\/wp-json\/wp\/v2\/pages\/152\/revisions\/1119"}],"up":[{"embeddable":true,"href":"https:\/\/regeszet.bibl.u-szeged.hu\/index.php\/wp-json\/wp\/v2\/pages\/125"}],"wp:attachment":[{"href":"https:\/\/regeszet.bibl.u-szeged.hu\/index.php\/wp-json\/wp\/v2\/media?parent=152"}],"curies":[{"name":"wp","href":"https:\/\/api.w.org\/{rel}","templated":true}]}}