{"id":154,"date":"2017-11-22T08:59:14","date_gmt":"2017-11-22T07:59:14","guid":{"rendered":"http:\/\/regeszet.bibl.u-szeged.hu\/?page_id=154"},"modified":"2017-11-25T08:50:56","modified_gmt":"2017-11-25T07:50:56","slug":"kozepkori-regeszeti-kutatas","status":"publish","type":"page","link":"https:\/\/regeszet.bibl.u-szeged.hu\/index.php\/kutatas\/tudomanyos-programok\/kozepkori-regeszeti-kutatas\/","title":{"rendered":"K\u00f6z\u00e9pkori r\u00e9g\u00e9szeti kutat\u00e1s"},"content":{"rendered":"<p>A k\u00f6z\u00e9pkori munkacsoport tev\u00e9kenys\u00e9g\u00e9nek legf\u0151bb ter\u00fcletei a honfoglal\u00e1s \u00e9s \u00e1llamalap\u00edt\u00e1s kori temet\u0151k, valamint a 10\u201313. sz\u00e1zadi telep\u00fcl\u00e9sek, f\u00f6ldv\u00e1rak \u00e9s az anyagi kult\u00fara kutat\u00e1sa. E t\u00e9m\u00e1kkal a munkacsoport munkat\u00e1rsai (Kov\u00e1cs L\u00e1szl\u00f3, R\u00e9v\u00e9sz L\u00e1szl\u00f3 \u00e9s Wolf M\u00e1ria) nemzetk\u00f6zi programokban vesznek r\u00e9szt. K\u00f6z\u00fcl\u00fck a legjelent\u0151sebb a mainzi R\u00f6misch-Germanisches Zentralmuseum \u00e1ltal koordin\u00e1lt, a b\u00e9csi egyetem r\u00e9g\u00e9szeti int\u00e9zete, valamint az MTA R\u00e9g\u00e9szeti Int\u00e9zete, a Szlov\u00e1k Tudom\u00e1nyos Akad\u00e9mia nyitrai R\u00e9g\u00e9szeti Int\u00e9zete, az MNM \u00e9s az SZTE R\u00e9g\u00e9szeti Tansz\u00e9ke r\u00e9szv\u00e9tel\u00e9vel ind\u00edtott projekt. Ennek els\u0151dleges c\u00e9lkit\u0171z\u00e9se a 10. sz\u00e1zadi vez\u00e9ri s\u00edrok \u00fajrafeldolgoz\u00e1sa \u00e9s \u00e9rt\u00e9kel\u00e9se, a 10. sz\u00e1zadi leletek kronol\u00f3gi\u00e1j\u00e1nak finom\u00edt\u00e1sa, valamint a k\u00f6z\u00e9p-eur\u00f3pai t\u00e9rs\u00e9g 10\u201311. sz\u00e1zadi f\u00f6ldv\u00e1rainak \u00e9s telep\u00fcl\u00e9seinek r\u00e9g\u00e9szeti, t\u00f6rt\u00e9neti f\u00f6ldrajzi k\u00f6rnyezet\u00e9nek vizsg\u00e1lata. Ennek keret\u00e9n bel\u00fcl elk\u00e9sz\u00fclt Wolf M\u00e1ria: <em>Der Burgwall von Borsod. Ein Komiteesitz aus der Zeit der Staatsgr\u00fcndung<\/em> c\u00edm\u0171 k\u00f6nyve, amely v\u00e1rhat\u00f3an 2014-ben jelenik meg a mainzi R\u00f6misch-Germanisches Zentralmuseum gondoz\u00e1s\u00e1ban, n\u00e9met nyelven.<\/p>\n<p>Tansz\u00e9k\u00fcnk k\u00e9t munkat\u00e1rsa, Kov\u00e1cs L\u00e1szl\u00f3 \u00e9s R\u00e9v\u00e9sz L\u00e1szl\u00f3, a sorozatszerkeszt\u0151i a <em>Magyarorsz\u00e1g 10\u201311. sz\u00e1zadi temet\u0151i, s\u00edr- \u00e9s kincsleletei<\/em> c\u00edm\u0171 korpusz-sorozatnak. Kov\u00e1cs L\u00e1szl\u00f3 v\u00e9gzi a honfoglal\u00e1s kori \u00e9s kora \u00c1rp\u00e1d-kori s\u00edrokban lelt \u00e9rm\u00e9k, valamint \u00e9remkincsek \u00f6sszegy\u0171jt\u00e9s\u00e9t, feldolgoz\u00e1s\u00e1t.<\/p>\n","protected":false},"excerpt":{"rendered":"<p>A k\u00f6z\u00e9pkori munkacsoport tev\u00e9kenys\u00e9g\u00e9nek legf\u0151bb ter\u00fcletei a honfoglal\u00e1s \u00e9s \u00e1llamalap\u00edt\u00e1s kori temet\u0151k, valamint a 10\u201313. sz\u00e1zadi telep\u00fcl\u00e9sek, f\u00f6ldv\u00e1rak \u00e9s az anyagi kult\u00fara kutat\u00e1sa. E t\u00e9m\u00e1kkal a munkacsoport munkat\u00e1rsai (Kov\u00e1cs L\u00e1szl\u00f3, R\u00e9v\u00e9sz L\u00e1szl\u00f3 \u00e9s Wolf M\u00e1ria) nemzetk\u00f6zi programokban vesznek r\u00e9szt. K\u00f6z\u00fcl\u00fck a legjelent\u0151sebb a mainzi R\u00f6misch-Germanisches Zentralmuseum \u00e1ltal koordin\u00e1lt, a b\u00e9csi egyetem r\u00e9g\u00e9szeti int\u00e9zete, valamint az &hellip; <a href=\"https:\/\/regeszet.bibl.u-szeged.hu\/index.php\/kutatas\/tudomanyos-programok\/kozepkori-regeszeti-kutatas\/\" class=\"more-link\"><span class=\"screen-reader-text\">K\u00f6z\u00e9pkori r\u00e9g\u00e9szeti kutat\u00e1s<\/span> b\u0151vebben&#8230; <span class=\"meta-nav\">&rarr;<\/span><\/a><\/p>\n","protected":false},"author":1,"featured_media":0,"parent":125,"menu_order":3,"comment_status":"closed","ping_status":"closed","template":"","meta":{"footnotes":""},"class_list":["post-154","page","type-page","status-publish","hentry"],"_links":{"self":[{"href":"https:\/\/regeszet.bibl.u-szeged.hu\/index.php\/wp-json\/wp\/v2\/pages\/154","targetHints":{"allow":["GET"]}}],"collection":[{"href":"https:\/\/regeszet.bibl.u-szeged.hu\/index.php\/wp-json\/wp\/v2\/pages"}],"about":[{"href":"https:\/\/regeszet.bibl.u-szeged.hu\/index.php\/wp-json\/wp\/v2\/types\/page"}],"author":[{"embeddable":true,"href":"https:\/\/regeszet.bibl.u-szeged.hu\/index.php\/wp-json\/wp\/v2\/users\/1"}],"replies":[{"embeddable":true,"href":"https:\/\/regeszet.bibl.u-szeged.hu\/index.php\/wp-json\/wp\/v2\/comments?post=154"}],"version-history":[{"count":2,"href":"https:\/\/regeszet.bibl.u-szeged.hu\/index.php\/wp-json\/wp\/v2\/pages\/154\/revisions"}],"predecessor-version":[{"id":1120,"href":"https:\/\/regeszet.bibl.u-szeged.hu\/index.php\/wp-json\/wp\/v2\/pages\/154\/revisions\/1120"}],"up":[{"embeddable":true,"href":"https:\/\/regeszet.bibl.u-szeged.hu\/index.php\/wp-json\/wp\/v2\/pages\/125"}],"wp:attachment":[{"href":"https:\/\/regeszet.bibl.u-szeged.hu\/index.php\/wp-json\/wp\/v2\/media?parent=154"}],"curies":[{"name":"wp","href":"https:\/\/api.w.org\/{rel}","templated":true}]}}