{"id":158,"date":"2017-11-22T08:59:48","date_gmt":"2017-11-22T07:59:48","guid":{"rendered":"http:\/\/regeszet.bibl.u-szeged.hu\/?page_id=158"},"modified":"2017-11-25T08:56:31","modified_gmt":"2017-11-25T07:56:31","slug":"ludasi-projekt","status":"publish","type":"page","link":"https:\/\/regeszet.bibl.u-szeged.hu\/index.php\/kutatas\/tudomanyos-programok\/ludasi-projekt\/","title":{"rendered":"Ludasi projekt"},"content":{"rendered":"<p><strong>A Ludasi\u2013t\u00f3 term\u00e9szeti rezerv\u00e1tum r\u00e9g\u00e9szeti topogr\u00e1fi\u00e1ja<\/strong><\/p>\n<p>A Ludasi-t\u00f3 a B\u00e1csk\u00e1nak jelenleg Szerbi\u00e1hoz tartoz\u00f3 r\u00e9sz\u00e9n, a valamikori Csongr\u00e1d \u00e9s B\u00e1cs-Bodrog v\u00e1rmegy\u00e9k hat\u00e1r\u00e1n, Szabadka \u00e9s Horgos k\u00f6z\u00f6tt tal\u00e1lhat\u00f3, a Duna-Tisza-k\u00f6z homokvid\u00e9ke \u00e9s a B\u00e1cskai l\u00f6szh\u00e1ts\u00e1g hat\u00e1rvonal\u00e1n fekszik.\u00a0 A t\u00f3 \u00e9s k\u00f6rny\u00e9ke 1955-t\u0151l \u00e1llami, 1977-t\u0151l pedig nemzetk\u00f6zi v\u00e9delem alatt \u00e1ll. A t\u00f3val egy\u00fctt 847 ha ter\u00fclet tartozik bele a t\u00e1jv\u00e9delmi k\u00f6rzetbe, amit egy 2002 ha ter\u00fclet\u0171 \u00fan. v\u00e9delmi z\u00f3na vesz k\u00f6r\u00fcl. A Ludasi-t\u00f3 \u00e9s k\u00f6rny\u00e9ke k\u00fcl\u00f6n mikror\u00e9gi\u00f3t k\u00e9pez a <em>Szabadka\u2013Horgosi homokpuszt\u00e1n<\/em>, a Duna\u00ad\u2013Tisza-k\u00f6zi homokh\u00e1ts\u00e1g \u00e9s a l\u00f6szh\u00e1ts\u00e1g tal\u00e1lkoz\u00e1si s\u00e1vj\u00e1ban. A k\u00e9t nagy foly\u00f3 v\u00f6lgy\u00e9t lesz\u00e1m\u00edtva t\u00e1gabb t\u00e9rs\u00e9gben a t\u00f3 k\u00f6zvetlen k\u00f6rny\u00e9ke a legalkalmasabb az emberi megteleped\u00e9sre, mind az ihat\u00f3 v\u00edz k\u00f6zels\u00e9ge (Ludasi-t\u00f3 \u00e9s K\u00f6r\u00f6s-\u00e9r, szemben a t\u00f6bbi, k\u00f6rny\u00e9kbeli tavak magas \u00e1sv\u00e1nyi s\u00f3 tartalm\u00e1val), mind pedig a megm\u0171velhet\u0151 f\u00f6ldter\u00fcletek tekintet\u00e9ben. Ezt t\u00e1masztja al\u00e1 a r\u00e9g\u00e9szeti lel\u0151helyek kimagasl\u00f3 sz\u00e1ma is.<\/p>\n<p>2010-t\u0151l a Szegedi Tudom\u00e1nyegyetem R\u00e9g\u00e9szeti Tansz\u00e9ke \u00e9s a Szabadkai V\u00e1rosi M\u00fazeum meg\u00e1llapod\u00e1sa \u00e9rtelm\u00e9ben a szegedi r\u00e9g\u00e9szhallgat\u00f3k megkezdt\u00e9k a kutat\u00e1st a Ludasi-t\u00f3 k\u00f6r\u00fcl. 2012 \u0151sz\u00e9ig els\u0151sorban a m\u00e1r ismert lel\u0151helyek leletanyag\u00e1nak a rendszerez\u00e9s\u00e9re ker\u00fclt sor. Ugyanez \u00e9v november\u00e9t\u0151l a r\u00e9g\u00e9szhallgat\u00f3k itt v\u00e9gzik a k\u00f6telez\u0151 tereptani gyakorlatukat, amelynek keret\u00e9ben elindult a term\u00e9szetv\u00e9delmi ter\u00fclet szisztematikus extenz\u00edv terepbej\u00e1r\u00e1sa.<\/p>\n<p>A terepbej\u00e1r\u00e1s sor\u00e1n a Ludasi-t\u00f3 k\u00f6r\u00fcli 1\u00ad\u20131,5 km sz\u00e9les s\u00e1vnak a vizsg\u00e1lata kezd\u0151d\u00f6tt meg. Az eddig terepi munk\u00e1k eredm\u00e9nyei is a mikror\u00e9gi\u00f3nak a kiemelt jelent\u0151s\u00e9g\u00e9t mutatj\u00e1k \u00c9sza\u2013B\u00e1cska ter\u00fclet\u00e9n a korai neolitikumt\u00f3l a k\u00f6z\u00e9pkor v\u00e9g\u00e9ig. \u00a0A kutat\u00e1s c\u00e9lja a t\u00f3 k\u00f6rny\u00e9k\u00e9nek az \u0151skort\u00f3l a kora \u00fajkorig terjed\u0151, minden korszakot fel\u00f6lel\u0151 elemz\u00e9se, amelyhez a terepi munk\u00e1k sor\u00e1n gy\u0171jt\u00f6tt adatok mellett a Szabadkai V\u00e1rosi M\u00fazeum innen sz\u00e1rmaz\u00f3 leletanyag\u00e1nak az \u00e1ttekint\u00e9se r\u00e9v\u00e9n ker\u00fcl majd sor.<\/p>\n<p>2013\u20132014-ben \u00f6sszesen 300,6 ha ter\u00fclet ker\u00fclt felt\u00e9rk\u00e9pez\u00e9sre, parcell\u00e1nk\u00e9nt, s\u00e1vos m\u00f3dszerrel. A Ludasi\u2013t\u00f3 k\u00f6zvetlen k\u00f6rny\u00e9k\u00e9n 60 lel\u0151hely-komplexumon bel\u00fcl 154 lel\u0151helyr\u0151l vannak adataink. Ezek k\u00f6z\u00fcl 13 lel\u0151hely-komplexum a terepi munk\u00e1k sor\u00e1n \u00fajonnan lett felfedezve, illetve a kor\u00e1bban ismertek k\u00f6z\u00fcl nyolcnak a hiteles\u00edt\u00e9se t\u00f6rt\u00e9nt meg. 39 lel\u0151helyet m\u00e9g nem siker\u00fclt hiteles\u00edteni, ezek k\u00f6z\u00fcl 34-nek ismert a hozz\u00e1vet\u0151leges helye. A munk\u00e1k sor\u00e1n el\u0151ker\u00fclt leletanyag meghat\u00e1roz\u00e1s\u00e1t \u00e9s keltez\u00e9s\u00e9t a Szegedi Tudom\u00e1nyegyetem R\u00e9g\u00e9szeti Tansz\u00e9k\u00e9nek az oktat\u00f3i v\u00e9gezt\u00e9k el. Eddigi topogr\u00e1fiai munk\u00e1k eredm\u00e9nyeib\u0151l h\u00e1rom alapszakos szakdolgozat k\u00e9sz\u00fclt.<\/p>\n<p>&nbsp;<\/p>\n<p><a href=\"http:\/\/regeszet.bibl.u-szeged.hu\/wp-content\/uploads\/2017\/11\/IMG_5323.jpg\"><img loading=\"lazy\" decoding=\"async\" class=\"aligncenter wp-image-1125\" src=\"http:\/\/regeszet.bibl.u-szeged.hu\/wp-content\/uploads\/2017\/11\/IMG_5323.jpg\" alt=\"\" width=\"800\" height=\"533\" \/><\/a><\/p>\n<p><a href=\"http:\/\/regeszet.bibl.u-szeged.hu\/wp-content\/uploads\/2017\/11\/IMG_5391.jpg\"><img loading=\"lazy\" decoding=\"async\" class=\"aligncenter wp-image-1126\" src=\"http:\/\/regeszet.bibl.u-szeged.hu\/wp-content\/uploads\/2017\/11\/IMG_5391.jpg\" alt=\"\" width=\"800\" height=\"533\" \/><\/a><\/p>\n<p><a href=\"http:\/\/regeszet.bibl.u-szeged.hu\/wp-content\/uploads\/2017\/11\/IMG_5444.jpg\"><img loading=\"lazy\" decoding=\"async\" class=\"aligncenter wp-image-1127\" src=\"http:\/\/regeszet.bibl.u-szeged.hu\/wp-content\/uploads\/2017\/11\/IMG_5444.jpg\" alt=\"\" width=\"800\" height=\"533\" \/><\/a><\/p>\n","protected":false},"excerpt":{"rendered":"<p>A Ludasi\u2013t\u00f3 term\u00e9szeti rezerv\u00e1tum r\u00e9g\u00e9szeti topogr\u00e1fi\u00e1ja A Ludasi-t\u00f3 a B\u00e1csk\u00e1nak jelenleg Szerbi\u00e1hoz tartoz\u00f3 r\u00e9sz\u00e9n, a valamikori Csongr\u00e1d \u00e9s B\u00e1cs-Bodrog v\u00e1rmegy\u00e9k hat\u00e1r\u00e1n, Szabadka \u00e9s Horgos k\u00f6z\u00f6tt tal\u00e1lhat\u00f3, a Duna-Tisza-k\u00f6z homokvid\u00e9ke \u00e9s a B\u00e1cskai l\u00f6szh\u00e1ts\u00e1g hat\u00e1rvonal\u00e1n fekszik.\u00a0 A t\u00f3 \u00e9s k\u00f6rny\u00e9ke 1955-t\u0151l \u00e1llami, 1977-t\u0151l pedig nemzetk\u00f6zi v\u00e9delem alatt \u00e1ll. A t\u00f3val egy\u00fctt 847 ha ter\u00fclet tartozik bele &hellip; <a href=\"https:\/\/regeszet.bibl.u-szeged.hu\/index.php\/kutatas\/tudomanyos-programok\/ludasi-projekt\/\" class=\"more-link\"><span class=\"screen-reader-text\">Ludasi projekt<\/span> b\u0151vebben&#8230; <span class=\"meta-nav\">&rarr;<\/span><\/a><\/p>\n","protected":false},"author":1,"featured_media":0,"parent":125,"menu_order":5,"comment_status":"closed","ping_status":"closed","template":"","meta":{"footnotes":""},"class_list":["post-158","page","type-page","status-publish","hentry"],"_links":{"self":[{"href":"https:\/\/regeszet.bibl.u-szeged.hu\/index.php\/wp-json\/wp\/v2\/pages\/158","targetHints":{"allow":["GET"]}}],"collection":[{"href":"https:\/\/regeszet.bibl.u-szeged.hu\/index.php\/wp-json\/wp\/v2\/pages"}],"about":[{"href":"https:\/\/regeszet.bibl.u-szeged.hu\/index.php\/wp-json\/wp\/v2\/types\/page"}],"author":[{"embeddable":true,"href":"https:\/\/regeszet.bibl.u-szeged.hu\/index.php\/wp-json\/wp\/v2\/users\/1"}],"replies":[{"embeddable":true,"href":"https:\/\/regeszet.bibl.u-szeged.hu\/index.php\/wp-json\/wp\/v2\/comments?post=158"}],"version-history":[{"count":5,"href":"https:\/\/regeszet.bibl.u-szeged.hu\/index.php\/wp-json\/wp\/v2\/pages\/158\/revisions"}],"predecessor-version":[{"id":1129,"href":"https:\/\/regeszet.bibl.u-szeged.hu\/index.php\/wp-json\/wp\/v2\/pages\/158\/revisions\/1129"}],"up":[{"embeddable":true,"href":"https:\/\/regeszet.bibl.u-szeged.hu\/index.php\/wp-json\/wp\/v2\/pages\/125"}],"wp:attachment":[{"href":"https:\/\/regeszet.bibl.u-szeged.hu\/index.php\/wp-json\/wp\/v2\/media?parent=158"}],"curies":[{"name":"wp","href":"https:\/\/api.w.org\/{rel}","templated":true}]}}