{"id":160,"date":"2017-11-22T09:00:45","date_gmt":"2017-11-22T08:00:45","guid":{"rendered":"http:\/\/regeszet.bibl.u-szeged.hu\/?page_id=160"},"modified":"2017-11-25T09:18:13","modified_gmt":"2017-11-25T08:18:13","slug":"komplex-geokronologiai-es-geofizikai-laboratoriumok-fejlesztese","status":"publish","type":"page","link":"https:\/\/regeszet.bibl.u-szeged.hu\/index.php\/kutatas\/tudomanyos-programok\/komplex-geokronologiai-es-geofizikai-laboratoriumok-fejlesztese\/","title":{"rendered":"Komplex geokronol\u00f3giai \u00e9s geofizikai laborat\u00f3riumok fejleszt\u00e9se"},"content":{"rendered":"<p><strong>Geokronol\u00f3giai laborat\u00f3rium \u00e9s geofizikai eszk\u00f6zpark<\/strong><\/p>\n<p>A \u201eKomplex geokronol\u00f3giai laborat\u00f3rium \u00e9s geofizikai eszk\u00f6zpark l\u00e9tes\u00edt\u00e9se \u00f6r\u00f6ks\u00e9gv\u00e9delmi \u00e9s k\u00f6rnyezeti kutat\u00e1sok t\u00e1mogat\u00e1s\u00e1hoz\u201d c\u00edm\u0171 projekt a Magyarorsz\u00e1g-Rom\u00e1nia Hat\u00e1ron \u00c1tny\u00fal\u00f3 Egy\u00fcttm\u0171k\u00f6d\u00e9si Program 2007-2013 (HURO\/1101\/126\/2.2.1) keret\u00e9ben val\u00f3sult meg a szegedi \u00e9s a temesv\u00e1ri egyetem egy\u00fcttm\u0171k\u00f6d\u00e9s\u00e9ben. A projekt f\u0151 c\u00e9lja egy olyan kutat\u00e1si infrastrukt\u00fara l\u00e9trehoz\u00e1sa volt, amely sz\u00e1mos, els\u0151sorban \u00f6r\u00f6ks\u00e9gv\u00e9delmi \u00e9s k\u00f6rnyezeti\/f\u00f6ldtudom\u00e1nyi c\u00e9lzat\u00fa sek\u00e9ly-geofizikai \u00e9s geokronol\u00f3giai kutat\u00e1s h\u00e1tter\u00e9t teremti meg. A fejleszt\u00e9s keret\u00e9ben 2012 \u00e9s 2014 k\u00f6z\u00f6tt kialak\u00edtott geokronol\u00f3giai laborat\u00f3riumnak (radiokarbon kormeghat\u00e1roz\u00f3 laborat\u00f3rium, lumineszcens kormeghat\u00e1roz\u00f3 laborat\u00f3rium b\u0151v\u00edt\u00e9se) a Szegedi Tudom\u00e1nyegyetem, m\u00edg a geofizikai eszk\u00f6zparknak (geom\u00e1gneses \u00e9s geoelektromos m\u00e9r\u0151rendszer, talajradar) a Temesv\u00e1ri Nyugati Egyetem ad otthont. A geokronol\u00f3giai laborok \u00e9s a geofizikai eszk\u00f6zpark be\u00fczemel\u00e9se \u00e9s tesztel\u00e9se sor\u00e1n 50 lel\u0151hely terepi m\u0171szeres vizsg\u00e1lata \u00e9s 200 r\u00e9g\u00e9szeti minta korhat\u00e1roz\u00e1sa t\u00f6rt\u00e9nt meg. A magyarorsz\u00e1gi lel\u0151helyek \u00e9s mint\u00e1k vizsg\u00e1lat\u00e1nak r\u00e9g\u00e9szeti el\u0151k\u00e9sz\u00edt\u00e9s\u00e9t, koordin\u00e1l\u00e1s\u00e1t \u00e9s az eredm\u00e9nyek ki\u00e9rt\u00e9kel\u00e9s\u00e9t tansz\u00e9k\u00fcnk munkat\u00e1rsai v\u00e9gezt\u00e9k el.<\/p>\n<p>Tov\u00e1bbi inform\u00e1ci\u00f3: <a href=\"http:\/\/www.geo.u-szeged.hu\/enviarch\/?q=hu\" target=\"_blank\" rel=\"noopener\">http:\/\/www.geo.u-szeged.hu\/enviarch\/?q=hu<\/a><\/p>\n<p><a href=\"http:\/\/regeszet.bibl.u-szeged.hu\/wp-content\/uploads\/2017\/11\/030.jpg\"><img loading=\"lazy\" decoding=\"async\" class=\"aligncenter wp-image-1131\" src=\"http:\/\/regeszet.bibl.u-szeged.hu\/wp-content\/uploads\/2017\/11\/030.jpg\" alt=\"\" width=\"800\" height=\"600\" \/><\/a><\/p>\n<p><a href=\"http:\/\/regeszet.bibl.u-szeged.hu\/wp-content\/uploads\/2017\/11\/036.jpg\"><img loading=\"lazy\" decoding=\"async\" class=\"aligncenter wp-image-1132\" src=\"http:\/\/regeszet.bibl.u-szeged.hu\/wp-content\/uploads\/2017\/11\/036.jpg\" alt=\"\" width=\"800\" height=\"600\" \/><\/a><\/p>\n<p><a href=\"http:\/\/regeszet.bibl.u-szeged.hu\/wp-content\/uploads\/2017\/11\/P4248565.jpg\"><img loading=\"lazy\" decoding=\"async\" class=\"size-full wp-image-1133 aligncenter\" src=\"http:\/\/regeszet.bibl.u-szeged.hu\/wp-content\/uploads\/2017\/11\/P4248565.jpg\" alt=\"\" width=\"800\" height=\"600\" \/><\/a><\/p>\n","protected":false},"excerpt":{"rendered":"<p>Geokronol\u00f3giai laborat\u00f3rium \u00e9s geofizikai eszk\u00f6zpark A \u201eKomplex geokronol\u00f3giai laborat\u00f3rium \u00e9s geofizikai eszk\u00f6zpark l\u00e9tes\u00edt\u00e9se \u00f6r\u00f6ks\u00e9gv\u00e9delmi \u00e9s k\u00f6rnyezeti kutat\u00e1sok t\u00e1mogat\u00e1s\u00e1hoz\u201d c\u00edm\u0171 projekt a Magyarorsz\u00e1g-Rom\u00e1nia Hat\u00e1ron \u00c1tny\u00fal\u00f3 Egy\u00fcttm\u0171k\u00f6d\u00e9si Program 2007-2013 (HURO\/1101\/126\/2.2.1) keret\u00e9ben val\u00f3sult meg a szegedi \u00e9s a temesv\u00e1ri egyetem egy\u00fcttm\u0171k\u00f6d\u00e9s\u00e9ben. A projekt f\u0151 c\u00e9lja egy olyan kutat\u00e1si infrastrukt\u00fara l\u00e9trehoz\u00e1sa volt, amely sz\u00e1mos, els\u0151sorban \u00f6r\u00f6ks\u00e9gv\u00e9delmi \u00e9s k\u00f6rnyezeti\/f\u00f6ldtudom\u00e1nyi c\u00e9lzat\u00fa &hellip; <a href=\"https:\/\/regeszet.bibl.u-szeged.hu\/index.php\/kutatas\/tudomanyos-programok\/komplex-geokronologiai-es-geofizikai-laboratoriumok-fejlesztese\/\" class=\"more-link\"><span class=\"screen-reader-text\">Komplex geokronol\u00f3giai \u00e9s geofizikai laborat\u00f3riumok fejleszt\u00e9se<\/span> b\u0151vebben&#8230; <span class=\"meta-nav\">&rarr;<\/span><\/a><\/p>\n","protected":false},"author":1,"featured_media":0,"parent":125,"menu_order":6,"comment_status":"closed","ping_status":"closed","template":"","meta":{"footnotes":""},"class_list":["post-160","page","type-page","status-publish","hentry"],"_links":{"self":[{"href":"https:\/\/regeszet.bibl.u-szeged.hu\/index.php\/wp-json\/wp\/v2\/pages\/160","targetHints":{"allow":["GET"]}}],"collection":[{"href":"https:\/\/regeszet.bibl.u-szeged.hu\/index.php\/wp-json\/wp\/v2\/pages"}],"about":[{"href":"https:\/\/regeszet.bibl.u-szeged.hu\/index.php\/wp-json\/wp\/v2\/types\/page"}],"author":[{"embeddable":true,"href":"https:\/\/regeszet.bibl.u-szeged.hu\/index.php\/wp-json\/wp\/v2\/users\/1"}],"replies":[{"embeddable":true,"href":"https:\/\/regeszet.bibl.u-szeged.hu\/index.php\/wp-json\/wp\/v2\/comments?post=160"}],"version-history":[{"count":4,"href":"https:\/\/regeszet.bibl.u-szeged.hu\/index.php\/wp-json\/wp\/v2\/pages\/160\/revisions"}],"predecessor-version":[{"id":1135,"href":"https:\/\/regeszet.bibl.u-szeged.hu\/index.php\/wp-json\/wp\/v2\/pages\/160\/revisions\/1135"}],"up":[{"embeddable":true,"href":"https:\/\/regeszet.bibl.u-szeged.hu\/index.php\/wp-json\/wp\/v2\/pages\/125"}],"wp:attachment":[{"href":"https:\/\/regeszet.bibl.u-szeged.hu\/index.php\/wp-json\/wp\/v2\/media?parent=160"}],"curies":[{"name":"wp","href":"https:\/\/api.w.org\/{rel}","templated":true}]}}