{"id":164,"date":"2017-11-22T09:01:45","date_gmt":"2017-11-22T08:01:45","guid":{"rendered":"http:\/\/regeszet.bibl.u-szeged.hu\/?page_id=164"},"modified":"2017-11-25T09:22:16","modified_gmt":"2017-11-25T08:22:16","slug":"szarmata-temetkezesek-internetes-adatbazisa","status":"publish","type":"page","link":"https:\/\/regeszet.bibl.u-szeged.hu\/index.php\/kutatas\/tudomanyos-programok\/szarmata-temetkezesek-internetes-adatbazisa\/","title":{"rendered":"Szarmata temetkez\u00e9sek internetes adatb\u00e1zisa \u00e9s szeri\u00e1ci\u00f3ja"},"content":{"rendered":"<p>A <em>Szarmata temetkez\u00e9sek internetes adatb\u00e1zisa \u00e9s szeri\u00e1ci\u00f3ja<\/em> c. OTKA 104980 sz\u00e1m\u00fa p\u00e1ly\u00e1zatban (vezet\u0151 kutat\u00f3k: Kulcs\u00e1r Val\u00e9ria, Istv\u00e1novits Eszter) a szakter\u00fclet 7 r\u00e9g\u00e9sze vesz r\u00e9szt. A 2013 \u00e9s 2016 k\u00f6z\u00f6tt zajl\u00f3 projekt keret\u00e9ben szarmata temet\u0151k objektumainak \u00e9s leletanyag\u00e1nak adatait vissz\u00fck fel egy internetes on-line adatb\u00e1zisba (EMIR= Egys\u00e9ges M\u00fazeumi Inform\u00e1ci\u00f3s Rendszer), amelynek rendszer\u00e9t a Pazirik Kft informatikusaival k\u00f6z\u00f6sen alak\u00edtottuk ki. A munka c\u00e9lja egy olyan szeri\u00e1ci\u00f3s sziszt\u00e9ma megteremt\u00e9se, amelynek seg\u00edts\u00e9g\u00e9vel v\u00e1laszt kaphatunk a cs\u00e1sz\u00e1rkori szarmata Barbaricum bels\u0151 kronol\u00f3gi\u00e1j\u00e1nak eddig elhanyagolt k\u00e9rd\u00e9seire. Jelenleg 56 lel\u0151hely 2230 objektum\u00e1nak 10290 lelete szerepel az adatb\u00e1zisban \u00f6sszesen 20007 csatolt dokumentummal (fot\u00f3, rajz). Megkezd\u0151d\u00f6tt a szeri\u00e1liz\u00e1ci\u00f3s program futtat\u00e1sa. A projekt keret\u00e9ben eddig megsz\u00fcletett k\u00f6zlem\u00e9nyek nagy r\u00e9sze (8) sajt\u00f3 alatt van, 2 megjelent. A programr\u00f3l 2 el\u0151ad\u00e1s hangzott el az SZTE-n (MA-s r\u00e9g\u00e9szhallgat\u00f3k; doktori iskol\u00e1s r\u00e9g\u00e9szek sz\u00e1m\u00e1ra).<\/p>\n","protected":false},"excerpt":{"rendered":"<p>A Szarmata temetkez\u00e9sek internetes adatb\u00e1zisa \u00e9s szeri\u00e1ci\u00f3ja c. OTKA 104980 sz\u00e1m\u00fa p\u00e1ly\u00e1zatban (vezet\u0151 kutat\u00f3k: Kulcs\u00e1r Val\u00e9ria, Istv\u00e1novits Eszter) a szakter\u00fclet 7 r\u00e9g\u00e9sze vesz r\u00e9szt. A 2013 \u00e9s 2016 k\u00f6z\u00f6tt zajl\u00f3 projekt keret\u00e9ben szarmata temet\u0151k objektumainak \u00e9s leletanyag\u00e1nak adatait vissz\u00fck fel egy internetes on-line adatb\u00e1zisba (EMIR= Egys\u00e9ges M\u00fazeumi Inform\u00e1ci\u00f3s Rendszer), amelynek rendszer\u00e9t a Pazirik Kft informatikusaival &hellip; <a href=\"https:\/\/regeszet.bibl.u-szeged.hu\/index.php\/kutatas\/tudomanyos-programok\/szarmata-temetkezesek-internetes-adatbazisa\/\" class=\"more-link\"><span class=\"screen-reader-text\">Szarmata temetkez\u00e9sek internetes adatb\u00e1zisa \u00e9s szeri\u00e1ci\u00f3ja<\/span> b\u0151vebben&#8230; <span class=\"meta-nav\">&rarr;<\/span><\/a><\/p>\n","protected":false},"author":1,"featured_media":0,"parent":125,"menu_order":8,"comment_status":"closed","ping_status":"closed","template":"","meta":{"footnotes":""},"class_list":["post-164","page","type-page","status-publish","hentry"],"_links":{"self":[{"href":"https:\/\/regeszet.bibl.u-szeged.hu\/index.php\/wp-json\/wp\/v2\/pages\/164","targetHints":{"allow":["GET"]}}],"collection":[{"href":"https:\/\/regeszet.bibl.u-szeged.hu\/index.php\/wp-json\/wp\/v2\/pages"}],"about":[{"href":"https:\/\/regeszet.bibl.u-szeged.hu\/index.php\/wp-json\/wp\/v2\/types\/page"}],"author":[{"embeddable":true,"href":"https:\/\/regeszet.bibl.u-szeged.hu\/index.php\/wp-json\/wp\/v2\/users\/1"}],"replies":[{"embeddable":true,"href":"https:\/\/regeszet.bibl.u-szeged.hu\/index.php\/wp-json\/wp\/v2\/comments?post=164"}],"version-history":[{"count":2,"href":"https:\/\/regeszet.bibl.u-szeged.hu\/index.php\/wp-json\/wp\/v2\/pages\/164\/revisions"}],"predecessor-version":[{"id":1138,"href":"https:\/\/regeszet.bibl.u-szeged.hu\/index.php\/wp-json\/wp\/v2\/pages\/164\/revisions\/1138"}],"up":[{"embeddable":true,"href":"https:\/\/regeszet.bibl.u-szeged.hu\/index.php\/wp-json\/wp\/v2\/pages\/125"}],"wp:attachment":[{"href":"https:\/\/regeszet.bibl.u-szeged.hu\/index.php\/wp-json\/wp\/v2\/media?parent=164"}],"curies":[{"name":"wp","href":"https:\/\/api.w.org\/{rel}","templated":true}]}}