{"id":174,"date":"2017-11-22T09:03:48","date_gmt":"2017-11-22T08:03:48","guid":{"rendered":"http:\/\/regeszet.bibl.u-szeged.hu\/?page_id=174"},"modified":"2017-11-25T09:56:33","modified_gmt":"2017-11-25T08:56:33","slug":"tdk-otdk","status":"publish","type":"page","link":"https:\/\/regeszet.bibl.u-szeged.hu\/index.php\/tehetseggondozas\/tdk-otdk\/","title":{"rendered":"TDK\/OTDK"},"content":{"rendered":"<p>A k\u00e9t\u00e9vente megrendezett OTDK-\u00e1k k\u00f6z\u00f6tti f\u00e9l\u00e9vekben rendezz\u00fck meg a helyi, tansz\u00e9ki TDK-konferenci\u00e1inkat, ezekhez kapcsol\u00f3dik az OTDK-\u00e1n indul\u00f3 hallgat\u00f3ink felk\u00e9sz\u00edt\u00e9se. Az ut\u00f3bbi \u00e9vekben magas sz\u00e1mar\u00e1nyban k\u00e9pviselik magukat di\u00e1kjaink az OTDK-\u00e1n, \u00e9s jelent\u0151s sikereket \u00e9rnek el.<\/p>\n","protected":false},"excerpt":{"rendered":"<p>A k\u00e9t\u00e9vente megrendezett OTDK-\u00e1k k\u00f6z\u00f6tti f\u00e9l\u00e9vekben rendezz\u00fck meg a helyi, tansz\u00e9ki TDK-konferenci\u00e1inkat, ezekhez kapcsol\u00f3dik az OTDK-\u00e1n indul\u00f3 hallgat\u00f3ink felk\u00e9sz\u00edt\u00e9se. Az ut\u00f3bbi \u00e9vekben magas sz\u00e1mar\u00e1nyban k\u00e9pviselik magukat di\u00e1kjaink az OTDK-\u00e1n, \u00e9s jelent\u0151s sikereket \u00e9rnek el.<\/p>\n","protected":false},"author":1,"featured_media":0,"parent":49,"menu_order":1,"comment_status":"closed","ping_status":"closed","template":"","meta":{"footnotes":""},"class_list":["post-174","page","type-page","status-publish","hentry"],"_links":{"self":[{"href":"https:\/\/regeszet.bibl.u-szeged.hu\/index.php\/wp-json\/wp\/v2\/pages\/174","targetHints":{"allow":["GET"]}}],"collection":[{"href":"https:\/\/regeszet.bibl.u-szeged.hu\/index.php\/wp-json\/wp\/v2\/pages"}],"about":[{"href":"https:\/\/regeszet.bibl.u-szeged.hu\/index.php\/wp-json\/wp\/v2\/types\/page"}],"author":[{"embeddable":true,"href":"https:\/\/regeszet.bibl.u-szeged.hu\/index.php\/wp-json\/wp\/v2\/users\/1"}],"replies":[{"embeddable":true,"href":"https:\/\/regeszet.bibl.u-szeged.hu\/index.php\/wp-json\/wp\/v2\/comments?post=174"}],"version-history":[{"count":2,"href":"https:\/\/regeszet.bibl.u-szeged.hu\/index.php\/wp-json\/wp\/v2\/pages\/174\/revisions"}],"predecessor-version":[{"id":1176,"href":"https:\/\/regeszet.bibl.u-szeged.hu\/index.php\/wp-json\/wp\/v2\/pages\/174\/revisions\/1176"}],"up":[{"embeddable":true,"href":"https:\/\/regeszet.bibl.u-szeged.hu\/index.php\/wp-json\/wp\/v2\/pages\/49"}],"wp:attachment":[{"href":"https:\/\/regeszet.bibl.u-szeged.hu\/index.php\/wp-json\/wp\/v2\/media?parent=174"}],"curies":[{"name":"wp","href":"https:\/\/api.w.org\/{rel}","templated":true}]}}