{"id":176,"date":"2017-11-22T09:04:01","date_gmt":"2017-11-22T08:04:01","guid":{"rendered":"http:\/\/regeszet.bibl.u-szeged.hu\/?page_id=176"},"modified":"2024-02-16T15:34:30","modified_gmt":"2024-02-16T14:34:30","slug":"erasmus","status":"publish","type":"page","link":"https:\/\/regeszet.bibl.u-szeged.hu\/index.php\/tehetseggondozas\/erasmus\/","title":{"rendered":"Erasmus-program"},"content":{"rendered":"<p>A tansz\u00e9k az Erasmus-program keret\u00e9ben 2009-ben k\u00f6t\u00f6tt szerz\u0151d\u00e9st a Torin\u00f3i Egyetemmel (Universit\u00e1 degli Studi di Torino), melynek sor\u00e1n oktat\u00f3k \u00e9s hallgat\u00f3k cser\u00e9j\u00e9re ny\u00edlik lehet\u0151s\u00e9g.<\/p>\n<p>A kolozsv\u00e1ri Babe\u015f-Bolyai Tudom\u00e1nyegyetemmel k\u00f6t\u00f6tt szerz\u0151d\u00e9s keret\u00e9ben tansz\u00e9k\u00fcnk hallgat\u00f3inak lehet\u0151s\u00e9ge van tanulm\u00e1nyaik b\u0151v\u00edt\u00e9s\u00e9re Kolozsv\u00e1ron, illetve kolozsv\u00e1ri hallgat\u00f3k jelenleg is r\u00e9szt vesznek a szegedi k\u00e9pz\u00e9sben.<\/p>\n<p>A mainzi Johannes Gutenberg-Universit\u00e4t-el 2013-t\u00f3l \u00e9l a szerz\u0151d\u00e9s\u00fcnk.<\/p>\n<p>B\u0151vebb inform\u00e1ci\u00f3: Felf\u00f6ldi Szabolcs &#8211; sz.felfoldi@gmail.com<\/p>\n","protected":false},"excerpt":{"rendered":"<p>A tansz\u00e9k az Erasmus-program keret\u00e9ben 2009-ben k\u00f6t\u00f6tt szerz\u0151d\u00e9st a Torin\u00f3i Egyetemmel (Universit\u00e1 degli Studi di Torino), melynek sor\u00e1n oktat\u00f3k \u00e9s hallgat\u00f3k cser\u00e9j\u00e9re ny\u00edlik lehet\u0151s\u00e9g. A kolozsv\u00e1ri Babe\u015f-Bolyai Tudom\u00e1nyegyetemmel k\u00f6t\u00f6tt szerz\u0151d\u00e9s keret\u00e9ben tansz\u00e9k\u00fcnk hallgat\u00f3inak lehet\u0151s\u00e9ge van tanulm\u00e1nyaik b\u0151v\u00edt\u00e9s\u00e9re Kolozsv\u00e1ron, illetve kolozsv\u00e1ri hallgat\u00f3k jelenleg is r\u00e9szt vesznek a szegedi k\u00e9pz\u00e9sben. A mainzi Johannes Gutenberg-Universit\u00e4t-el 2013-t\u00f3l \u00e9l a &hellip; <a href=\"https:\/\/regeszet.bibl.u-szeged.hu\/index.php\/tehetseggondozas\/erasmus\/\" class=\"more-link\"><span class=\"screen-reader-text\">Erasmus-program<\/span> b\u0151vebben&#8230; <span class=\"meta-nav\">&rarr;<\/span><\/a><\/p>\n","protected":false},"author":1,"featured_media":0,"parent":49,"menu_order":2,"comment_status":"closed","ping_status":"closed","template":"","meta":{"footnotes":""},"class_list":["post-176","page","type-page","status-publish","hentry"],"_links":{"self":[{"href":"https:\/\/regeszet.bibl.u-szeged.hu\/index.php\/wp-json\/wp\/v2\/pages\/176","targetHints":{"allow":["GET"]}}],"collection":[{"href":"https:\/\/regeszet.bibl.u-szeged.hu\/index.php\/wp-json\/wp\/v2\/pages"}],"about":[{"href":"https:\/\/regeszet.bibl.u-szeged.hu\/index.php\/wp-json\/wp\/v2\/types\/page"}],"author":[{"embeddable":true,"href":"https:\/\/regeszet.bibl.u-szeged.hu\/index.php\/wp-json\/wp\/v2\/users\/1"}],"replies":[{"embeddable":true,"href":"https:\/\/regeszet.bibl.u-szeged.hu\/index.php\/wp-json\/wp\/v2\/comments?post=176"}],"version-history":[{"count":4,"href":"https:\/\/regeszet.bibl.u-szeged.hu\/index.php\/wp-json\/wp\/v2\/pages\/176\/revisions"}],"predecessor-version":[{"id":6021,"href":"https:\/\/regeszet.bibl.u-szeged.hu\/index.php\/wp-json\/wp\/v2\/pages\/176\/revisions\/6021"}],"up":[{"embeddable":true,"href":"https:\/\/regeszet.bibl.u-szeged.hu\/index.php\/wp-json\/wp\/v2\/pages\/49"}],"wp:attachment":[{"href":"https:\/\/regeszet.bibl.u-szeged.hu\/index.php\/wp-json\/wp\/v2\/media?parent=176"}],"curies":[{"name":"wp","href":"https:\/\/api.w.org\/{rel}","templated":true}]}}