{"id":178,"date":"2017-11-22T09:04:19","date_gmt":"2017-11-22T08:04:19","guid":{"rendered":"http:\/\/regeszet.bibl.u-szeged.hu\/?page_id=178"},"modified":"2017-11-25T10:05:51","modified_gmt":"2017-11-25T09:05:51","slug":"tamop-palyazatok","status":"publish","type":"page","link":"https:\/\/regeszet.bibl.u-szeged.hu\/index.php\/tehetseggondozas\/tamop-palyazatok\/","title":{"rendered":"T\u00c1MOP p\u00e1ly\u00e1zatok"},"content":{"rendered":"<p>Tansz\u00e9k\u00fcnk 2011 \u00f3ta vesz r\u00e9szt a T\u00c1MOP p\u00e1ly\u00e1zatokban, melyek a hallgat\u00f3ink tansz\u00e9ki projekteken bel\u00fcli \u00e9s k\u00edv\u00fcli kutat\u00e1sait seg\u00edtik el\u0151. A p\u00e1ly\u00e1zatok seg\u00edts\u00e9g\u00e9vel tudjuk megteremteni a kutat\u00e1saikhoz elengedhetetlen\u00fcl sz\u00fcks\u00e9ges infrastruktur\u00e1lis h\u00e1tteret.<\/p>\n","protected":false},"excerpt":{"rendered":"<p>Tansz\u00e9k\u00fcnk 2011 \u00f3ta vesz r\u00e9szt a T\u00c1MOP p\u00e1ly\u00e1zatokban, melyek a hallgat\u00f3ink tansz\u00e9ki projekteken bel\u00fcli \u00e9s k\u00edv\u00fcli kutat\u00e1sait seg\u00edtik el\u0151. A p\u00e1ly\u00e1zatok seg\u00edts\u00e9g\u00e9vel tudjuk megteremteni a kutat\u00e1saikhoz elengedhetetlen\u00fcl sz\u00fcks\u00e9ges infrastruktur\u00e1lis h\u00e1tteret.<\/p>\n","protected":false},"author":1,"featured_media":0,"parent":49,"menu_order":3,"comment_status":"closed","ping_status":"closed","template":"","meta":{"footnotes":""},"class_list":["post-178","page","type-page","status-publish","hentry"],"_links":{"self":[{"href":"https:\/\/regeszet.bibl.u-szeged.hu\/index.php\/wp-json\/wp\/v2\/pages\/178","targetHints":{"allow":["GET"]}}],"collection":[{"href":"https:\/\/regeszet.bibl.u-szeged.hu\/index.php\/wp-json\/wp\/v2\/pages"}],"about":[{"href":"https:\/\/regeszet.bibl.u-szeged.hu\/index.php\/wp-json\/wp\/v2\/types\/page"}],"author":[{"embeddable":true,"href":"https:\/\/regeszet.bibl.u-szeged.hu\/index.php\/wp-json\/wp\/v2\/users\/1"}],"replies":[{"embeddable":true,"href":"https:\/\/regeszet.bibl.u-szeged.hu\/index.php\/wp-json\/wp\/v2\/comments?post=178"}],"version-history":[{"count":2,"href":"https:\/\/regeszet.bibl.u-szeged.hu\/index.php\/wp-json\/wp\/v2\/pages\/178\/revisions"}],"predecessor-version":[{"id":1188,"href":"https:\/\/regeszet.bibl.u-szeged.hu\/index.php\/wp-json\/wp\/v2\/pages\/178\/revisions\/1188"}],"up":[{"embeddable":true,"href":"https:\/\/regeszet.bibl.u-szeged.hu\/index.php\/wp-json\/wp\/v2\/pages\/49"}],"wp:attachment":[{"href":"https:\/\/regeszet.bibl.u-szeged.hu\/index.php\/wp-json\/wp\/v2\/media?parent=178"}],"curies":[{"name":"wp","href":"https:\/\/api.w.org\/{rel}","templated":true}]}}