{"id":1869,"date":"2018-01-24T17:53:52","date_gmt":"2018-01-24T16:53:52","guid":{"rendered":"http:\/\/regeszet.bibl.u-szeged.hu\/?page_id=1869"},"modified":"2018-01-24T17:53:52","modified_gmt":"2018-01-24T16:53:52","slug":"2016-2017","status":"publish","type":"page","link":"https:\/\/regeszet.bibl.u-szeged.hu\/index.php\/partiscon-tdk\/farsang\/2016-2017\/","title":{"rendered":"2016\/2017"},"content":{"rendered":"<p>A farsangi \u00fcnnepk\u00f6r folyam\u00e1n a Partiscon TDK tagjai sem voltak restek, \u00e9s R\u00e1cz Rita vezet\u00e9s\u00e9vel egy felejthetetlen est\u00e9t szerveztek tan\u00e1rainknak \u00e9s hallgat\u00f3inknak. A rendezv\u00e9nynek a Sz\u00e9chenyi Caf\u00e9 adott otthont, ahol a r\u00e9g\u00e9szek az antropol\u00f3gusokkal kar\u00f6ltve belevethett\u00e9k magukat az \u00e9jszak\u00e1ba.<\/p>\n<p>A di\u00e1koknak a hagyom\u00e1nyokhoz h\u0171en k\u00fcl\u00f6nb\u00f6z\u0151 pr\u00f3b\u00e1kon kellett helyt\u00e1llniuk. Kezdetben a v\u00e1llalkoz\u00f3bb kedv\u0171 szem\u00e9lyek r\u00e9szt vehettek a jelmezversenyen, melyen minden \u00e9vfolyam k\u00e9pviseltette mag\u00e1t. Els\u0151seink r\u00f6gt\u00f6n az antikvit\u00e1s vil\u00e1g\u00e1ba kalauzoltak benn\u00fcnket \u00e9s bemutatt\u00e1k, hogy milyen volt egy g\u00f6r\u00f6g, illetve egy r\u00f3mai n\u0151 az \u00f3korban. \u0150ket k\u00f6vett\u00e9k a m\u00e1sod\u00e9vesek, akik k\u00e9t korszak bemutat\u00e1s\u00e1val k\u00e9sz\u00fcltek. A honfoglal\u00e1s kori t\u00e1ltos bemutat\u00f3ja ut\u00e1n r\u00f6gt\u00f6n egy aktu\u00e1lpolitikai helyzetbe cs\u00f6ppent\u00fcnk \u00e9s tan\u00fai lehett\u00fcnk egy sz\u00edr terrorista \u00e9s egy rabbi \u00f6sszet\u0171z\u00e9s\u00e9nek. Majd a harmad\u00e9vesekkel ism\u00e9t visszat\u00e9rt\u00fcnk a r\u00e9gm\u00falba, ugyanis a Borsod mellett l\u00e9v\u0151 vaskori alapokon nyugv\u00f3 k\u00f6z\u00e9pkori v\u00e1rat l\u00e1thattuk, mely m\u00e9g ma is visszav\u00e1rja Wolf M\u00e1ria Tan\u00e1rn\u0151t. Ut\u00e1nuk a negyed\u00e9veseket egy langob\u00e1rd asszony k\u00e9pviselte, v\u00e9g\u00fcl az \u00f6t\u00f6d\u00e9vesek j\u00f6ttek k\u00e9t kelta n\u0151 alakj\u00e1ban. A zs\u0171ri v\u00e9gign\u00e9zte a produkci\u00f3kat, majd hosszas m\u00e9rlegel\u00e9s ut\u00e1n \u00fagy d\u00f6nt\u00f6tt, hogy a k\u00f6z\u00e9pkori v\u00e1r \u00e9s vaskori el\u0151zm\u00e9nye viszi a p\u00e1lm\u00e1t a kelta n\u0151kkel egy\u00fctt.<\/p>\n<p>Na de, hogy a t\u00f6bbiek se maradjanak ki a m\u00f3k\u00e1b\u00f3l, ez\u00e9rt a jelenl\u00e9v\u0151k \u00e9vek szerint csoportba ver\u0151dtek, hogy megm\u00e9rettess\u00e9k magukat. Az els\u0151 feladat nem kisebb falat volt, mint, hogy a csapatokb\u00f3l k\u00e9t-k\u00e9t embernek egym\u00e1st v\u00e1ltva k\u00e9t-k\u00e9t f\u00e1nkot kellett ennie, megel\u0151zve a t\u00f6bbi csapatot. Azonban, hogy ne legyen t\u00fal egyszer\u0171 a feladat, mindezt k\u00e9z n\u00e9lk\u00fcl kellet teljes\u00edteni, a lekv\u00e1ros, porcukros f\u00e1nkok pedig nem adt\u00e1k k\u00f6nnyen magukat, mindenkit \u00f6sszekentek, akit csak \u00e9rtek.<\/p>\n<p>Miut\u00e1n a mosakod\u00e1s megvolt, egy kis agytorna k\u00f6vetkezett. A csapatoknak csalafinta k\u00e9rd\u00e9sekre kellett v\u00e1laszolniuk. Az els\u0151 feladat alapj\u00e1n, ami a Rosette-i k\u0151 nyelveit fejtegeti egy sima kv\u00edz is lehetett volna, de azt\u00e1n a m\u00e1sodik feladattal egy\u00e9rtelm\u0171v\u00e9 v\u00e1lt, hogy ez ann\u00e1l j\u00f3val bonyolultabb: a megnevezett tan\u00e1rokat \u00e9letkor szerint kellett sorba \u00e1ll\u00edtani. Ez m\u00e1r egy-k\u00e9t embernek neh\u00e9zs\u00e9get okozott, nem besz\u00e9lve a harmadik feladatr\u00f3l, ahol a felsorolt lel\u0151helyekr\u0151l kellett eld\u00f6nteni, hogy val\u00f3s-e vagy sem. Ez l\u00e1tsz\u00f3lag k\u00f6nny\u0171 feladat volt, mert ki hallott volna Derecske\u2013Nyalakod\u00f3r\u00f3l, hisz nem is l\u00e9tezik ilyen nev\u0171 lel\u0151hely\u2026\u2026 vagy m\u00e9gis? Az utols\u00f3 feladat sem volt k\u00f6nnyebb, hiszen k\u00f6vekr\u0151l k\u00e9sz\u00fclt k\u00e9pek alapj\u00e1n kellett eld\u00f6nteni, hogy vajon eszk\u00f6zk\u00e9nt funkcion\u00e1lhattak-e hajdan\u00e1n.<\/p>\n<p>A harmadik feladat m\u00e1r j\u00f3val m\u00f3k\u00e1sabb volt: adott csapatonk\u00e9nt n\u00e9gy ember, el\u0151tt\u00fck egy-egy kupica. Kett\u0151ben vodka, kett\u0151ben v\u00edz. A kih\u00edv\u00e1s: elhitetni a zs\u0171rivel, hogy mindenki csak vizet iszik. Itt m\u00e1r csak az r\u00faghat labd\u00e1ba, akinek igazi p\u00f3kerarca van. Voltak, akik nem tudtak \u00farr\u00e1 lenni az arcizmaikon \u00e9s lebuktatt\u00e1k saj\u00e1t magukat, azonban mindenki nagy meglepet\u00e9s\u00e9re az els\u0151\u00e9veseknek volt annyi \u00f6nuralmuk, hogy cs\u0151be h\u00fazt\u00e1k a zs\u0171rit, ez\u00e1ltal maxim\u00e1lis pontot \u00e9rtek el ebben a k\u00f6rben.<\/p>\n<p>Az utols\u00f3 feladatban a kreativit\u00e1s\u00e9 volt a f\u0151szerep. A csapatoknak egy-egy lapot kellett h\u00fazniuk, amin egy r\u00e9g\u00e9szeti t\u00e1rgy volt. Ezt kellett elk\u00e9sz\u00edteni\u00fck az adott anyagok seg\u00edts\u00e9g\u00e9vel. Az els\u0151s\u00f6knek a Quirinale-\u00f6k\u00f6lv\u00edv\u00f3 szobr\u00e1nak r\u00e9szlet\u00e9t kellett imit\u00e1lniuk, amit a k\u00f6r\u00fclm\u00e9nyekhez k\u00e9pest eg\u00e9sz j\u00f3l meg is oldottak. A harmad\u00e9vesek a Willendorfi V\u00e9nuszt h\u00fazt\u00e1k, amit szinte t\u00f6k\u00e9letesen le is m\u00e1soltak. Az \u00f6t\u00f6d\u00e9vesek Agamemn\u00f3n halotti maszkj\u00e1t kapt\u00e1k, aminek \u00e1ltaluk alkotott m\u00e1solata m\u00e1r-m\u00e1r az eredeti sz\u00e9ps\u00e9g\u00e9vel vetekedett. Term\u00e9szetesen az antropol\u00f3gusok sem maradtak ki a bulib\u00f3l, nekik a galg\u00f3ci tarsolylemez replik\u00e1j\u00e1t kellett elk\u00e9sz\u00edteni\u00fck, amit \u0151k dupl\u00e1n is megtettek. V\u00e9g\u00fcl, de nem utols\u00f3 sorban a m\u00e1sod\u00e9vesek a szil\u00e1gysomly\u00f3i \u00f3nixk\u00f6ves cs\u00e1sz\u00e1rfibula \u00e9leth\u0171 m\u00e1solat\u00e1t k\u00e9sz\u00edtett\u00e9k el, amivel r\u00f6gt\u00f6n megnyert\u00e9k maguknak a zs\u0171rit \u00e9s ezzel egy\u00fctt az eg\u00e9sz vet\u00e9lked\u0151t is.<\/p>\n<p>A d\u00edjak \u00e1tad\u00e1sa ut\u00e1n az est az ismerked\u00e9s, a bar\u00e1ti cseveg\u00e9sek \u00e9s a j\u00f3 hangulat f\u00e9ny\u00e9ben zajlott tov\u00e1bb.<\/p>\n<p>&nbsp;<\/p>\n<div class=\"rgg-container\" data-rgg-id=\"1\">    <div class=\"rgg-imagegrid captions-title captions-effect-none \" data-rgg-id=\"1\">\n                    <a href=\"https:\/\/regeszet.bibl.u-szeged.hu\/wp-content\/uploads\/2018\/01\/DSC0032.jpg\" data-rel=\"rgg\" rel=\"rgg\" title=\"\" class=\"rgg-disabled size-medium rgg-img\" data-src=\"https:\/\/regeszet.bibl.u-szeged.hu\/wp-content\/uploads\/2018\/01\/DSC0032.jpg\" data-ratio=\"0.66666666666667\" data-height=\"300\" data-width=\"200\" aria-label=\"\">\n                            <\/a>\n                    <a href=\"https:\/\/regeszet.bibl.u-szeged.hu\/wp-content\/uploads\/2018\/01\/DSC0149.jpg\" data-rel=\"rgg\" rel=\"rgg\" title=\"\" class=\"rgg-disabled size-medium rgg-img\" data-src=\"https:\/\/regeszet.bibl.u-szeged.hu\/wp-content\/uploads\/2018\/01\/DSC0149.jpg\" data-ratio=\"1.5\" data-height=\"200\" data-width=\"300\" aria-label=\"\">\n                            <\/a>\n                    <a href=\"https:\/\/regeszet.bibl.u-szeged.hu\/wp-content\/uploads\/2018\/01\/DSC0100.jpg\" data-rel=\"rgg\" rel=\"rgg\" title=\"\" class=\"rgg-disabled size-medium rgg-img\" data-src=\"https:\/\/regeszet.bibl.u-szeged.hu\/wp-content\/uploads\/2018\/01\/DSC0100.jpg\" data-ratio=\"1.5\" data-height=\"200\" data-width=\"300\" aria-label=\"\">\n                            <\/a>\n                    <a href=\"https:\/\/regeszet.bibl.u-szeged.hu\/wp-content\/uploads\/2018\/01\/DSC0078.jpg\" data-rel=\"rgg\" rel=\"rgg\" title=\"\" class=\"rgg-disabled size-medium rgg-img\" data-src=\"https:\/\/regeszet.bibl.u-szeged.hu\/wp-content\/uploads\/2018\/01\/DSC0078.jpg\" data-ratio=\"1.5\" data-height=\"200\" data-width=\"300\" aria-label=\"\">\n                            <\/a>\n                    <a href=\"https:\/\/regeszet.bibl.u-szeged.hu\/wp-content\/uploads\/2018\/01\/DSC0060.jpg\" data-rel=\"rgg\" rel=\"rgg\" title=\"\" class=\"rgg-disabled size-medium rgg-img\" data-src=\"https:\/\/regeszet.bibl.u-szeged.hu\/wp-content\/uploads\/2018\/01\/DSC0060.jpg\" data-ratio=\"1.5\" data-height=\"200\" data-width=\"300\" aria-label=\"\">\n                            <\/a>\n                    <a href=\"https:\/\/regeszet.bibl.u-szeged.hu\/wp-content\/uploads\/2018\/01\/DSC0041.jpg\" data-rel=\"rgg\" rel=\"rgg\" title=\"\" class=\"rgg-disabled size-medium rgg-img\" data-src=\"https:\/\/regeszet.bibl.u-szeged.hu\/wp-content\/uploads\/2018\/01\/DSC0041.jpg\" data-ratio=\"0.66666666666667\" data-height=\"300\" data-width=\"200\" aria-label=\"\">\n                            <\/a>\n            <\/div>\n<\/div>\n","protected":false},"excerpt":{"rendered":"<p>A farsangi \u00fcnnepk\u00f6r folyam\u00e1n a Partiscon TDK tagjai sem voltak restek, \u00e9s R\u00e1cz Rita vezet\u00e9s\u00e9vel egy felejthetetlen est\u00e9t szerveztek tan\u00e1rainknak \u00e9s hallgat\u00f3inknak. A rendezv\u00e9nynek a Sz\u00e9chenyi Caf\u00e9 adott otthont, ahol a r\u00e9g\u00e9szek az antropol\u00f3gusokkal kar\u00f6ltve belevethett\u00e9k magukat az \u00e9jszak\u00e1ba. A di\u00e1koknak a hagyom\u00e1nyokhoz h\u0171en k\u00fcl\u00f6nb\u00f6z\u0151 pr\u00f3b\u00e1kon kellett helyt\u00e1llniuk. Kezdetben a v\u00e1llalkoz\u00f3bb kedv\u0171 szem\u00e9lyek r\u00e9szt vehettek &hellip; <a href=\"https:\/\/regeszet.bibl.u-szeged.hu\/index.php\/partiscon-tdk\/farsang\/2016-2017\/\" class=\"more-link\"><span class=\"screen-reader-text\">2016\/2017<\/span> b\u0151vebben&#8230; <span class=\"meta-nav\">&rarr;<\/span><\/a><\/p>\n","protected":false},"author":1,"featured_media":0,"parent":219,"menu_order":0,"comment_status":"closed","ping_status":"closed","template":"","meta":{"footnotes":""},"class_list":["post-1869","page","type-page","status-publish","hentry"],"_links":{"self":[{"href":"https:\/\/regeszet.bibl.u-szeged.hu\/index.php\/wp-json\/wp\/v2\/pages\/1869","targetHints":{"allow":["GET"]}}],"collection":[{"href":"https:\/\/regeszet.bibl.u-szeged.hu\/index.php\/wp-json\/wp\/v2\/pages"}],"about":[{"href":"https:\/\/regeszet.bibl.u-szeged.hu\/index.php\/wp-json\/wp\/v2\/types\/page"}],"author":[{"embeddable":true,"href":"https:\/\/regeszet.bibl.u-szeged.hu\/index.php\/wp-json\/wp\/v2\/users\/1"}],"replies":[{"embeddable":true,"href":"https:\/\/regeszet.bibl.u-szeged.hu\/index.php\/wp-json\/wp\/v2\/comments?post=1869"}],"version-history":[{"count":1,"href":"https:\/\/regeszet.bibl.u-szeged.hu\/index.php\/wp-json\/wp\/v2\/pages\/1869\/revisions"}],"predecessor-version":[{"id":1876,"href":"https:\/\/regeszet.bibl.u-szeged.hu\/index.php\/wp-json\/wp\/v2\/pages\/1869\/revisions\/1876"}],"up":[{"embeddable":true,"href":"https:\/\/regeszet.bibl.u-szeged.hu\/index.php\/wp-json\/wp\/v2\/pages\/219"}],"wp:attachment":[{"href":"https:\/\/regeszet.bibl.u-szeged.hu\/index.php\/wp-json\/wp\/v2\/media?parent=1869"}],"curies":[{"name":"wp","href":"https:\/\/api.w.org\/{rel}","templated":true}]}}