{"id":188,"date":"2017-11-22T09:06:24","date_gmt":"2017-11-22T08:06:24","guid":{"rendered":"http:\/\/regeszet.bibl.u-szeged.hu\/?page_id=188"},"modified":"2021-04-17T13:42:56","modified_gmt":"2021-04-17T11:42:56","slug":"2014-2015-i-felev-tdk-konferencia","status":"publish","type":"page","link":"https:\/\/regeszet.bibl.u-szeged.hu\/index.php\/tehetseggondozas\/tdk-otdk\/2014-2015-i-felev-tdk-konferencia\/","title":{"rendered":"2014\/2015. I. f\u00e9l\u00e9v TDK"},"content":{"rendered":"<p><a href=\"http:\/\/regeszet.bibl.u-szeged.hu\/wp-content\/uploads\/2017\/11\/fejlec.jpg\"><img loading=\"lazy\" decoding=\"async\" class=\"alignnone size-full wp-image-933\" src=\"http:\/\/regeszet.bibl.u-szeged.hu\/wp-content\/uploads\/2017\/11\/fejlec.jpg\" alt=\"\" width=\"659\" height=\"230\" \/><\/a><\/p>\n<p><strong>2014\/2015. I. f\u00e9l\u00e9vben megrendezett TDK-konferencia<\/strong><\/p>\n<p>Tansz\u00e9k\u00fcnk 2015. november 19-\u00e9n megrendezett Tudom\u00e1nyos Di\u00e1kk\u00f6ri Konferenci\u00e1j\u00e1ra h\u00e9t r\u00e9g\u00e9szhallgat\u00f3 nevezett be p\u00e1lyamunk\u00e1j\u00e1val. A h\u00e9t r\u00e9g\u00e9szhallgat\u00f3 TDK-dolgozat\u00e1nak t\u00e9mavezet\u0151i\/opponensi v\u00e9lem\u00e9nyez\u00e9se, valamint az el\u0151ad\u00e1s\u00e1nak \u00e9rt\u00e9kel\u00e9se alapj\u00e1n a zs\u0171ribizotts\u00e1g (V\u00f6r\u00f6s Gabriella, Felf\u00f6ldi Szabolcs, S\u00f3sk\u00fati Korn\u00e9l) d\u00f6nt\u00e9se \u00e9rtelm\u00e9ben a k\u00f6vetkez\u0151 eredm\u00e9nyek sz\u00fclettek<\/p>\n<ol>\n<li><strong>So\u00f3s Rita:<\/strong> Egy 19. sz\u00e1zadban felt\u00e1rt honfoglal\u00e1s kori temet\u0151 elemz\u00e9se az \u00faj kutat\u00e1si eredm\u00e9nyek t\u00fckr\u00e9ben. Piliny\u2013Leshegy<br \/>\nT\u00e9mavezet\u0151: R\u00e9v\u00e9sz L\u00e1szl\u00f3<\/li>\n<\/ol>\n<ol start=\"2\">\n<li><strong>Andr\u00e1si R\u00e9ka:<\/strong> A 10\u201311. sz\u00e1zadi f\u00fclesgombok tipokronol\u00f3gi\u00e1ja Hajd\u00fa-Bihar megye \u00e9s R\u00e9tk\u00f6z ter\u00fclet\u00e9n. \u00dajabb adatok a honfoglal\u00e1s kori viselet k\u00e9rd\u00e9s\u00e9hez<br \/>\nT\u00e9mavezet\u0151: R\u00e9v\u00e9sz L\u00e1szl\u00f3<\/li>\n<\/ol>\n<ol start=\"2\">\n<li><strong>Tihanyi Bal\u00e1zs:<\/strong> A honfoglal\u00e1s kori \u00edjak \u00e9s \u00edj\u00e1szs\u00edrok probl\u00e9mak\u00f6r\u00e9nek \u00fajabb megk\u00f6zel\u00edt\u00e9se<br \/>\nT\u00e9mavezet\u0151: R\u00e9v\u00e9sz L\u00e1szl\u00f3 \u2013 P\u00e1lfi Gy\u00f6rgy<\/li>\n<\/ol>\n<ol start=\"3\">\n<li><strong>M\u00e9sz\u00e1ros Bogl\u00e1rka:<\/strong> Fibul\u00e1k \u00e9s \u00f6lt\u00f6zetek az 5. sz\u00e1zad m\u00e1sodik fel\u00e9ben n\u00e9h\u00e1ny K\u00e1rp\u00e1t-medencei fibulat\u00edpus alapj\u00e1n (L\u00e9va-Perse, Bakodpuszta, Letk\u00e9s t\u00edpus)<br \/>\nT\u00e9mavezet\u0151: B. T\u00f3th \u00c1gnes<\/li>\n<\/ol>\n<ol start=\"4\">\n<li><strong>Majd\u00e1n Mira<\/strong>: D\u00e9li hat\u00e1sok a korai vaskorban D\u00e9l-Pann\u00f3nia ter\u00fclet\u00e9n<br \/>\nT\u00e9mavezet\u0151: Kulcs\u00e1r Val\u00e9ria<\/li>\n<\/ol>\n<ol start=\"4\">\n<li><strong>Samu Anita:<\/strong> S\u00edrrabl\u00e1si m\u00f3dok vizsg\u00e1lata h\u00e1rom kiskundorozsmai avar temet\u0151ben<br \/>\nT\u00e9mavezet\u0151: B. T\u00f3th \u00c1gnes \u2013 Szalontai Csaba<\/li>\n<\/ol>\n<ol start=\"5\">\n<li><strong>Tak\u00e1cs Rich\u00e1rd:<\/strong> 10\u201311. sz\u00e1zadi mellkeresztek a K\u00e1rp\u00e1t-medenc\u00e9ben<br \/>\nT\u00e9mavezet\u0151: R\u00e9v\u00e9sz L\u00e1szl\u00f3<\/li>\n<\/ol>\n<p><strong>A bizotts\u00e1g d\u00f6nt\u00e9se alapj\u00e1n az els\u0151 n\u00e9gy helyez\u00e9st el\u00e9rt hallgat\u00f3 dolgozata jutott tov\u00e1bb a 2015-\u00f6s tavaszi OTDK-ra.<\/strong><\/p>\n","protected":false},"excerpt":{"rendered":"<p>2014\/2015. I. f\u00e9l\u00e9vben megrendezett TDK-konferencia Tansz\u00e9k\u00fcnk 2015. november 19-\u00e9n megrendezett Tudom\u00e1nyos Di\u00e1kk\u00f6ri Konferenci\u00e1j\u00e1ra h\u00e9t r\u00e9g\u00e9szhallgat\u00f3 nevezett be p\u00e1lyamunk\u00e1j\u00e1val. A h\u00e9t r\u00e9g\u00e9szhallgat\u00f3 TDK-dolgozat\u00e1nak t\u00e9mavezet\u0151i\/opponensi v\u00e9lem\u00e9nyez\u00e9se, valamint az el\u0151ad\u00e1s\u00e1nak \u00e9rt\u00e9kel\u00e9se alapj\u00e1n a zs\u0171ribizotts\u00e1g (V\u00f6r\u00f6s Gabriella, Felf\u00f6ldi Szabolcs, S\u00f3sk\u00fati Korn\u00e9l) d\u00f6nt\u00e9se \u00e9rtelm\u00e9ben a k\u00f6vetkez\u0151 eredm\u00e9nyek sz\u00fclettek So\u00f3s Rita: Egy 19. sz\u00e1zadban felt\u00e1rt honfoglal\u00e1s kori temet\u0151 elemz\u00e9se az \u00faj &hellip; <a href=\"https:\/\/regeszet.bibl.u-szeged.hu\/index.php\/tehetseggondozas\/tdk-otdk\/2014-2015-i-felev-tdk-konferencia\/\" class=\"more-link\"><span class=\"screen-reader-text\">2014\/2015. I. f\u00e9l\u00e9v TDK<\/span> b\u0151vebben&#8230; <span class=\"meta-nav\">&rarr;<\/span><\/a><\/p>\n","protected":false},"author":1,"featured_media":0,"parent":174,"menu_order":6,"comment_status":"closed","ping_status":"closed","template":"","meta":{"footnotes":""},"class_list":["post-188","page","type-page","status-publish","hentry"],"_links":{"self":[{"href":"https:\/\/regeszet.bibl.u-szeged.hu\/index.php\/wp-json\/wp\/v2\/pages\/188","targetHints":{"allow":["GET"]}}],"collection":[{"href":"https:\/\/regeszet.bibl.u-szeged.hu\/index.php\/wp-json\/wp\/v2\/pages"}],"about":[{"href":"https:\/\/regeszet.bibl.u-szeged.hu\/index.php\/wp-json\/wp\/v2\/types\/page"}],"author":[{"embeddable":true,"href":"https:\/\/regeszet.bibl.u-szeged.hu\/index.php\/wp-json\/wp\/v2\/users\/1"}],"replies":[{"embeddable":true,"href":"https:\/\/regeszet.bibl.u-szeged.hu\/index.php\/wp-json\/wp\/v2\/comments?post=188"}],"version-history":[{"count":4,"href":"https:\/\/regeszet.bibl.u-szeged.hu\/index.php\/wp-json\/wp\/v2\/pages\/188\/revisions"}],"predecessor-version":[{"id":3906,"href":"https:\/\/regeszet.bibl.u-szeged.hu\/index.php\/wp-json\/wp\/v2\/pages\/188\/revisions\/3906"}],"up":[{"embeddable":true,"href":"https:\/\/regeszet.bibl.u-szeged.hu\/index.php\/wp-json\/wp\/v2\/pages\/174"}],"wp:attachment":[{"href":"https:\/\/regeszet.bibl.u-szeged.hu\/index.php\/wp-json\/wp\/v2\/media?parent=188"}],"curies":[{"name":"wp","href":"https:\/\/api.w.org\/{rel}","templated":true}]}}