{"id":198,"date":"2017-11-22T09:08:13","date_gmt":"2017-11-22T08:08:13","guid":{"rendered":"http:\/\/regeszet.bibl.u-szeged.hu\/?page_id=198"},"modified":"2017-11-25T10:41:49","modified_gmt":"2017-11-25T09:41:49","slug":"2015-2","status":"publish","type":"page","link":"https:\/\/regeszet.bibl.u-szeged.hu\/index.php\/tehetseggondozas\/tamop-palyazatok\/2015-2\/","title":{"rendered":"T\u00c1MOP 2015"},"content":{"rendered":"<p>A T\u00c1MOP-4.2.2.B-15\/1\/KONV-2015-0006 azonos\u00edt\u00f3sz\u00e1m\u00fa, \u201eA tehets\u00e9g \u00e9rt\u00e9k\u00e9nek kibontakoztat\u00e1sa a Szegedi Tudom\u00e1nyegyetem kiv\u00e1l\u00f3s\u00e1ga \u00e9rdek\u00e9ben\u201d c\u00edm\u0171 projekt keret\u00e9ben 2015 \u0151sz\u00e9n TDK-el\u0151ad\u00e1sokat, tanulm\u00e1nyi kir\u00e1ndul\u00e1st \u00e9s a tudom\u00e1nyos di\u00e1kk\u00f6ri munk\u00e1t el\u0151seg\u00edt\u0151 beszerz\u00e9seket szervezt\u00fcnk.<\/p>\n<p>A p\u00e1ly\u00e1zat keret\u00e9ben \u00f6t TDK-el\u0151ad\u00e1st rendezt\u00fcnk, a megh\u00edvott el\u0151ad\u00f3ink egy-egy adott korszak, szakter\u00fclet hazai \u00e9s nemzetk\u00f6zi szinten is kiemelked\u0151 kutat\u00f3i. El\u0151ad\u00e1saikban els\u0151sorban olyan r\u00e9szprobl\u00e9m\u00e1kra h\u00edvt\u00e1k fel a r\u00e9g\u00e9szhallgat\u00f3k figyelm\u00e9t, melyek az egyetemi oktat\u00e1s tananyag\u00e1ba m\u00e1r nem f\u00e9rtek bele. El\u0151ad\u00f3ink voltak: Garam \u00c9va, Ecsedy Istv\u00e1n, M\u00fcller R\u00f3bert, Mr\u00e1v Zsolt, Somogyi P\u00e9ter.<\/p>\n<p>Az \u0151szi tanulm\u00e1nyi kir\u00e1ndul\u00e1sunkat \u00c9szakkelet-Magyarorsz\u00e1gra tervezt\u00fck, melynek f\u0151 c\u00e9lja a 2014-ben az \u00e9v ki\u00e1ll\u00edt\u00e1sa c\u00edmet elnyer\u0151 \u201eELIT ALAKULAT\u201d \u2013 a K\u00e1rp\u00e1t-medence leggazdagabb honfoglal\u00e1s kori temet\u0151i c\u00edm\u0171 ki\u00e1ll\u00edt\u00e1s megtekint\u00e9se. A ki\u00e1ll\u00edt\u00e1s mellett m\u00e9g sz\u00e1mos Miskolc k\u00f6rny\u00e9ki r\u00e9g\u00e9szeti szempontb\u00f3l fontos helyre l\u00e1togattunk el (borsodiv\u00e1nkai bronzkori tell, a Herman Ott\u00f3 M\u00fazeum r\u00e9g\u00e9szei \u00e1ltal szervezett anyagismeretek, di\u00f3sgy\u0151ri v\u00e1r, s\u00e1toralja\u00fajhelyi v\u00e1r, s\u00e1rospataki v\u00e1r).<\/p>\n<p>A p\u00e1ly\u00e1zatb\u00f3l tansz\u00e9k\u00fcnknek eszk\u00f6zbeszerz\u00e9sre \u00e9s szakk\u00f6nyvbeszerz\u00e9sre is volt lehet\u0151s\u00e9ge. Ezen p\u00e1ly\u00e1zat keret\u00e9ben \u00e9p\u00edtett\u00fck be a tansz\u00e9k\u00fcnk m\u00e1r megl\u00e9v\u0151 projektor\u00e1t a B\u00f6lcs\u00e9szettudom\u00e1nyi Kar Egyetem utcai \u00e9p\u00fclet\u00e9nek 2. sz. term\u00e9be. Ez a beruh\u00e1z\u00e1s a TDK-el\u0151ad\u00e1sok \u00e9s egy\u00e9b el\u0151ad\u00e1sok megszervez\u00e9s\u00e9t \u00e9s kivitelez\u00e9s\u00e9t tette sokkal g\u00f6rd\u00fcl\u00e9kenyebb\u00e9, k\u00f6nnyebb\u00e9. Szint\u00e9n ezen p\u00e1ly\u00e1zat keret\u00e9ben szerezt\u00fcnk be n\u00e9h\u00e1ny f\u0151k\u00e9nt k\u00fclf\u00f6ldi kiad\u00e1s\u00fa szakk\u00f6nyvet, melyek jelent\u0151sen megk\u00f6nny\u00edtik a TDK-z\u00f3ink kutat\u00e1sait, dolgozataik elk\u00e9sz\u00edt\u00e9s\u00e9t.<\/p>\n<div class=\"rgg-container\" data-rgg-id=\"1\">    <div class=\"rgg-imagegrid captions-title captions-effect-none \" data-rgg-id=\"1\">\n                    <a href=\"https:\/\/regeszet.bibl.u-szeged.hu\/wp-content\/uploads\/2017\/11\/DSC0011.jpg\" data-rel=\"rgg\" rel=\"rgg\" title=\"\" class=\"rgg-disabled size-medium rgg-img\" data-src=\"https:\/\/regeszet.bibl.u-szeged.hu\/wp-content\/uploads\/2017\/11\/DSC0011.jpg\" data-ratio=\"1.5\" data-height=\"200\" data-width=\"300\" aria-label=\"\">\n                            <\/a>\n                    <a href=\"https:\/\/regeszet.bibl.u-szeged.hu\/wp-content\/uploads\/2017\/11\/DSC0019.jpg\" data-rel=\"rgg\" rel=\"rgg\" title=\"\" class=\"rgg-disabled size-medium rgg-img\" data-src=\"https:\/\/regeszet.bibl.u-szeged.hu\/wp-content\/uploads\/2017\/11\/DSC0019.jpg\" data-ratio=\"1.5\" data-height=\"200\" data-width=\"300\" aria-label=\"\">\n                            <\/a>\n                    <a href=\"https:\/\/regeszet.bibl.u-szeged.hu\/wp-content\/uploads\/2017\/11\/Tanszeki_kirandulas_007.jpg\" data-rel=\"rgg\" rel=\"rgg\" title=\"\" class=\"rgg-disabled size-medium rgg-img\" data-src=\"https:\/\/regeszet.bibl.u-szeged.hu\/wp-content\/uploads\/2017\/11\/Tanszeki_kirandulas_007.jpg\" data-ratio=\"1.5\" data-height=\"200\" data-width=\"300\" aria-label=\"\">\n                            <\/a>\n                    <a href=\"https:\/\/regeszet.bibl.u-szeged.hu\/wp-content\/uploads\/2017\/11\/Tanszeki_kirandulas_044.jpg\" data-rel=\"rgg\" rel=\"rgg\" title=\"\" class=\"rgg-disabled size-medium rgg-img\" data-src=\"https:\/\/regeszet.bibl.u-szeged.hu\/wp-content\/uploads\/2017\/11\/Tanszeki_kirandulas_044.jpg\" data-ratio=\"0.66666666666667\" data-height=\"300\" data-width=\"200\" aria-label=\"\">\n                            <\/a>\n            <\/div>\n<\/div>\n<p>&nbsp;<\/p>\n","protected":false},"excerpt":{"rendered":"<p>A T\u00c1MOP-4.2.2.B-15\/1\/KONV-2015-0006 azonos\u00edt\u00f3sz\u00e1m\u00fa, \u201eA tehets\u00e9g \u00e9rt\u00e9k\u00e9nek kibontakoztat\u00e1sa a Szegedi Tudom\u00e1nyegyetem kiv\u00e1l\u00f3s\u00e1ga \u00e9rdek\u00e9ben\u201d c\u00edm\u0171 projekt keret\u00e9ben 2015 \u0151sz\u00e9n TDK-el\u0151ad\u00e1sokat, tanulm\u00e1nyi kir\u00e1ndul\u00e1st \u00e9s a tudom\u00e1nyos di\u00e1kk\u00f6ri munk\u00e1t el\u0151seg\u00edt\u0151 beszerz\u00e9seket szervezt\u00fcnk. A p\u00e1ly\u00e1zat keret\u00e9ben \u00f6t TDK-el\u0151ad\u00e1st rendezt\u00fcnk, a megh\u00edvott el\u0151ad\u00f3ink egy-egy adott korszak, szakter\u00fclet hazai \u00e9s nemzetk\u00f6zi szinten is kiemelked\u0151 kutat\u00f3i. El\u0151ad\u00e1saikban els\u0151sorban olyan r\u00e9szprobl\u00e9m\u00e1kra h\u00edvt\u00e1k fel a &hellip; <a href=\"https:\/\/regeszet.bibl.u-szeged.hu\/index.php\/tehetseggondozas\/tamop-palyazatok\/2015-2\/\" class=\"more-link\"><span class=\"screen-reader-text\">T\u00c1MOP 2015<\/span> b\u0151vebben&#8230; <span class=\"meta-nav\">&rarr;<\/span><\/a><\/p>\n","protected":false},"author":1,"featured_media":0,"parent":178,"menu_order":1,"comment_status":"closed","ping_status":"closed","template":"","meta":{"footnotes":""},"class_list":["post-198","page","type-page","status-publish","hentry"],"_links":{"self":[{"href":"https:\/\/regeszet.bibl.u-szeged.hu\/index.php\/wp-json\/wp\/v2\/pages\/198","targetHints":{"allow":["GET"]}}],"collection":[{"href":"https:\/\/regeszet.bibl.u-szeged.hu\/index.php\/wp-json\/wp\/v2\/pages"}],"about":[{"href":"https:\/\/regeszet.bibl.u-szeged.hu\/index.php\/wp-json\/wp\/v2\/types\/page"}],"author":[{"embeddable":true,"href":"https:\/\/regeszet.bibl.u-szeged.hu\/index.php\/wp-json\/wp\/v2\/users\/1"}],"replies":[{"embeddable":true,"href":"https:\/\/regeszet.bibl.u-szeged.hu\/index.php\/wp-json\/wp\/v2\/comments?post=198"}],"version-history":[{"count":6,"href":"https:\/\/regeszet.bibl.u-szeged.hu\/index.php\/wp-json\/wp\/v2\/pages\/198\/revisions"}],"predecessor-version":[{"id":1226,"href":"https:\/\/regeszet.bibl.u-szeged.hu\/index.php\/wp-json\/wp\/v2\/pages\/198\/revisions\/1226"}],"up":[{"embeddable":true,"href":"https:\/\/regeszet.bibl.u-szeged.hu\/index.php\/wp-json\/wp\/v2\/pages\/178"}],"wp:attachment":[{"href":"https:\/\/regeszet.bibl.u-szeged.hu\/index.php\/wp-json\/wp\/v2\/media?parent=198"}],"curies":[{"name":"wp","href":"https:\/\/api.w.org\/{rel}","templated":true}]}}