{"id":202,"date":"2017-11-22T09:08:42","date_gmt":"2017-11-22T08:08:42","guid":{"rendered":"http:\/\/regeszet.bibl.u-szeged.hu\/?page_id=202"},"modified":"2017-11-25T10:38:22","modified_gmt":"2017-11-25T09:38:22","slug":"2011-2013","status":"publish","type":"page","link":"https:\/\/regeszet.bibl.u-szeged.hu\/index.php\/tehetseggondozas\/tamop-palyazatok\/2011-2013\/","title":{"rendered":"T\u00c1MOP 2011\u20132013"},"content":{"rendered":"<p>2011 m\u00e1jusa \u00e9s 2013 \u00e1prilisa k\u00f6z\u00f6tt a T\u00c1MOP-4.2.2\/B-10\/1-2010-0012 projekt keret\u00e9n bel\u00fcl sz\u00e1mos, di\u00e1kjaink kutat\u00f3munk\u00e1j\u00e1t el\u0151seg\u00edt\u0151 tev\u00e9kenys\u00e9get val\u00f3s\u00edtottunk meg.<\/p>\n<p>A R\u00e9g\u00e9szeti Tansz\u00e9k \u00e1ltal meghirdetett archeometriai vizsg\u00e1latok elv\u00e9gz\u00e9s\u00e9re ir\u00e1nyul\u00f3 p\u00e1ly\u00e1zatra jelentkez\u0151 hallgat\u00f3k k\u00f6z\u00fcl h\u00e1rman r\u00e9szes\u00fcltek fejenk\u00e9nt 50.000 Ft-os t\u00e1mogat\u00e1sban. A vizsg\u00e1latokat a Szegedi Tudom\u00e1nyegyetemmel k\u00f6t\u00f6tt szerz\u0151d\u00e9s \u00e9rtelm\u00e9ben az UNICAM Magyarorsz\u00e1g Kft. v\u00e9gezte, melynek keret\u00e9ben \u00f6tven darab ker\u00e1miamint\u00e1t vizsg\u00e1ltak THERMO DXR Raman spektroszk\u00f3p alkalmaz\u00e1s\u00e1val makro- (optikai f\u00e9nysz\u00e1las) \u00e9s mikroszk\u00f3pos \u00faton t\u00f6rt\u00e9n\u0151 m\u00f3dszerekkel.<\/p>\n<p>A vajdas\u00e1gi Ludasi-t\u00f3 k\u00f6rny\u00e9k\u00e9nek r\u00e9g\u00e9szeti felder\u00edt\u00e9s\u00e9t 2010-ben kezdt\u00e9k meg a SZTE BTK R\u00e9g\u00e9szeti Tansz\u00e9k\u00e9nek hallgat\u00f3i. 2012 \u0151sz\u00e9n \u00e9s 2013 tavasz\u00e1n t\u00f6bb alkalommal 39 hallgat\u00f3 vett r\u00e9szt terepbej\u00e1r\u00e1son egy PhD-hallgat\u00f3 (Berta Adri\u00e1n) \u00e9s a tansz\u00e9k v\u00e9gz\u0151s hallgat\u00f3i ir\u00e1ny\u00edt\u00e1s\u00e1val. A gyakorlat sor\u00e1n k\u00f6r\u00fclbel\u00fcl 140 hekt\u00e1rnyi ter\u00fcletet siker\u00fclt r\u00e9g\u00e9szeti szempontb\u00f3l felt\u00e9rk\u00e9pezni. A hallgat\u00f3k \u00fati- \u00e9s sz\u00e1ll\u00e1sk\u00f6lts\u00e9g\u00e9t t\u00e1mogatta a program. Orosh\u00e1za k\u00f6rny\u00e9k\u00e9nek r\u00e9g\u00e9szeti terepbej\u00e1r\u00e1s\u00e1n 2013 tavasz\u00e1n t\u00f6bb alkalommal \u00f6t hallgat\u00f3 vett r\u00e9szt. A hallgat\u00f3k \u00fatik\u00f6lts\u00e9g\u00e9t t\u00e1mogatta a program.<\/p>\n<p>A <em>R\u00e9g\u00e9szeti probl\u00e9m\u00e1k<\/em> c\u00edm\u0171 10 el\u0151ad\u00e1sb\u00f3l \u00e1ll\u00f3 k\u00e9pz\u00e9si program keret\u00e9ben 10 megh\u00edvott el\u0151ad\u00f3 (Luk\u00e1cs J\u00f3zsef, Bartosiewicz L\u00e1szl\u00f3, Thiele \u00c1d\u00e1m, N\u00e9gyesi Lajos, Kulcs\u00e1r Val\u00e9ria, N\u00e9gyesi Lajos, Marosi Ern\u0151, Szalontai Csaba, Tomka P\u00e9ter, Gallina Zsolt \u2013 T\u00f6r\u00f6k B\u00e9la) el\u0151ad\u00e1s\u00e1ban a r\u00e9g\u00e9szeti kutat\u00e1s egy-egy r\u00e9szprobl\u00e9m\u00e1j\u00e1ra h\u00edvta fel a figyelmet. Az el\u0151ad\u00e1s-sorozatban tal\u00e1lhat\u00f3 el\u0151ad\u00e1sok olyan r\u00e9szprobl\u00e9m\u00e1kra h\u00edvt\u00e1k fel a r\u00e9g\u00e9szhallgat\u00f3k figyelm\u00e9t, melyek az egyetemi oktat\u00e1s tananyag\u00e1ba m\u00e1r nem f\u00e9rnek bele. A program a megh\u00edvott el\u0151ad\u00f3k \u00fatik\u00f6lts\u00e9g\u00e9t \u00e9s tiszteletd\u00edj\u00e1t t\u00e1mogatta.<\/p>\n<p>Az <em>Acta Universitatis Szegediensis, Acta Iuvenum, Sectio Archaeologica<\/em>, Tomus I. c\u00edm\u0171 foly\u00f3irat els\u0151 k\u00f6tet\u00e9nek szerkeszt\u00e9si \u00e9s nyomdai munk\u00e1latait v\u00e9gezt\u00fck el ezen p\u00e1ly\u00e1zat keret\u00e9ben (F\u0151szerkeszt\u0151: R\u00e9v\u00e9sz L\u00e1szl\u00f3, Szerkeszt\u0151: Pint\u00e9r-Nagy Katalin \u00e9s Tak\u00e1cs Melinda). Ebben a k\u00f6tetben a h\u00e9t OTDK-\u00e1n r\u00e9szt vev\u0151 hallgat\u00f3 dolgozataib\u00f3l k\u00e9sz\u00fclt cikkek jelentek meg.<\/p>\n<p>&nbsp;<\/p>\n<div class=\"rgg-container\" data-rgg-id=\"1\">    <div class=\"rgg-imagegrid captions-title captions-effect-none \" data-rgg-id=\"1\">\n                    <a href=\"https:\/\/regeszet.bibl.u-szeged.hu\/wp-content\/uploads\/2017\/11\/1.TAMOP_2011_2013.jpg\" data-rel=\"rgg\" rel=\"rgg\" title=\"\" class=\"rgg-disabled size-medium rgg-img\" data-src=\"https:\/\/regeszet.bibl.u-szeged.hu\/wp-content\/uploads\/2017\/11\/1.TAMOP_2011_2013.jpg\" data-ratio=\"1.5\" data-height=\"200\" data-width=\"300\" aria-label=\"\">\n                            <\/a>\n                    <a href=\"https:\/\/regeszet.bibl.u-szeged.hu\/wp-content\/uploads\/2017\/11\/4.TAMOP_2011_2013.jpg\" data-rel=\"rgg\" rel=\"rgg\" title=\"\" class=\"rgg-disabled size-medium rgg-img\" data-src=\"https:\/\/regeszet.bibl.u-szeged.hu\/wp-content\/uploads\/2017\/11\/4.TAMOP_2011_2013.jpg\" data-ratio=\"1.3333333333333\" data-height=\"225\" data-width=\"300\" aria-label=\"\">\n                            <\/a>\n                    <a href=\"https:\/\/regeszet.bibl.u-szeged.hu\/wp-content\/uploads\/2017\/11\/5.TAMOP_2011_2013.jpg\" data-rel=\"rgg\" rel=\"rgg\" title=\"\" class=\"rgg-disabled size-medium rgg-img\" data-src=\"https:\/\/regeszet.bibl.u-szeged.hu\/wp-content\/uploads\/2017\/11\/5.TAMOP_2011_2013.jpg\" data-ratio=\"1.5\" data-height=\"200\" data-width=\"300\" aria-label=\"\">\n                            <\/a>\n                    <a href=\"https:\/\/regeszet.bibl.u-szeged.hu\/wp-content\/uploads\/2017\/11\/6.TAMOP_2011_2013.jpg\" data-rel=\"rgg\" rel=\"rgg\" title=\"\" class=\"rgg-disabled size-medium rgg-img\" data-src=\"https:\/\/regeszet.bibl.u-szeged.hu\/wp-content\/uploads\/2017\/11\/6.TAMOP_2011_2013.jpg\" data-ratio=\"1.5\" data-height=\"200\" data-width=\"300\" aria-label=\"\">\n                            <\/a>\n                    <a href=\"https:\/\/regeszet.bibl.u-szeged.hu\/wp-content\/uploads\/2017\/11\/7.TAMOP_2011_2013.jpg\" data-rel=\"rgg\" rel=\"rgg\" title=\"\" class=\"rgg-disabled size-medium rgg-img\" data-src=\"https:\/\/regeszet.bibl.u-szeged.hu\/wp-content\/uploads\/2017\/11\/7.TAMOP_2011_2013.jpg\" data-ratio=\"1.5075376884422\" data-height=\"199\" data-width=\"300\" aria-label=\"\">\n                            <\/a>\n                    <a href=\"https:\/\/regeszet.bibl.u-szeged.hu\/wp-content\/uploads\/2017\/11\/8.TAMOP_2011_2013.jpg\" data-rel=\"rgg\" rel=\"rgg\" title=\"\" class=\"rgg-disabled size-medium rgg-img\" data-src=\"https:\/\/regeszet.bibl.u-szeged.hu\/wp-content\/uploads\/2017\/11\/8.TAMOP_2011_2013.jpg\" data-ratio=\"1.5075376884422\" data-height=\"199\" data-width=\"300\" aria-label=\"\">\n                            <\/a>\n                    <a href=\"https:\/\/regeszet.bibl.u-szeged.hu\/wp-content\/uploads\/2017\/11\/9.TAMOP_2011_2013.jpg\" data-rel=\"rgg\" rel=\"rgg\" title=\"\" class=\"rgg-disabled size-medium rgg-img\" data-src=\"https:\/\/regeszet.bibl.u-szeged.hu\/wp-content\/uploads\/2017\/11\/9.TAMOP_2011_2013.jpg\" data-ratio=\"1.5075376884422\" data-height=\"199\" data-width=\"300\" aria-label=\"\">\n                            <\/a>\n                    <a href=\"https:\/\/regeszet.bibl.u-szeged.hu\/wp-content\/uploads\/2017\/11\/Acta_Iuvenum_I.-2.jpg\" data-rel=\"rgg\" rel=\"rgg\" title=\"\" class=\"rgg-disabled size-medium rgg-img\" data-src=\"https:\/\/regeszet.bibl.u-szeged.hu\/wp-content\/uploads\/2017\/11\/Acta_Iuvenum_I.-2.jpg\" data-ratio=\"0.70666666666667\" data-height=\"300\" data-width=\"212\" aria-label=\"\">\n                            <\/a>\n            <\/div>\n<\/div>\n","protected":false},"excerpt":{"rendered":"<p>2011 m\u00e1jusa \u00e9s 2013 \u00e1prilisa k\u00f6z\u00f6tt a T\u00c1MOP-4.2.2\/B-10\/1-2010-0012 projekt keret\u00e9n bel\u00fcl sz\u00e1mos, di\u00e1kjaink kutat\u00f3munk\u00e1j\u00e1t el\u0151seg\u00edt\u0151 tev\u00e9kenys\u00e9get val\u00f3s\u00edtottunk meg. A R\u00e9g\u00e9szeti Tansz\u00e9k \u00e1ltal meghirdetett archeometriai vizsg\u00e1latok elv\u00e9gz\u00e9s\u00e9re ir\u00e1nyul\u00f3 p\u00e1ly\u00e1zatra jelentkez\u0151 hallgat\u00f3k k\u00f6z\u00fcl h\u00e1rman r\u00e9szes\u00fcltek fejenk\u00e9nt 50.000 Ft-os t\u00e1mogat\u00e1sban. A vizsg\u00e1latokat a Szegedi Tudom\u00e1nyegyetemmel k\u00f6t\u00f6tt szerz\u0151d\u00e9s \u00e9rtelm\u00e9ben az UNICAM Magyarorsz\u00e1g Kft. v\u00e9gezte, melynek keret\u00e9ben \u00f6tven darab ker\u00e1miamint\u00e1t &hellip; <a href=\"https:\/\/regeszet.bibl.u-szeged.hu\/index.php\/tehetseggondozas\/tamop-palyazatok\/2011-2013\/\" class=\"more-link\"><span class=\"screen-reader-text\">T\u00c1MOP 2011\u20132013<\/span> b\u0151vebben&#8230; <span class=\"meta-nav\">&rarr;<\/span><\/a><\/p>\n","protected":false},"author":1,"featured_media":0,"parent":178,"menu_order":3,"comment_status":"closed","ping_status":"closed","template":"","meta":{"footnotes":""},"class_list":["post-202","page","type-page","status-publish","hentry"],"_links":{"self":[{"href":"https:\/\/regeszet.bibl.u-szeged.hu\/index.php\/wp-json\/wp\/v2\/pages\/202","targetHints":{"allow":["GET"]}}],"collection":[{"href":"https:\/\/regeszet.bibl.u-szeged.hu\/index.php\/wp-json\/wp\/v2\/pages"}],"about":[{"href":"https:\/\/regeszet.bibl.u-szeged.hu\/index.php\/wp-json\/wp\/v2\/types\/page"}],"author":[{"embeddable":true,"href":"https:\/\/regeszet.bibl.u-szeged.hu\/index.php\/wp-json\/wp\/v2\/users\/1"}],"replies":[{"embeddable":true,"href":"https:\/\/regeszet.bibl.u-szeged.hu\/index.php\/wp-json\/wp\/v2\/comments?post=202"}],"version-history":[{"count":4,"href":"https:\/\/regeszet.bibl.u-szeged.hu\/index.php\/wp-json\/wp\/v2\/pages\/202\/revisions"}],"predecessor-version":[{"id":1222,"href":"https:\/\/regeszet.bibl.u-szeged.hu\/index.php\/wp-json\/wp\/v2\/pages\/202\/revisions\/1222"}],"up":[{"embeddable":true,"href":"https:\/\/regeszet.bibl.u-szeged.hu\/index.php\/wp-json\/wp\/v2\/pages\/178"}],"wp:attachment":[{"href":"https:\/\/regeszet.bibl.u-szeged.hu\/index.php\/wp-json\/wp\/v2\/media?parent=202"}],"curies":[{"name":"wp","href":"https:\/\/api.w.org\/{rel}","templated":true}]}}