{"id":207,"date":"2017-11-22T09:09:27","date_gmt":"2017-11-22T08:09:27","guid":{"rendered":"http:\/\/regeszet.bibl.u-szeged.hu\/?page_id=207"},"modified":"2017-11-25T10:49:51","modified_gmt":"2017-11-25T09:49:51","slug":"2015-2","status":"publish","type":"page","link":"https:\/\/regeszet.bibl.u-szeged.hu\/index.php\/tehetseggondozas\/ntp-palyazatok\/2015-2\/","title":{"rendered":"NTP 2015"},"content":{"rendered":"<p>Az Nemzeti Tehets\u00e9g Program NTP-TDK-14 azonos\u00edt\u00f3sz\u00e1m\u00fa p\u00e1ly\u00e1zata keret\u00e9ben lehet\u0151s\u00e9g\u00fcnk ny\u00edlt az <em>Acta Universitatis Szegediensis, Acta Iuvenum, Sectio Archaeologica<\/em> c\u00edm\u0171 foly\u00f3irat m\u00e1sodik sz\u00e1m\u00e1nak a kiad\u00e1s\u00e1ra. A p\u00e1ly\u00e1zat a k\u00f6tet teljes szerkeszt\u00e9si \u00e9s nyomdai k\u00f6lts\u00e9geit t\u00e1mogatta. Ebben a k\u00f6tetben a nyolc OTDK-\u00e1n r\u00e9szt vev\u0151 hallgat\u00f3nk (Majd\u00e1n Mira, Kuj\u00e1ni Yvett, Piros R\u00e9ka \u00c1gnes, M\u00e9sz\u00e1ros Bogl\u00e1rka, Samu Anita, So\u00f3s Rita, Andr\u00e1si R\u00e9ka, Tihanyi Bal\u00e1zs) dolgozataib\u00f3l k\u00e9sz\u00fclt cikkek jelentek meg (F\u0151szerkeszt\u0151: R\u00e9v\u00e9sz L\u00e1szl\u00f3, Szerkeszt\u0151: B\u00edr\u00f3 Gy\u00f6ngyv\u00e9r, Pint\u00e9r-Nagy Katalin \u00e9s Tak\u00e1cs Melinda).<\/p>\n<p>Ezen p\u00e1ly\u00e1zat keret\u00e9ben \u00e9p\u00edtett\u00fck be a tansz\u00e9k\u00fcnk m\u00e1r megl\u00e9v\u0151 projektor\u00e1t a B\u00f6lcs\u00e9szettudom\u00e1nyi Kar Egyetem utcai \u00e9p\u00fclet\u00e9nek 1. sz. term\u00e9be (R\u00e9g\u00e9sz szemin\u00e1rium). Ez a beruh\u00e1z\u00e1s a TDK-el\u0151ad\u00e1sok \u00e9s egy\u00e9b el\u0151ad\u00e1sok megszervez\u00e9s\u00e9t \u00e9s kivitelez\u00e9s\u00e9t teszi sokkal g\u00f6rd\u00fcl\u00e9kenyebb\u00e9, k\u00f6nnyebb\u00e9.<\/p>\n<p><a href=\"http:\/\/regeszet.bibl.u-szeged.hu\/wp-content\/uploads\/2017\/11\/Acta_Iuvenum_II..jpg\"><img loading=\"lazy\" decoding=\"async\" class=\"alignnone size-full wp-image-856\" src=\"http:\/\/regeszet.bibl.u-szeged.hu\/wp-content\/uploads\/2017\/11\/Acta_Iuvenum_II..jpg\" alt=\"\" width=\"425\" height=\"612\" \/><\/a><\/p>\n","protected":false},"excerpt":{"rendered":"<p>Az Nemzeti Tehets\u00e9g Program NTP-TDK-14 azonos\u00edt\u00f3sz\u00e1m\u00fa p\u00e1ly\u00e1zata keret\u00e9ben lehet\u0151s\u00e9g\u00fcnk ny\u00edlt az Acta Universitatis Szegediensis, Acta Iuvenum, Sectio Archaeologica c\u00edm\u0171 foly\u00f3irat m\u00e1sodik sz\u00e1m\u00e1nak a kiad\u00e1s\u00e1ra. A p\u00e1ly\u00e1zat a k\u00f6tet teljes szerkeszt\u00e9si \u00e9s nyomdai k\u00f6lts\u00e9geit t\u00e1mogatta. Ebben a k\u00f6tetben a nyolc OTDK-\u00e1n r\u00e9szt vev\u0151 hallgat\u00f3nk (Majd\u00e1n Mira, Kuj\u00e1ni Yvett, Piros R\u00e9ka \u00c1gnes, M\u00e9sz\u00e1ros Bogl\u00e1rka, Samu Anita, So\u00f3s &hellip; <a href=\"https:\/\/regeszet.bibl.u-szeged.hu\/index.php\/tehetseggondozas\/ntp-palyazatok\/2015-2\/\" class=\"more-link\"><span class=\"screen-reader-text\">NTP 2015<\/span> b\u0151vebben&#8230; <span class=\"meta-nav\">&rarr;<\/span><\/a><\/p>\n","protected":false},"author":1,"featured_media":0,"parent":180,"menu_order":2,"comment_status":"closed","ping_status":"closed","template":"","meta":{"footnotes":""},"class_list":["post-207","page","type-page","status-publish","hentry"],"_links":{"self":[{"href":"https:\/\/regeszet.bibl.u-szeged.hu\/index.php\/wp-json\/wp\/v2\/pages\/207","targetHints":{"allow":["GET"]}}],"collection":[{"href":"https:\/\/regeszet.bibl.u-szeged.hu\/index.php\/wp-json\/wp\/v2\/pages"}],"about":[{"href":"https:\/\/regeszet.bibl.u-szeged.hu\/index.php\/wp-json\/wp\/v2\/types\/page"}],"author":[{"embeddable":true,"href":"https:\/\/regeszet.bibl.u-szeged.hu\/index.php\/wp-json\/wp\/v2\/users\/1"}],"replies":[{"embeddable":true,"href":"https:\/\/regeszet.bibl.u-szeged.hu\/index.php\/wp-json\/wp\/v2\/comments?post=207"}],"version-history":[{"count":3,"href":"https:\/\/regeszet.bibl.u-szeged.hu\/index.php\/wp-json\/wp\/v2\/pages\/207\/revisions"}],"predecessor-version":[{"id":1238,"href":"https:\/\/regeszet.bibl.u-szeged.hu\/index.php\/wp-json\/wp\/v2\/pages\/207\/revisions\/1238"}],"up":[{"embeddable":true,"href":"https:\/\/regeszet.bibl.u-szeged.hu\/index.php\/wp-json\/wp\/v2\/pages\/180"}],"wp:attachment":[{"href":"https:\/\/regeszet.bibl.u-szeged.hu\/index.php\/wp-json\/wp\/v2\/media?parent=207"}],"curies":[{"name":"wp","href":"https:\/\/api.w.org\/{rel}","templated":true}]}}