{"id":209,"date":"2017-11-22T09:09:38","date_gmt":"2017-11-22T08:09:38","guid":{"rendered":"http:\/\/regeszet.bibl.u-szeged.hu\/?page_id=209"},"modified":"2017-11-25T10:47:53","modified_gmt":"2017-11-25T09:47:53","slug":"2014-2","status":"publish","type":"page","link":"https:\/\/regeszet.bibl.u-szeged.hu\/index.php\/tehetseggondozas\/ntp-palyazatok\/2014-2\/","title":{"rendered":"NTP 2014"},"content":{"rendered":"<p>A Nemzeti Tehets\u00e9g Program keret\u00e9ben meghirdetett, NTP-TDK-13 azonos\u00edt\u00f3sz\u00e1m\u00fa, <em>TDK-m\u0171helyek t\u00e1mogat\u00e1s\u00e1ra<\/em> ki\u00edrt p\u00e1ly\u00e1zat h\u00e1rom tansz\u00e9ki rendezv\u00e9ny\u00fcnk megszervez\u00e9s\u00e9ben ny\u00fajtott seg\u00edts\u00e9get, valamint a p\u00e1ly\u00e1zat keret\u00e9ben megrendelt eszk\u00f6z\u00f6k (GPS, k\u00fcls\u0151 meghajt\u00f3) a hallgat\u00f3k \u00f6n\u00e1ll\u00f3 kutat\u00e1si tev\u00e9kenys\u00e9g\u00e9t seg\u00edtik el\u0151.<\/p>\n<p>A rendezv\u00e9nyek k\u00f6z\u00fcl egyr\u00e9szt a <em>R\u00e9g\u00e9szhallgat\u00f3k Orsz\u00e1gos Tal\u00e1lkoz\u00f3j\u00e1<\/em>nak k\u00f6lts\u00e9geiben volt a seg\u00edts\u00e9g\u00fcnkre ez a p\u00e1ly\u00e1zat. M\u00e1ra m\u00e1r nagy hagyom\u00e1nya alakult ki a magyarorsz\u00e1gi \u00e9s hat\u00e1ron t\u00fali egyetemek r\u00e9g\u00e9szeti tansz\u00e9kei k\u00f6z\u00f6tt \u00e9vente megrendezend\u0151 R\u00e9g\u00e9szhallgat\u00f3k Orsz\u00e1gos Tal\u00e1lkoz\u00f3j\u00e1nak, amelynek 2014 \u00e1prilis\u00e1ban a Szegedi Tudom\u00e1nyegyetem R\u00e9g\u00e9szeti Tansz\u00e9ke adott otthont. A rendezv\u00e9ny megszervez\u00e9se \u00e9s lebonyol\u00edt\u00e1sa kiv\u00e1l\u00f3 alkalmat adott a hallgat\u00f3inknak a csoportos egy\u00fcttm\u0171k\u00f6d\u00e9s hat\u00e9konyabb\u00e1 t\u00e9tel\u00e9hez. A t\u00f6bbnapos tal\u00e1lkoz\u00f3 legfontosabb c\u00e9lja a hallgat\u00f3k ismereteinek b\u0151v\u00edt\u00e9se volt. A rendezv\u00e9ny keretein bel\u00fcl megrendezett konferenci\u00e1n megismerkedhettek a leg\u00fajabb hazai \u00e9s nemzetk\u00f6zi kutat\u00e1si eredm\u00e9nyekkel, illetve lehet\u0151s\u00e9get biztos\u00edtottunk egyetem\u00fcnk hallgat\u00f3i sz\u00e1m\u00e1ra, hogy kutat\u00e1sukat szakmai k\u00f6rben bemutass\u00e1k, el\u0151ad\u00f3i k\u00e9pess\u00e9g\u00fcket gyakorolj\u00e1k, az \u00f3r\u00e1kon elsaj\u00e1t\u00edtott tud\u00e1sukat kamatoztass\u00e1k. Hallgat\u00f3ink k\u00f6z\u00fcl Majd\u00e1n Mira \u00e9s Kuj\u00e1ni Yvett \u00e9lt ezzel a lehet\u0151s\u00e9ggel, \u00e9s sz\u00ednvonalas el\u0151ad\u00e1st tartottak kutat\u00e1si t\u00e9m\u00e1jukb\u00f3l. A tal\u00e1lkoz\u00f3 keretein bel\u00fcl tov\u00e1bb\u00e1 sz\u00e1mos kultur\u00e1lis program seg\u00edtette az egyetemek k\u00f6z\u00f6tti egy\u00fcttm\u0171k\u00f6d\u00e9s \u00e9s kommunik\u00e1ci\u00f3 fejleszt\u00e9s\u00e9t, \u00e9p\u00edt\u00e9s\u00e9t, a hallgat\u00f3k k\u00f6z\u00f6tti kapcsolatteremt\u00e9st.<\/p>\n<p>Tansz\u00e9k\u00fcnk m\u00e1sik rendezv\u00e9nye \u2013 amelynek megrendez\u00e9s\u00e9t seg\u00edtette ez a p\u00e1ly\u00e1zat \u2013 <em>Az Alf\u00f6ld a 9. sz\u00e1zadban II. \u2013 \u00daj eredm\u00e9nyek<\/em> c\u00edm\u0171 konferencia. A konferencia c\u00e9lja az 1992-ben, szint\u00e9n Szegeden megrendezett \u00fcl\u00e9s \u00f3ta eltelt t\u00f6bb mint k\u00e9t \u00e9vtized kutat\u00e1sainak \u00f6sszefoglal\u00e1sa volt, melyen a korszak neves hazai \u00e9s k\u00fclf\u00f6ldi kutat\u00f3i sz\u00e1moltak be leg\u00fajabb kutat\u00e1si eredm\u00e9nyeikr\u0151l. A konferenci\u00e1n elhangzott el\u0151ad\u00e1sok j\u00f3l kieg\u00e9sz\u00edtett\u00e9k az \u00f3rai t\u00f6rzsanyagot, \u00e9s rem\u00e9lhet\u0151leg inspir\u00e1l\u00f3an fog hatni a hallgat\u00f3kra, hogy ezzel a korszakkal foglalkozzanak TDK-dolgozat keret\u00e9ben (is).<\/p>\n<p>Az SZTE BTK R\u00e9g\u00e9szeti Tansz\u00e9k TDK-konferenci\u00e1j\u00e1t 2014. \u00e1prilis 16-\u00e1n rendezt\u00fck meg. A konferenci\u00e1ra n\u00e9gy hallgat\u00f3 (Kuj\u00e1ni Yvett, Piros R\u00e9ka \u00c1gnes, Vad\u00e1sz Emese, Nagy Bal\u00e1zs) jelentkezett, \u00e9s az \u00e1ltaluk \u00edrt TDK-dolgozatokat a t\u00e9mavezet\u0151j\u00fck (V\u00f6r\u00f6s Gabriella, Marcsik Ant\u00f3nia, B. T\u00f3th \u00c1gnes, Wolf M\u00e1ria, Kulcs\u00e1r Val\u00e9ria), illetve egy-egy a t\u00e9m\u00e1ban j\u00e1rtas opponens (Kulcs\u00e1r Val\u00e9ria, Kov\u00e1cs S. Tibor, Forg\u00f3 G\u00e9za, Lajk\u00f3 Orsolya) v\u00e9lem\u00e9nyezte. A konferenci\u00e1n ezen dolgozatok f\u0151bb eredm\u00e9nyeit ismertett\u00e9k 20 percben a hallgat\u00f3k. A dolgozatok \u00e9rt\u00e9kel\u00e9se \u00e9s a konferenci\u00e1n elhangzott el\u0151ad\u00e1sok \u00e9rt\u00e9kel\u00e9se alapj\u00e1n a konferencia zs\u0171ribizotts\u00e1ga d\u00f6nt\u00e9se \u00e9rtelm\u00e9ben mind a n\u00e9gy hallgat\u00f3 dolgozata tov\u00e1bbjutott a 2015-\u00f6s OTDK-ra.<\/p>\n<p>Az NTP-TDK-13 p\u00e1ly\u00e1zat keret\u00e9ben a tansz\u00e9k\u00fcnknek siker\u00fclt beszerezni k\u00e9t m\u0171szaki eszk\u00f6zt: egy GPS-t \u00e9s egy k\u00fcls\u0151 meghajt\u00f3t. Ezek az eszk\u00f6z\u00f6k megk\u00f6nny\u00edtik hallgat\u00f3ink terepi munk\u00e1j\u00e1t. Jelenleg h\u00e1rom ter\u00fcleten (a vajdas\u00e1gi Ludasi-t\u00f3, Orosh\u00e1za \u00e9s Kiskunhalas k\u00f6rny\u00e9k\u00e9n) v\u00e9geznek terepbej\u00e1r\u00e1sokat, \u00e9s ezek az eszk\u00f6z\u00f6k haszn\u00e1lata jelent\u0151sen megk\u00f6nny\u00edti munk\u00e1jukat, kutat\u00e1saikat.<\/p>\n<p>&nbsp;<\/p>\n<div class=\"rgg-container\" data-rgg-id=\"1\">    <div class=\"rgg-imagegrid captions-title captions-effect-none \" data-rgg-id=\"1\">\n                    <a href=\"https:\/\/regeszet.bibl.u-szeged.hu\/wp-content\/uploads\/2017\/11\/1.NTP_.jpg\" data-rel=\"rgg\" rel=\"rgg\" title=\"\" class=\"rgg-disabled size-medium rgg-img\" data-src=\"https:\/\/regeszet.bibl.u-szeged.hu\/wp-content\/uploads\/2017\/11\/1.NTP_.jpg\" data-ratio=\"1.5\" data-height=\"200\" data-width=\"300\" aria-label=\"\">\n                            <\/a>\n                    <a href=\"https:\/\/regeszet.bibl.u-szeged.hu\/wp-content\/uploads\/2017\/11\/2.NTP_.jpg\" data-rel=\"rgg\" rel=\"rgg\" title=\"\" class=\"rgg-disabled size-medium rgg-img\" data-src=\"https:\/\/regeszet.bibl.u-szeged.hu\/wp-content\/uploads\/2017\/11\/2.NTP_.jpg\" data-ratio=\"1.5\" data-height=\"200\" data-width=\"300\" aria-label=\"\">\n                            <\/a>\n                    <a href=\"https:\/\/regeszet.bibl.u-szeged.hu\/wp-content\/uploads\/2017\/11\/3.NTP_.jpg\" data-rel=\"rgg\" rel=\"rgg\" title=\"\" class=\"rgg-disabled size-medium rgg-img\" data-src=\"https:\/\/regeszet.bibl.u-szeged.hu\/wp-content\/uploads\/2017\/11\/3.NTP_.jpg\" data-ratio=\"1.5\" data-height=\"200\" data-width=\"300\" aria-label=\"\">\n                            <\/a>\n                    <a href=\"https:\/\/regeszet.bibl.u-szeged.hu\/wp-content\/uploads\/2017\/11\/4.NTP_.jpg\" data-rel=\"rgg\" rel=\"rgg\" title=\"\" class=\"rgg-disabled size-medium rgg-img\" data-src=\"https:\/\/regeszet.bibl.u-szeged.hu\/wp-content\/uploads\/2017\/11\/4.NTP_.jpg\" data-ratio=\"1.5\" data-height=\"200\" data-width=\"300\" aria-label=\"\">\n                            <\/a>\n                    <a href=\"https:\/\/regeszet.bibl.u-szeged.hu\/wp-content\/uploads\/2017\/11\/5.NTP_.jpg\" data-rel=\"rgg\" rel=\"rgg\" title=\"\" class=\"rgg-disabled size-medium rgg-img\" data-src=\"https:\/\/regeszet.bibl.u-szeged.hu\/wp-content\/uploads\/2017\/11\/5.NTP_.jpg\" data-ratio=\"1.5\" data-height=\"200\" data-width=\"300\" aria-label=\"\">\n                            <\/a>\n                    <a href=\"https:\/\/regeszet.bibl.u-szeged.hu\/wp-content\/uploads\/2017\/11\/6.NTP_.jpg\" data-rel=\"rgg\" rel=\"rgg\" title=\"\" class=\"rgg-disabled size-medium rgg-img\" data-src=\"https:\/\/regeszet.bibl.u-szeged.hu\/wp-content\/uploads\/2017\/11\/6.NTP_.jpg\" data-ratio=\"1.5\" data-height=\"200\" data-width=\"300\" aria-label=\"\">\n                            <\/a>\n            <\/div>\n<\/div>\n","protected":false},"excerpt":{"rendered":"<p>A Nemzeti Tehets\u00e9g Program keret\u00e9ben meghirdetett, NTP-TDK-13 azonos\u00edt\u00f3sz\u00e1m\u00fa, TDK-m\u0171helyek t\u00e1mogat\u00e1s\u00e1ra ki\u00edrt p\u00e1ly\u00e1zat h\u00e1rom tansz\u00e9ki rendezv\u00e9ny\u00fcnk megszervez\u00e9s\u00e9ben ny\u00fajtott seg\u00edts\u00e9get, valamint a p\u00e1ly\u00e1zat keret\u00e9ben megrendelt eszk\u00f6z\u00f6k (GPS, k\u00fcls\u0151 meghajt\u00f3) a hallgat\u00f3k \u00f6n\u00e1ll\u00f3 kutat\u00e1si tev\u00e9kenys\u00e9g\u00e9t seg\u00edtik el\u0151. A rendezv\u00e9nyek k\u00f6z\u00fcl egyr\u00e9szt a R\u00e9g\u00e9szhallgat\u00f3k Orsz\u00e1gos Tal\u00e1lkoz\u00f3j\u00e1nak k\u00f6lts\u00e9geiben volt a seg\u00edts\u00e9g\u00fcnkre ez a p\u00e1ly\u00e1zat. M\u00e1ra m\u00e1r nagy hagyom\u00e1nya alakult ki &hellip; <a href=\"https:\/\/regeszet.bibl.u-szeged.hu\/index.php\/tehetseggondozas\/ntp-palyazatok\/2014-2\/\" class=\"more-link\"><span class=\"screen-reader-text\">NTP 2014<\/span> b\u0151vebben&#8230; <span class=\"meta-nav\">&rarr;<\/span><\/a><\/p>\n","protected":false},"author":1,"featured_media":0,"parent":180,"menu_order":3,"comment_status":"closed","ping_status":"closed","template":"","meta":{"footnotes":""},"class_list":["post-209","page","type-page","status-publish","hentry"],"_links":{"self":[{"href":"https:\/\/regeszet.bibl.u-szeged.hu\/index.php\/wp-json\/wp\/v2\/pages\/209","targetHints":{"allow":["GET"]}}],"collection":[{"href":"https:\/\/regeszet.bibl.u-szeged.hu\/index.php\/wp-json\/wp\/v2\/pages"}],"about":[{"href":"https:\/\/regeszet.bibl.u-szeged.hu\/index.php\/wp-json\/wp\/v2\/types\/page"}],"author":[{"embeddable":true,"href":"https:\/\/regeszet.bibl.u-szeged.hu\/index.php\/wp-json\/wp\/v2\/users\/1"}],"replies":[{"embeddable":true,"href":"https:\/\/regeszet.bibl.u-szeged.hu\/index.php\/wp-json\/wp\/v2\/comments?post=209"}],"version-history":[{"count":4,"href":"https:\/\/regeszet.bibl.u-szeged.hu\/index.php\/wp-json\/wp\/v2\/pages\/209\/revisions"}],"predecessor-version":[{"id":1236,"href":"https:\/\/regeszet.bibl.u-szeged.hu\/index.php\/wp-json\/wp\/v2\/pages\/209\/revisions\/1236"}],"up":[{"embeddable":true,"href":"https:\/\/regeszet.bibl.u-szeged.hu\/index.php\/wp-json\/wp\/v2\/pages\/180"}],"wp:attachment":[{"href":"https:\/\/regeszet.bibl.u-szeged.hu\/index.php\/wp-json\/wp\/v2\/media?parent=209"}],"curies":[{"name":"wp","href":"https:\/\/api.w.org\/{rel}","templated":true}]}}