{"id":2100,"date":"2018-02-06T22:49:40","date_gmt":"2018-02-06T21:49:40","guid":{"rendered":"http:\/\/regeszet.bibl.u-szeged.hu\/?page_id=2100"},"modified":"2018-02-06T22:49:40","modified_gmt":"2018-02-06T21:49:40","slug":"ablonczy-balazs","status":"publish","type":"page","link":"https:\/\/regeszet.bibl.u-szeged.hu\/index.php\/ablonczy-balazs\/","title":{"rendered":"Ablonczy Bal\u00e1zs"},"content":{"rendered":"<p>Nagy \u00e9rdekl\u0151d\u00e9s k\u00eds\u00e9rte a f\u00e9l\u00e9v utols\u00f3 TDK-el\u0151ad\u00e1s\u00e1t. Ablonczy Bal\u00e1zs, az MTA BTK T\u00f6rt\u00e9nettudom\u00e1nyi Int\u00e9zet\u00e9nek munkat\u00e1rsa a Tengri fiai: a magyar orientalizmus vil\u00e1ga c\u00edmmel tartott el\u0151ad\u00e1st december 5-\u00e9n tansz\u00e9k\u00fcnk\u00f6n.<\/p>\n<p>Fot\u00f3: Walter R\u00e9ka<\/p>\n<div class=\"rgg-container\" data-rgg-id=\"1\">    <div class=\"rgg-imagegrid captions-title captions-effect-none \" data-rgg-id=\"1\">\n                    <a href=\"https:\/\/regeszet.bibl.u-szeged.hu\/wp-content\/uploads\/2018\/02\/24273579_711474902389592_1841058642605730054_o.jpg\" data-rel=\"rgg\" rel=\"rgg\" title=\"\" class=\"rgg-disabled size-medium rgg-img\" data-src=\"https:\/\/regeszet.bibl.u-szeged.hu\/wp-content\/uploads\/2018\/02\/24273579_711474902389592_1841058642605730054_o.jpg\" data-ratio=\"0.70666666666667\" data-height=\"300\" data-width=\"212\" aria-label=\"\">\n                            <\/a>\n                    <a href=\"https:\/\/regeszet.bibl.u-szeged.hu\/wp-content\/uploads\/2018\/02\/24993085_716154011921681_944261438044555434_n.jpg\" data-rel=\"rgg\" rel=\"rgg\" title=\"\" class=\"rgg-disabled size-medium rgg-img\" data-src=\"https:\/\/regeszet.bibl.u-szeged.hu\/wp-content\/uploads\/2018\/02\/24993085_716154011921681_944261438044555434_n.jpg\" data-ratio=\"1.5075376884422\" data-height=\"199\" data-width=\"300\" aria-label=\"\">\n                            <\/a>\n                    <a href=\"https:\/\/regeszet.bibl.u-szeged.hu\/wp-content\/uploads\/2018\/02\/25289740_716153985255017_778427800891608409_n.jpg\" data-rel=\"rgg\" rel=\"rgg\" title=\"\" class=\"rgg-disabled size-medium rgg-img\" data-src=\"https:\/\/regeszet.bibl.u-szeged.hu\/wp-content\/uploads\/2018\/02\/25289740_716153985255017_778427800891608409_n.jpg\" data-ratio=\"0.66333333333333\" data-height=\"300\" data-width=\"199\" aria-label=\"\">\n                            <\/a>\n                    <a href=\"https:\/\/regeszet.bibl.u-szeged.hu\/wp-content\/uploads\/2018\/02\/25289229_716153955255020_4043888994004929594_n.jpg\" data-rel=\"rgg\" rel=\"rgg\" title=\"\" class=\"rgg-disabled size-medium rgg-img\" data-src=\"https:\/\/regeszet.bibl.u-szeged.hu\/wp-content\/uploads\/2018\/02\/25289229_716153955255020_4043888994004929594_n.jpg\" data-ratio=\"1.5075376884422\" data-height=\"199\" data-width=\"300\" aria-label=\"\">\n                            <\/a>\n            <\/div>\n<\/div>\n","protected":false},"excerpt":{"rendered":"<p>Nagy \u00e9rdekl\u0151d\u00e9s k\u00eds\u00e9rte a f\u00e9l\u00e9v utols\u00f3 TDK-el\u0151ad\u00e1s\u00e1t. Ablonczy Bal\u00e1zs, az MTA BTK T\u00f6rt\u00e9nettudom\u00e1nyi Int\u00e9zet\u00e9nek munkat\u00e1rsa a Tengri fiai: a magyar orientalizmus vil\u00e1ga c\u00edmmel tartott el\u0151ad\u00e1st december 5-\u00e9n tansz\u00e9k\u00fcnk\u00f6n. Fot\u00f3: Walter R\u00e9ka<\/p>\n","protected":false},"author":1,"featured_media":0,"parent":0,"menu_order":0,"comment_status":"closed","ping_status":"closed","template":"","meta":{"footnotes":""},"class_list":["post-2100","page","type-page","status-publish","hentry"],"_links":{"self":[{"href":"https:\/\/regeszet.bibl.u-szeged.hu\/index.php\/wp-json\/wp\/v2\/pages\/2100","targetHints":{"allow":["GET"]}}],"collection":[{"href":"https:\/\/regeszet.bibl.u-szeged.hu\/index.php\/wp-json\/wp\/v2\/pages"}],"about":[{"href":"https:\/\/regeszet.bibl.u-szeged.hu\/index.php\/wp-json\/wp\/v2\/types\/page"}],"author":[{"embeddable":true,"href":"https:\/\/regeszet.bibl.u-szeged.hu\/index.php\/wp-json\/wp\/v2\/users\/1"}],"replies":[{"embeddable":true,"href":"https:\/\/regeszet.bibl.u-szeged.hu\/index.php\/wp-json\/wp\/v2\/comments?post=2100"}],"version-history":[{"count":1,"href":"https:\/\/regeszet.bibl.u-szeged.hu\/index.php\/wp-json\/wp\/v2\/pages\/2100\/revisions"}],"predecessor-version":[{"id":2102,"href":"https:\/\/regeszet.bibl.u-szeged.hu\/index.php\/wp-json\/wp\/v2\/pages\/2100\/revisions\/2102"}],"wp:attachment":[{"href":"https:\/\/regeszet.bibl.u-szeged.hu\/index.php\/wp-json\/wp\/v2\/media?parent=2100"}],"curies":[{"name":"wp","href":"https:\/\/api.w.org\/{rel}","templated":true}]}}