{"id":2104,"date":"2018-02-06T22:52:53","date_gmt":"2018-02-06T21:52:53","guid":{"rendered":"http:\/\/regeszet.bibl.u-szeged.hu\/?page_id=2104"},"modified":"2018-02-06T22:52:53","modified_gmt":"2018-02-06T21:52:53","slug":"marton-tibor","status":"publish","type":"page","link":"https:\/\/regeszet.bibl.u-szeged.hu\/index.php\/marton-tibor\/","title":{"rendered":"Marton Tibor"},"content":{"rendered":"<p>November 29-\u00e9n Marton Tibor tartott el\u0151ad\u00e1st Az \u00fajk\u0151kor v\u00e1ltoz\u00f3 horizontjai: a Kr. e. 6. \u00e9vezred a D\u00e9lkelet-Dun\u00e1nt\u00falon c\u00edmmel a tansz\u00e9k\u00fcnk\u00f6n.<\/p>\n<p>Fot\u00f3: Walter R\u00e9ka<\/p>\n<div class=\"rgg-container\" data-rgg-id=\"1\">    <div class=\"rgg-imagegrid captions-title captions-effect-none \" data-rgg-id=\"1\">\n                    <a href=\"https:\/\/regeszet.bibl.u-szeged.hu\/wp-content\/uploads\/2018\/02\/24068408_709611452575937_3469067640721052901_o.jpg\" data-rel=\"rgg\" rel=\"rgg\" title=\"\" class=\"rgg-disabled size-medium rgg-img\" data-src=\"https:\/\/regeszet.bibl.u-szeged.hu\/wp-content\/uploads\/2018\/02\/24068408_709611452575937_3469067640721052901_o.jpg\" data-ratio=\"0.70666666666667\" data-height=\"300\" data-width=\"212\" aria-label=\"\">\n                            <\/a>\n                    <a href=\"https:\/\/regeszet.bibl.u-szeged.hu\/wp-content\/uploads\/2018\/02\/24129952_711470769056672_5229466331884408358_n.jpg\" data-rel=\"rgg\" rel=\"rgg\" title=\"\" class=\"rgg-disabled size-medium rgg-img\" data-src=\"https:\/\/regeszet.bibl.u-szeged.hu\/wp-content\/uploads\/2018\/02\/24129952_711470769056672_5229466331884408358_n.jpg\" data-ratio=\"1.5075376884422\" data-height=\"199\" data-width=\"300\" aria-label=\"\">\n                            <\/a>\n                    <a href=\"https:\/\/regeszet.bibl.u-szeged.hu\/wp-content\/uploads\/2018\/02\/24174422_711470835723332_252260210262447461_n.jpg\" data-rel=\"rgg\" rel=\"rgg\" title=\"\" class=\"rgg-disabled size-medium rgg-img\" data-src=\"https:\/\/regeszet.bibl.u-szeged.hu\/wp-content\/uploads\/2018\/02\/24174422_711470835723332_252260210262447461_n.jpg\" data-ratio=\"1.5075376884422\" data-height=\"199\" data-width=\"300\" aria-label=\"\">\n                            <\/a>\n                    <a href=\"https:\/\/regeszet.bibl.u-szeged.hu\/wp-content\/uploads\/2018\/02\/24129509_711470869056662_8998207954339894606_n.jpg\" data-rel=\"rgg\" rel=\"rgg\" title=\"\" class=\"rgg-disabled size-medium rgg-img\" data-src=\"https:\/\/regeszet.bibl.u-szeged.hu\/wp-content\/uploads\/2018\/02\/24129509_711470869056662_8998207954339894606_n.jpg\" data-ratio=\"1.5075376884422\" data-height=\"199\" data-width=\"300\" aria-label=\"\">\n                            <\/a>\n            <\/div>\n<\/div>\n","protected":false},"excerpt":{"rendered":"<p>November 29-\u00e9n Marton Tibor tartott el\u0151ad\u00e1st Az \u00fajk\u0151kor v\u00e1ltoz\u00f3 horizontjai: a Kr. e. 6. \u00e9vezred a D\u00e9lkelet-Dun\u00e1nt\u00falon c\u00edmmel a tansz\u00e9k\u00fcnk\u00f6n. Fot\u00f3: Walter R\u00e9ka<\/p>\n","protected":false},"author":1,"featured_media":0,"parent":0,"menu_order":0,"comment_status":"closed","ping_status":"closed","template":"","meta":{"footnotes":""},"class_list":["post-2104","page","type-page","status-publish","hentry"],"_links":{"self":[{"href":"https:\/\/regeszet.bibl.u-szeged.hu\/index.php\/wp-json\/wp\/v2\/pages\/2104","targetHints":{"allow":["GET"]}}],"collection":[{"href":"https:\/\/regeszet.bibl.u-szeged.hu\/index.php\/wp-json\/wp\/v2\/pages"}],"about":[{"href":"https:\/\/regeszet.bibl.u-szeged.hu\/index.php\/wp-json\/wp\/v2\/types\/page"}],"author":[{"embeddable":true,"href":"https:\/\/regeszet.bibl.u-szeged.hu\/index.php\/wp-json\/wp\/v2\/users\/1"}],"replies":[{"embeddable":true,"href":"https:\/\/regeszet.bibl.u-szeged.hu\/index.php\/wp-json\/wp\/v2\/comments?post=2104"}],"version-history":[{"count":1,"href":"https:\/\/regeszet.bibl.u-szeged.hu\/index.php\/wp-json\/wp\/v2\/pages\/2104\/revisions"}],"predecessor-version":[{"id":2106,"href":"https:\/\/regeszet.bibl.u-szeged.hu\/index.php\/wp-json\/wp\/v2\/pages\/2104\/revisions\/2106"}],"wp:attachment":[{"href":"https:\/\/regeszet.bibl.u-szeged.hu\/index.php\/wp-json\/wp\/v2\/media?parent=2104"}],"curies":[{"name":"wp","href":"https:\/\/api.w.org\/{rel}","templated":true}]}}