{"id":2107,"date":"2018-02-06T22:54:33","date_gmt":"2018-02-06T21:54:33","guid":{"rendered":"http:\/\/regeszet.bibl.u-szeged.hu\/?page_id=2107"},"modified":"2018-02-06T22:54:33","modified_gmt":"2018-02-06T21:54:33","slug":"kozmacs-istvan","status":"publish","type":"page","link":"https:\/\/regeszet.bibl.u-szeged.hu\/index.php\/kozmacs-istvan\/","title":{"rendered":"Kozm\u00e1cs Istv\u00e1n"},"content":{"rendered":"<p>November 21-\u00e9n Kozm\u00e1cs Istv\u00e1n tartott el\u0151ad\u00e1st Nyelvrokons\u00e1g \u2013 nyelvek, rokons\u00e1gok \u2013 \u0151st\u00f6rt\u00e9neti tanuls\u00e1gok c\u00edmmel a tansz\u00e9k\u00fcnk\u00f6n.<\/p>\n<p>Fot\u00f3: R\u00e1cz Rita<\/p>\n<div class=\"rgg-container\" data-rgg-id=\"1\">    <div class=\"rgg-imagegrid captions-title captions-effect-none \" data-rgg-id=\"1\">\n                    <a href=\"https:\/\/regeszet.bibl.u-szeged.hu\/wp-content\/uploads\/2018\/02\/23511052_705374319666317_8414255579443657528_o.jpg\" data-rel=\"rgg\" rel=\"rgg\" title=\"\" class=\"rgg-disabled size-medium rgg-img\" data-src=\"https:\/\/regeszet.bibl.u-szeged.hu\/wp-content\/uploads\/2018\/02\/23511052_705374319666317_8414255579443657528_o.jpg\" data-ratio=\"0.70666666666667\" data-height=\"300\" data-width=\"212\" aria-label=\"\">\n                            <\/a>\n                    <a href=\"https:\/\/regeszet.bibl.u-szeged.hu\/wp-content\/uploads\/2018\/02\/23736237_708279616042454_23760896521985259_o.jpg\" data-rel=\"rgg\" rel=\"rgg\" title=\"\" class=\"rgg-disabled size-medium rgg-img\" data-src=\"https:\/\/regeszet.bibl.u-szeged.hu\/wp-content\/uploads\/2018\/02\/23736237_708279616042454_23760896521985259_o.jpg\" data-ratio=\"1.3574660633484\" data-height=\"221\" data-width=\"300\" aria-label=\"\">\n                            <\/a>\n                    <a href=\"https:\/\/regeszet.bibl.u-szeged.hu\/wp-content\/uploads\/2018\/02\/23825944_708279692709113_1370431808445193855_o.jpg\" data-rel=\"rgg\" rel=\"rgg\" title=\"\" class=\"rgg-disabled size-medium rgg-img\" data-src=\"https:\/\/regeszet.bibl.u-szeged.hu\/wp-content\/uploads\/2018\/02\/23825944_708279692709113_1370431808445193855_o.jpg\" data-ratio=\"1.3100436681223\" data-height=\"229\" data-width=\"300\" aria-label=\"\">\n                            <\/a>\n                    <a href=\"https:\/\/regeszet.bibl.u-szeged.hu\/wp-content\/uploads\/2018\/02\/23845568_708279662709116_319309979349853687_o.jpg\" data-rel=\"rgg\" rel=\"rgg\" title=\"\" class=\"rgg-disabled size-medium rgg-img\" data-src=\"https:\/\/regeszet.bibl.u-szeged.hu\/wp-content\/uploads\/2018\/02\/23845568_708279662709116_319309979349853687_o.jpg\" data-ratio=\"1.5789473684211\" data-height=\"190\" data-width=\"300\" aria-label=\"\">\n                            <\/a>\n            <\/div>\n<\/div>\n","protected":false},"excerpt":{"rendered":"<p>November 21-\u00e9n Kozm\u00e1cs Istv\u00e1n tartott el\u0151ad\u00e1st Nyelvrokons\u00e1g \u2013 nyelvek, rokons\u00e1gok \u2013 \u0151st\u00f6rt\u00e9neti tanuls\u00e1gok c\u00edmmel a tansz\u00e9k\u00fcnk\u00f6n. Fot\u00f3: R\u00e1cz Rita<\/p>\n","protected":false},"author":1,"featured_media":0,"parent":0,"menu_order":0,"comment_status":"closed","ping_status":"closed","template":"","meta":{"footnotes":""},"class_list":["post-2107","page","type-page","status-publish","hentry"],"_links":{"self":[{"href":"https:\/\/regeszet.bibl.u-szeged.hu\/index.php\/wp-json\/wp\/v2\/pages\/2107","targetHints":{"allow":["GET"]}}],"collection":[{"href":"https:\/\/regeszet.bibl.u-szeged.hu\/index.php\/wp-json\/wp\/v2\/pages"}],"about":[{"href":"https:\/\/regeszet.bibl.u-szeged.hu\/index.php\/wp-json\/wp\/v2\/types\/page"}],"author":[{"embeddable":true,"href":"https:\/\/regeszet.bibl.u-szeged.hu\/index.php\/wp-json\/wp\/v2\/users\/1"}],"replies":[{"embeddable":true,"href":"https:\/\/regeszet.bibl.u-szeged.hu\/index.php\/wp-json\/wp\/v2\/comments?post=2107"}],"version-history":[{"count":1,"href":"https:\/\/regeszet.bibl.u-szeged.hu\/index.php\/wp-json\/wp\/v2\/pages\/2107\/revisions"}],"predecessor-version":[{"id":2109,"href":"https:\/\/regeszet.bibl.u-szeged.hu\/index.php\/wp-json\/wp\/v2\/pages\/2107\/revisions\/2109"}],"wp:attachment":[{"href":"https:\/\/regeszet.bibl.u-szeged.hu\/index.php\/wp-json\/wp\/v2\/media?parent=2107"}],"curies":[{"name":"wp","href":"https:\/\/api.w.org\/{rel}","templated":true}]}}