{"id":2110,"date":"2018-02-06T22:55:26","date_gmt":"2018-02-06T21:55:26","guid":{"rendered":"http:\/\/regeszet.bibl.u-szeged.hu\/?page_id=2110"},"modified":"2018-02-06T22:55:26","modified_gmt":"2018-02-06T21:55:26","slug":"istvanovits-eszter","status":"publish","type":"page","link":"https:\/\/regeszet.bibl.u-szeged.hu\/index.php\/istvanovits-eszter\/","title":{"rendered":"Istv\u00e1novits Eszter"},"content":{"rendered":"<p>Nagy \u00e9rdekl\u0151d\u00e9s k\u00eds\u00e9rte a f\u00e9l\u00e9v els\u0151 TDK-el\u0151ad\u00e1s\u00e1t. Istv\u00e1novits Eszter, a ny\u00edregyh\u00e1zi m\u00fazeum r\u00e9g\u00e9sze Gondolatok etnikumokr\u00f3l, n\u00e9pekr\u0151l, etnogenezisr\u0151l c\u00edmmel tartott el\u0151ad\u00e1st november 8-\u00e1n.<\/p>\n<p>Fot\u00f3: Walter R\u00e9ka<\/p>\n<div class=\"rgg-container\" data-rgg-id=\"1\">    <div class=\"rgg-imagegrid captions-title captions-effect-none \" data-rgg-id=\"1\">\n                    <a href=\"https:\/\/regeszet.bibl.u-szeged.hu\/wp-content\/uploads\/2018\/02\/23116738_701164860087263_4982369838318671955_o.jpg\" data-rel=\"rgg\" rel=\"rgg\" title=\"\" class=\"rgg-disabled size-medium rgg-img\" data-src=\"https:\/\/regeszet.bibl.u-szeged.hu\/wp-content\/uploads\/2018\/02\/23116738_701164860087263_4982369838318671955_o.jpg\" data-ratio=\"0.70666666666667\" data-height=\"300\" data-width=\"212\" aria-label=\"\">\n                            <\/a>\n                    <a href=\"https:\/\/regeszet.bibl.u-szeged.hu\/wp-content\/uploads\/2018\/02\/23519024_705003626370053_3783450632720523354_n.jpg\" data-rel=\"rgg\" rel=\"rgg\" title=\"\" class=\"rgg-disabled size-medium rgg-img\" data-src=\"https:\/\/regeszet.bibl.u-szeged.hu\/wp-content\/uploads\/2018\/02\/23519024_705003626370053_3783450632720523354_n.jpg\" data-ratio=\"1.5075376884422\" data-height=\"199\" data-width=\"300\" aria-label=\"\">\n                            <\/a>\n                    <a href=\"https:\/\/regeszet.bibl.u-szeged.hu\/wp-content\/uploads\/2018\/02\/23473151_705003566370059_6944656850067451927_n.jpg\" data-rel=\"rgg\" rel=\"rgg\" title=\"\" class=\"rgg-disabled size-medium rgg-img\" data-src=\"https:\/\/regeszet.bibl.u-szeged.hu\/wp-content\/uploads\/2018\/02\/23473151_705003566370059_6944656850067451927_n.jpg\" data-ratio=\"1.5075376884422\" data-height=\"199\" data-width=\"300\" aria-label=\"\">\n                            <\/a>\n                    <a href=\"https:\/\/regeszet.bibl.u-szeged.hu\/wp-content\/uploads\/2018\/02\/23517447_705003666370049_5223728237114755642_n.jpg\" data-rel=\"rgg\" rel=\"rgg\" title=\"\" class=\"rgg-disabled size-medium rgg-img\" data-src=\"https:\/\/regeszet.bibl.u-szeged.hu\/wp-content\/uploads\/2018\/02\/23517447_705003666370049_5223728237114755642_n.jpg\" data-ratio=\"0.66333333333333\" data-height=\"300\" data-width=\"199\" aria-label=\"\">\n                            <\/a>\n            <\/div>\n<\/div>\n","protected":false},"excerpt":{"rendered":"<p>Nagy \u00e9rdekl\u0151d\u00e9s k\u00eds\u00e9rte a f\u00e9l\u00e9v els\u0151 TDK-el\u0151ad\u00e1s\u00e1t. Istv\u00e1novits Eszter, a ny\u00edregyh\u00e1zi m\u00fazeum r\u00e9g\u00e9sze Gondolatok etnikumokr\u00f3l, n\u00e9pekr\u0151l, etnogenezisr\u0151l c\u00edmmel tartott el\u0151ad\u00e1st november 8-\u00e1n. Fot\u00f3: Walter R\u00e9ka<\/p>\n","protected":false},"author":1,"featured_media":0,"parent":0,"menu_order":0,"comment_status":"closed","ping_status":"closed","template":"","meta":{"footnotes":""},"class_list":["post-2110","page","type-page","status-publish","hentry"],"_links":{"self":[{"href":"https:\/\/regeszet.bibl.u-szeged.hu\/index.php\/wp-json\/wp\/v2\/pages\/2110","targetHints":{"allow":["GET"]}}],"collection":[{"href":"https:\/\/regeszet.bibl.u-szeged.hu\/index.php\/wp-json\/wp\/v2\/pages"}],"about":[{"href":"https:\/\/regeszet.bibl.u-szeged.hu\/index.php\/wp-json\/wp\/v2\/types\/page"}],"author":[{"embeddable":true,"href":"https:\/\/regeszet.bibl.u-szeged.hu\/index.php\/wp-json\/wp\/v2\/users\/1"}],"replies":[{"embeddable":true,"href":"https:\/\/regeszet.bibl.u-szeged.hu\/index.php\/wp-json\/wp\/v2\/comments?post=2110"}],"version-history":[{"count":1,"href":"https:\/\/regeszet.bibl.u-szeged.hu\/index.php\/wp-json\/wp\/v2\/pages\/2110\/revisions"}],"predecessor-version":[{"id":2112,"href":"https:\/\/regeszet.bibl.u-szeged.hu\/index.php\/wp-json\/wp\/v2\/pages\/2110\/revisions\/2112"}],"wp:attachment":[{"href":"https:\/\/regeszet.bibl.u-szeged.hu\/index.php\/wp-json\/wp\/v2\/media?parent=2110"}],"curies":[{"name":"wp","href":"https:\/\/api.w.org\/{rel}","templated":true}]}}