{"id":2113,"date":"2018-02-06T22:57:24","date_gmt":"2018-02-06T21:57:24","guid":{"rendered":"http:\/\/regeszet.bibl.u-szeged.hu\/?page_id=2113"},"modified":"2018-02-06T23:00:53","modified_gmt":"2018-02-06T22:00:53","slug":"2017-2018-2","status":"publish","type":"page","link":"https:\/\/regeszet.bibl.u-szeged.hu\/index.php\/2017-2018-2\/","title":{"rendered":"2017\/2018"},"content":{"rendered":"<p><strong>Els\u0151s\u00f6k bemutatkoz\u00f3 estje<\/strong><\/p>\n<p>Ebben a tan\u00e9vben is megrendez\u00e9sre ker\u00fclt a hagyom\u00e1nyos <em>Els\u0151s\u00f6k bemutatkoz\u00f3 estje<\/em>. A Sz\u00e9chenyi Cafe-ban els\u0151s hallgat\u00f3ink a Gyalog galopp c. filmb\u0151l k\u00e9sz\u00edtettek egy r\u00f6vid, de ann\u00e1l tartalmasabb el\u0151ad\u00e1st, amely mind a zs\u0171ri, mind a k\u00f6z\u00f6ns\u00e9g tetsz\u00e9s\u00e9t is elnyerte. Ezut\u00e1n minden els\u0151\u00e9ves hallgat\u00f3 r\u00f6viden bemutatkozott, majd elkezd\u0151dtek a csapatj\u00e1t\u00e9kok, melyben \u00faj hallgat\u00f3ink mellett a fels\u0151bb \u00e9vesek, valamint tan\u00e1raink is r\u00e9szt vettek.<\/p>\n<p>Fot\u00f3: Walter R\u00e9ka<\/p>\n<div class=\"rgg-container\" data-rgg-id=\"1\">    <div class=\"rgg-imagegrid captions-title captions-effect-none \" data-rgg-id=\"1\">\n                    <a href=\"https:\/\/regeszet.bibl.u-szeged.hu\/wp-content\/uploads\/2018\/02\/Els\u0151s1.jpg\" data-rel=\"rgg\" rel=\"rgg\" title=\"\" class=\"rgg-disabled size-medium rgg-img\" data-src=\"https:\/\/regeszet.bibl.u-szeged.hu\/wp-content\/uploads\/2018\/02\/Els\u0151s1.jpg\" data-ratio=\"1.5\" data-height=\"200\" data-width=\"300\" aria-label=\"\">\n                            <\/a>\n                    <a href=\"https:\/\/regeszet.bibl.u-szeged.hu\/wp-content\/uploads\/2018\/02\/Els\u0151s2.jpg\" data-rel=\"rgg\" rel=\"rgg\" title=\"\" class=\"rgg-disabled size-medium rgg-img\" data-src=\"https:\/\/regeszet.bibl.u-szeged.hu\/wp-content\/uploads\/2018\/02\/Els\u0151s2.jpg\" data-ratio=\"1.5\" data-height=\"200\" data-width=\"300\" aria-label=\"\">\n                            <\/a>\n                    <a href=\"https:\/\/regeszet.bibl.u-szeged.hu\/wp-content\/uploads\/2018\/02\/Els\u0151s3.jpg\" data-rel=\"rgg\" rel=\"rgg\" title=\"\" class=\"rgg-disabled size-medium rgg-img\" data-src=\"https:\/\/regeszet.bibl.u-szeged.hu\/wp-content\/uploads\/2018\/02\/Els\u0151s3.jpg\" data-ratio=\"1.5\" data-height=\"200\" data-width=\"300\" aria-label=\"\">\n                            <\/a>\n                    <a href=\"https:\/\/regeszet.bibl.u-szeged.hu\/wp-content\/uploads\/2018\/02\/Els\u0151s4.jpg\" data-rel=\"rgg\" rel=\"rgg\" title=\"\" class=\"rgg-disabled size-medium rgg-img\" data-src=\"https:\/\/regeszet.bibl.u-szeged.hu\/wp-content\/uploads\/2018\/02\/Els\u0151s4.jpg\" data-ratio=\"1.5\" data-height=\"200\" data-width=\"300\" aria-label=\"\">\n                            <\/a>\n                    <a href=\"https:\/\/regeszet.bibl.u-szeged.hu\/wp-content\/uploads\/2018\/02\/Els\u0151s5.jpg\" data-rel=\"rgg\" rel=\"rgg\" title=\"\" class=\"rgg-disabled size-medium rgg-img\" data-src=\"https:\/\/regeszet.bibl.u-szeged.hu\/wp-content\/uploads\/2018\/02\/Els\u0151s5.jpg\" data-ratio=\"1.5\" data-height=\"200\" data-width=\"300\" aria-label=\"\">\n                            <\/a>\n                    <a href=\"https:\/\/regeszet.bibl.u-szeged.hu\/wp-content\/uploads\/2018\/02\/Els\u0151s6.jpg\" data-rel=\"rgg\" rel=\"rgg\" title=\"\" class=\"rgg-disabled size-medium rgg-img\" data-src=\"https:\/\/regeszet.bibl.u-szeged.hu\/wp-content\/uploads\/2018\/02\/Els\u0151s6.jpg\" data-ratio=\"1.5\" data-height=\"200\" data-width=\"300\" aria-label=\"\">\n                            <\/a>\n            <\/div>\n<\/div>\n","protected":false},"excerpt":{"rendered":"<p>Els\u0151s\u00f6k bemutatkoz\u00f3 estje Ebben a tan\u00e9vben is megrendez\u00e9sre ker\u00fclt a hagyom\u00e1nyos Els\u0151s\u00f6k bemutatkoz\u00f3 estje. A Sz\u00e9chenyi Cafe-ban els\u0151s hallgat\u00f3ink a Gyalog galopp c. filmb\u0151l k\u00e9sz\u00edtettek egy r\u00f6vid, de ann\u00e1l tartalmasabb el\u0151ad\u00e1st, amely mind a zs\u0171ri, mind a k\u00f6z\u00f6ns\u00e9g tetsz\u00e9s\u00e9t is elnyerte. Ezut\u00e1n minden els\u0151\u00e9ves hallgat\u00f3 r\u00f6viden bemutatkozott, majd elkezd\u0151dtek a csapatj\u00e1t\u00e9kok, melyben \u00faj hallgat\u00f3ink mellett &hellip; <a href=\"https:\/\/regeszet.bibl.u-szeged.hu\/index.php\/2017-2018-2\/\" class=\"more-link\"><span class=\"screen-reader-text\">2017\/2018<\/span> b\u0151vebben&#8230; <span class=\"meta-nav\">&rarr;<\/span><\/a><\/p>\n","protected":false},"author":1,"featured_media":0,"parent":0,"menu_order":0,"comment_status":"closed","ping_status":"closed","template":"","meta":{"footnotes":""},"class_list":["post-2113","page","type-page","status-publish","hentry"],"_links":{"self":[{"href":"https:\/\/regeszet.bibl.u-szeged.hu\/index.php\/wp-json\/wp\/v2\/pages\/2113","targetHints":{"allow":["GET"]}}],"collection":[{"href":"https:\/\/regeszet.bibl.u-szeged.hu\/index.php\/wp-json\/wp\/v2\/pages"}],"about":[{"href":"https:\/\/regeszet.bibl.u-szeged.hu\/index.php\/wp-json\/wp\/v2\/types\/page"}],"author":[{"embeddable":true,"href":"https:\/\/regeszet.bibl.u-szeged.hu\/index.php\/wp-json\/wp\/v2\/users\/1"}],"replies":[{"embeddable":true,"href":"https:\/\/regeszet.bibl.u-szeged.hu\/index.php\/wp-json\/wp\/v2\/comments?post=2113"}],"version-history":[{"count":2,"href":"https:\/\/regeszet.bibl.u-szeged.hu\/index.php\/wp-json\/wp\/v2\/pages\/2113\/revisions"}],"predecessor-version":[{"id":2132,"href":"https:\/\/regeszet.bibl.u-szeged.hu\/index.php\/wp-json\/wp\/v2\/pages\/2113\/revisions\/2132"}],"wp:attachment":[{"href":"https:\/\/regeszet.bibl.u-szeged.hu\/index.php\/wp-json\/wp\/v2\/media?parent=2113"}],"curies":[{"name":"wp","href":"https:\/\/api.w.org\/{rel}","templated":true}]}}