{"id":213,"date":"2017-11-22T09:10:57","date_gmt":"2017-11-22T08:10:57","guid":{"rendered":"http:\/\/regeszet.bibl.u-szeged.hu\/?page_id=213"},"modified":"2017-11-25T10:54:29","modified_gmt":"2017-11-25T09:54:29","slug":"tdk-eloadasok","status":"publish","type":"page","link":"https:\/\/regeszet.bibl.u-szeged.hu\/index.php\/partiscon-tdk\/tdk-eloadasok\/","title":{"rendered":"TDK-el\u0151ad\u00e1sok"},"content":{"rendered":"<p>F\u00e9l\u00e9venk\u00e9nt k\u00f6r\u00fclbel\u00fcl k\u00e9t-h\u00e1rom tanterven k\u00edv\u00fcli TDK-el\u0151ad\u00e1s sz\u00ednes\u00edti tansz\u00e9k\u00fcnk oktat\u00e1si palett\u00e1j\u00e1t. Megh\u00edvott el\u0151ad\u00f3ink az adott t\u00e9ma szempontj\u00e1b\u00f3l a szakma elismert, az adott szakter\u00fclet hazai \u00e9s nemzetk\u00f6zi szinten is kiemelked\u0151 kutat\u00f3i. Ezeken az el\u0151ad\u00e1sokon \u00e1ltal\u00e1ban olyan kutat\u00e1si eredm\u00e9nyekre, r\u00e9szprobl\u00e9m\u00e1kra h\u00edvj\u00e1k fel az el\u0151ad\u00f3ink a hallgat\u00f3ink figyelm\u00e9t, melyek az egyetemi oktat\u00e1s tananyag\u00e1ba m\u00e1r nem f\u00e9rnek bele.<\/p>\n","protected":false},"excerpt":{"rendered":"<p>F\u00e9l\u00e9venk\u00e9nt k\u00f6r\u00fclbel\u00fcl k\u00e9t-h\u00e1rom tanterven k\u00edv\u00fcli TDK-el\u0151ad\u00e1s sz\u00ednes\u00edti tansz\u00e9k\u00fcnk oktat\u00e1si palett\u00e1j\u00e1t. Megh\u00edvott el\u0151ad\u00f3ink az adott t\u00e9ma szempontj\u00e1b\u00f3l a szakma elismert, az adott szakter\u00fclet hazai \u00e9s nemzetk\u00f6zi szinten is kiemelked\u0151 kutat\u00f3i. Ezeken az el\u0151ad\u00e1sokon \u00e1ltal\u00e1ban olyan kutat\u00e1si eredm\u00e9nyekre, r\u00e9szprobl\u00e9m\u00e1kra h\u00edvj\u00e1k fel az el\u0151ad\u00f3ink a hallgat\u00f3ink figyelm\u00e9t, melyek az egyetemi oktat\u00e1s tananyag\u00e1ba m\u00e1r nem f\u00e9rnek bele.<\/p>\n","protected":false},"author":1,"featured_media":0,"parent":52,"menu_order":1,"comment_status":"closed","ping_status":"closed","template":"","meta":{"footnotes":""},"class_list":["post-213","page","type-page","status-publish","hentry"],"_links":{"self":[{"href":"https:\/\/regeszet.bibl.u-szeged.hu\/index.php\/wp-json\/wp\/v2\/pages\/213","targetHints":{"allow":["GET"]}}],"collection":[{"href":"https:\/\/regeszet.bibl.u-szeged.hu\/index.php\/wp-json\/wp\/v2\/pages"}],"about":[{"href":"https:\/\/regeszet.bibl.u-szeged.hu\/index.php\/wp-json\/wp\/v2\/types\/page"}],"author":[{"embeddable":true,"href":"https:\/\/regeszet.bibl.u-szeged.hu\/index.php\/wp-json\/wp\/v2\/users\/1"}],"replies":[{"embeddable":true,"href":"https:\/\/regeszet.bibl.u-szeged.hu\/index.php\/wp-json\/wp\/v2\/comments?post=213"}],"version-history":[{"count":2,"href":"https:\/\/regeszet.bibl.u-szeged.hu\/index.php\/wp-json\/wp\/v2\/pages\/213\/revisions"}],"predecessor-version":[{"id":1244,"href":"https:\/\/regeszet.bibl.u-szeged.hu\/index.php\/wp-json\/wp\/v2\/pages\/213\/revisions\/1244"}],"up":[{"embeddable":true,"href":"https:\/\/regeszet.bibl.u-szeged.hu\/index.php\/wp-json\/wp\/v2\/pages\/52"}],"wp:attachment":[{"href":"https:\/\/regeszet.bibl.u-szeged.hu\/index.php\/wp-json\/wp\/v2\/media?parent=213"}],"curies":[{"name":"wp","href":"https:\/\/api.w.org\/{rel}","templated":true}]}}