{"id":2133,"date":"2018-02-06T23:05:54","date_gmt":"2018-02-06T22:05:54","guid":{"rendered":"http:\/\/regeszet.bibl.u-szeged.hu\/?page_id=2133"},"modified":"2018-02-06T23:05:54","modified_gmt":"2018-02-06T22:05:54","slug":"2016-2017","status":"publish","type":"page","link":"https:\/\/regeszet.bibl.u-szeged.hu\/index.php\/2016-2017\/","title":{"rendered":"2016\/2017"},"content":{"rendered":"<p><strong>Tansz\u00e9ki F\u0151z\u0151verseny 2017<\/strong><\/p>\n<p>Az ide Tansz\u00e9ki F\u0151z\u0151verseny 2017. m\u00e1jus 24-\u00e9n ker\u00fclt megrendez\u00e9sre a szegedi V\u00e1rm\u00fazeum \u00e9s K\u0151t\u00e1r udvar\u00e1ban. Az esem\u00e9nyen nem csak Tansz\u00e9k\u00fcnk tan\u00e1rai \u00e9s egykori, valamint jelenlegi hallgat\u00f3i vettek r\u00e9szt, az Embertani Tansz\u00e9kr\u0151l, az Altajisztika Tansz\u00e9kr\u0151l, a N\u00e9prajz Tansz\u00e9kr\u0151l, a M\u00f3ra Ferenc M\u00fazeumb\u00f3l, valamint a Tanulm\u00e1nyi Oszt\u00e1lyr\u00f3l is \u00e9rkeztek vend\u00e9geink. A f\u0151z\u0151versenyt szerencs\u00e9re a vihar sem tudta elmosni, \u00edgy az \u201eArany\u201d, az \u201eEz\u00fcst\u201d \u00e9s a \u201eBronz\u201d fakan\u00e1l is \u00e1tad\u00e1sra ker\u00fclhetett.<\/p>\n<p>Fot\u00f3: Walter R\u00e9ka<\/p>\n<div class=\"rgg-container\" data-rgg-id=\"1\">    <div class=\"rgg-imagegrid captions-title captions-effect-none \" data-rgg-id=\"1\">\n                    <a href=\"https:\/\/regeszet.bibl.u-szeged.hu\/wp-content\/uploads\/2018\/02\/20157574_548853385238739_6273539512525672370_o.jpg\" data-rel=\"rgg\" rel=\"rgg\" title=\"\" class=\"rgg-disabled size-medium rgg-img\" data-src=\"https:\/\/regeszet.bibl.u-szeged.hu\/wp-content\/uploads\/2018\/02\/20157574_548853385238739_6273539512525672370_o.jpg\" data-ratio=\"1.5\" data-height=\"200\" data-width=\"300\" aria-label=\"\">\n                            <\/a>\n                    <a href=\"https:\/\/regeszet.bibl.u-szeged.hu\/wp-content\/uploads\/2018\/02\/20157639_548853178572093_8142556426827706662_o.jpg\" data-rel=\"rgg\" rel=\"rgg\" title=\"\" class=\"rgg-disabled size-medium rgg-img\" data-src=\"https:\/\/regeszet.bibl.u-szeged.hu\/wp-content\/uploads\/2018\/02\/20157639_548853178572093_8142556426827706662_o.jpg\" data-ratio=\"1.5\" data-height=\"200\" data-width=\"300\" aria-label=\"\">\n                            <\/a>\n                    <a href=\"https:\/\/regeszet.bibl.u-szeged.hu\/wp-content\/uploads\/2018\/02\/20157846_548853428572068_4007844167363615142_o.jpg\" data-rel=\"rgg\" rel=\"rgg\" title=\"\" class=\"rgg-disabled size-medium rgg-img\" data-src=\"https:\/\/regeszet.bibl.u-szeged.hu\/wp-content\/uploads\/2018\/02\/20157846_548853428572068_4007844167363615142_o.jpg\" data-ratio=\"1.5\" data-height=\"200\" data-width=\"300\" aria-label=\"\">\n                            <\/a>\n                    <a href=\"https:\/\/regeszet.bibl.u-szeged.hu\/wp-content\/uploads\/2018\/02\/20157952_548853311905413_1557551350585539881_o.jpg\" data-rel=\"rgg\" rel=\"rgg\" title=\"\" class=\"rgg-disabled size-medium rgg-img\" data-src=\"https:\/\/regeszet.bibl.u-szeged.hu\/wp-content\/uploads\/2018\/02\/20157952_548853311905413_1557551350585539881_o.jpg\" data-ratio=\"0.66666666666667\" data-height=\"300\" data-width=\"200\" aria-label=\"\">\n                            <\/a>\n                    <a href=\"https:\/\/regeszet.bibl.u-szeged.hu\/wp-content\/uploads\/2018\/02\/20229648_548853365238741_5489657548080054753_o.jpg\" data-rel=\"rgg\" rel=\"rgg\" title=\"\" class=\"rgg-disabled size-medium rgg-img\" data-src=\"https:\/\/regeszet.bibl.u-szeged.hu\/wp-content\/uploads\/2018\/02\/20229648_548853365238741_5489657548080054753_o.jpg\" data-ratio=\"1.5\" data-height=\"200\" data-width=\"300\" aria-label=\"\">\n                            <\/a>\n                    <a href=\"https:\/\/regeszet.bibl.u-szeged.hu\/wp-content\/uploads\/2018\/02\/20229674_548853685238709_3782310173674876493_o.jpg\" data-rel=\"rgg\" rel=\"rgg\" title=\"\" class=\"rgg-disabled size-medium rgg-img\" data-src=\"https:\/\/regeszet.bibl.u-szeged.hu\/wp-content\/uploads\/2018\/02\/20229674_548853685238709_3782310173674876493_o.jpg\" data-ratio=\"1.5\" data-height=\"200\" data-width=\"300\" aria-label=\"\">\n                            <\/a>\n                    <a href=\"https:\/\/regeszet.bibl.u-szeged.hu\/wp-content\/uploads\/2018\/02\/20231954_548853261905418_5625259104584182753_o.jpg\" data-rel=\"rgg\" rel=\"rgg\" title=\"\" class=\"rgg-disabled size-medium rgg-img\" data-src=\"https:\/\/regeszet.bibl.u-szeged.hu\/wp-content\/uploads\/2018\/02\/20231954_548853261905418_5625259104584182753_o.jpg\" data-ratio=\"0.66666666666667\" data-height=\"300\" data-width=\"200\" aria-label=\"\">\n                            <\/a>\n                    <a href=\"https:\/\/regeszet.bibl.u-szeged.hu\/wp-content\/uploads\/2018\/02\/20232048_548853805238697_4157818768479339637_o.jpg\" data-rel=\"rgg\" rel=\"rgg\" title=\"\" class=\"rgg-disabled size-medium rgg-img\" data-src=\"https:\/\/regeszet.bibl.u-szeged.hu\/wp-content\/uploads\/2018\/02\/20232048_548853805238697_4157818768479339637_o.jpg\" data-ratio=\"1.5\" data-height=\"200\" data-width=\"300\" aria-label=\"\">\n                            <\/a>\n                    <a href=\"https:\/\/regeszet.bibl.u-szeged.hu\/wp-content\/uploads\/2018\/02\/20232076_548853585238719_5377353415802118023_o.jpg\" data-rel=\"rgg\" rel=\"rgg\" title=\"\" class=\"rgg-disabled size-medium rgg-img\" data-src=\"https:\/\/regeszet.bibl.u-szeged.hu\/wp-content\/uploads\/2018\/02\/20232076_548853585238719_5377353415802118023_o.jpg\" data-ratio=\"1.5\" data-height=\"200\" data-width=\"300\" aria-label=\"\">\n                            <\/a>\n                    <a href=\"https:\/\/regeszet.bibl.u-szeged.hu\/wp-content\/uploads\/2018\/02\/20232299_548853181905426_3269090985205520896_o.jpg\" data-rel=\"rgg\" rel=\"rgg\" title=\"\" class=\"rgg-disabled size-medium rgg-img\" data-src=\"https:\/\/regeszet.bibl.u-szeged.hu\/wp-content\/uploads\/2018\/02\/20232299_548853181905426_3269090985205520896_o.jpg\" data-ratio=\"1.5\" data-height=\"200\" data-width=\"300\" aria-label=\"\">\n                            <\/a>\n                    <a href=\"https:\/\/regeszet.bibl.u-szeged.hu\/wp-content\/uploads\/2018\/02\/20232388_548853635238714_1042246774870945318_o.jpg\" data-rel=\"rgg\" rel=\"rgg\" title=\"\" class=\"rgg-disabled size-medium rgg-img\" data-src=\"https:\/\/regeszet.bibl.u-szeged.hu\/wp-content\/uploads\/2018\/02\/20232388_548853635238714_1042246774870945318_o.jpg\" data-ratio=\"1.5\" data-height=\"200\" data-width=\"300\" aria-label=\"\">\n                            <\/a>\n                    <a href=\"https:\/\/regeszet.bibl.u-szeged.hu\/wp-content\/uploads\/2018\/02\/20247747_548853275238750_8926299378554700920_o.jpg\" data-rel=\"rgg\" rel=\"rgg\" title=\"\" class=\"rgg-disabled size-medium rgg-img\" data-src=\"https:\/\/regeszet.bibl.u-szeged.hu\/wp-content\/uploads\/2018\/02\/20247747_548853275238750_8926299378554700920_o.jpg\" data-ratio=\"1.5\" data-height=\"200\" data-width=\"300\" aria-label=\"\">\n                            <\/a>\n                    <a href=\"https:\/\/regeszet.bibl.u-szeged.hu\/wp-content\/uploads\/2018\/02\/20247829_548853471905397_8407797653964075677_o.jpg\" data-rel=\"rgg\" rel=\"rgg\" title=\"\" class=\"rgg-disabled size-medium rgg-img\" data-src=\"https:\/\/regeszet.bibl.u-szeged.hu\/wp-content\/uploads\/2018\/02\/20247829_548853471905397_8407797653964075677_o.jpg\" data-ratio=\"1.5\" data-height=\"200\" data-width=\"300\" aria-label=\"\">\n                            <\/a>\n                    <a href=\"https:\/\/regeszet.bibl.u-szeged.hu\/wp-content\/uploads\/2018\/02\/20247861_548853435238734_1768655904339581330_o.jpg\" data-rel=\"rgg\" rel=\"rgg\" title=\"\" class=\"rgg-disabled size-medium rgg-img\" data-src=\"https:\/\/regeszet.bibl.u-szeged.hu\/wp-content\/uploads\/2018\/02\/20247861_548853435238734_1768655904339581330_o.jpg\" data-ratio=\"1.5\" data-height=\"200\" data-width=\"300\" aria-label=\"\">\n                            <\/a>\n                    <a href=\"https:\/\/regeszet.bibl.u-szeged.hu\/wp-content\/uploads\/2018\/02\/20248404_548853188572092_7610979037253393434_o.jpg\" data-rel=\"rgg\" rel=\"rgg\" title=\"\" class=\"rgg-disabled size-medium rgg-img\" data-src=\"https:\/\/regeszet.bibl.u-szeged.hu\/wp-content\/uploads\/2018\/02\/20248404_548853188572092_7610979037253393434_o.jpg\" data-ratio=\"0.66666666666667\" data-height=\"300\" data-width=\"200\" aria-label=\"\">\n                            <\/a>\n                    <a href=\"https:\/\/regeszet.bibl.u-szeged.hu\/wp-content\/uploads\/2018\/02\/20280263_548853611905383_8824485976706286629_o.jpg\" data-rel=\"rgg\" rel=\"rgg\" title=\"\" class=\"rgg-disabled size-medium rgg-img\" data-src=\"https:\/\/regeszet.bibl.u-szeged.hu\/wp-content\/uploads\/2018\/02\/20280263_548853611905383_8824485976706286629_o.jpg\" data-ratio=\"1.5\" data-height=\"200\" data-width=\"300\" aria-label=\"\">\n                            <\/a>\n                    <a href=\"https:\/\/regeszet.bibl.u-szeged.hu\/wp-content\/uploads\/2018\/02\/20280319_548853738572037_5066465287798481870_o.jpg\" data-rel=\"rgg\" rel=\"rgg\" title=\"\" class=\"rgg-disabled size-medium rgg-img\" data-src=\"https:\/\/regeszet.bibl.u-szeged.hu\/wp-content\/uploads\/2018\/02\/20280319_548853738572037_5066465287798481870_o.jpg\" data-ratio=\"1.5\" data-height=\"200\" data-width=\"300\" aria-label=\"\">\n                            <\/a>\n                    <a href=\"https:\/\/regeszet.bibl.u-szeged.hu\/wp-content\/uploads\/2018\/02\/20280542_548853558572055_3546314380932671290_o.jpg\" data-rel=\"rgg\" rel=\"rgg\" title=\"\" class=\"rgg-disabled size-medium rgg-img\" data-src=\"https:\/\/regeszet.bibl.u-szeged.hu\/wp-content\/uploads\/2018\/02\/20280542_548853558572055_3546314380932671290_o.jpg\" data-ratio=\"1.5\" data-height=\"200\" data-width=\"300\" aria-label=\"\">\n                            <\/a>\n                    <a href=\"https:\/\/regeszet.bibl.u-szeged.hu\/wp-content\/uploads\/2018\/02\/20280649_548853345238743_1166170853910451832_o.jpg\" data-rel=\"rgg\" rel=\"rgg\" title=\"\" class=\"rgg-disabled size-medium rgg-img\" data-src=\"https:\/\/regeszet.bibl.u-szeged.hu\/wp-content\/uploads\/2018\/02\/20280649_548853345238743_1166170853910451832_o.jpg\" data-ratio=\"1.5\" data-height=\"200\" data-width=\"300\" aria-label=\"\">\n                            <\/a>\n            <\/div>\n<\/div>\n","protected":false},"excerpt":{"rendered":"<p>Tansz\u00e9ki F\u0151z\u0151verseny 2017 Az ide Tansz\u00e9ki F\u0151z\u0151verseny 2017. m\u00e1jus 24-\u00e9n ker\u00fclt megrendez\u00e9sre a szegedi V\u00e1rm\u00fazeum \u00e9s K\u0151t\u00e1r udvar\u00e1ban. Az esem\u00e9nyen nem csak Tansz\u00e9k\u00fcnk tan\u00e1rai \u00e9s egykori, valamint jelenlegi hallgat\u00f3i vettek r\u00e9szt, az Embertani Tansz\u00e9kr\u0151l, az Altajisztika Tansz\u00e9kr\u0151l, a N\u00e9prajz Tansz\u00e9kr\u0151l, a M\u00f3ra Ferenc M\u00fazeumb\u00f3l, valamint a Tanulm\u00e1nyi Oszt\u00e1lyr\u00f3l is \u00e9rkeztek vend\u00e9geink. A f\u0151z\u0151versenyt szerencs\u00e9re a &hellip; <a href=\"https:\/\/regeszet.bibl.u-szeged.hu\/index.php\/2016-2017\/\" class=\"more-link\"><span class=\"screen-reader-text\">2016\/2017<\/span> b\u0151vebben&#8230; <span class=\"meta-nav\">&rarr;<\/span><\/a><\/p>\n","protected":false},"author":1,"featured_media":0,"parent":0,"menu_order":0,"comment_status":"closed","ping_status":"closed","template":"","meta":{"footnotes":""},"class_list":["post-2133","page","type-page","status-publish","hentry"],"_links":{"self":[{"href":"https:\/\/regeszet.bibl.u-szeged.hu\/index.php\/wp-json\/wp\/v2\/pages\/2133","targetHints":{"allow":["GET"]}}],"collection":[{"href":"https:\/\/regeszet.bibl.u-szeged.hu\/index.php\/wp-json\/wp\/v2\/pages"}],"about":[{"href":"https:\/\/regeszet.bibl.u-szeged.hu\/index.php\/wp-json\/wp\/v2\/types\/page"}],"author":[{"embeddable":true,"href":"https:\/\/regeszet.bibl.u-szeged.hu\/index.php\/wp-json\/wp\/v2\/users\/1"}],"replies":[{"embeddable":true,"href":"https:\/\/regeszet.bibl.u-szeged.hu\/index.php\/wp-json\/wp\/v2\/comments?post=2133"}],"version-history":[{"count":1,"href":"https:\/\/regeszet.bibl.u-szeged.hu\/index.php\/wp-json\/wp\/v2\/pages\/2133\/revisions"}],"predecessor-version":[{"id":2162,"href":"https:\/\/regeszet.bibl.u-szeged.hu\/index.php\/wp-json\/wp\/v2\/pages\/2133\/revisions\/2162"}],"wp:attachment":[{"href":"https:\/\/regeszet.bibl.u-szeged.hu\/index.php\/wp-json\/wp\/v2\/media?parent=2133"}],"curies":[{"name":"wp","href":"https:\/\/api.w.org\/{rel}","templated":true}]}}