{"id":215,"date":"2017-11-22T09:11:17","date_gmt":"2017-11-22T08:11:17","guid":{"rendered":"http:\/\/regeszet.bibl.u-szeged.hu\/?page_id=215"},"modified":"2017-11-25T10:56:00","modified_gmt":"2017-11-25T09:56:00","slug":"elsosok-bemutatkozasa","status":"publish","type":"page","link":"https:\/\/regeszet.bibl.u-szeged.hu\/index.php\/partiscon-tdk\/elsosok-bemutatkozasa\/","title":{"rendered":"Els\u0151s\u00f6k bemutatkoz\u00e1sa"},"content":{"rendered":"<p>A Partiscon TDK \u00e1ltal szervezett, minden \u00e9v els\u0151 k\u00f6z\u00f6ss\u00e9gform\u00e1l\u00f3 rendezv\u00e9nye az els\u0151s\u00f6k bemutatkoz\u00f3 estje, ekkor az els\u0151\u00e9veseknek egy el\u0151re megadott (f\u0151k\u00e9nt) t\u00f6rt\u00e9neti esem\u00e9nyt kell sz\u00ednpadra vinni\u00fck.<\/p>\n","protected":false},"excerpt":{"rendered":"<p>A Partiscon TDK \u00e1ltal szervezett, minden \u00e9v els\u0151 k\u00f6z\u00f6ss\u00e9gform\u00e1l\u00f3 rendezv\u00e9nye az els\u0151s\u00f6k bemutatkoz\u00f3 estje, ekkor az els\u0151\u00e9veseknek egy el\u0151re megadott (f\u0151k\u00e9nt) t\u00f6rt\u00e9neti esem\u00e9nyt kell sz\u00ednpadra vinni\u00fck.<\/p>\n","protected":false},"author":1,"featured_media":0,"parent":52,"menu_order":2,"comment_status":"closed","ping_status":"closed","template":"","meta":{"footnotes":""},"class_list":["post-215","page","type-page","status-publish","hentry"],"_links":{"self":[{"href":"https:\/\/regeszet.bibl.u-szeged.hu\/index.php\/wp-json\/wp\/v2\/pages\/215","targetHints":{"allow":["GET"]}}],"collection":[{"href":"https:\/\/regeszet.bibl.u-szeged.hu\/index.php\/wp-json\/wp\/v2\/pages"}],"about":[{"href":"https:\/\/regeszet.bibl.u-szeged.hu\/index.php\/wp-json\/wp\/v2\/types\/page"}],"author":[{"embeddable":true,"href":"https:\/\/regeszet.bibl.u-szeged.hu\/index.php\/wp-json\/wp\/v2\/users\/1"}],"replies":[{"embeddable":true,"href":"https:\/\/regeszet.bibl.u-szeged.hu\/index.php\/wp-json\/wp\/v2\/comments?post=215"}],"version-history":[{"count":3,"href":"https:\/\/regeszet.bibl.u-szeged.hu\/index.php\/wp-json\/wp\/v2\/pages\/215\/revisions"}],"predecessor-version":[{"id":1249,"href":"https:\/\/regeszet.bibl.u-szeged.hu\/index.php\/wp-json\/wp\/v2\/pages\/215\/revisions\/1249"}],"up":[{"embeddable":true,"href":"https:\/\/regeszet.bibl.u-szeged.hu\/index.php\/wp-json\/wp\/v2\/pages\/52"}],"wp:attachment":[{"href":"https:\/\/regeszet.bibl.u-szeged.hu\/index.php\/wp-json\/wp\/v2\/media?parent=215"}],"curies":[{"name":"wp","href":"https:\/\/api.w.org\/{rel}","templated":true}]}}