{"id":2163,"date":"2018-02-06T23:09:44","date_gmt":"2018-02-06T22:09:44","guid":{"rendered":"http:\/\/regeszet.bibl.u-szeged.hu\/?page_id=2163"},"modified":"2018-02-06T23:09:44","modified_gmt":"2018-02-06T22:09:44","slug":"2016-2017-2","status":"publish","type":"page","link":"https:\/\/regeszet.bibl.u-szeged.hu\/index.php\/2016-2017-2\/","title":{"rendered":"2016\/2017"},"content":{"rendered":"<p><strong>Tansz\u00e9ki Kir\u00e1ndul\u00e1s 2017<\/strong><\/p>\n<p>Az idei h\u00e1romnapos (m\u00e1rcius 29-31.) Tansz\u00e9ki Kir\u00e1ndul\u00e1s els\u0151 \u00e1llom\u00e1sak\u00e9nt a bajai T\u00fcrr Istv\u00e1n M\u00fazeum r\u00e9g\u00e9szeti gy\u0171jtem\u00e9ny\u00e9t mutatta be Csuv\u00e1r-Andr\u00e1si R\u00e9ka, tansz\u00e9k\u00fcnk egykori hallgat\u00f3ja. A Bagolyv\u00e1r megl\u00e1togat\u00e1sa ut\u00e1n Kalocs\u00e1ra utaztunk, ahol a hallgat\u00f3k egy rendhagy\u00f3 anyagismeret \u00f3r\u00e1n ismerkedhettek meg a kalocsai Viski K\u00e1roly M\u00fazeum r\u00e9g\u00e9szeti anyag\u00e1val. D\u00e9lut\u00e1n meg\u00e9rkezt\u00fcnk Szeksz\u00e1rdra, ahol elfoglaltuk sz\u00e1ll\u00e1sunkat. M\u00e1snap a szeksz\u00e1rdi Wosinsky M\u00f3r M\u00fazeum \u00e1lland\u00f3 ki\u00e1ll\u00edt\u00e1sait, valamint a L\u00e1tv\u00e1nyt\u00e1rat tekintett\u00fck meg, a d\u00e9lut\u00e1n folyam\u00e1n k\u00f6tetlen program keret\u00e9n bel\u00fcl ny\u00edlt alkalom Szeksz\u00e1rd egy\u00e9b nevezetess\u00e9geit megtekinteni. Kir\u00e1ndul\u00e1sunk utols\u00f3 napj\u00e1n az ozorai, illetve a simontornyai v\u00e1rat n\u00e9zt\u00fck meg.<\/p>\n<p>&nbsp;<\/p>\n","protected":false},"excerpt":{"rendered":"<p>Tansz\u00e9ki Kir\u00e1ndul\u00e1s 2017 Az idei h\u00e1romnapos (m\u00e1rcius 29-31.) Tansz\u00e9ki Kir\u00e1ndul\u00e1s els\u0151 \u00e1llom\u00e1sak\u00e9nt a bajai T\u00fcrr Istv\u00e1n M\u00fazeum r\u00e9g\u00e9szeti gy\u0171jtem\u00e9ny\u00e9t mutatta be Csuv\u00e1r-Andr\u00e1si R\u00e9ka, tansz\u00e9k\u00fcnk egykori hallgat\u00f3ja. A Bagolyv\u00e1r megl\u00e1togat\u00e1sa ut\u00e1n Kalocs\u00e1ra utaztunk, ahol a hallgat\u00f3k egy rendhagy\u00f3 anyagismeret \u00f3r\u00e1n ismerkedhettek meg a kalocsai Viski K\u00e1roly M\u00fazeum r\u00e9g\u00e9szeti anyag\u00e1val. D\u00e9lut\u00e1n meg\u00e9rkezt\u00fcnk Szeksz\u00e1rdra, ahol elfoglaltuk sz\u00e1ll\u00e1sunkat. M\u00e1snap &hellip; <a href=\"https:\/\/regeszet.bibl.u-szeged.hu\/index.php\/2016-2017-2\/\" class=\"more-link\"><span class=\"screen-reader-text\">2016\/2017<\/span> b\u0151vebben&#8230; <span class=\"meta-nav\">&rarr;<\/span><\/a><\/p>\n","protected":false},"author":1,"featured_media":0,"parent":0,"menu_order":0,"comment_status":"closed","ping_status":"closed","template":"","meta":{"footnotes":""},"class_list":["post-2163","page","type-page","status-publish","hentry"],"_links":{"self":[{"href":"https:\/\/regeszet.bibl.u-szeged.hu\/index.php\/wp-json\/wp\/v2\/pages\/2163","targetHints":{"allow":["GET"]}}],"collection":[{"href":"https:\/\/regeszet.bibl.u-szeged.hu\/index.php\/wp-json\/wp\/v2\/pages"}],"about":[{"href":"https:\/\/regeszet.bibl.u-szeged.hu\/index.php\/wp-json\/wp\/v2\/types\/page"}],"author":[{"embeddable":true,"href":"https:\/\/regeszet.bibl.u-szeged.hu\/index.php\/wp-json\/wp\/v2\/users\/1"}],"replies":[{"embeddable":true,"href":"https:\/\/regeszet.bibl.u-szeged.hu\/index.php\/wp-json\/wp\/v2\/comments?post=2163"}],"version-history":[{"count":1,"href":"https:\/\/regeszet.bibl.u-szeged.hu\/index.php\/wp-json\/wp\/v2\/pages\/2163\/revisions"}],"predecessor-version":[{"id":2172,"href":"https:\/\/regeszet.bibl.u-szeged.hu\/index.php\/wp-json\/wp\/v2\/pages\/2163\/revisions\/2172"}],"wp:attachment":[{"href":"https:\/\/regeszet.bibl.u-szeged.hu\/index.php\/wp-json\/wp\/v2\/media?parent=2163"}],"curies":[{"name":"wp","href":"https:\/\/api.w.org\/{rel}","templated":true}]}}