{"id":217,"date":"2017-11-22T09:11:33","date_gmt":"2017-11-22T08:11:33","guid":{"rendered":"http:\/\/regeszet.bibl.u-szeged.hu\/?page_id=217"},"modified":"2017-11-25T10:56:25","modified_gmt":"2017-11-25T09:56:25","slug":"mikulas-buli","status":"publish","type":"page","link":"https:\/\/regeszet.bibl.u-szeged.hu\/index.php\/partiscon-tdk\/mikulas-buli\/","title":{"rendered":"Mikul\u00e1s buli"},"content":{"rendered":"<p>Decemberben, m\u00e9g a vizsgaid\u0151szakot megel\u0151z\u0151en ker\u00fcl sor tansz\u00e9k\u00fcnk\u00f6n az \u00e9vek alatt m\u00e1r hagyom\u00e1nyoss\u00e1 v\u00e1lt Mikul\u00e1sbulira. A gondosan kiv\u00e1lasztott helysz\u00edn \u00fcnnepi d\u00edszbe \u00f6lt\u00f6zve v\u00e1rja a r\u00e9sztvev\u0151ket, akik kisebb egy\u00e9ni, \u00e9s csapatversenyekben m\u00e9rhetik \u00f6ssze \u00fcgyess\u00e9g\u00fcket. Tov\u00e1bb\u00e1 s\u00fcti s\u00fct\u0151 verseny, a kar\u00e1csonyi pulcsik \u201esz\u00e9ps\u00e9gversenye\u201d, \u00e9s tombola gondoskodik a vid\u00e1m hangulatr\u00f3l.<\/p>\n","protected":false},"excerpt":{"rendered":"<p>Decemberben, m\u00e9g a vizsgaid\u0151szakot megel\u0151z\u0151en ker\u00fcl sor tansz\u00e9k\u00fcnk\u00f6n az \u00e9vek alatt m\u00e1r hagyom\u00e1nyoss\u00e1 v\u00e1lt Mikul\u00e1sbulira. A gondosan kiv\u00e1lasztott helysz\u00edn \u00fcnnepi d\u00edszbe \u00f6lt\u00f6zve v\u00e1rja a r\u00e9sztvev\u0151ket, akik kisebb egy\u00e9ni, \u00e9s csapatversenyekben m\u00e9rhetik \u00f6ssze \u00fcgyess\u00e9g\u00fcket. Tov\u00e1bb\u00e1 s\u00fcti s\u00fct\u0151 verseny, a kar\u00e1csonyi pulcsik \u201esz\u00e9ps\u00e9gversenye\u201d, \u00e9s tombola gondoskodik a vid\u00e1m hangulatr\u00f3l.<\/p>\n","protected":false},"author":1,"featured_media":0,"parent":52,"menu_order":3,"comment_status":"closed","ping_status":"closed","template":"","meta":{"footnotes":""},"class_list":["post-217","page","type-page","status-publish","hentry"],"_links":{"self":[{"href":"https:\/\/regeszet.bibl.u-szeged.hu\/index.php\/wp-json\/wp\/v2\/pages\/217","targetHints":{"allow":["GET"]}}],"collection":[{"href":"https:\/\/regeszet.bibl.u-szeged.hu\/index.php\/wp-json\/wp\/v2\/pages"}],"about":[{"href":"https:\/\/regeszet.bibl.u-szeged.hu\/index.php\/wp-json\/wp\/v2\/types\/page"}],"author":[{"embeddable":true,"href":"https:\/\/regeszet.bibl.u-szeged.hu\/index.php\/wp-json\/wp\/v2\/users\/1"}],"replies":[{"embeddable":true,"href":"https:\/\/regeszet.bibl.u-szeged.hu\/index.php\/wp-json\/wp\/v2\/comments?post=217"}],"version-history":[{"count":2,"href":"https:\/\/regeszet.bibl.u-szeged.hu\/index.php\/wp-json\/wp\/v2\/pages\/217\/revisions"}],"predecessor-version":[{"id":1250,"href":"https:\/\/regeszet.bibl.u-szeged.hu\/index.php\/wp-json\/wp\/v2\/pages\/217\/revisions\/1250"}],"up":[{"embeddable":true,"href":"https:\/\/regeszet.bibl.u-szeged.hu\/index.php\/wp-json\/wp\/v2\/pages\/52"}],"wp:attachment":[{"href":"https:\/\/regeszet.bibl.u-szeged.hu\/index.php\/wp-json\/wp\/v2\/media?parent=217"}],"curies":[{"name":"wp","href":"https:\/\/api.w.org\/{rel}","templated":true}]}}