{"id":219,"date":"2017-11-22T09:11:45","date_gmt":"2017-11-22T08:11:45","guid":{"rendered":"http:\/\/regeszet.bibl.u-szeged.hu\/?page_id=219"},"modified":"2017-11-25T10:56:50","modified_gmt":"2017-11-25T09:56:50","slug":"farsang","status":"publish","type":"page","link":"https:\/\/regeszet.bibl.u-szeged.hu\/index.php\/partiscon-tdk\/farsang\/","title":{"rendered":"Farsang"},"content":{"rendered":"<p>A febru\u00e1ri farsangi mulats\u00e1gok sor\u00e1b\u00f3l tansz\u00e9k\u00fcnk se maradhat ki, ez\u00e9rt minden \u00e9v febru\u00e1rj\u00e1ban megrendez\u00e9sre ker\u00fcl a hagyom\u00e1nyos Farsangi buli. A hallgat\u00f3k minden \u00e9vben \u00f6tletesebbn\u00e9l-\u00f6tletesebb jelmezeket mutatnak be a jelmezverseny keretein bel\u00fcl. A programot csapatversenyek, tombola, \u00e9s f\u00e1nks\u00fct\u0151 verseny is sz\u00ednes\u00edti.<\/p>\n","protected":false},"excerpt":{"rendered":"<p>A febru\u00e1ri farsangi mulats\u00e1gok sor\u00e1b\u00f3l tansz\u00e9k\u00fcnk se maradhat ki, ez\u00e9rt minden \u00e9v febru\u00e1rj\u00e1ban megrendez\u00e9sre ker\u00fcl a hagyom\u00e1nyos Farsangi buli. A hallgat\u00f3k minden \u00e9vben \u00f6tletesebbn\u00e9l-\u00f6tletesebb jelmezeket mutatnak be a jelmezverseny keretein bel\u00fcl. A programot csapatversenyek, tombola, \u00e9s f\u00e1nks\u00fct\u0151 verseny is sz\u00ednes\u00edti.<\/p>\n","protected":false},"author":1,"featured_media":0,"parent":52,"menu_order":4,"comment_status":"closed","ping_status":"closed","template":"","meta":{"footnotes":""},"class_list":["post-219","page","type-page","status-publish","hentry"],"_links":{"self":[{"href":"https:\/\/regeszet.bibl.u-szeged.hu\/index.php\/wp-json\/wp\/v2\/pages\/219","targetHints":{"allow":["GET"]}}],"collection":[{"href":"https:\/\/regeszet.bibl.u-szeged.hu\/index.php\/wp-json\/wp\/v2\/pages"}],"about":[{"href":"https:\/\/regeszet.bibl.u-szeged.hu\/index.php\/wp-json\/wp\/v2\/types\/page"}],"author":[{"embeddable":true,"href":"https:\/\/regeszet.bibl.u-szeged.hu\/index.php\/wp-json\/wp\/v2\/users\/1"}],"replies":[{"embeddable":true,"href":"https:\/\/regeszet.bibl.u-szeged.hu\/index.php\/wp-json\/wp\/v2\/comments?post=219"}],"version-history":[{"count":2,"href":"https:\/\/regeszet.bibl.u-szeged.hu\/index.php\/wp-json\/wp\/v2\/pages\/219\/revisions"}],"predecessor-version":[{"id":1251,"href":"https:\/\/regeszet.bibl.u-szeged.hu\/index.php\/wp-json\/wp\/v2\/pages\/219\/revisions\/1251"}],"up":[{"embeddable":true,"href":"https:\/\/regeszet.bibl.u-szeged.hu\/index.php\/wp-json\/wp\/v2\/pages\/52"}],"wp:attachment":[{"href":"https:\/\/regeszet.bibl.u-szeged.hu\/index.php\/wp-json\/wp\/v2\/media?parent=219"}],"curies":[{"name":"wp","href":"https:\/\/api.w.org\/{rel}","templated":true}]}}