{"id":221,"date":"2017-11-22T09:12:00","date_gmt":"2017-11-22T08:12:00","guid":{"rendered":"http:\/\/regeszet.bibl.u-szeged.hu\/?page_id=221"},"modified":"2017-11-25T10:57:17","modified_gmt":"2017-11-25T09:57:17","slug":"tanszeki-fozoverseny","status":"publish","type":"page","link":"https:\/\/regeszet.bibl.u-szeged.hu\/index.php\/partiscon-tdk\/tanszeki-fozoverseny\/","title":{"rendered":"Tansz\u00e9ki f\u0151z\u0151verseny"},"content":{"rendered":"<p>A Partiscon TDK minden \u00e9v tavasz\u00e1n tansz\u00e9ki f\u0151z\u0151versenyt rendez hallgat\u00f3inknak, melyen rendszerint a partner int\u00e9zm\u00e9nyeink csapatai (p\u00e9ld\u00e1ul az Embertani Tansz\u00e9k) is k\u00e9pviseltetik magukat. A r\u00e9sztvev\u0151 csapatok f\u0151k\u00e9nt r\u00e9gi korok receptjeit felhaszn\u00e1lva versengenek egym\u00e1ssal a verseny tr\u00f3fe\u00e1i\u00e9rt, az Arany-, Ez\u00fcst- \u00e9s a Bronz-fakan\u00e1l\u00e9rt.<\/p>\n","protected":false},"excerpt":{"rendered":"<p>A Partiscon TDK minden \u00e9v tavasz\u00e1n tansz\u00e9ki f\u0151z\u0151versenyt rendez hallgat\u00f3inknak, melyen rendszerint a partner int\u00e9zm\u00e9nyeink csapatai (p\u00e9ld\u00e1ul az Embertani Tansz\u00e9k) is k\u00e9pviseltetik magukat. A r\u00e9sztvev\u0151 csapatok f\u0151k\u00e9nt r\u00e9gi korok receptjeit felhaszn\u00e1lva versengenek egym\u00e1ssal a verseny tr\u00f3fe\u00e1i\u00e9rt, az Arany-, Ez\u00fcst- \u00e9s a Bronz-fakan\u00e1l\u00e9rt.<\/p>\n","protected":false},"author":1,"featured_media":0,"parent":52,"menu_order":5,"comment_status":"closed","ping_status":"closed","template":"","meta":{"footnotes":""},"class_list":["post-221","page","type-page","status-publish","hentry"],"_links":{"self":[{"href":"https:\/\/regeszet.bibl.u-szeged.hu\/index.php\/wp-json\/wp\/v2\/pages\/221","targetHints":{"allow":["GET"]}}],"collection":[{"href":"https:\/\/regeszet.bibl.u-szeged.hu\/index.php\/wp-json\/wp\/v2\/pages"}],"about":[{"href":"https:\/\/regeszet.bibl.u-szeged.hu\/index.php\/wp-json\/wp\/v2\/types\/page"}],"author":[{"embeddable":true,"href":"https:\/\/regeszet.bibl.u-szeged.hu\/index.php\/wp-json\/wp\/v2\/users\/1"}],"replies":[{"embeddable":true,"href":"https:\/\/regeszet.bibl.u-szeged.hu\/index.php\/wp-json\/wp\/v2\/comments?post=221"}],"version-history":[{"count":2,"href":"https:\/\/regeszet.bibl.u-szeged.hu\/index.php\/wp-json\/wp\/v2\/pages\/221\/revisions"}],"predecessor-version":[{"id":1252,"href":"https:\/\/regeszet.bibl.u-szeged.hu\/index.php\/wp-json\/wp\/v2\/pages\/221\/revisions\/1252"}],"up":[{"embeddable":true,"href":"https:\/\/regeszet.bibl.u-szeged.hu\/index.php\/wp-json\/wp\/v2\/pages\/52"}],"wp:attachment":[{"href":"https:\/\/regeszet.bibl.u-szeged.hu\/index.php\/wp-json\/wp\/v2\/media?parent=221"}],"curies":[{"name":"wp","href":"https:\/\/api.w.org\/{rel}","templated":true}]}}