{"id":2227,"date":"2018-04-02T11:38:42","date_gmt":"2018-04-02T09:38:42","guid":{"rendered":"http:\/\/regeszet.bibl.u-szeged.hu\/?page_id=2227"},"modified":"2024-04-03T17:41:43","modified_gmt":"2024-04-03T15:41:43","slug":"del-alfoldi-regeszeti-egylet","status":"publish","type":"page","link":"https:\/\/regeszet.bibl.u-szeged.hu\/index.php\/del-alfoldi-regeszeti-egylet\/","title":{"rendered":"D\u00e9l-alf\u00f6ldi R\u00e9g\u00e9szeti Egylet"},"content":{"rendered":"<p style=\"text-align: justify;\"><a href=\"http:\/\/regeszet.bibl.u-szeged.hu\/wp-content\/uploads\/2018\/04\/DelRegEgy_logo.jpg\"><img loading=\"lazy\" decoding=\"async\" class=\"wp-image-2232 alignright\" src=\"http:\/\/regeszet.bibl.u-szeged.hu\/wp-content\/uploads\/2018\/04\/DelRegEgy_logo.jpg\" alt=\"\" width=\"255\" height=\"256\" \/><\/a>A 2017 augusztus\u00e1ban a szegedi egyetem R\u00e9g\u00e9szeti Tansz\u00e9k\u00e9nek kezdem\u00e9nyez\u00e9s\u00e9re l\u00e9trej\u00f6tt egyes\u00fclet a Szegedi Tudom\u00e1nyegyetem B\u00f6lcs\u00e9szettudom\u00e1nyi Kar\u00e1nak szellemis\u00e9g\u00e9vel \u00e9s hagyom\u00e1nyaival \u00f6sszhangban igyekszik egy olyan szakmai m\u0171hely felt\u00e9teleit megteremteni, amelynek f\u0151 c\u00e9lja a B\u00f6lcs\u00e9szettudom\u00e1nyi \u00e9s Term\u00e9szettudom\u00e1nyi Karokon komoly hagyom\u00e1nyokkal rendelkez\u0151 r\u00e9g\u00e9szeti kutat\u00e1sok \u00e9s r\u00e9g\u00e9szk\u00e9pz\u00e9s fejl\u0151d\u00e9s\u00e9nek, szakmai sikereinek el\u0151mozd\u00edt\u00e1sa, az el\u00e9rt eredm\u00e9nyek min\u00e9l sz\u00e9lesebb k\u00f6rben val\u00f3 terjeszt\u00e9se. Az egyes\u00fclet tov\u00e1bbi c\u00e9lja az eml\u00edtett egyetemi karokon oktat\u00f3k \u00e9s hallgat\u00f3k, \u00f6regdi\u00e1kok k\u00f6z\u00f6tti egy\u00fcttm\u0171k\u00f6d\u00e9s \u00f6sszehangol\u00e1sa egy val\u00f3di szakmai m\u0171hely megteremt\u00e9se r\u00e9v\u00e9n.<\/p>\n<p><strong>Az egyes\u00fclet tev\u00e9kenys\u00e9gei<br \/>\n<\/strong><\/p>\n<ul>\n<li>r\u00e9g\u00e9szeti \u00e9s egy\u00e9b tudom\u00e1nyos tev\u00e9kenys\u00e9g, kutat\u00e1s;<\/li>\n<li>k\u00f6nyv- \u00e9s foly\u00f3iratkiad\u00e1s;<\/li>\n<li>oktat\u00e1s, tehets\u00e9ggondoz\u00e1s;<\/li>\n<li>a tudom\u00e1ny n\u00e9pszer\u0171s\u00edt\u00e9se, ismeretterjeszt\u00e9s, ki\u00e1ll\u00edt\u00e1sok szervez\u00e9se;<\/li>\n<li>\u00f6r\u00f6ks\u00e9gv\u00e9delmi \u00e9s kultur\u00e1lis tev\u00e9kenys\u00e9g;<\/li>\n<li>p\u00e1ly\u00e1zat\u00edr\u00e1s, szak\u00e9rt\u0151i tev\u00e9kenys\u00e9g.<\/li>\n<\/ul>\n<p><strong>Az egyes\u00fclet eln\u00f6ks\u00e9ge<br \/>\n<\/strong>Eln\u00f6k: Pint\u00e9r-Nagy Katalin<br \/>\nAleln\u00f6k: Szebenyi Tam\u00e1s<br \/>\nTitk\u00e1r: Mark\u00f3 Andr\u00e1s<br \/>\nTiszteletbeli eln\u00f6k: Kulcs\u00e1r Val\u00e9ria<\/p>\n<p style=\"text-align: justify;\"><strong>Az egyes\u00fclet tags\u00e1ga<br \/>\n<\/strong>Az egyes\u00fclet tagja lehet az a term\u00e9szetes szem\u00e9ly, aki a fels\u0151oktat\u00e1si int\u00e9zm\u00e9nyek r\u00e9g\u00e9szeti tansz\u00e9keinek valamelyik\u00e9n oktat\u00f3 vagy m\u00fazeumi munkat\u00e1rs, gyakorl\u00f3 r\u00e9g\u00e9sz, az SZTE munkat\u00e1rsa, volt hallgat\u00f3ja, az MTA int\u00e9zm\u00e9nyi rendszer\u00e9nek munkat\u00e1rsa, PhD hallgat\u00f3, r\u00e9g\u00e9szhallgat\u00f3, illetve mindazon kutat\u00f3k, akik az egyes\u00fclet c\u00e9lkit\u0171z\u00e9s\u00e9vel egyet\u00e9rtenek, tov\u00e1bb\u00e1 az alapszab\u00e1lyban foglalt rendelkez\u00e9seket elfogadj\u00e1k \u00e9s egy\u00fcttm\u0171k\u00f6dnek az egyes\u00fcleti c\u00e9lok megval\u00f3s\u00edt\u00e1s\u00e1ban. Tagok lehetnek tov\u00e1bb\u00e1 a fenti k\u00f6rh\u00f6z kapcsol\u00f3d\u00f3 jogi szem\u00e9lyek \u00e9s jogi szem\u00e9lyis\u00e9ggel nem rendelkez\u0151 szervezetek.<\/p>\n","protected":false},"excerpt":{"rendered":"<p>A 2017 augusztus\u00e1ban a szegedi egyetem R\u00e9g\u00e9szeti Tansz\u00e9k\u00e9nek kezdem\u00e9nyez\u00e9s\u00e9re l\u00e9trej\u00f6tt egyes\u00fclet a Szegedi Tudom\u00e1nyegyetem B\u00f6lcs\u00e9szettudom\u00e1nyi Kar\u00e1nak szellemis\u00e9g\u00e9vel \u00e9s hagyom\u00e1nyaival \u00f6sszhangban igyekszik egy olyan szakmai m\u0171hely felt\u00e9teleit megteremteni, amelynek f\u0151 c\u00e9lja a B\u00f6lcs\u00e9szettudom\u00e1nyi \u00e9s Term\u00e9szettudom\u00e1nyi Karokon komoly hagyom\u00e1nyokkal rendelkez\u0151 r\u00e9g\u00e9szeti kutat\u00e1sok \u00e9s r\u00e9g\u00e9szk\u00e9pz\u00e9s fejl\u0151d\u00e9s\u00e9nek, szakmai sikereinek el\u0151mozd\u00edt\u00e1sa, az el\u00e9rt eredm\u00e9nyek min\u00e9l sz\u00e9lesebb k\u00f6rben val\u00f3 terjeszt\u00e9se. Az &hellip; <a href=\"https:\/\/regeszet.bibl.u-szeged.hu\/index.php\/del-alfoldi-regeszeti-egylet\/\" class=\"more-link\"><span class=\"screen-reader-text\">D\u00e9l-alf\u00f6ldi R\u00e9g\u00e9szeti Egylet<\/span> b\u0151vebben&#8230; <span class=\"meta-nav\">&rarr;<\/span><\/a><\/p>\n","protected":false},"author":1,"featured_media":0,"parent":0,"menu_order":0,"comment_status":"closed","ping_status":"closed","template":"","meta":{"footnotes":""},"class_list":["post-2227","page","type-page","status-publish","hentry"],"_links":{"self":[{"href":"https:\/\/regeszet.bibl.u-szeged.hu\/index.php\/wp-json\/wp\/v2\/pages\/2227","targetHints":{"allow":["GET"]}}],"collection":[{"href":"https:\/\/regeszet.bibl.u-szeged.hu\/index.php\/wp-json\/wp\/v2\/pages"}],"about":[{"href":"https:\/\/regeszet.bibl.u-szeged.hu\/index.php\/wp-json\/wp\/v2\/types\/page"}],"author":[{"embeddable":true,"href":"https:\/\/regeszet.bibl.u-szeged.hu\/index.php\/wp-json\/wp\/v2\/users\/1"}],"replies":[{"embeddable":true,"href":"https:\/\/regeszet.bibl.u-szeged.hu\/index.php\/wp-json\/wp\/v2\/comments?post=2227"}],"version-history":[{"count":6,"href":"https:\/\/regeszet.bibl.u-szeged.hu\/index.php\/wp-json\/wp\/v2\/pages\/2227\/revisions"}],"predecessor-version":[{"id":6113,"href":"https:\/\/regeszet.bibl.u-szeged.hu\/index.php\/wp-json\/wp\/v2\/pages\/2227\/revisions\/6113"}],"wp:attachment":[{"href":"https:\/\/regeszet.bibl.u-szeged.hu\/index.php\/wp-json\/wp\/v2\/media?parent=2227"}],"curies":[{"name":"wp","href":"https:\/\/api.w.org\/{rel}","templated":true}]}}